{"id":10290,"date":"2022-05-04T13:33:13","date_gmt":"2022-05-04T11:33:13","guid":{"rendered":"https:\/\/www.md-elektronik.com\/?page_id=10290"},"modified":"2022-10-12T13:49:42","modified_gmt":"2022-10-12T11:49:42","slug":"klaus-bramhofer","status":"publish","type":"page","link":"https:\/\/www.md-elektronik.com\/cs\/klaus-bramhofer\/","title":{"rendered":"Klaus Bramhofer"},"content":{"rendered":"\n<div class=\"message-box relative\" style=\"padding-top:30px;padding-bottom:30px;\"><div class=\"message-box-bg-image bg-fill fill\" ><\/div><div class=\"message-box-bg-overlay bg-fill fill\" style=\"background-color:rgb(245, 245, 247);\"><\/div><div class=\"container relative\"><div class=\"inner last-reset\">\n\n<div class=\"row align-equal align-center\"  id=\"row-355129033\">\n\n\n\t<div id=\"col-456866399\" class=\"col medium-3 small-12 large-3\"  >\n\t\t\t\t<div class=\"col-inner\"  >\n\t\t\t\n\t\t\t\n\n\t<div id=\"gap-587004433\" class=\"gap-element clearfix\" style=\"display:block; height:auto;\">\n\t\t\n<style>\n#gap-587004433 {\n  padding-top: 10px;\n}\n<\/style>\n\t<\/div>\n\t\n\n\t<div class=\"img has-hover x md-x lg-x y md-y lg-y\" id=\"image_1460227965\">\n\t\t\t\t\t\t\t\t<div class=\"img-inner dark\" >\n\t\t\t<img decoding=\"async\" width=\"1020\" height=\"1020\" src=\"https:\/\/www.md-elektronik.com\/wp-content\/uploads\/2021\/12\/klaus_ladenburger_md_quadrat-1024x1024.jpg\" class=\"attachment-large size-large\" alt=\"\" srcset=\"https:\/\/www.md-elektronik.com\/wp-content\/uploads\/2021\/12\/klaus_ladenburger_md_quadrat.jpg 1024w, https:\/\/www.md-elektronik.com\/wp-content\/uploads\/2021\/12\/klaus_ladenburger_md_quadrat-300x300.jpg 300w, https:\/\/www.md-elektronik.com\/wp-content\/uploads\/2021\/12\/klaus_ladenburger_md_quadrat-150x150.jpg 150w, https:\/\/www.md-elektronik.com\/wp-content\/uploads\/2021\/12\/klaus_ladenburger_md_quadrat-768x768.jpg 768w\" sizes=\"(max-width: 1020px) 100vw, 1020px\" \/>\t\t\t\t\t\t\n\t\t\t\t\t<\/div>\n\t\t\t\t\t\t\t\t\n<style>\n#image_1460227965 {\n  width: 99%;\n}\n<\/style>\n\t<\/div>\n\t\n\n\n\t\t<\/div>\n\t\t\t\t\t<\/div>\n\n\t\n\n\t<div id=\"col-348027779\" class=\"col medium-9 small-12 large-9\"  >\n\t\t\t\t<div class=\"col-inner\"  >\n\t\t\t\n\t\t\t\n\n<p><span style=\"font-size: 130%;\"><strong>Klausi Bramhoferovi<\/strong><\/span><\/p>\n<p>Klaus Bramhofer je vedouc\u00edm technick\u00e9ho produktov\u00e9ho managementu ve spole\u010dnosti MD. Jeho \u00fakolem je rozv\u00edjet spole\u010dnost MD jako dodavatele a partnera pro v\u00fdvoj konektorov\u00fdch komponent\u016f v automobilov\u00e9m pr\u016fmyslu. S v\u00edce ne\u017e 15 lety zku\u0161enost\u00ed v oboru je skute\u010dn\u00fdm odborn\u00edkem v t\u00e9to oblasti. Pot\u00e9, co ve spole\u010dnosti za\u010d\u00ednal jako aplika\u010dn\u00ed in\u017een\u00fdr, vybudoval a \u0159\u00eddil v\u00fdvojov\u00e9 odd\u011blen\u00ed na pozici Manager Development Sensor Cables (mana\u017eer v\u00fdvoje senzorick\u00fdch kabel\u016f). Krom\u011b \u00fazk\u00e9ho kontaktu se z\u00e1kazn\u00edky a pr\u00e1ce v glob\u00e1ln\u00edm t\u00fdmu si v\u00e1\u017e\u00ed zejm\u00e9na mezikulturn\u00edch zku\u0161enost\u00ed, kter\u00e9 s sebou jeho pr\u00e1ce p\u0159in\u00e1\u0161\u00ed.<\/p>\n\n\t\t<\/div>\n\t\t\t\t\t<\/div>\n\n\t\n\n\n<style>\n#row-355129033 > .col > .col-inner {\n  padding: 0 0px 0px 0px;\n}\n<\/style>\n<\/div>\n\n<\/div><\/div><\/div>\n","protected":false},"excerpt":{"rendered":"","protected":false},"author":1,"featured_media":0,"parent":0,"menu_order":1,"comment_status":"closed","ping_status":"closed","template":"","meta":{"footnotes":""},"class_list":["post-10290","page","type-page","status-publish","hentry"],"_links":{"self":[{"href":"https:\/\/www.md-elektronik.com\/cs\/wp-json\/wp\/v2\/pages\/10290","targetHints":{"allow":["GET"]}}],"collection":[{"href":"https:\/\/www.md-elektronik.com\/cs\/wp-json\/wp\/v2\/pages"}],"about":[{"href":"https:\/\/www.md-elektronik.com\/cs\/wp-json\/wp\/v2\/types\/page"}],"author":[{"embeddable":true,"href":"https:\/\/www.md-elektronik.com\/cs\/wp-json\/wp\/v2\/users\/1"}],"replies":[{"embeddable":true,"href":"https:\/\/www.md-elektronik.com\/cs\/wp-json\/wp\/v2\/comments?post=10290"}],"version-history":[{"count":1,"href":"https:\/\/www.md-elektronik.com\/cs\/wp-json\/wp\/v2\/pages\/10290\/revisions"}],"predecessor-version":[{"id":10293,"href":"https:\/\/www.md-elektronik.com\/cs\/wp-json\/wp\/v2\/pages\/10290\/revisions\/10293"}],"wp:attachment":[{"href":"https:\/\/www.md-elektronik.com\/cs\/wp-json\/wp\/v2\/media?parent=10290"}],"curies":[{"name":"wp","href":"https:\/\/api.w.org\/{rel}","templated":true}]}}