{"id":12969,"date":"2022-10-12T13:51:19","date_gmt":"2022-10-12T11:51:19","guid":{"rendered":"https:\/\/www.md-elektronik.com\/?page_id=12969"},"modified":"2022-10-12T13:51:20","modified_gmt":"2022-10-12T11:51:20","slug":"felix-gunawan","status":"publish","type":"page","link":"https:\/\/www.md-elektronik.com\/cs\/felix-gunawan\/","title":{"rendered":"Felix Gunawan"},"content":{"rendered":"\n<div class=\"message-box relative\" style=\"padding-top:30px;padding-bottom:30px;\"><div class=\"message-box-bg-image bg-fill fill\" ><\/div><div class=\"message-box-bg-overlay bg-fill fill\" style=\"background-color:rgb(245, 245, 247);\"><\/div><div class=\"container relative\"><div class=\"inner last-reset\">\n\n<div class=\"row align-equal align-center\"  id=\"row-1607383666\">\n\n\n\t<div id=\"col-1491204808\" class=\"col medium-3 small-12 large-3\"  >\n\t\t\t\t<div class=\"col-inner\"  >\n\t\t\t\n\t\t\t\n\n\t<div id=\"gap-1657276767\" class=\"gap-element clearfix\" style=\"display:block; height:auto;\">\n\t\t\n<style>\n#gap-1657276767 {\n  padding-top: 10px;\n}\n<\/style>\n\t<\/div>\n\t\n\n\t<div class=\"img has-hover img-rounded x md-x lg-x y md-y lg-y\" id=\"image_782036341\">\n\t\t\t\t\t\t\t\t<div class=\"img-inner dark\" >\n\t\t\t<img decoding=\"async\" width=\"1020\" height=\"1020\" src=\"https:\/\/www.md-elektronik.com\/wp-content\/uploads\/2022\/10\/md_felix_interview_quadr-1024x1024.jpg\" class=\"attachment-large size-large\" alt=\"\" srcset=\"https:\/\/www.md-elektronik.com\/wp-content\/uploads\/2022\/10\/md_felix_interview_quadr.jpg 1024w, https:\/\/www.md-elektronik.com\/wp-content\/uploads\/2022\/10\/md_felix_interview_quadr-300x300.jpg 300w, https:\/\/www.md-elektronik.com\/wp-content\/uploads\/2022\/10\/md_felix_interview_quadr-150x150.jpg 150w, https:\/\/www.md-elektronik.com\/wp-content\/uploads\/2022\/10\/md_felix_interview_quadr-768x768.jpg 768w\" sizes=\"(max-width: 1020px) 100vw, 1020px\" \/>\t\t\t\t\t\t\n\t\t\t\t\t<\/div>\n\t\t\t\t\t\t\t\t\n<style>\n#image_782036341 {\n  width: 100%;\n}\n<\/style>\n\t<\/div>\n\t\n\n\n\t\t<\/div>\n\t\t\t\t\t<\/div>\n\n\t\n\n\t<div id=\"col-1189520252\" class=\"col medium-9 small-12 large-9\"  >\n\t\t\t\t<div class=\"col-inner\"  >\n\t\t\t\n\t\t\t\n\n<p><strong><span style=\"font-size: 130%;\">O Felixi Gunawanovi<\/span><\/strong><\/p>\n<p>Felix Gunawan je strategick\u00fdm produktov\u00fdm mana\u017eerem ve spole\u010dnosti MD v m\u011bst\u011b San Jos\u00e9 (Kalifornie, USA). Jeho c\u00edlem je nav\u00e1zat kontakty s rozv\u00edjej\u00edc\u00edmi se i zaveden\u00fdmi v\u00fdvojov\u00fdmi centry automobilov\u00e9ho pr\u016fmyslu v Silicon Valley. Se sv\u00fdmi v\u00edce ne\u017e deseti lety zku\u0161enost\u00ed, m\u00e1 Felix rozs\u00e1hl\u00e9 znalosti z r\u016fzn\u00fdch pr\u016fmysl\u016f. Felix si v\u00e1\u017e\u00ed \u00fazk\u00e9ho kontaktu se z\u00e1kazn\u00edky, kter\u00fd s sebou jeho pr\u00e1ce p\u0159in\u00e1\u0161\u00ed. Velmi se t\u011b\u0161\u00ed na spolupr\u00e1ci s kolegy z MD v N\u011bmecku a chce pom\u00e1hat roz\u0161\u00ed\u0159it \u010dinnosti spole\u010dnosti MD v Kalifornii.<\/p>\n\n\t\t<\/div>\n\t\t\t\t\t<\/div>\n\n\t\n\n\n<style>\n#row-1607383666 > .col > .col-inner {\n  padding: 0 0px 0px 0px;\n}\n<\/style>\n<\/div>\n\n<\/div><\/div><\/div>\n","protected":false},"excerpt":{"rendered":"","protected":false},"author":1,"featured_media":0,"parent":0,"menu_order":0,"comment_status":"closed","ping_status":"closed","template":"","meta":{"footnotes":""},"class_list":["post-12969","page","type-page","status-publish","hentry"],"_links":{"self":[{"href":"https:\/\/www.md-elektronik.com\/cs\/wp-json\/wp\/v2\/pages\/12969","targetHints":{"allow":["GET"]}}],"collection":[{"href":"https:\/\/www.md-elektronik.com\/cs\/wp-json\/wp\/v2\/pages"}],"about":[{"href":"https:\/\/www.md-elektronik.com\/cs\/wp-json\/wp\/v2\/types\/page"}],"author":[{"embeddable":true,"href":"https:\/\/www.md-elektronik.com\/cs\/wp-json\/wp\/v2\/users\/1"}],"replies":[{"embeddable":true,"href":"https:\/\/www.md-elektronik.com\/cs\/wp-json\/wp\/v2\/comments?post=12969"}],"version-history":[{"count":1,"href":"https:\/\/www.md-elektronik.com\/cs\/wp-json\/wp\/v2\/pages\/12969\/revisions"}],"predecessor-version":[{"id":12973,"href":"https:\/\/www.md-elektronik.com\/cs\/wp-json\/wp\/v2\/pages\/12969\/revisions\/12973"}],"wp:attachment":[{"href":"https:\/\/www.md-elektronik.com\/cs\/wp-json\/wp\/v2\/media?parent=12969"}],"curies":[{"name":"wp","href":"https:\/\/api.w.org\/{rel}","templated":true}]}}