{"id":13247,"date":"2022-11-17T15:26:11","date_gmt":"2022-11-17T14:26:11","guid":{"rendered":"https:\/\/www.md-elektronik.com\/?page_id=13247"},"modified":"2022-11-17T15:29:21","modified_gmt":"2022-11-17T14:29:21","slug":"christian-neulinger","status":"publish","type":"page","link":"https:\/\/www.md-elektronik.com\/cs\/christian-neulinger\/","title":{"rendered":"Christian Neulinger"},"content":{"rendered":"\n<div class=\"message-box relative\" style=\"padding-top:30px;padding-bottom:30px;\"><div class=\"message-box-bg-image bg-fill fill\" ><\/div><div class=\"message-box-bg-overlay bg-fill fill\" style=\"background-color:rgb(245, 245, 247);\"><\/div><div class=\"container relative\"><div class=\"inner last-reset\">\n\n<div class=\"row align-equal align-center\"  id=\"row-1338490004\">\n\n\n\t<div id=\"col-1971574391\" class=\"col medium-3 small-12 large-3\"  >\n\t\t\t\t<div class=\"col-inner\"  >\n\t\t\t\n\t\t\t\n\n\t<div id=\"gap-1467121677\" class=\"gap-element clearfix\" style=\"display:block; height:auto;\">\n\t\t\n<style>\n#gap-1467121677 {\n  padding-top: 10px;\n}\n<\/style>\n\t<\/div>\n\t\n\n\t<div class=\"img has-hover x md-x lg-x y md-y lg-y\" id=\"image_1426892278\">\n\t\t\t\t\t\t\t\t<div class=\"img-inner dark\" >\n\t\t\t<img decoding=\"async\" width=\"800\" height=\"800\" src=\"https:\/\/www.md-elektronik.com\/wp-content\/uploads\/2025\/05\/DSC05538-Neulinger_Christian-high.jpg\" class=\"attachment-large size-large\" alt=\"\" srcset=\"https:\/\/www.md-elektronik.com\/wp-content\/uploads\/2025\/05\/DSC05538-Neulinger_Christian-high.jpg 800w, https:\/\/www.md-elektronik.com\/wp-content\/uploads\/2025\/05\/DSC05538-Neulinger_Christian-high-300x300.jpg 300w, https:\/\/www.md-elektronik.com\/wp-content\/uploads\/2025\/05\/DSC05538-Neulinger_Christian-high-150x150.jpg 150w, https:\/\/www.md-elektronik.com\/wp-content\/uploads\/2025\/05\/DSC05538-Neulinger_Christian-high-768x768.jpg 768w\" sizes=\"(max-width: 800px) 100vw, 800px\" \/>\t\t\t\t\t\t\n\t\t\t\t\t<\/div>\n\t\t\t\t\t\t\t\t\n<style>\n#image_1426892278 {\n  width: 99%;\n}\n<\/style>\n\t<\/div>\n\t\n\n\n\t\t<\/div>\n\t\t\t\t\t<\/div>\n\n\t\n\n\t<div id=\"col-1146187644\" class=\"col medium-9 small-12 large-9\"  >\n\t\t\t\t<div class=\"col-inner\"  >\n\t\t\t\n\t\t\t\n\n<p><span style=\"font-size: 130%;\"><strong>Christian Neulinger<\/strong><\/span><\/p>\n<p>Christian Neulinger je \u201eManager Radio Frequency & Simulation\u201c s v\u00edce ne\u017e 15let\u00fdmi zku\u0161enostmi v oblasti v\u00fdvoje a kvalifikace inovativn\u00edch elektrick\u00fdch komponent pro vysokorychlostn\u00ed datov\u00fd p\u0159enos po kabelu. Vede odborn\u00e9 odd\u011blen\u00ed pro v\u00fdvoj vysok\u00fdch frekvenc\u00ed, kde s dal\u0161\u00edmi in\u017een\u00fdry pracuje na vysokofrekven\u010dn\u00ed a struktur\u00e1ln\u00ed mechanick\u00e9 simulaci pro v\u00fdvoj komponent pro p\u0159enos dat. Jako aktivn\u00ed \u010dlen v r\u016fzn\u00fdch v\u00fdborech pro normalizaci, jako je IEEE 802.3, pracuje na v\u00fdvoji nov\u00fdch v\u00fdkonn\u00fdch datov\u00fdch p\u0159enosov\u00fdch syst\u00e9m\u016f pro automobilov\u00fd pr\u016fmysl.<\/p>\n\n\t\t<\/div>\n\t\t\t\t\t<\/div>\n\n\t\n\n\n<style>\n#row-1338490004 > .col > .col-inner {\n  padding: 0 0px 0px 0px;\n}\n<\/style>\n<\/div>\n\n<\/div><\/div><\/div>\n\n\n","protected":false},"excerpt":{"rendered":"","protected":false},"author":1,"featured_media":0,"parent":0,"menu_order":0,"comment_status":"closed","ping_status":"closed","template":"","meta":{"footnotes":""},"class_list":["post-13247","page","type-page","status-publish","hentry"],"_links":{"self":[{"href":"https:\/\/www.md-elektronik.com\/cs\/wp-json\/wp\/v2\/pages\/13247","targetHints":{"allow":["GET"]}}],"collection":[{"href":"https:\/\/www.md-elektronik.com\/cs\/wp-json\/wp\/v2\/pages"}],"about":[{"href":"https:\/\/www.md-elektronik.com\/cs\/wp-json\/wp\/v2\/types\/page"}],"author":[{"embeddable":true,"href":"https:\/\/www.md-elektronik.com\/cs\/wp-json\/wp\/v2\/users\/1"}],"replies":[{"embeddable":true,"href":"https:\/\/www.md-elektronik.com\/cs\/wp-json\/wp\/v2\/comments?post=13247"}],"version-history":[{"count":2,"href":"https:\/\/www.md-elektronik.com\/cs\/wp-json\/wp\/v2\/pages\/13247\/revisions"}],"predecessor-version":[{"id":13257,"href":"https:\/\/www.md-elektronik.com\/cs\/wp-json\/wp\/v2\/pages\/13247\/revisions\/13257"}],"wp:attachment":[{"href":"https:\/\/www.md-elektronik.com\/cs\/wp-json\/wp\/v2\/media?parent=13247"}],"curies":[{"name":"wp","href":"https:\/\/api.w.org\/{rel}","templated":true}]}}