{"id":13839,"date":"2023-01-13T13:11:24","date_gmt":"2023-01-13T12:11:24","guid":{"rendered":"https:\/\/www.md-elektronik.com\/?page_id=13839"},"modified":"2023-01-13T13:11:25","modified_gmt":"2023-01-13T12:11:25","slug":"johannes-eben-karl-ott","status":"publish","type":"page","link":"https:\/\/www.md-elektronik.com\/cs\/johannes-eben-karl-ott\/","title":{"rendered":"Johannes Eben &#8211; Karl Ott"},"content":{"rendered":"\n<div class=\"message-box relative\" style=\"padding-top:30px;padding-bottom:30px;\"><div class=\"message-box-bg-image bg-fill fill\" ><\/div><div class=\"message-box-bg-overlay bg-fill fill\" style=\"background-color:rgb(245, 245, 247);\"><\/div><div class=\"container relative\"><div class=\"inner last-reset\">\n\n<div class=\"row align-equal align-center\"  id=\"row-1822802662\">\n\n\n\t<div id=\"col-222267924\" class=\"col medium-3 small-12 large-3\"  >\n\t\t\t\t<div class=\"col-inner\"  >\n\t\t\t\n\t\t\t\n\n\t<div id=\"gap-1403550699\" class=\"gap-element clearfix\" style=\"display:block; height:auto;\">\n\t\t\n<style>\n#gap-1403550699 {\n  padding-top: 10px;\n}\n<\/style>\n\t<\/div>\n\t\n\n\t<div class=\"img has-hover img-rounded x md-x lg-x y md-y lg-y\" id=\"image_328793561\">\n\t\t\t\t\t\t\t\t<div class=\"img-inner dark\" >\n\t\t\t<img decoding=\"async\" width=\"1020\" height=\"1020\" src=\"https:\/\/www.md-elektronik.com\/wp-content\/uploads\/2023\/01\/md-karl-ott-1024x1024.jpg\" class=\"attachment-large size-large\" alt=\"\" srcset=\"https:\/\/www.md-elektronik.com\/wp-content\/uploads\/2023\/01\/md-karl-ott.jpg 1024w, https:\/\/www.md-elektronik.com\/wp-content\/uploads\/2023\/01\/md-karl-ott-300x300.jpg 300w, https:\/\/www.md-elektronik.com\/wp-content\/uploads\/2023\/01\/md-karl-ott-150x150.jpg 150w, https:\/\/www.md-elektronik.com\/wp-content\/uploads\/2023\/01\/md-karl-ott-768x768.jpg 768w\" sizes=\"(max-width: 1020px) 100vw, 1020px\" \/>\t\t\t\t\t\t\n\t\t\t\t\t<\/div>\n\t\t\t\t\t\t\t\t\n<style>\n#image_328793561 {\n  width: 99%;\n}\n<\/style>\n\t<\/div>\n\t\n\n\n\t\t<\/div>\n\t\t\t\t\t<\/div>\n\n\t\n\n\t<div id=\"col-1445456125\" class=\"col medium-9 small-12 large-9\"  >\n\t\t\t\t<div class=\"col-inner\"  >\n\t\t\t\n\t\t\t\n\n<p><span style=\"font-size: 130%;\"><strong>Karl Ott<\/strong><\/span><\/p>\n<p>Karl Ott je v MD technologick\u00fdm \u0159editelem. Jeho \u00fakolem je rozv\u00edjet provozn\u00ed zdroje budoucnosti pro MD a poskytovat v\u00fdrobn\u00edm z\u00e1vod\u016fm aktu\u00e1ln\u00ed strategick\u00e9 v\u00fdrobn\u00ed zdroje. Se sv\u00fdmi v\u00edce ne\u017e15let\u00fdmi zku\u0161enostmi v automobilov\u00e9m sektoru v oblasti procesn\u00edho pl\u00e1nov\u00e1n\u00ed a v\u00fdvoje je skute\u010dn\u00fdm odborn\u00edkem ve sv\u00e9m oboru. Pot\u00e9, co nastoupil do spole\u010dnosti jako in\u017een\u00fdr v\u00fdvoje proces\u016f, p\u0159evzal pozici technologick\u00e9ho \u0159editele a d\u00e1le roz\u0161i\u0159oval intern\u00ed oblasti v\u00fdvoje a n\u00e1kupu provozn\u00edch prost\u0159edk\u016f a zav\u00e1d\u011bl odd\u011blen\u00ed technologick\u00e9 podpory na pobo\u010dk\u00e1ch ve v\u0161ech pobo\u010dk\u00e1ch MD. Na sv\u00e9 pr\u00e1ci si nejv\u00edce cen\u00ed rozmanitosti \u00fakol\u016f, spolupr\u00e1ce mezi jednotliv\u00fdmi pobo\u010dkami a mezikulturn\u00edch zku\u0161enost\u00ed, kter\u00e9 tato spolupr\u00e1ce p\u0159in\u00e1\u0161\u00ed.<\/p>\n\n\t\t<\/div>\n\t\t\t\t\t<\/div>\n\n\t\n\n\n<style>\n#row-1822802662 > .col > .col-inner {\n  padding: 0 0px 0px 0px;\n}\n<\/style>\n<\/div>\n\n<\/div><\/div><\/div>\n","protected":false},"excerpt":{"rendered":"","protected":false},"author":1,"featured_media":0,"parent":0,"menu_order":0,"comment_status":"closed","ping_status":"closed","template":"","meta":{"footnotes":""},"class_list":["post-13839","page","type-page","status-publish","hentry"],"_links":{"self":[{"href":"https:\/\/www.md-elektronik.com\/cs\/wp-json\/wp\/v2\/pages\/13839","targetHints":{"allow":["GET"]}}],"collection":[{"href":"https:\/\/www.md-elektronik.com\/cs\/wp-json\/wp\/v2\/pages"}],"about":[{"href":"https:\/\/www.md-elektronik.com\/cs\/wp-json\/wp\/v2\/types\/page"}],"author":[{"embeddable":true,"href":"https:\/\/www.md-elektronik.com\/cs\/wp-json\/wp\/v2\/users\/1"}],"replies":[{"embeddable":true,"href":"https:\/\/www.md-elektronik.com\/cs\/wp-json\/wp\/v2\/comments?post=13839"}],"version-history":[{"count":1,"href":"https:\/\/www.md-elektronik.com\/cs\/wp-json\/wp\/v2\/pages\/13839\/revisions"}],"predecessor-version":[{"id":13844,"href":"https:\/\/www.md-elektronik.com\/cs\/wp-json\/wp\/v2\/pages\/13839\/revisions\/13844"}],"wp:attachment":[{"href":"https:\/\/www.md-elektronik.com\/cs\/wp-json\/wp\/v2\/media?parent=13839"}],"curies":[{"name":"wp","href":"https:\/\/api.w.org\/{rel}","templated":true}]}}