{"id":14132,"date":"2023-02-06T11:41:38","date_gmt":"2023-02-06T10:41:38","guid":{"rendered":"https:\/\/www.md-elektronik.com\/?page_id=14132"},"modified":"2023-02-06T11:41:39","modified_gmt":"2023-02-06T10:41:39","slug":"christoph-zauner","status":"publish","type":"page","link":"https:\/\/www.md-elektronik.com\/cs\/christoph-zauner\/","title":{"rendered":"Christoph Zauner"},"content":{"rendered":"\n<div class=\"message-box relative\" style=\"padding-top:30px;padding-bottom:30px;\"><div class=\"message-box-bg-image bg-fill fill\" ><\/div><div class=\"message-box-bg-overlay bg-fill fill\" style=\"background-color:rgb(245, 245, 247);\"><\/div><div class=\"container relative\"><div class=\"inner last-reset\">\r\n\r\n<div class=\"row align-equal align-center\"  id=\"row-317678744\">\r\n\r\n\n\t<div id=\"col-484060640\" class=\"col medium-3 small-12 large-3\"  >\n\t\t\t\t<div class=\"col-inner\"  >\n\t\t\t\n\t\t\t\r\n\r\n\t<div id=\"gap-1787117697\" class=\"gap-element clearfix\" style=\"display:block; height:auto;\">\n\t\t\n<style>\n#gap-1787117697 {\n  padding-top: 10px;\n}\n<\/style>\n\t<\/div>\n\t\r\n\r\n\t<div class=\"img has-hover img-rounded x md-x lg-x y md-y lg-y\" id=\"image_176711011\">\n\t\t\t\t\t\t\t\t<div class=\"img-inner dark\" >\n\t\t\t<img decoding=\"async\" width=\"800\" height=\"800\" src=\"https:\/\/www.md-elektronik.com\/wp-content\/uploads\/2022\/11\/autor_christoph_zauner_md.png\" class=\"attachment-large size-large\" alt=\"\" srcset=\"https:\/\/www.md-elektronik.com\/wp-content\/uploads\/2022\/11\/autor_christoph_zauner_md.png 800w, https:\/\/www.md-elektronik.com\/wp-content\/uploads\/2022\/11\/autor_christoph_zauner_md-300x300.png 300w, https:\/\/www.md-elektronik.com\/wp-content\/uploads\/2022\/11\/autor_christoph_zauner_md-150x150.png 150w, https:\/\/www.md-elektronik.com\/wp-content\/uploads\/2022\/11\/autor_christoph_zauner_md-768x768.png 768w\" sizes=\"(max-width: 800px) 100vw, 800px\" \/>\t\t\t\t\t\t\n\t\t\t\t\t<\/div>\n\t\t\t\t\t\t\t\t\n<style>\n#image_176711011 {\n  width: 99%;\n}\n<\/style>\n\t<\/div>\n\t\r\n\r\n\r\n\t\t<\/div>\n\t\t\t\t\t<\/div>\n\n\t\r\n\n\t<div id=\"col-227911083\" class=\"col medium-9 small-12 large-9\"  >\n\t\t\t\t<div class=\"col-inner\"  >\n\t\t\t\n\t\t\t\r\n\r\n<p><span style=\"font-size: 130%;\"><strong>O Christophu Zaunerovi<\/strong><\/span><\/p>\r\n<p>Christoph Zauner je mana\u017eerem managementu technick\u00fdch produkt\u016f v MD. Zam\u011b\u0159uje se na v\u00fdrobky C-KLIC, konektory pro automobilov\u00fd pr\u016fmysl a elektronick\u00e9 sou\u010d\u00e1stky. Pro tuto \u010dinnost ho p\u0159edur\u010duj\u00ed jeho dlouholet\u00e9 profesn\u00ed zku\u0161enosti v oblasti v\u00fdvoje elektroniky. Co ho na jeho pr\u00e1ci nejv\u00edce bav\u00ed: \u201eMo\u017enost pod\u00edlet se na utv\u00e1\u0159en\u00ed nov\u00fdch produkt\u016f od sam\u00e9ho po\u010d\u00e1tku vn\u00edm\u00e1m jako velk\u00e9 privilegium. D\u00edky \u00fazk\u00fdm kontakt\u016fm se z\u00e1kazn\u00edky, spole\u010dn\u00e9 pr\u00e1ci v mezin\u00e1rodn\u00edm t\u00fdmu a z toho vypl\u00fdvaj\u00edc\u00edm mezikulturn\u00edm zku\u0161enostem jsou \u00fakoly v m\u00e9 oblasti velmi zaj\u00edmav\u00e9.\u201c\r\n<\/p>\r\n\r\n\t\t<\/div>\n\t\t\t\t\t<\/div>\n\n\t\r\n\r\n\n<style>\n#row-317678744 > .col > .col-inner {\n  padding: 0 0px 0px 0px;\n}\n<\/style>\n<\/div>\r\n\r\n<\/div><\/div><\/div>\n","protected":false},"excerpt":{"rendered":"","protected":false},"author":1,"featured_media":0,"parent":0,"menu_order":0,"comment_status":"closed","ping_status":"closed","template":"","meta":{"footnotes":""},"class_list":["post-14132","page","type-page","status-publish","hentry"],"_links":{"self":[{"href":"https:\/\/www.md-elektronik.com\/cs\/wp-json\/wp\/v2\/pages\/14132","targetHints":{"allow":["GET"]}}],"collection":[{"href":"https:\/\/www.md-elektronik.com\/cs\/wp-json\/wp\/v2\/pages"}],"about":[{"href":"https:\/\/www.md-elektronik.com\/cs\/wp-json\/wp\/v2\/types\/page"}],"author":[{"embeddable":true,"href":"https:\/\/www.md-elektronik.com\/cs\/wp-json\/wp\/v2\/users\/1"}],"replies":[{"embeddable":true,"href":"https:\/\/www.md-elektronik.com\/cs\/wp-json\/wp\/v2\/comments?post=14132"}],"version-history":[{"count":1,"href":"https:\/\/www.md-elektronik.com\/cs\/wp-json\/wp\/v2\/pages\/14132\/revisions"}],"predecessor-version":[{"id":14137,"href":"https:\/\/www.md-elektronik.com\/cs\/wp-json\/wp\/v2\/pages\/14132\/revisions\/14137"}],"wp:attachment":[{"href":"https:\/\/www.md-elektronik.com\/cs\/wp-json\/wp\/v2\/media?parent=14132"}],"curies":[{"name":"wp","href":"https:\/\/api.w.org\/{rel}","templated":true}]}}