{"id":14242,"date":"2023-02-13T12:09:25","date_gmt":"2023-02-13T11:09:25","guid":{"rendered":"https:\/\/www.md-elektronik.com\/?page_id=14242"},"modified":"2023-02-13T12:09:26","modified_gmt":"2023-02-13T11:09:26","slug":"wolfgang-reitsamer","status":"publish","type":"page","link":"https:\/\/www.md-elektronik.com\/cs\/wolfgang-reitsamer\/","title":{"rendered":"Wolfgang Reitsamer"},"content":{"rendered":"\n<div class=\"message-box relative\" style=\"padding-top:30px;padding-bottom:30px;\"><div class=\"message-box-bg-image bg-fill fill\" ><\/div><div class=\"message-box-bg-overlay bg-fill fill\" style=\"background-color:rgb(245, 245, 247);\"><\/div><div class=\"container relative\"><div class=\"inner last-reset\">\n\n<div class=\"row align-equal align-center\"  id=\"row-1976371251\">\n\n\n\t<div id=\"col-1921476414\" class=\"col medium-3 small-12 large-3\"  >\n\t\t\t\t<div class=\"col-inner\"  >\n\t\t\t\n\t\t\t\n\n\t<div id=\"gap-823426863\" class=\"gap-element clearfix\" style=\"display:block; height:auto;\">\n\t\t\n<style>\n#gap-823426863 {\n  padding-top: 10px;\n}\n<\/style>\n\t<\/div>\n\t\n\n\t<div class=\"img has-hover x md-x lg-x y md-y lg-y\" id=\"image_53699979\">\n\t\t\t\t\t\t\t\t<div class=\"img-inner dark\" >\n\t\t\t<img decoding=\"async\" width=\"800\" height=\"800\" src=\"https:\/\/www.md-elektronik.com\/wp-content\/uploads\/2023\/02\/md_wolfgang_reitsamer_autor.jpg\" class=\"attachment-large size-large\" alt=\"\" srcset=\"https:\/\/www.md-elektronik.com\/wp-content\/uploads\/2023\/02\/md_wolfgang_reitsamer_autor.jpg 800w, https:\/\/www.md-elektronik.com\/wp-content\/uploads\/2023\/02\/md_wolfgang_reitsamer_autor-300x300.jpg 300w, https:\/\/www.md-elektronik.com\/wp-content\/uploads\/2023\/02\/md_wolfgang_reitsamer_autor-150x150.jpg 150w, https:\/\/www.md-elektronik.com\/wp-content\/uploads\/2023\/02\/md_wolfgang_reitsamer_autor-768x768.jpg 768w\" sizes=\"(max-width: 800px) 100vw, 800px\" \/>\t\t\t\t\t\t\n\t\t\t\t\t<\/div>\n\t\t\t\t\t\t\t\t\n<style>\n#image_53699979 {\n  width: 99%;\n}\n<\/style>\n\t<\/div>\n\t\n\n\n\t\t<\/div>\n\t\t\t\t\t<\/div>\n\n\t\n\n\t<div id=\"col-1014681283\" class=\"col medium-9 small-12 large-9\"  >\n\t\t\t\t<div class=\"col-inner\"  >\n\t\t\t\n\t\t\t\n\n<p><span style=\"font-size: 130%;\"><strong>O Wolfgangu Reitsamerovi<\/strong><\/span><\/p>\n<p>Wolfgang Reitsamer je vedouc\u00edm mezin\u00e1rodn\u00edho prodeje ve spole\u010dnosti MD. Jeho \u00fakolem je z\u00edsk\u00e1vat pro MD nov\u00e9 z\u00e1kazn\u00edky a pr\u016fb\u011b\u017en\u011b s nimi rozv\u00edjet obchod. B\u011bhem posledn\u00edch \u0161esti let k tomu vytvo\u0159il organiza\u010dn\u00ed a technick\u00e9 podm\u00ednky, zejm\u00e9na ve spolupr\u00e1ci se sv\u00fdmi kolegy v Severn\u00ed Americe a Asii. M\u00e1 za sebou v\u00edce ne\u017e 20 let zku\u0161enost\u00ed v oblasti prodeje, z toho 14 let v automobilov\u00e9m pr\u016fmyslu. Krom\u011b \u00fazk\u00e9ho kontaktu s mezin\u00e1rodn\u00edmi klienty a pr\u00e1ce v glob\u00e1ln\u00edm t\u00fdmu ho velmi bav\u00ed jeho hlavn\u00ed \u00fakol, a to ka\u017edodenn\u00ed strategick\u00e9 a operativn\u00ed roz\u0161i\u0159ov\u00e1n\u00ed klientsk\u00e9 z\u00e1kladny MD.<\/p>\n\n\t\t<\/div>\n\t\t\t\t\t<\/div>\n\n\t\n\n\n<style>\n#row-1976371251 > .col > .col-inner {\n  padding: 0 0px 0px 0px;\n}\n<\/style>\n<\/div>\n\n<\/div><\/div><\/div>\n","protected":false},"excerpt":{"rendered":"","protected":false},"author":2,"featured_media":0,"parent":0,"menu_order":0,"comment_status":"closed","ping_status":"closed","template":"","meta":{"footnotes":""},"class_list":["post-14242","page","type-page","status-publish","hentry"],"_links":{"self":[{"href":"https:\/\/www.md-elektronik.com\/cs\/wp-json\/wp\/v2\/pages\/14242","targetHints":{"allow":["GET"]}}],"collection":[{"href":"https:\/\/www.md-elektronik.com\/cs\/wp-json\/wp\/v2\/pages"}],"about":[{"href":"https:\/\/www.md-elektronik.com\/cs\/wp-json\/wp\/v2\/types\/page"}],"author":[{"embeddable":true,"href":"https:\/\/www.md-elektronik.com\/cs\/wp-json\/wp\/v2\/users\/2"}],"replies":[{"embeddable":true,"href":"https:\/\/www.md-elektronik.com\/cs\/wp-json\/wp\/v2\/comments?post=14242"}],"version-history":[{"count":1,"href":"https:\/\/www.md-elektronik.com\/cs\/wp-json\/wp\/v2\/pages\/14242\/revisions"}],"predecessor-version":[{"id":14243,"href":"https:\/\/www.md-elektronik.com\/cs\/wp-json\/wp\/v2\/pages\/14242\/revisions\/14243"}],"wp:attachment":[{"href":"https:\/\/www.md-elektronik.com\/cs\/wp-json\/wp\/v2\/media?parent=14242"}],"curies":[{"name":"wp","href":"https:\/\/api.w.org\/{rel}","templated":true}]}}