{"id":14540,"date":"2023-02-28T14:26:03","date_gmt":"2023-02-28T13:26:03","guid":{"rendered":"https:\/\/www.md-elektronik.com\/?page_id=14540"},"modified":"2023-02-28T14:26:04","modified_gmt":"2023-02-28T13:26:04","slug":"tobias-hartl","status":"publish","type":"page","link":"https:\/\/www.md-elektronik.com\/cs\/tobias-hartl\/","title":{"rendered":"Tobias Hartl"},"content":{"rendered":"\n<div class=\"message-box relative\" style=\"padding-top:30px;padding-bottom:30px;\"><div class=\"message-box-bg-image bg-fill fill\" ><\/div><div class=\"message-box-bg-overlay bg-fill fill\" style=\"background-color:rgb(245, 245, 247);\"><\/div><div class=\"container relative\"><div class=\"inner last-reset\">\n\n<div class=\"row align-equal align-center\"  id=\"row-334623168\">\n\n\n\t<div id=\"col-529767611\" class=\"col medium-3 small-12 large-3\"  >\n\t\t\t\t<div class=\"col-inner\"  >\n\t\t\t\n\t\t\t\n\n\t<div id=\"gap-1790743243\" class=\"gap-element clearfix\" style=\"display:block; height:auto;\">\n\t\t\n<style>\n#gap-1790743243 {\n  padding-top: 10px;\n}\n<\/style>\n\t<\/div>\n\t\n\n\t<div class=\"img has-hover x md-x lg-x y md-y lg-y\" id=\"image_423681725\">\n\t\t\t\t\t\t\t\t<div class=\"img-inner dark\" >\n\t\t\t<img decoding=\"async\" width=\"1020\" height=\"1020\" src=\"https:\/\/www.md-elektronik.com\/wp-content\/uploads\/2023\/02\/DSC00539-Hartl-Tobias-high_qudr-1024x1024.jpg\" class=\"attachment-large size-large\" alt=\"\" srcset=\"https:\/\/www.md-elektronik.com\/wp-content\/uploads\/2023\/02\/DSC00539-Hartl-Tobias-high_qudr-1024x1024.jpg 1024w, https:\/\/www.md-elektronik.com\/wp-content\/uploads\/2023\/02\/DSC00539-Hartl-Tobias-high_qudr-300x300.jpg 300w, https:\/\/www.md-elektronik.com\/wp-content\/uploads\/2023\/02\/DSC00539-Hartl-Tobias-high_qudr-150x150.jpg 150w, https:\/\/www.md-elektronik.com\/wp-content\/uploads\/2023\/02\/DSC00539-Hartl-Tobias-high_qudr-768x768.jpg 768w, https:\/\/www.md-elektronik.com\/wp-content\/uploads\/2023\/02\/DSC00539-Hartl-Tobias-high_qudr.jpg 1440w\" sizes=\"(max-width: 1020px) 100vw, 1020px\" \/>\t\t\t\t\t\t\n\t\t\t\t\t<\/div>\n\t\t\t\t\t\t\t\t\n<style>\n#image_423681725 {\n  width: 99%;\n}\n<\/style>\n\t<\/div>\n\t\n\n\n\t\t<\/div>\n\t\t\t\t\t<\/div>\n\n\t\n\n\t<div id=\"col-1836961009\" class=\"col medium-9 small-12 large-9\"  >\n\t\t\t\t<div class=\"col-inner\"  >\n\t\t\t\n\t\t\t\n\n<p><span style=\"font-size: 130%;\"><strong>Tobias Hartl <\/strong><\/span><\/p>\n<p>Tobias Hartl je sou\u010d\u00e1st\u00ed technick\u00e9ho produktov\u00e9ho managementu v oblasti Multi Core Cables a ve spole\u010dnosti MD pracuje ji\u017e od roku 2019. Svou kari\u00e9ru zde zah\u00e1jil jako aplika\u010dn\u00ed in\u017een\u00fdr pro mezin\u00e1rodn\u00ed z\u00e1kazn\u00edky. P\u0159ed n\u00e1stupem do MD z\u00edsk\u00e1val \u0161est let cenn\u00e9 zku\u0161enosti v oboru mobile media headunit, kter\u00e9 \u00fasp\u011b\u0161n\u011b uplat\u0148uje ve sv\u00e9 ka\u017edodenn\u00ed pr\u00e1ci. Pro Tobiase je velmi motivuj\u00edc\u00ed kontakt s glob\u00e1ln\u00edmi z\u00e1kazn\u00edky a zav\u00e1d\u011bn\u00ed nov\u00fdch technologi\u00ed ve spolupr\u00e1ci s mezin\u00e1rodn\u00edm t\u00fdmem.<\/p>\n\n\t\t<\/div>\n\t\t\t\t\t<\/div>\n\n\t\n\n\n<style>\n#row-334623168 > .col > .col-inner {\n  padding: 0 0px 0px 0px;\n}\n<\/style>\n<\/div>\n\n<\/div><\/div><\/div>\n","protected":false},"excerpt":{"rendered":"","protected":false},"author":1,"featured_media":0,"parent":0,"menu_order":0,"comment_status":"closed","ping_status":"closed","template":"","meta":{"footnotes":""},"class_list":["post-14540","page","type-page","status-publish","hentry"],"_links":{"self":[{"href":"https:\/\/www.md-elektronik.com\/cs\/wp-json\/wp\/v2\/pages\/14540","targetHints":{"allow":["GET"]}}],"collection":[{"href":"https:\/\/www.md-elektronik.com\/cs\/wp-json\/wp\/v2\/pages"}],"about":[{"href":"https:\/\/www.md-elektronik.com\/cs\/wp-json\/wp\/v2\/types\/page"}],"author":[{"embeddable":true,"href":"https:\/\/www.md-elektronik.com\/cs\/wp-json\/wp\/v2\/users\/1"}],"replies":[{"embeddable":true,"href":"https:\/\/www.md-elektronik.com\/cs\/wp-json\/wp\/v2\/comments?post=14540"}],"version-history":[{"count":1,"href":"https:\/\/www.md-elektronik.com\/cs\/wp-json\/wp\/v2\/pages\/14540\/revisions"}],"predecessor-version":[{"id":14545,"href":"https:\/\/www.md-elektronik.com\/cs\/wp-json\/wp\/v2\/pages\/14540\/revisions\/14545"}],"wp:attachment":[{"href":"https:\/\/www.md-elektronik.com\/cs\/wp-json\/wp\/v2\/media?parent=14540"}],"curies":[{"name":"wp","href":"https:\/\/api.w.org\/{rel}","templated":true}]}}