{"id":14650,"date":"2023-03-07T10:47:15","date_gmt":"2023-03-07T09:47:15","guid":{"rendered":"https:\/\/www.md-elektronik.com\/?page_id=14650"},"modified":"2023-03-07T10:47:16","modified_gmt":"2023-03-07T09:47:16","slug":"michael-kelnberger","status":"publish","type":"page","link":"https:\/\/www.md-elektronik.com\/cs\/michael-kelnberger\/","title":{"rendered":"Michael Kelnberger"},"content":{"rendered":"\n<div class=\"message-box relative\" style=\"padding-top:30px;padding-bottom:30px;\"><div class=\"message-box-bg-image bg-fill fill\" ><\/div><div class=\"message-box-bg-overlay bg-fill fill\" style=\"background-color:rgb(245, 245, 247);\"><\/div><div class=\"container relative\"><div class=\"inner last-reset\">\n\n<div class=\"row align-equal align-center\"  id=\"row-1502278213\">\n\n\n\t<div id=\"col-1170483838\" class=\"col medium-3 small-12 large-3\"  >\n\t\t\t\t<div class=\"col-inner\"  >\n\t\t\t\n\t\t\t\n\n\t<div id=\"gap-453478750\" class=\"gap-element clearfix\" style=\"display:block; height:auto;\">\n\t\t\n<style>\n#gap-453478750 {\n  padding-top: 10px;\n}\n<\/style>\n\t<\/div>\n\t\n\n\t<div class=\"img has-hover img-rounded x md-x lg-x y md-y lg-y\" id=\"image_21795456\">\n\t\t\t\t\t\t\t\t<div class=\"img-inner dark\" >\n\t\t\t<img decoding=\"async\" width=\"627\" height=\"627\" src=\"https:\/\/www.md-elektronik.com\/wp-content\/uploads\/2023\/03\/TechTalk-Expertengesprach-Kelnberger-Michael.png\" class=\"attachment-large size-large\" alt=\"\" srcset=\"https:\/\/www.md-elektronik.com\/wp-content\/uploads\/2023\/03\/TechTalk-Expertengesprach-Kelnberger-Michael.png 627w, https:\/\/www.md-elektronik.com\/wp-content\/uploads\/2023\/03\/TechTalk-Expertengesprach-Kelnberger-Michael-300x300.png 300w, https:\/\/www.md-elektronik.com\/wp-content\/uploads\/2023\/03\/TechTalk-Expertengesprach-Kelnberger-Michael-150x150.png 150w\" sizes=\"(max-width: 627px) 100vw, 627px\" \/>\t\t\t\t\t\t\n\t\t\t\t\t<\/div>\n\t\t\t\t\t\t\t\t\n<style>\n#image_21795456 {\n  width: 99%;\n}\n<\/style>\n\t<\/div>\n\t\n\n\n\t\t<\/div>\n\t\t\t\t\t<\/div>\n\n\t\n\n\t<div id=\"col-295262658\" class=\"col medium-9 small-12 large-9\"  >\n\t\t\t\t<div class=\"col-inner\"  >\n\t\t\t\n\t\t\t\n\n<p><span style=\"font-size: 130%;\"><strong>Michael Kelnberger<\/strong><\/span><\/p>\n<p>Michael Kelnberger je glob\u00e1ln\u00ed mana\u017eer pro kl\u00ed\u010dov\u00e9 z\u00e1kazn\u00edky v mezin\u00e1rodn\u00edm prodeji ve spole\u010dnosti MD. Jeho posl\u00e1n\u00edm je prod\u00e1vat \u0161pi\u010dkov\u00e9 produkty MD z\u00e1kazn\u00edk\u016fm po cel\u00e9m sv\u011bt\u011b a poskytovat podporu jako prvn\u00ed kontakt pro pot\u0159eby a po\u017eadavky klient\u016f. V\u00edce ne\u017e p\u011btilet\u00e9 mezin\u00e1rodn\u00ed prodejn\u00ed zku\u0161enosti a mezioborov\u00e9 i interkulturn\u00ed magistersk\u00e9 studium z n\u011bj d\u011blaj\u00ed odborn\u00edka v t\u00e9to oblasti.<em>\u00a0<\/em><\/p>\n<p><em>\u201eJako otec dvou mal\u00fdch hol\u010di\u010dek se v\u017edy sna\u017e\u00edm skloubit pr\u00e1ci, rodinu, p\u0159\u00e1tele a kon\u00ed\u010dky. Proto se p\u0159\u00ed\u0161t\u00edch 20 let budu u\u010dit v\u00edce o t\u00e9to tajemn\u00e9 rovnov\u00e1ze pr\u00e1ce, \u017eivota a sp\u00e1nku.<\/em><em>\ud83d\ude09 <\/em><em>Jako glob\u00e1ln\u00ed KAM m\u00e1m tu \u010dest pracovat s mnoha mezin\u00e1rodn\u00edmi v\u00fdrobci OEM a Tier1 a tak\u00e9 s na\u0161imi r\u016fzn\u00fdmi intern\u00edmi odd\u011blen\u00edmi a projekty. Toto \u201eglob\u00e1ln\u00ed\u201c h\u0159i\u0161t\u011b je velmi fascinuj\u00edc\u00ed a dr\u017e\u00ed m\u011b v chodu. Jsem nad\u0161en\u00fd budouc\u00edm sociologick\u00fdm v\u00fdvojem, a proto se zaj\u00edm\u00e1m o automobilismus v roce 2030.\u201c<\/em><\/p>\n\n\t\t<\/div>\n\t\t\t\t\t<\/div>\n\n\t\n\n\n<style>\n#row-1502278213 > .col > .col-inner {\n  padding: 0 0px 0px 0px;\n}\n<\/style>\n<\/div>\n\n<\/div><\/div><\/div>\n","protected":false},"excerpt":{"rendered":"","protected":false},"author":1,"featured_media":0,"parent":0,"menu_order":0,"comment_status":"closed","ping_status":"closed","template":"","meta":{"footnotes":""},"class_list":["post-14650","page","type-page","status-publish","hentry"],"_links":{"self":[{"href":"https:\/\/www.md-elektronik.com\/cs\/wp-json\/wp\/v2\/pages\/14650","targetHints":{"allow":["GET"]}}],"collection":[{"href":"https:\/\/www.md-elektronik.com\/cs\/wp-json\/wp\/v2\/pages"}],"about":[{"href":"https:\/\/www.md-elektronik.com\/cs\/wp-json\/wp\/v2\/types\/page"}],"author":[{"embeddable":true,"href":"https:\/\/www.md-elektronik.com\/cs\/wp-json\/wp\/v2\/users\/1"}],"replies":[{"embeddable":true,"href":"https:\/\/www.md-elektronik.com\/cs\/wp-json\/wp\/v2\/comments?post=14650"}],"version-history":[{"count":1,"href":"https:\/\/www.md-elektronik.com\/cs\/wp-json\/wp\/v2\/pages\/14650\/revisions"}],"predecessor-version":[{"id":14655,"href":"https:\/\/www.md-elektronik.com\/cs\/wp-json\/wp\/v2\/pages\/14650\/revisions\/14655"}],"wp:attachment":[{"href":"https:\/\/www.md-elektronik.com\/cs\/wp-json\/wp\/v2\/media?parent=14650"}],"curies":[{"name":"wp","href":"https:\/\/api.w.org\/{rel}","templated":true}]}}