{"id":15728,"date":"2023-05-10T14:12:47","date_gmt":"2023-05-10T12:12:47","guid":{"rendered":"https:\/\/www.md-elektronik.com\/?page_id=15728"},"modified":"2023-05-10T14:12:50","modified_gmt":"2023-05-10T12:12:50","slug":"sabine-westermair","status":"publish","type":"page","link":"https:\/\/www.md-elektronik.com\/cs\/sabine-westermair\/","title":{"rendered":"Sabine Westermair"},"content":{"rendered":"\n<div class=\"message-box relative\" style=\"padding-top:30px;padding-bottom:30px;\"><div class=\"message-box-bg-image bg-fill fill\" ><\/div><div class=\"message-box-bg-overlay bg-fill fill\" style=\"background-color:rgb(245, 245, 247);\"><\/div><div class=\"container relative\"><div class=\"inner last-reset\">\n\n<div class=\"row align-equal align-center\"  id=\"row-1916589293\">\n\n\n\t<div id=\"col-1822312523\" class=\"col medium-3 small-12 large-3\"  >\n\t\t\t\t<div class=\"col-inner\"  >\n\t\t\t\n\t\t\t\n\n\t<div id=\"gap-1698306649\" class=\"gap-element clearfix\" style=\"display:block; height:auto;\">\n\t\t\n<style>\n#gap-1698306649 {\n  padding-top: 10px;\n}\n<\/style>\n\t<\/div>\n\t\n\n\t<div class=\"img has-hover img-rounded x md-x lg-x y md-y lg-y\" id=\"image_1874072225\">\n\t\t\t\t\t\t\t\t<div class=\"img-inner dark\" >\n\t\t\t<img decoding=\"async\" width=\"627\" height=\"627\" src=\"https:\/\/www.md-elektronik.com\/wp-content\/uploads\/2023\/05\/Sabine-Westermair.png\" class=\"attachment-large size-large\" alt=\"\" srcset=\"https:\/\/www.md-elektronik.com\/wp-content\/uploads\/2023\/05\/Sabine-Westermair.png 627w, https:\/\/www.md-elektronik.com\/wp-content\/uploads\/2023\/05\/Sabine-Westermair-300x300.png 300w, https:\/\/www.md-elektronik.com\/wp-content\/uploads\/2023\/05\/Sabine-Westermair-150x150.png 150w\" sizes=\"(max-width: 627px) 100vw, 627px\" \/>\t\t\t\t\t\t\n\t\t\t\t\t<\/div>\n\t\t\t\t\t\t\t\t\n<style>\n#image_1874072225 {\n  width: 99%;\n}\n<\/style>\n\t<\/div>\n\t\n\n\n\t\t<\/div>\n\t\t\t\t\t<\/div>\n\n\t\n\n\t<div id=\"col-1878756428\" class=\"col medium-9 small-12 large-9\"  >\n\t\t\t\t<div class=\"col-inner\"  >\n\t\t\t\n\t\t\t\n\n<p><span style=\"font-size: 130%;\"><strong>Sabine Westermair<\/strong><\/span><\/p>\n<p>Sabine Westermair, \u0159editelka logistiky, je ve skupin\u011b MD zodpov\u011bdn\u00e1 za intern\u00ed i extern\u00ed logistiku. S\u00a0v\u00edce ne\u017e 11\u00a0lety praxe v automobilov\u00e9m pr\u016fmyslu a se 7\u00a0lety v \u0159\u00edd\u00edc\u00ed funkci je tak odbornic\u00ed ve sv\u00e9m oboru. Po sv\u00e9m n\u00e1stupu na pozici specialistky na logistiku byla n\u011bkolik let zodpov\u011bdn\u00e1 za podporu a zav\u00e1d\u011bn\u00ed nov\u00fdch proces\u016f a syst\u00e9m\u016f v logistick\u00e9m prost\u0159ed\u00ed. Nyn\u00ed zodpov\u00edd\u00e1 za celou logistiku od skladov\u00e1n\u00ed, pl\u00e1nov\u00e1n\u00ed toku materi\u00e1lu a rozvr\u017een\u00ed a\u017e po dopravu a clo. Jej\u00ed nejv\u011bt\u0161\u00ed motivac\u00ed je pracovat spole\u010dn\u011b s kolegy a t\u00fdmy na mezin\u00e1rodn\u00edch pobo\u010dk\u00e1ch na \u0159e\u0161en\u00ed rostouc\u00edch v\u00fdzev v glob\u00e1ln\u00edm prost\u0159ed\u00ed a na v\u00fdvoji dobr\u00fdch a transparentn\u00edch \u0159e\u0161en\u00ed d\u016fle\u017eit\u00fdch ot\u00e1zek v oblasti digitalizace a udr\u017eitelnosti v logistice a utv\u00e1\u0159et tak budoucnost spole\u010dnosti MD Elektronik.<\/p>\n\n\t\t<\/div>\n\t\t\t\t\t<\/div>\n\n\t\n\n\n<style>\n#row-1916589293 > .col > .col-inner {\n  padding: 0 0px 0px 0px;\n}\n<\/style>\n<\/div>\n\n<\/div><\/div><\/div>\n","protected":false},"excerpt":{"rendered":"","protected":false},"author":1,"featured_media":0,"parent":0,"menu_order":0,"comment_status":"closed","ping_status":"closed","template":"","meta":{"footnotes":""},"class_list":["post-15728","page","type-page","status-publish","hentry"],"_links":{"self":[{"href":"https:\/\/www.md-elektronik.com\/cs\/wp-json\/wp\/v2\/pages\/15728","targetHints":{"allow":["GET"]}}],"collection":[{"href":"https:\/\/www.md-elektronik.com\/cs\/wp-json\/wp\/v2\/pages"}],"about":[{"href":"https:\/\/www.md-elektronik.com\/cs\/wp-json\/wp\/v2\/types\/page"}],"author":[{"embeddable":true,"href":"https:\/\/www.md-elektronik.com\/cs\/wp-json\/wp\/v2\/users\/1"}],"replies":[{"embeddable":true,"href":"https:\/\/www.md-elektronik.com\/cs\/wp-json\/wp\/v2\/comments?post=15728"}],"version-history":[{"count":1,"href":"https:\/\/www.md-elektronik.com\/cs\/wp-json\/wp\/v2\/pages\/15728\/revisions"}],"predecessor-version":[{"id":15733,"href":"https:\/\/www.md-elektronik.com\/cs\/wp-json\/wp\/v2\/pages\/15728\/revisions\/15733"}],"wp:attachment":[{"href":"https:\/\/www.md-elektronik.com\/cs\/wp-json\/wp\/v2\/media?parent=15728"}],"curies":[{"name":"wp","href":"https:\/\/api.w.org\/{rel}","templated":true}]}}