{"id":16822,"date":"2023-08-02T14:55:35","date_gmt":"2023-08-02T12:55:35","guid":{"rendered":"https:\/\/www.md-elektronik.com\/?page_id=16822"},"modified":"2026-03-19T08:39:10","modified_gmt":"2026-03-19T07:39:10","slug":"veletrhy-a-kongresy","status":"publish","type":"page","link":"https:\/\/www.md-elektronik.com\/cs\/aktuality\/veletrhy-a-kongresy\/","title":{"rendered":"Veletrhy a kongresy"},"content":{"rendered":"\n\n\t<section class=\"section\" id=\"section_1551852476\">\n\t\t<div class=\"section-bg fill\" >\n\t\t\t\t\t\t\t\t\t\n\t\t\t\n\n\t\t<\/div>\n\n\t\t\n\n\t\t<div class=\"section-content relative\">\n\t\t\t\n\n<div class=\"row row-collapse row-full-width align-middle\"  id=\"row-366375732\">\n\n\n\t<div id=\"col-159944478\" class=\"col hide-for-small medium-12 small-12 large-6\"  data-animate=\"fadeInUp\">\n\t\t\t\t<div class=\"col-inner text-center\"  >\n\t\t\t\n\t\t\t\n\n\t<div class=\"img has-hover x md-x lg-x y md-y lg-y\" id=\"image_759383948\">\n\t\t\t\t\t\t\t\t<div class=\"img-inner dark\" >\n\t\t\t<img decoding=\"async\" width=\"1020\" height=\"680\" src=\"https:\/\/www.md-elektronik.com\/wp-content\/uploads\/2023\/08\/Title_Draft-.jpg\" class=\"attachment-large size-large\" alt=\"MD ELEKTRONIK exhibition booth at an industry trade show, featuring displays of advanced automotive cable and connectivity solutions.\" srcset=\"https:\/\/www.md-elektronik.com\/wp-content\/uploads\/2023\/08\/Title_Draft-.jpg 1024w, https:\/\/www.md-elektronik.com\/wp-content\/uploads\/2023\/08\/Title_Draft--300x200.jpg 300w, https:\/\/www.md-elektronik.com\/wp-content\/uploads\/2023\/08\/Title_Draft--768x512.jpg 768w\" sizes=\"(max-width: 1020px) 100vw, 1020px\" \/>\t\t\t\t\t\t\n\t\t\t\t\t<\/div>\n\t\t\t\t\t\t\t\t\n<style>\n#image_759383948 {\n  width: 100%;\n}\n<\/style>\n\t<\/div>\n\t\n\n\n\t\t<\/div>\n\t\t\t\t\t<\/div>\n\n\t\n\n\t<div id=\"col-2023858732\" class=\"col medium-12 small-12 large-6\"  >\n\t\t\t\t<div class=\"col-inner text-center\"  >\n\t\t\t\n\t\t\t\n\n\t<div id=\"text-996518232\" class=\"text\">\n\t\t\n\n<h1>Veletrhy a kongresy: Osobn\u00ed kontakt \u2013 p\u0159\u00edm\u00e9 spojen\u00ed<\/h1>\n\t\t\n<style>\n#text-996518232 {\n  font-size: 1rem;\n}\n<\/style>\n\t<\/div>\n\t\n<p>Zde najdete p\u0159ehled akc\u00ed, na kter\u00fdch n\u00e1s najdete jako vystavovatele. Na t\u011bchto akc\u00edch v\u00e1s p\u0159\u00edmo sezn\u00e1m\u00edme s nejnov\u011bj\u0161\u00edm v\u00fdvojem, technologiemi a produkty v oblasti p\u0159enosu dat ve vozidle. Na\u0161i pracovn\u00edci tak\u00e9 vyu\u017eili p\u0159\u00edle\u017eitosti a vym\u011bnili si na m\u00edst\u011b informace s odborn\u00edky z cel\u00e9ho sv\u011bta, abychom tak mohli dr\u017eet krok s nejnov\u011bj\u0161\u00edm technologick\u00fdm v\u00fdvojem. Vyu\u017eijte p\u0159\u00edle\u017eitosti a vym\u011b\u0148te si s n\u00e1mi informace o nejnov\u011bj\u0161\u00edch trendech a va\u0161ich specifick\u00fdch pot\u0159eb\u00e1ch!<\/p>\n\n\t\t<\/div>\n\t\t\t\t\n<style>\n#col-2023858732 > .col-inner {\n  padding: 30px 30px 30px 30px;\n}\n@media (min-width:550px) {\n  #col-2023858732 > .col-inner {\n    padding: 60px 60px 60px 60px;\n  }\n}\n<\/style>\n\t<\/div>\n\n\t\n\n\n<style>\n#row-366375732 > .col > .col-inner {\n  background-color: rgb(255, 255, 255);\n}\n<\/style>\n<\/div>\n\n\t\t<\/div>\n\n\t\t\n<style>\n#section_1551852476 {\n  padding-top: 0px;\n  padding-bottom: 0px;\n  background-color: rgb(255,255,255);\n}\n<\/style>\n\t<\/section>\n\t\n\n\t<section class=\"section\" id=\"section_779406754\">\n\t\t<div class=\"section-bg fill\" >\n\t\t\t\t\t\t\t\t\t\n\t\t\t\n\n\t\t<\/div>\n\n\t\t\n\n\t\t<div class=\"section-content relative\">\n\t\t\t\n\n<div class=\"row\"  id=\"row-485593136\">\n\n\n\t<div id=\"col-550937266\" class=\"col small-12 large-12\"  >\n\t\t\t\t<div class=\"col-inner text-center\"  >\n\t\t\t\n\t\t\t\n\n\t<div id=\"stack-4041711740\" class=\"stack product-stack stack-row justify-center items-stretch\">\n\t\t\n\n\t<div class=\"box has-hover messe-image-box  has-hover box-default box-text-bottom\" >\n\n\t\t<div class=\"box-image\" style=\"width:70%;\">\n\t\t\t\t\t\t<div class=\"\" >\n\t\t\t\t<img decoding=\"async\" width=\"540\" height=\"320\" src=\"https:\/\/www.md-elektronik.com\/wp-content\/uploads\/2023\/08\/AEC-logo.jpg\" class=\"attachment- size-\" alt=\"\" srcset=\"https:\/\/www.md-elektronik.com\/wp-content\/uploads\/2023\/08\/AEC-logo.jpg 540w, https:\/\/www.md-elektronik.com\/wp-content\/uploads\/2023\/08\/AEC-logo-300x178.jpg 300w\" sizes=\"(max-width: 540px) 100vw, 540px\" \/>\t\t\t\t\t\t\t\t\t\t\t<\/div>\n\t\t\t\t\t<\/div>\n\n\t\t<div class=\"box-text text-center\" >\n\t\t\t<div class=\"box-text-inner\">\n\t\t\t\t\n\n\t<div id=\"text-1905505862\" class=\"text messe-box\">\n\t\t\n\n<h2><a  href=\"https:\/\/events.componeers.net\/automotive-ethernet-congress\"  dpc-external=\"true\"  target=\"_blank\"  rel=\"nofollow\" >Automotive Ethernet Congress<\/a><\/h2>\n<h4>Mnichov, <br \/>N\u011bmecko<\/h4>\n<p>24. \u2013 26. b\u0159ezna 2026<\/p>\n\t\t\t<\/div>\n\t\n<a href=\"https:\/\/www.md-elektronik.com\/wp-content\/uploads\/2022\/05\/md_elektronik_din_a4_factsheet_FAKRA_SF_v3.pdf\" class=\"button primary is-outline is-small product-box-button hidden\"  style=\"border-radius:99px;\">\n\t\t<span>Download<\/span>\n\t<\/a>\n\n\n\n\t\t\t<\/div>\n\t\t<\/div>\n\t<\/div>\n\t\n\t<div class=\"box has-hover messe-image-box  has-hover box-default box-text-bottom\" >\n\n\t\t<div class=\"box-image\" style=\"width:70%;\">\n\t\t\t\t\t\t<div class=\"\" >\n\t\t\t\t<img decoding=\"async\" width=\"540\" height=\"320\" src=\"https:\/\/www.md-elektronik.com\/wp-content\/uploads\/2023\/08\/VECS-LOGO.jpg\" class=\"attachment- size-\" alt=\"\" srcset=\"https:\/\/www.md-elektronik.com\/wp-content\/uploads\/2023\/08\/VECS-LOGO.jpg 540w, https:\/\/www.md-elektronik.com\/wp-content\/uploads\/2023\/08\/VECS-LOGO-300x178.jpg 300w\" sizes=\"(max-width: 540px) 100vw, 540px\" \/>\t\t\t\t\t\t\t\t\t\t\t<\/div>\n\t\t\t\t\t<\/div>\n\n\t\t<div class=\"box-text text-center\" >\n\t\t\t<div class=\"box-text-inner\">\n\t\t\t\t\n\n\t<div id=\"text-2279352963\" class=\"text messe-box\">\n\t\t\n\n<h2><a  href=\"https:\/\/insightevents.se\/VECS\/\"  dpc-external=\"true\"  target=\"_blank\"  rel=\"nofollow\" >VECS<\/a><\/h2>\n<h4>G\u00f6teborg,<br \/>\u0160v\u00e9dsko<\/h4>\n<p>5. a 6. kv\u011btna 2026<\/p>\n\t\t\t<\/div>\n\t\n<a href=\"https:\/\/www.md-elektronik.com\/wp-content\/uploads\/2022\/05\/md_elektronik_din_a4_factsheet_FAKRA_SF_v3.pdf\" class=\"button primary is-outline is-small product-box-button hidden\"  style=\"border-radius:99px;\">\n\t\t<span>Download<\/span>\n\t<\/a>\n\n\n\n\t\t\t<\/div>\n\t\t<\/div>\n\t<\/div>\n\t\n\t<div class=\"box has-hover messe-image-box  has-hover box-default box-text-bottom\" >\n\n\t\t<div class=\"box-image\" style=\"width:70%;\">\n\t\t\t<a href=\"https:\/\/aee.expo-info.jsae.or.jp\/en\/yokohama\/\" >\t\t\t<div class=\"\" >\n\t\t\t\t<img decoding=\"async\" width=\"549\" height=\"322\" src=\"https:\/\/www.md-elektronik.com\/wp-content\/uploads\/2026\/03\/AEE26-1.png\" class=\"attachment- size-\" alt=\"\" srcset=\"https:\/\/www.md-elektronik.com\/wp-content\/uploads\/2026\/03\/AEE26-1.png 549w, https:\/\/www.md-elektronik.com\/wp-content\/uploads\/2026\/03\/AEE26-1-300x176.png 300w\" sizes=\"(max-width: 549px) 100vw, 549px\" \/>\t\t\t\t\t\t\t\t\t\t\t<\/div>\n\t\t\t<\/a>\t\t<\/div>\n\n\t\t<div class=\"box-text text-center\" >\n\t\t\t<div class=\"box-text-inner\">\n\t\t\t\t\n\n\t<div id=\"text-2131743011\" class=\"text messe-box\">\n\t\t\n\n<h2><a  href=\"https:\/\/aee.expo-info.jsae.or.jp\/en\/yokohama\/\"  dpc-external=\"true\"  target=\"_blank\"  rel=\"nofollow\" >Automotive Engineering Expo\u00a0<\/a><\/h2>\n<h4>Jokohama,<br \/>Japonsko<\/h4>\n<p>27.\u201329. kv\u011btna 2026<\/p>\n\t\t\t<\/div>\n\t\n<a href=\"https:\/\/www.md-elektronik.com\/wp-content\/uploads\/2022\/05\/md_elektronik_din_a4_factsheet_FAKRA_SF_v3.pdf\" class=\"button primary is-outline is-small product-box-button hidden\"  style=\"border-radius:99px;\">\n\t\t<span>Download<\/span>\n\t<\/a>\n\n\n\n\t\t\t<\/div>\n\t\t<\/div>\n\t<\/div>\n\t\n\n\t\t\n<style>\n#stack-4041711740 > * {\n  --stack-gap: 1rem;\n}\n<\/style>\n\t<\/div>\n\t\n\t<div id=\"stack-1979248005\" class=\"stack product-stack stack-row justify-center items-stretch sm:stack-col md:stack-row md:justify-center md:items-stretch\">\n\t\t\n\n\t<div class=\"box has-hover messe-image-box hidden has-hover box-text-bottom\" >\n\n\t\t<div class=\"box-image\" style=\"width:70%;\">\n\t\t\t\t\t\t<div class=\"\" >\n\t\t\t\t<img decoding=\"async\" width=\"540\" height=\"320\" src=\"https:\/\/www.md-elektronik.com\/wp-content\/uploads\/2023\/08\/2_AutoTech-Detroit_Color.jpg\" class=\"attachment- size-\" alt=\"\" srcset=\"https:\/\/www.md-elektronik.com\/wp-content\/uploads\/2023\/08\/2_AutoTech-Detroit_Color.jpg 540w, https:\/\/www.md-elektronik.com\/wp-content\/uploads\/2023\/08\/2_AutoTech-Detroit_Color-300x178.jpg 300w\" sizes=\"(max-width: 540px) 100vw, 540px\" \/>\t\t\t\t\t\t\t\t\t\t\t<\/div>\n\t\t\t\t\t<\/div>\n\n\t\t<div class=\"box-text text-center\" >\n\t\t\t<div class=\"box-text-inner\">\n\t\t\t\t\n\n\t<div id=\"text-2301850572\" class=\"text messe-box\">\n\t\t\n\n<h2><a  href=\"https:\/\/wardsauto.informa.com\/autotech-detroit\/\"  dpc-external=\"true\"  target=\"_blank\"  rel=\"nofollow\" ><strong>AutoTech<\/strong><\/a><\/h2>\n<h4>Detroit, <br \/>USA<\/h4>\n<p>07.\u201308. \u010dervna 2023<\/p>\n\t\t\t<\/div>\n\t\n\n\t\t\t<\/div>\n\t\t<\/div>\n\t<\/div>\n\t\n\t<div class=\"box has-hover messe-image-box hidden has-hover box-text-bottom\" >\n\n\t\t<div class=\"box-image\" style=\"width:70%;\">\n\t\t\t\t\t\t<div class=\"\" >\n\t\t\t\t<img decoding=\"async\" width=\"540\" height=\"320\" src=\"https:\/\/www.md-elektronik.com\/wp-content\/uploads\/2023\/08\/ieee-sa-logo.png\" class=\"attachment- size-\" alt=\"\" srcset=\"https:\/\/www.md-elektronik.com\/wp-content\/uploads\/2023\/08\/ieee-sa-logo.png 540w, https:\/\/www.md-elektronik.com\/wp-content\/uploads\/2023\/08\/ieee-sa-logo-300x178.png 300w\" sizes=\"(max-width: 540px) 100vw, 540px\" \/>\t\t\t\t\t\t\t\t\t\t\t<\/div>\n\t\t\t\t\t<\/div>\n\n\t\t<div class=\"box-text text-center\" >\n\t\t\t<div class=\"box-text-inner\">\n\t\t\t\t\n\n\t<div id=\"text-3964404209\" class=\"text messe-box\">\n\t\t\n\n<h2><a  href=\"https:\/\/standards.ieee.org\/events\/automotive\/\"  dpc-external=\"true\"  target=\"_blank\"  rel=\"nofollow\" ><strong>Ethernet &#038; IP @ Automotive Technology Day<\/strong><\/a><\/h2>\n<h4>S\u00e3o Paulo,<br \/> Braz\u00edlie<\/h4>\n<p>19.-20. z\u00e1\u0159\u00ed 2023<\/p>\n\t\t\t<\/div>\n\t\n\n\t\t\t<\/div>\n\t\t<\/div>\n\t<\/div>\n\t\n\n\t\t\n<style>\n#stack-1979248005 > * {\n  --stack-gap: 1.25rem;\n}\n@media (min-width:850px) {\n  #stack-1979248005 > * {\n    --stack-gap: 1rem;\n  }\n}\n<\/style>\n\t<\/div>\n\t\n\t<div id=\"gap-253215919\" class=\"gap-element clearfix\" style=\"display:block; height:auto;\">\n\t\t\n<style>\n#gap-253215919 {\n  padding-top: 30px;\n}\n<\/style>\n\t<\/div>\n\t\n\n\t<div id=\"gap-97632708\" class=\"gap-element clearfix\" style=\"display:block; height:auto;\">\n\t\t\n<style>\n#gap-97632708 {\n  padding-top: 30px;\n}\n<\/style>\n\t<\/div>\n\t\n\n\n\t\t<\/div>\n\t\t\t\t\n<style>\n#col-550937266 > .col-inner {\n  padding: 30px 30px 0px 30px;\n  margin: 0px 0px 0 0px;\n}\n@media (min-width:550px) {\n  #col-550937266 > .col-inner {\n    padding: 60px 60px 0px 60px;\n  }\n}\n<\/style>\n\t<\/div>\n\n\t\n\n\n<\/div>\n\n\t\t<\/div>\n\n\t\t\n<style>\n#section_779406754 {\n  padding-top: 0px;\n  padding-bottom: 0px;\n}\n<\/style>\n\t<\/section>\n\t\n\n\n","protected":false},"excerpt":{"rendered":"","protected":false},"author":1,"featured_media":16743,"parent":2700,"menu_order":0,"comment_status":"closed","ping_status":"closed","template":"page-blank.php","meta":{"footnotes":""},"class_list":["post-16822","page","type-page","status-publish","has-post-thumbnail","hentry"],"_links":{"self":[{"href":"https:\/\/www.md-elektronik.com\/cs\/wp-json\/wp\/v2\/pages\/16822","targetHints":{"allow":["GET"]}}],"collection":[{"href":"https:\/\/www.md-elektronik.com\/cs\/wp-json\/wp\/v2\/pages"}],"about":[{"href":"https:\/\/www.md-elektronik.com\/cs\/wp-json\/wp\/v2\/types\/page"}],"author":[{"embeddable":true,"href":"https:\/\/www.md-elektronik.com\/cs\/wp-json\/wp\/v2\/users\/1"}],"replies":[{"embeddable":true,"href":"https:\/\/www.md-elektronik.com\/cs\/wp-json\/wp\/v2\/comments?post=16822"}],"version-history":[{"count":29,"href":"https:\/\/www.md-elektronik.com\/cs\/wp-json\/wp\/v2\/pages\/16822\/revisions"}],"predecessor-version":[{"id":31753,"href":"https:\/\/www.md-elektronik.com\/cs\/wp-json\/wp\/v2\/pages\/16822\/revisions\/31753"}],"up":[{"embeddable":true,"href":"https:\/\/www.md-elektronik.com\/cs\/wp-json\/wp\/v2\/pages\/2700"}],"wp:featuredmedia":[{"embeddable":true,"href":"https:\/\/www.md-elektronik.com\/cs\/wp-json\/wp\/v2\/media\/16743"}],"wp:attachment":[{"href":"https:\/\/www.md-elektronik.com\/cs\/wp-json\/wp\/v2\/media?parent=16822"}],"curies":[{"name":"wp","href":"https:\/\/api.w.org\/{rel}","templated":true}]}}