{"id":17179,"date":"2023-08-30T14:44:51","date_gmt":"2023-08-30T12:44:51","guid":{"rendered":"https:\/\/www.md-elektronik.com\/tobias-fiedler\/"},"modified":"2023-08-30T14:44:51","modified_gmt":"2023-08-30T12:44:51","slug":"tobias-fiedler","status":"publish","type":"page","link":"https:\/\/www.md-elektronik.com\/cs\/tobias-fiedler\/","title":{"rendered":"Tobias Fiedler"},"content":{"rendered":"\n<div class=\"message-box relative\" style=\"padding-top:30px;padding-bottom:30px;\"><div class=\"message-box-bg-image bg-fill fill\" ><\/div><div class=\"message-box-bg-overlay bg-fill fill\" style=\"background-color:rgb(245, 245, 247);\"><\/div><div class=\"container relative\"><div class=\"inner last-reset\">\n\n<div class=\"row align-equal align-center\"  id=\"row-1987461430\">\n\n\n\t<div id=\"col-276490615\" class=\"col medium-3 small-12 large-3\"  >\n\t\t\t\t<div class=\"col-inner\"  >\n\t\t\t\n\t\t\t\n\n\t<div id=\"gap-972476369\" class=\"gap-element clearfix\" style=\"display:block; height:auto;\">\n\t\t\n<style>\n#gap-972476369 {\n  padding-top: 10px;\n}\n<\/style>\n\t<\/div>\n\t\n\n\t<div class=\"img has-hover img-rounded x md-x lg-x y md-y lg-y\" id=\"image_645789295\">\n\t\t\t\t\t\t\t\t<div class=\"img-inner dark\" >\n\t\t\t<img decoding=\"async\" width=\"800\" height=\"800\" src=\"https:\/\/www.md-elektronik.com\/wp-content\/uploads\/2023\/08\/tobias-fiedler-no-bg.png\" class=\"attachment-large size-large\" alt=\"\" srcset=\"https:\/\/www.md-elektronik.com\/wp-content\/uploads\/2023\/08\/tobias-fiedler-no-bg.png 800w, https:\/\/www.md-elektronik.com\/wp-content\/uploads\/2023\/08\/tobias-fiedler-no-bg-300x300.png 300w, https:\/\/www.md-elektronik.com\/wp-content\/uploads\/2023\/08\/tobias-fiedler-no-bg-150x150.png 150w, https:\/\/www.md-elektronik.com\/wp-content\/uploads\/2023\/08\/tobias-fiedler-no-bg-768x768.png 768w\" sizes=\"(max-width: 800px) 100vw, 800px\" \/>\t\t\t\t\t\t\n\t\t\t\t\t<\/div>\n\t\t\t\t\t\t\t\t\n<style>\n#image_645789295 {\n  width: 99%;\n}\n<\/style>\n\t<\/div>\n\t\n\n\n\t\t<\/div>\n\t\t\t\t\t<\/div>\n\n\t\n\n\t<div id=\"col-1521228486\" class=\"col medium-9 small-12 large-9\"  >\n\t\t\t\t<div class=\"col-inner\"  >\n\t\t\t\n\t\t\t\n\n<p><span style=\"font-size: 130%;\"><strong>Tobias Fiedler<\/strong><\/span><\/p>\n<p>\u00dakolem Tobiase Fiedlera jako \u0159editele produktov\u00e9ho a projektov\u00e9ho managementu ve spole\u010dnosti MD je spole\u010dn\u011b se sv\u00fdm t\u00fdmem, kter\u00fd p\u016fsob\u00ed na t\u0159ech kontinentech, definovat portfolio produkt\u016f MD pro po\u017eadavky budouc\u00edch generac\u00ed vozidel a realizovat jej v souladu s v\u00fdvojem trhu. Se sv\u00fdmi v\u00edce ne\u017e14let\u00fdmi zku\u0161enostmi v automobilov\u00e9m sektoru, z toho 12\u00a0let v oblasti palubn\u00ed s\u00edt\u011b vozidel, je skute\u010dn\u00fdm odborn\u00edkem ve sv\u00e9m oboru. Na sv\u00e9 pr\u00e1ci velmi oce\u0148uje jednak odbornou spolupr\u00e1ci s mezin\u00e1rodn\u00edmi partnery pro v\u00fdvoj a se z\u00e1kazn\u00edky, ale tak\u00e9 zejm\u00e9na rozmanitost \u00fakol\u016f, kter\u00e9 vypl\u00fdvaj\u00ed z neust\u00e1l\u00fdch zm\u011bn v automobilov\u00e9m pr\u016fmyslu.<\/p>\n\n\t\t<\/div>\n\t\t\t\t\t<\/div>\n\n\t\n\n\n<style>\n#row-1987461430 > .col > .col-inner {\n  padding: 0 0px 0px 0px;\n}\n<\/style>\n<\/div>\n\n<\/div><\/div><\/div>\r\n\r\n\r\n","protected":false},"excerpt":{"rendered":"","protected":false},"author":1,"featured_media":0,"parent":0,"menu_order":0,"comment_status":"closed","ping_status":"closed","template":"","meta":{"footnotes":""},"class_list":["post-17179","page","type-page","status-publish","hentry"],"_links":{"self":[{"href":"https:\/\/www.md-elektronik.com\/cs\/wp-json\/wp\/v2\/pages\/17179","targetHints":{"allow":["GET"]}}],"collection":[{"href":"https:\/\/www.md-elektronik.com\/cs\/wp-json\/wp\/v2\/pages"}],"about":[{"href":"https:\/\/www.md-elektronik.com\/cs\/wp-json\/wp\/v2\/types\/page"}],"author":[{"embeddable":true,"href":"https:\/\/www.md-elektronik.com\/cs\/wp-json\/wp\/v2\/users\/1"}],"replies":[{"embeddable":true,"href":"https:\/\/www.md-elektronik.com\/cs\/wp-json\/wp\/v2\/comments?post=17179"}],"version-history":[{"count":1,"href":"https:\/\/www.md-elektronik.com\/cs\/wp-json\/wp\/v2\/pages\/17179\/revisions"}],"predecessor-version":[{"id":17180,"href":"https:\/\/www.md-elektronik.com\/cs\/wp-json\/wp\/v2\/pages\/17179\/revisions\/17180"}],"wp:attachment":[{"href":"https:\/\/www.md-elektronik.com\/cs\/wp-json\/wp\/v2\/media?parent=17179"}],"curies":[{"name":"wp","href":"https:\/\/api.w.org\/{rel}","templated":true}]}}