{"id":17728,"date":"2023-10-02T10:55:00","date_gmt":"2023-10-02T08:55:00","guid":{"rendered":"https:\/\/www.md-elektronik.com\/karl-heinz-lode\/"},"modified":"2023-10-02T10:55:00","modified_gmt":"2023-10-02T08:55:00","slug":"karl-heinz-lode","status":"publish","type":"page","link":"https:\/\/www.md-elektronik.com\/cs\/karl-heinz-lode\/","title":{"rendered":"Karl-Heinz Lode"},"content":{"rendered":"\n<div class=\"message-box relative\" style=\"padding-top:30px;padding-bottom:30px;\"><div class=\"message-box-bg-image bg-fill fill\" ><\/div><div class=\"message-box-bg-overlay bg-fill fill\" style=\"background-color:rgb(245, 245, 247);\"><\/div><div class=\"container relative\"><div class=\"inner last-reset\">\r\n\r\n<div class=\"row align-equal align-center\"  id=\"row-1084292194\">\r\n\r\n\n\t<div id=\"col-128920093\" class=\"col medium-3 small-12 large-3\"  >\n\t\t\t\t<div class=\"col-inner\"  >\n\t\t\t\n\t\t\t\r\n\r\n\t<div id=\"gap-143765679\" class=\"gap-element clearfix\" style=\"display:block; height:auto;\">\n\t\t\n<style>\n#gap-143765679 {\n  padding-top: 10px;\n}\n<\/style>\n\t<\/div>\n\t\r\n\r\n\t<div class=\"img has-hover img-rounded x md-x lg-x y md-y lg-y\" id=\"image_441844668\">\n\t\t\t\t\t\t\t\t<div class=\"img-inner dark\" >\n\t\t\t<img decoding=\"async\" width=\"780\" height=\"780\" src=\"https:\/\/www.md-elektronik.com\/wp-content\/uploads\/2023\/08\/karl-heinz-lode.jpg\" class=\"attachment-large size-large\" alt=\"\" srcset=\"https:\/\/www.md-elektronik.com\/wp-content\/uploads\/2023\/08\/karl-heinz-lode.jpg 780w, https:\/\/www.md-elektronik.com\/wp-content\/uploads\/2023\/08\/karl-heinz-lode-300x300.jpg 300w, https:\/\/www.md-elektronik.com\/wp-content\/uploads\/2023\/08\/karl-heinz-lode-150x150.jpg 150w, https:\/\/www.md-elektronik.com\/wp-content\/uploads\/2023\/08\/karl-heinz-lode-768x768.jpg 768w\" sizes=\"(max-width: 780px) 100vw, 780px\" \/>\t\t\t\t\t\t\n\t\t\t\t\t<\/div>\n\t\t\t\t\t\t\t\t\n<style>\n#image_441844668 {\n  width: 100%;\n}\n<\/style>\n\t<\/div>\n\t\r\n\r\n\r\n\t\t<\/div>\n\t\t\t\t\t<\/div>\n\n\t\r\n\n\t<div id=\"col-210160089\" class=\"col medium-9 small-12 large-9\"  >\n\t\t\t\t<div class=\"col-inner\"  >\n\t\t\t\n\t\t\t\r\n\r\n<p><span style=\"font-size: 130%;\"><strong>Karl-Heinz Lode<\/strong><\/span><\/p>\r\n<p>Karl-Heinz Lode pracuje ji\u017e v\u00edce ne\u017e 6 let jako aplika\u010dn\u00ed in\u017een\u00fdr v MD. P\u0159itom je v neust\u00e1l\u00e9m kontaktu s dodavatelsk\u00fdm \u0159et\u011bzcem. Jeho \u00fakolem je \u0159e\u0161it technick\u00e9 probl\u00e9my z\u00edt\u0159ka. B\u011bhem magistersk\u00e9ho studia, kter\u00e9 absolvoval s finan\u010dn\u00ed podporou spole\u010dnosti MD Elektronik, se intenzivn\u011b zab\u00fdval v\u00fdvojem palubn\u00ed s\u00edt\u011b a autonomn\u00edm \u0159\u00edzen\u00edm. Je velmi r\u00e1d, \u017ee sv\u00fdmi zku\u0161enostmi m\u016f\u017ee p\u0159isp\u011bt k utv\u00e1\u0159en\u00ed mobility budoucnosti.<\/p>\r\n\r\n\t\t<\/div>\n\t\t\t\t\t<\/div>\n\n\t\r\n\r\n\n<style>\n#row-1084292194 > .col > .col-inner {\n  padding: 0 0px 0px 0px;\n}\n<\/style>\n<\/div>\r\n\r\n<\/div><\/div><\/div>\r\n","protected":false},"excerpt":{"rendered":"","protected":false},"author":2,"featured_media":0,"parent":0,"menu_order":0,"comment_status":"closed","ping_status":"closed","template":"","meta":{"footnotes":""},"class_list":["post-17728","page","type-page","status-publish","hentry"],"_links":{"self":[{"href":"https:\/\/www.md-elektronik.com\/cs\/wp-json\/wp\/v2\/pages\/17728","targetHints":{"allow":["GET"]}}],"collection":[{"href":"https:\/\/www.md-elektronik.com\/cs\/wp-json\/wp\/v2\/pages"}],"about":[{"href":"https:\/\/www.md-elektronik.com\/cs\/wp-json\/wp\/v2\/types\/page"}],"author":[{"embeddable":true,"href":"https:\/\/www.md-elektronik.com\/cs\/wp-json\/wp\/v2\/users\/2"}],"replies":[{"embeddable":true,"href":"https:\/\/www.md-elektronik.com\/cs\/wp-json\/wp\/v2\/comments?post=17728"}],"version-history":[{"count":1,"href":"https:\/\/www.md-elektronik.com\/cs\/wp-json\/wp\/v2\/pages\/17728\/revisions"}],"predecessor-version":[{"id":17729,"href":"https:\/\/www.md-elektronik.com\/cs\/wp-json\/wp\/v2\/pages\/17728\/revisions\/17729"}],"wp:attachment":[{"href":"https:\/\/www.md-elektronik.com\/cs\/wp-json\/wp\/v2\/media?parent=17728"}],"curies":[{"name":"wp","href":"https:\/\/api.w.org\/{rel}","templated":true}]}}