{"id":17937,"date":"2023-10-11T08:59:43","date_gmt":"2023-10-11T06:59:43","guid":{"rendered":"https:\/\/www.md-elektronik.com\/?page_id=17937"},"modified":"2023-10-11T08:59:44","modified_gmt":"2023-10-11T06:59:44","slug":"claus-reiter","status":"publish","type":"page","link":"https:\/\/www.md-elektronik.com\/cs\/claus-reiter\/","title":{"rendered":"Claus Reiter"},"content":{"rendered":"\n<div class=\"message-box relative message-box-author\" style=\"padding-top:30px;padding-bottom:30px;\"><div class=\"message-box-bg-image bg-fill fill\" ><\/div><div class=\"message-box-bg-overlay bg-fill fill\" style=\"background-color:rgb(245, 245, 247);\"><\/div><div class=\"container relative\"><div class=\"inner last-reset\">\r\n\r\n<div class=\"row align-equal align-center\"  id=\"row-294092813\">\r\n\r\n\n\t<div id=\"col-714316521\" class=\"col medium-3 small-12 large-3\"  >\n\t\t\t\t<div class=\"col-inner\"  >\n\t\t\t\n\t\t\t\r\n\r\n\t<div id=\"gap-1364298534\" class=\"gap-element clearfix\" style=\"display:block; height:auto;\">\n\t\t\n<style>\n#gap-1364298534 {\n  padding-top: 10px;\n}\n<\/style>\n\t<\/div>\n\t\r\n\r\n\t<div class=\"img has-hover img-rounded x md-x lg-x y md-y lg-y\" id=\"image_1556087657\">\n\t\t\t\t\t\t\t\t<div class=\"img-inner dark\" >\n\t\t\t<img decoding=\"async\" width=\"800\" height=\"800\" src=\"https:\/\/www.md-elektronik.com\/wp-content\/uploads\/2023\/10\/DSC04998-Reiter-Claus-high.jpg\" class=\"attachment-large size-large\" alt=\"\" srcset=\"https:\/\/www.md-elektronik.com\/wp-content\/uploads\/2023\/10\/DSC04998-Reiter-Claus-high.jpg 800w, https:\/\/www.md-elektronik.com\/wp-content\/uploads\/2023\/10\/DSC04998-Reiter-Claus-high-300x300.jpg 300w, https:\/\/www.md-elektronik.com\/wp-content\/uploads\/2023\/10\/DSC04998-Reiter-Claus-high-150x150.jpg 150w, https:\/\/www.md-elektronik.com\/wp-content\/uploads\/2023\/10\/DSC04998-Reiter-Claus-high-768x768.jpg 768w\" sizes=\"(max-width: 800px) 100vw, 800px\" \/>\t\t\t\t\t\t\n\t\t\t\t\t<\/div>\n\t\t\t\t\t\t\t\t\n<style>\n#image_1556087657 {\n  width: 100%;\n}\n<\/style>\n\t<\/div>\n\t\r\n\r\n\r\n\t\t<\/div>\n\t\t\t\t\t<\/div>\n\n\t\r\n\n\t<div id=\"col-489823334\" class=\"col medium-9 small-12 large-9\"  >\n\t\t\t\t<div class=\"col-inner\"  >\n\t\t\t\n\t\t\t\r\n\r\n<p><span style=\"font-size: 130%;\"><strong>Clausi Reiterovi<\/strong><\/span><\/p>\r\n<p>Claus Reiter je mana\u017eerem pro kl\u00ed\u010dov\u00e9 z\u00e1kazn\u00edky v mezin\u00e1rodn\u00edm obchodn\u00edm t\u00fdmu spole\u010dnosti MD. Jeho hlavn\u00edm \u00fakolem je spravovat a roz\u0161i\u0159ovat obchody MD jako dodavatele a obchodn\u00edho partnera pro \u201echytr\u00e1 \u0159e\u0161en\u00ed\u201c v ji\u017en\u00ed Evrop\u011b. Se sv\u00fdmi v\u00edce ne\u017e 25 lety v automobilov\u00e9 bran\u017ei je pova\u017eov\u00e1n za odborn\u00edka. V\u017edy jde o to, naj\u00edt rovnov\u00e1hu mezi z\u00e1jmy MD ELEKTRONIK a p\u0159\u00e1n\u00edm z\u00e1kazn\u00edk\u016f. Krom\u011b \u00fazk\u00e9ho kontaktu se z\u00e1kazn\u00edky a pr\u00e1ce v glob\u00e1ln\u00edm t\u00fdmu si cen\u00ed zejm\u00e9na mezikulturn\u00edch zku\u0161enost\u00ed, kter\u00e9 s sebou jeho pr\u00e1ce p\u0159in\u00e1\u0161\u00ed.<\/p>\r\n\r\n\t\t<\/div>\n\t\t\t\t\t<\/div>\n\n\t\r\n\r\n\n<style>\n#row-294092813 > .col > .col-inner {\n  padding: 0 0px 0px 0px;\n}\n<\/style>\n<\/div>\r\n\r\n<\/div><\/div><\/div>\n","protected":false},"excerpt":{"rendered":"","protected":false},"author":1,"featured_media":0,"parent":0,"menu_order":0,"comment_status":"closed","ping_status":"closed","template":"","meta":{"footnotes":""},"class_list":["post-17937","page","type-page","status-publish","hentry"],"_links":{"self":[{"href":"https:\/\/www.md-elektronik.com\/cs\/wp-json\/wp\/v2\/pages\/17937","targetHints":{"allow":["GET"]}}],"collection":[{"href":"https:\/\/www.md-elektronik.com\/cs\/wp-json\/wp\/v2\/pages"}],"about":[{"href":"https:\/\/www.md-elektronik.com\/cs\/wp-json\/wp\/v2\/types\/page"}],"author":[{"embeddable":true,"href":"https:\/\/www.md-elektronik.com\/cs\/wp-json\/wp\/v2\/users\/1"}],"replies":[{"embeddable":true,"href":"https:\/\/www.md-elektronik.com\/cs\/wp-json\/wp\/v2\/comments?post=17937"}],"version-history":[{"count":1,"href":"https:\/\/www.md-elektronik.com\/cs\/wp-json\/wp\/v2\/pages\/17937\/revisions"}],"predecessor-version":[{"id":17942,"href":"https:\/\/www.md-elektronik.com\/cs\/wp-json\/wp\/v2\/pages\/17937\/revisions\/17942"}],"wp:attachment":[{"href":"https:\/\/www.md-elektronik.com\/cs\/wp-json\/wp\/v2\/media?parent=17937"}],"curies":[{"name":"wp","href":"https:\/\/api.w.org\/{rel}","templated":true}]}}