{"id":20185,"date":"2023-11-29T14:16:20","date_gmt":"2023-11-29T13:16:20","guid":{"rendered":"https:\/\/www.md-elektronik.com\/helmut-pritz-tobias-hartl\/"},"modified":"2023-11-29T14:16:44","modified_gmt":"2023-11-29T13:16:44","slug":"helmut-pritz-tobias-hartl","status":"publish","type":"page","link":"https:\/\/www.md-elektronik.com\/cs\/helmut-pritz-tobias-hartl\/","title":{"rendered":"Helmut Pritz &#8211; Tobias Hartl"},"content":{"rendered":"\n<div class=\"message-box relative\" style=\"padding-top:30px;padding-bottom:30px;\"><div class=\"message-box-bg-image bg-fill fill\" ><\/div><div class=\"message-box-bg-overlay bg-fill fill\" style=\"background-color:rgb(245, 245, 247);\"><\/div><div class=\"container relative\"><div class=\"inner last-reset\">\n\n<div class=\"row align-equal align-center\"  id=\"row-271318835\">\n\n\n\t<div id=\"col-1246498067\" class=\"col medium-3 small-12 large-3\"  >\n\t\t\t\t<div class=\"col-inner\"  >\n\t\t\t\n\t\t\t\n\n\t<div id=\"gap-865457436\" class=\"gap-element clearfix\" style=\"display:block; height:auto;\">\n\t\t\n<style>\n#gap-865457436 {\n  padding-top: 10px;\n}\n<\/style>\n\t<\/div>\n\t\n\n\t<div class=\"img has-hover x md-x lg-x y md-y lg-y\" id=\"image_1989746316\">\n\t\t\t\t\t\t\t\t<div class=\"img-inner dark\" >\n\t\t\t<img decoding=\"async\" width=\"800\" height=\"800\" src=\"https:\/\/www.md-elektronik.com\/wp-content\/uploads\/2023\/02\/Helmut_Pritz_Web_2026_3_2.jpg\" class=\"attachment-large size-large\" alt=\"\" srcset=\"https:\/\/www.md-elektronik.com\/wp-content\/uploads\/2023\/02\/Helmut_Pritz_Web_2026_3_2.jpg 800w, https:\/\/www.md-elektronik.com\/wp-content\/uploads\/2023\/02\/Helmut_Pritz_Web_2026_3_2-300x300.jpg 300w, https:\/\/www.md-elektronik.com\/wp-content\/uploads\/2023\/02\/Helmut_Pritz_Web_2026_3_2-150x150.jpg 150w, https:\/\/www.md-elektronik.com\/wp-content\/uploads\/2023\/02\/Helmut_Pritz_Web_2026_3_2-768x768.jpg 768w\" sizes=\"(max-width: 800px) 100vw, 800px\" \/>\t\t\t\t\t\t\n\t\t\t\t\t<\/div>\n\t\t\t\t\t\t\t\t\n<style>\n#image_1989746316 {\n  width: 99%;\n}\n<\/style>\n\t<\/div>\n\t\n\n\n\t\t<\/div>\n\t\t\t\t\t<\/div>\n\n\t\n\n\t<div id=\"col-698337905\" class=\"col medium-9 small-12 large-9\"  >\n\t\t\t\t<div class=\"col-inner\"  >\n\t\t\t\n\t\t\t\n\n<p><span style=\"font-size: 130%;\"><strong>Helmut Pritz<\/strong><\/span><\/p>\n<p>Helmut Pritz je produktov\u00fdm mana\u017eerem pro p\u0159enos dat prost\u0159ednictv\u00edm optick\u00fdch vl\u00e1ken a Multi Hybrid Connectors ve spole\u010dnosti MD ELEKTRONIK. S v\u00edce ne\u017e 25 lety zku\u0161enost\u00ed v automobilov\u00e9m pr\u016fmyslu disponuje rozs\u00e1hlou odbornost\u00ed v oblasti prosazov\u00e1n\u00ed t\u011bchto perspektivn\u00edch technologi\u00ed. Jeho posl\u00e1n\u00edm je vyv\u00edjet ve spolupr\u00e1ci se z\u00e1kazn\u00edky, startupy, v\u00fdrobci \u0159\u00eddic\u00edch jednotek a dodavateli inovativn\u00ed \u0159e\u0161en\u00ed pro automobilov\u00fd pr\u016fmysl.<\/p>\n<p>Po p\u016fsoben\u00ed na pozici projektov\u00e9ho mana\u017eera, kde byl odpov\u011bdn\u00fd za v\u00fdvoj z\u00e1suvn\u00fdch komponent a souvisej\u00edc\u00edch automatiza\u010dn\u00edch syst\u00e9m\u016f, p\u0159evzal n\u00e1sledn\u011b roli Manager Development RF Technology a vybudoval v\u00fdvojov\u00e9 odd\u011blen\u00ed zam\u011b\u0159en\u00e9 p\u0159edev\u0161\u00edm na vysokofrekven\u010dn\u00ed techniku.<\/p>\n<p>D\u00edky sv\u00e9 glob\u00e1ln\u00ed s\u00edti z\u00e1kazn\u00edk\u016f, dodavatel\u016f a partner\u016f iniciuje mezioborovou spolupr\u00e1ci p\u0159i v\u00fdvoji nov\u00fdch technologi\u00ed a \u0159e\u0161en\u00ed v oblasti vysokorychlostn\u00edho p\u0159enosu dat.<\/p>\n\n\t\t<\/div>\n\t\t\t\t\t<\/div>\n\n\t\n\n\n<style>\n#row-271318835 > .col > .col-inner {\n  padding: 0 0px 0px 0px;\n}\n<\/style>\n<\/div>\n\n<\/div><\/div><\/div>\r\n\r\n<div class=\"message-box relative\" style=\"padding-top:30px;padding-bottom:30px;\"><div class=\"message-box-bg-image bg-fill fill\" ><\/div><div class=\"message-box-bg-overlay bg-fill fill\" style=\"background-color:rgb(245, 245, 247);\"><\/div><div class=\"container relative\"><div class=\"inner last-reset\">\n\n<div class=\"row align-equal align-center\"  id=\"row-1630329527\">\n\n\n\t<div id=\"col-1641450715\" class=\"col medium-3 small-12 large-3\"  >\n\t\t\t\t<div class=\"col-inner\"  >\n\t\t\t\n\t\t\t\n\n\t<div id=\"gap-286997904\" class=\"gap-element clearfix\" style=\"display:block; height:auto;\">\n\t\t\n<style>\n#gap-286997904 {\n  padding-top: 10px;\n}\n<\/style>\n\t<\/div>\n\t\n\n\t<div class=\"img has-hover x md-x lg-x y md-y lg-y\" id=\"image_1395283649\">\n\t\t\t\t\t\t\t\t<div class=\"img-inner dark\" >\n\t\t\t<img decoding=\"async\" width=\"1020\" height=\"1020\" src=\"https:\/\/www.md-elektronik.com\/wp-content\/uploads\/2023\/02\/DSC00539-Hartl-Tobias-high_qudr-1024x1024.jpg\" class=\"attachment-large size-large\" alt=\"\" srcset=\"https:\/\/www.md-elektronik.com\/wp-content\/uploads\/2023\/02\/DSC00539-Hartl-Tobias-high_qudr-1024x1024.jpg 1024w, https:\/\/www.md-elektronik.com\/wp-content\/uploads\/2023\/02\/DSC00539-Hartl-Tobias-high_qudr-300x300.jpg 300w, https:\/\/www.md-elektronik.com\/wp-content\/uploads\/2023\/02\/DSC00539-Hartl-Tobias-high_qudr-150x150.jpg 150w, https:\/\/www.md-elektronik.com\/wp-content\/uploads\/2023\/02\/DSC00539-Hartl-Tobias-high_qudr-768x768.jpg 768w, https:\/\/www.md-elektronik.com\/wp-content\/uploads\/2023\/02\/DSC00539-Hartl-Tobias-high_qudr.jpg 1440w\" sizes=\"(max-width: 1020px) 100vw, 1020px\" \/>\t\t\t\t\t\t\n\t\t\t\t\t<\/div>\n\t\t\t\t\t\t\t\t\n<style>\n#image_1395283649 {\n  width: 99%;\n}\n<\/style>\n\t<\/div>\n\t\n\n\n\t\t<\/div>\n\t\t\t\t\t<\/div>\n\n\t\n\n\t<div id=\"col-2018871922\" class=\"col medium-9 small-12 large-9\"  >\n\t\t\t\t<div class=\"col-inner\"  >\n\t\t\t\n\t\t\t\n\n<p><span style=\"font-size: 130%;\"><strong>Tobias Hartl <\/strong><\/span><\/p>\n<p>Tobias Hartl je sou\u010d\u00e1st\u00ed technick\u00e9ho produktov\u00e9ho managementu v oblasti Multi Core Cables a ve spole\u010dnosti MD pracuje ji\u017e od roku 2019. Svou kari\u00e9ru zde zah\u00e1jil jako aplika\u010dn\u00ed in\u017een\u00fdr pro mezin\u00e1rodn\u00ed z\u00e1kazn\u00edky. P\u0159ed n\u00e1stupem do MD z\u00edsk\u00e1val \u0161est let cenn\u00e9 zku\u0161enosti v oboru mobile media headunit, kter\u00e9 \u00fasp\u011b\u0161n\u011b uplat\u0148uje ve sv\u00e9 ka\u017edodenn\u00ed pr\u00e1ci. Pro Tobiase je velmi motivuj\u00edc\u00ed kontakt s glob\u00e1ln\u00edmi z\u00e1kazn\u00edky a zav\u00e1d\u011bn\u00ed nov\u00fdch technologi\u00ed ve spolupr\u00e1ci s mezin\u00e1rodn\u00edm t\u00fdmem.<\/p>\n\n\t\t<\/div>\n\t\t\t\t\t<\/div>\n\n\t\n\n\n<style>\n#row-1630329527 > .col > .col-inner {\n  padding: 0 0px 0px 0px;\n}\n<\/style>\n<\/div>\n\n<\/div><\/div><\/div>\n","protected":false},"excerpt":{"rendered":"","protected":false},"author":1,"featured_media":0,"parent":0,"menu_order":0,"comment_status":"closed","ping_status":"closed","template":"","meta":{"footnotes":""},"class_list":["post-20185","page","type-page","status-publish","hentry"],"_links":{"self":[{"href":"https:\/\/www.md-elektronik.com\/cs\/wp-json\/wp\/v2\/pages\/20185","targetHints":{"allow":["GET"]}}],"collection":[{"href":"https:\/\/www.md-elektronik.com\/cs\/wp-json\/wp\/v2\/pages"}],"about":[{"href":"https:\/\/www.md-elektronik.com\/cs\/wp-json\/wp\/v2\/types\/page"}],"author":[{"embeddable":true,"href":"https:\/\/www.md-elektronik.com\/cs\/wp-json\/wp\/v2\/users\/1"}],"replies":[{"embeddable":true,"href":"https:\/\/www.md-elektronik.com\/cs\/wp-json\/wp\/v2\/comments?post=20185"}],"version-history":[{"count":1,"href":"https:\/\/www.md-elektronik.com\/cs\/wp-json\/wp\/v2\/pages\/20185\/revisions"}],"predecessor-version":[{"id":20190,"href":"https:\/\/www.md-elektronik.com\/cs\/wp-json\/wp\/v2\/pages\/20185\/revisions\/20190"}],"wp:attachment":[{"href":"https:\/\/www.md-elektronik.com\/cs\/wp-json\/wp\/v2\/media?parent=20185"}],"curies":[{"name":"wp","href":"https:\/\/api.w.org\/{rel}","templated":true}]}}