{"id":20283,"date":"2023-12-01T11:08:44","date_gmt":"2023-12-01T10:08:44","guid":{"rendered":"https:\/\/www.md-elektronik.com\/?page_id=20283"},"modified":"2024-01-12T10:25:33","modified_gmt":"2024-01-12T09:25:33","slug":"ceska-republika-projekt-uspor-energie","status":"publish","type":"page","link":"https:\/\/www.md-elektronik.com\/cs\/o-nas\/certifikaty\/ceska-republika-projekt-uspor-energie\/","title":{"rendered":"\u010cesk\u00e1 republika \u2013 Projekt \u00faspor energie"},"content":{"rendered":"\n<h1>\u010cesk\u00e1 republika \u2013 <span lang=\"CS\">Realizace energeticky \u00fasporn\u00fdch opat\u0159en\u00ed v are\u00e1lu spole\u010dnosti MD ELEKTRONIK spol. s r.o.<\/span><\/h1>\n<p><span lang=\"cs\" data-ogsc=\"rgb(31, 73, 125)\">Projekt s\u00a0n\u00e1zvem Realizace energeticky \u00fasporn\u00fdch opat\u0159en\u00ed v are\u00e1lu spole\u010dnosti MD ELEKTRONIK spol. s r.o. zahrnoval komplexn\u00ed renovaci mechanick\u00e9ho syst\u00e9mu (v\u00fdm\u011bnu 4 kompresor\u016f), elektrick\u00e9ho vybaven\u00ed kompresorov\u00fdch stanic, instalaci nov\u00e9ho chytr\u00e9ho \u0159\u00edzen\u00ed, automatick\u00e9ho \u0159\u00edzen\u00ed vzduchotechniky, pos\u00edlen\u00ed dod\u00e1vky stla\u010den\u00e9ho vzduchu a rekonstrukci odpadn\u00edho tepla prost\u0159ednictv\u00edm \u00faprav kotelen. Tento projekt m\u00e1 dva hlavn\u00ed c\u00edle:<\/span><\/p>\n<p><strong><span lang=\"cs\" data-ogsc=\"rgb(31, 73, 125)\">1. V\u00fdznamn\u00e9 sn\u00ed\u017een\u00ed spot\u0159eby elektrick\u00e9 energie:<\/span><\/strong><\/p>\n<p><span lang=\"cs\" data-ogsc=\"rgb(31, 73, 125)\">Toho bylo dosa\u017eeno instalac\u00ed kompresor\u016f s nejvy\u0161\u0161\u00ed \u00fa\u010dinnost\u00ed a jejich vybaven\u00edm frekven\u010dn\u00edmi m\u011bni\u010di, kter\u00e9 kop\u00edruj\u00ed pot\u0159eby v\u00fdroby. Krom\u011b toho byly provedeny \u00fapravy v kompresorov\u00e9 stanici s c\u00edlem sn\u00ed\u017eit po\u017eadovan\u00fd tlak.<\/span><\/p>\n<p><strong><span lang=\"cs\" data-ogsc=\"rgb(31, 73, 125)\">2. Sn\u00ed\u017een\u00ed spot\u0159eby plynu pro vyt\u00e1p\u011bn\u00ed:<\/span><\/strong><\/p>\n<p><span lang=\"cs\" data-ogsc=\"rgb(31, 73, 125)\">C\u00edlem projektu bylo minimalizovat spot\u0159ebu plynu pro vyt\u00e1p\u011bn\u00ed prost\u0159ednictv\u00edm maximalizace vyu\u017eit\u00ed odpadn\u00edho tepla.<\/span><\/p>\n<p><b><span lang=\"CS\">Projekt je spolufinancov\u00e1n evropskou uni\u00ed<\/span><\/b><\/p>\n\t<div class=\"img has-hover x md-x lg-x y md-y lg-y\" id=\"image_1372063981\">\n\t\t\t\t\t\t\t\t<div class=\"img-inner dark\" >\n\t\t\t<img decoding=\"async\" width=\"500\" height=\"72\" src=\"https:\/\/www.md-elektronik.com\/wp-content\/uploads\/2024\/01\/EUMPO-Barevne-CMYK.jpg\" class=\"attachment-large size-large\" alt=\"\" srcset=\"https:\/\/www.md-elektronik.com\/wp-content\/uploads\/2024\/01\/EUMPO-Barevne-CMYK.jpg 500w, https:\/\/www.md-elektronik.com\/wp-content\/uploads\/2024\/01\/EUMPO-Barevne-CMYK-300x43.jpg 300w\" sizes=\"(max-width: 500px) 100vw, 500px\" \/>\t\t\t\t\t\t\n\t\t\t\t\t<\/div>\n\t\t\t\t\t\t\t\t\n<style>\n#image_1372063981 {\n  width: 30%;\n}\n<\/style>\n\t<\/div>\n\t\n\n\t<div id=\"gap-554879219\" class=\"gap-element clearfix\" style=\"display:block; height:auto;\">\n\t\t\n<style>\n#gap-554879219 {\n  padding-top: 30px;\n}\n<\/style>\n\t<\/div>\n\t\n\n<a href=\"https:\/\/www.md-elektronik.com\/wp-content\/uploads\/2023\/12\/Plakat-A3_MD.pdf\" class=\"button primary is-outline\"  style=\"border-radius:99px;\">\n\t\t<span>Projekt<\/span>\n\t<\/a>\n\n\n\n","protected":false},"excerpt":{"rendered":"","protected":false},"author":2,"featured_media":0,"parent":2703,"menu_order":0,"comment_status":"closed","ping_status":"closed","template":"","meta":{"footnotes":""},"class_list":["post-20283","page","type-page","status-publish","hentry"],"_links":{"self":[{"href":"https:\/\/www.md-elektronik.com\/cs\/wp-json\/wp\/v2\/pages\/20283","targetHints":{"allow":["GET"]}}],"collection":[{"href":"https:\/\/www.md-elektronik.com\/cs\/wp-json\/wp\/v2\/pages"}],"about":[{"href":"https:\/\/www.md-elektronik.com\/cs\/wp-json\/wp\/v2\/types\/page"}],"author":[{"embeddable":true,"href":"https:\/\/www.md-elektronik.com\/cs\/wp-json\/wp\/v2\/users\/2"}],"replies":[{"embeddable":true,"href":"https:\/\/www.md-elektronik.com\/cs\/wp-json\/wp\/v2\/comments?post=20283"}],"version-history":[{"count":7,"href":"https:\/\/www.md-elektronik.com\/cs\/wp-json\/wp\/v2\/pages\/20283\/revisions"}],"predecessor-version":[{"id":20750,"href":"https:\/\/www.md-elektronik.com\/cs\/wp-json\/wp\/v2\/pages\/20283\/revisions\/20750"}],"up":[{"embeddable":true,"href":"https:\/\/www.md-elektronik.com\/cs\/wp-json\/wp\/v2\/pages\/2703"}],"wp:attachment":[{"href":"https:\/\/www.md-elektronik.com\/cs\/wp-json\/wp\/v2\/media?parent=20283"}],"curies":[{"name":"wp","href":"https:\/\/api.w.org\/{rel}","templated":true}]}}