{"id":20442,"date":"2023-12-14T08:46:43","date_gmt":"2023-12-14T07:46:43","guid":{"rendered":"https:\/\/www.md-elektronik.com\/emanuel-maier\/"},"modified":"2023-12-14T08:47:13","modified_gmt":"2023-12-14T07:47:13","slug":"emanuel-maier","status":"publish","type":"page","link":"https:\/\/www.md-elektronik.com\/cs\/emanuel-maier\/","title":{"rendered":"Emanuel Maier"},"content":{"rendered":"\n<div class=\"message-box relative message-box-author\" style=\"padding-top:30px;padding-bottom:30px;\"><div class=\"message-box-bg-image bg-fill fill\" ><\/div><div class=\"message-box-bg-overlay bg-fill fill\" style=\"background-color:rgb(245, 245, 247);\"><\/div><div class=\"container relative\"><div class=\"inner last-reset\">\r\n\r\n<div class=\"row align-equal align-center\"  id=\"row-1422873218\">\r\n\r\n\n\t<div id=\"col-401551140\" class=\"col medium-3 small-12 large-3\"  >\n\t\t\t\t<div class=\"col-inner\"  >\n\t\t\t\n\t\t\t\r\n\r\n\t<div id=\"gap-1764979075\" class=\"gap-element clearfix\" style=\"display:block; height:auto;\">\n\t\t\n<style>\n#gap-1764979075 {\n  padding-top: 10px;\n}\n<\/style>\n\t<\/div>\n\t\r\n\r\n\t<div class=\"img has-hover img-rounded x md-x lg-x y md-y lg-y\" id=\"image_176890063\">\n\t\t\t\t\t\t\t\t<div class=\"img-inner dark\" >\n\t\t\t<img decoding=\"async\" width=\"800\" height=\"800\" src=\"https:\/\/www.md-elektronik.com\/wp-content\/uploads\/2023\/12\/DSC06642-Maier_Emanuel-high.jpg\" class=\"attachment-large size-large\" alt=\"\" srcset=\"https:\/\/www.md-elektronik.com\/wp-content\/uploads\/2023\/12\/DSC06642-Maier_Emanuel-high.jpg 800w, https:\/\/www.md-elektronik.com\/wp-content\/uploads\/2023\/12\/DSC06642-Maier_Emanuel-high-300x300.jpg 300w, https:\/\/www.md-elektronik.com\/wp-content\/uploads\/2023\/12\/DSC06642-Maier_Emanuel-high-150x150.jpg 150w, https:\/\/www.md-elektronik.com\/wp-content\/uploads\/2023\/12\/DSC06642-Maier_Emanuel-high-768x768.jpg 768w\" sizes=\"(max-width: 800px) 100vw, 800px\" \/>\t\t\t\t\t\t\n\t\t\t\t\t<\/div>\n\t\t\t\t\t\t\t\t\n<style>\n#image_176890063 {\n  width: 100%;\n}\n<\/style>\n\t<\/div>\n\t\r\n\r\n\r\n\t\t<\/div>\n\t\t\t\t\t<\/div>\n\n\t\r\n\n\t<div id=\"col-1534887708\" class=\"col medium-9 small-12 large-9\"  >\n\t\t\t\t<div class=\"col-inner\"  >\n\t\t\t\n\t\t\t\r\n\r\n<p><span style=\"font-size: 130%;\"><strong>Emanueli Maierovi<\/strong><\/span><\/p>\r\n<p>Emanuel Maier zah\u00e1jil svou mezin\u00e1rodn\u00ed kari\u00e9ru v automobilov\u00e9m pr\u016fmyslu u v\u00fdrobc\u016f OEM v Mnichov\u011b a p\u0159es pracovn\u00ed zast\u00e1vky ve Velk\u00e9 Brit\u00e1nii pro glob\u00e1ln\u011b p\u016fsob\u00edc\u00edho dodavatele Tier1 v Doln\u00edm Bavorsku a jeho zahrani\u010dn\u00ed pobo\u010dku v Silicon Valley v Kalifornii vedla jeho cesta dodavatelsk\u00fdm \u0159et\u011bzcem nakonec do MD ve Waldkraiburgu. Ve spole\u010dnosti MD ELEKTRONIK pracuje ji\u017e p\u0159ibli\u017en\u011b 3 roky na pozici mana\u017eera prodeje pro kl\u00ed\u010dov\u00e9 z\u00e1kazn\u00edky. Na t\u00e9to pozici Emanuel zodpov\u00edd\u00e1 za obchod se st\u00e1vaj\u00edc\u00edmi z\u00e1kazn\u00edky i za z\u00edsk\u00e1v\u00e1n\u00ed nov\u00fdch z\u00e1kazn\u00edk\u016f a hraje kl\u00ed\u010dovou roli ve spolupr\u00e1ci se zn\u00e1m\u00fdm n\u011bmeck\u00fdm v\u00fdrobcem OEM. Jako spojovac\u00ed \u010dl\u00e1nek mezi n\u00e1kupn\u00edm odd\u011blen\u00edm z\u00e1kazn\u00edka a intern\u00edmi odborn\u00fdmi odd\u011blen\u00edmi zaji\u0161\u0165uje pln\u011bn\u00ed po\u017eadavk\u016f v oblasti kabelov\u00fdch svazk\u016f na m\u00edru.<\/p>\r\n\r\n\t\t<\/div>\n\t\t\t\t\t<\/div>\n\n\t\r\n\r\n\n<style>\n#row-1422873218 > .col > .col-inner {\n  padding: 0 0px 0px 0px;\n}\n<\/style>\n<\/div>\r\n\r\n<\/div><\/div><\/div>\n","protected":false},"excerpt":{"rendered":"","protected":false},"author":2,"featured_media":0,"parent":0,"menu_order":0,"comment_status":"closed","ping_status":"closed","template":"","meta":{"footnotes":""},"class_list":["post-20442","page","type-page","status-publish","hentry"],"_links":{"self":[{"href":"https:\/\/www.md-elektronik.com\/cs\/wp-json\/wp\/v2\/pages\/20442","targetHints":{"allow":["GET"]}}],"collection":[{"href":"https:\/\/www.md-elektronik.com\/cs\/wp-json\/wp\/v2\/pages"}],"about":[{"href":"https:\/\/www.md-elektronik.com\/cs\/wp-json\/wp\/v2\/types\/page"}],"author":[{"embeddable":true,"href":"https:\/\/www.md-elektronik.com\/cs\/wp-json\/wp\/v2\/users\/2"}],"replies":[{"embeddable":true,"href":"https:\/\/www.md-elektronik.com\/cs\/wp-json\/wp\/v2\/comments?post=20442"}],"version-history":[{"count":1,"href":"https:\/\/www.md-elektronik.com\/cs\/wp-json\/wp\/v2\/pages\/20442\/revisions"}],"predecessor-version":[{"id":20447,"href":"https:\/\/www.md-elektronik.com\/cs\/wp-json\/wp\/v2\/pages\/20442\/revisions\/20447"}],"wp:attachment":[{"href":"https:\/\/www.md-elektronik.com\/cs\/wp-json\/wp\/v2\/media?parent=20442"}],"curies":[{"name":"wp","href":"https:\/\/api.w.org\/{rel}","templated":true}]}}