{"id":20803,"date":"2024-01-17T09:00:54","date_gmt":"2024-01-17T08:00:54","guid":{"rendered":"https:\/\/www.md-elektronik.com\/markus-mussner\/"},"modified":"2024-01-17T09:01:28","modified_gmt":"2024-01-17T08:01:28","slug":"markus-mussner","status":"publish","type":"page","link":"https:\/\/www.md-elektronik.com\/cs\/markus-mussner\/","title":{"rendered":"Markus Mussner"},"content":{"rendered":"\n<div class=\"message-box relative message-box-author\" style=\"padding-top:30px;padding-bottom:30px;\"><div class=\"message-box-bg-image bg-fill fill\" ><\/div><div class=\"message-box-bg-overlay bg-fill fill\" style=\"background-color:rgb(245, 245, 247);\"><\/div><div class=\"container relative\"><div class=\"inner last-reset\">\r\n\r\n<div class=\"row align-equal align-center\"  id=\"row-1402345886\">\r\n\r\n\n\t<div id=\"col-767301243\" class=\"col medium-3 small-12 large-3\"  >\n\t\t\t\t<div class=\"col-inner\"  >\n\t\t\t\n\t\t\t\r\n\r\n\t<div id=\"gap-1924182868\" class=\"gap-element clearfix\" style=\"display:block; height:auto;\">\n\t\t\n<style>\n#gap-1924182868 {\n  padding-top: 10px;\n}\n<\/style>\n\t<\/div>\n\t\r\n\r\n\t<div class=\"img has-hover img-rounded x md-x lg-x y md-y lg-y\" id=\"image_1105806322\">\n\t\t\t\t\t\t\t\t<div class=\"img-inner dark\" >\n\t\t\t<img decoding=\"async\" width=\"800\" height=\"800\" src=\"https:\/\/www.md-elektronik.com\/wp-content\/uploads\/2024\/01\/DSC07714-Musner-Markus-high-quadr.jpg\" class=\"attachment-large size-large\" alt=\"\" srcset=\"https:\/\/www.md-elektronik.com\/wp-content\/uploads\/2024\/01\/DSC07714-Musner-Markus-high-quadr.jpg 800w, https:\/\/www.md-elektronik.com\/wp-content\/uploads\/2024\/01\/DSC07714-Musner-Markus-high-quadr-300x300.jpg 300w, https:\/\/www.md-elektronik.com\/wp-content\/uploads\/2024\/01\/DSC07714-Musner-Markus-high-quadr-150x150.jpg 150w, https:\/\/www.md-elektronik.com\/wp-content\/uploads\/2024\/01\/DSC07714-Musner-Markus-high-quadr-768x768.jpg 768w\" sizes=\"(max-width: 800px) 100vw, 800px\" \/>\t\t\t\t\t\t\n\t\t\t\t\t<\/div>\n\t\t\t\t\t\t\t\t\n<style>\n#image_1105806322 {\n  width: 100%;\n}\n<\/style>\n\t<\/div>\n\t\r\n\r\n\r\n\t\t<\/div>\n\t\t\t\t\t<\/div>\n\n\t\r\n\n\t<div id=\"col-1785348667\" class=\"col medium-9 small-12 large-9\"  >\n\t\t\t\t<div class=\"col-inner\"  >\n\t\t\t\n\t\t\t\r\n\r\n<p><span style=\"font-size: 130%;\"><strong>Markus Mu\u00dfner<\/strong><\/span><\/p>\r\n<p>Markus Mu\u00dfner je vedouc\u00ed odd\u011blen\u00ed aplika\u010dn\u00edho in\u017een\u00fdrstv\u00ed pro mezin\u00e1rodn\u00ed z\u00e1kazn\u00edky spole\u010dnosti MD. S v\u00edce ne\u017e patn\u00e1ctiletou odbornou prax\u00ed a t\u00e9m\u011b\u0159 dvoulet\u00fdm pobytem v USA je odborn\u00edkem ve sv\u00e9m oboru. Jeho posl\u00e1n\u00edm je spole\u010dn\u011b se z\u00e1kazn\u00edky a partnery vytv\u00e1\u0159et inovativn\u00ed \u0159e\u0161en\u00ed s c\u00edlem \u00fasp\u011b\u0161n\u011b zvl\u00e1dat slo\u017eit\u00e9 v\u00fdzvy v neust\u00e1le se vyv\u00edjej\u00edc\u00edm technologick\u00e9m prost\u0159ed\u00ed. Oce\u0148uje zejm\u00e9na pestr\u00fd kontakt se z\u00e1kazn\u00edky a dodavateli a pr\u00e1ci v mezin\u00e1rodn\u00edch t\u00fdmech.<\/p>\r\n\r\n\t\t<\/div>\n\t\t\t\t\t<\/div>\n\n\t\r\n\r\n\n<style>\n#row-1402345886 > .col > .col-inner {\n  padding: 0 0px 0px 0px;\n}\n<\/style>\n<\/div>\r\n\r\n<\/div><\/div><\/div>\n","protected":false},"excerpt":{"rendered":"","protected":false},"author":2,"featured_media":0,"parent":0,"menu_order":0,"comment_status":"closed","ping_status":"closed","template":"","meta":{"footnotes":""},"class_list":["post-20803","page","type-page","status-publish","hentry"],"_links":{"self":[{"href":"https:\/\/www.md-elektronik.com\/cs\/wp-json\/wp\/v2\/pages\/20803","targetHints":{"allow":["GET"]}}],"collection":[{"href":"https:\/\/www.md-elektronik.com\/cs\/wp-json\/wp\/v2\/pages"}],"about":[{"href":"https:\/\/www.md-elektronik.com\/cs\/wp-json\/wp\/v2\/types\/page"}],"author":[{"embeddable":true,"href":"https:\/\/www.md-elektronik.com\/cs\/wp-json\/wp\/v2\/users\/2"}],"replies":[{"embeddable":true,"href":"https:\/\/www.md-elektronik.com\/cs\/wp-json\/wp\/v2\/comments?post=20803"}],"version-history":[{"count":1,"href":"https:\/\/www.md-elektronik.com\/cs\/wp-json\/wp\/v2\/pages\/20803\/revisions"}],"predecessor-version":[{"id":20808,"href":"https:\/\/www.md-elektronik.com\/cs\/wp-json\/wp\/v2\/pages\/20803\/revisions\/20808"}],"wp:attachment":[{"href":"https:\/\/www.md-elektronik.com\/cs\/wp-json\/wp\/v2\/media?parent=20803"}],"curies":[{"name":"wp","href":"https:\/\/api.w.org\/{rel}","templated":true}]}}