{"id":21074,"date":"2024-01-31T14:54:06","date_gmt":"2024-01-31T13:54:06","guid":{"rendered":"https:\/\/www.md-elektronik.com\/anja-richter-christoph-zauner\/"},"modified":"2024-01-31T14:54:06","modified_gmt":"2024-01-31T13:54:06","slug":"anja-richter-christoph-zauner","status":"publish","type":"page","link":"https:\/\/www.md-elektronik.com\/cs\/anja-richter-christoph-zauner\/","title":{"rendered":"Anja Richter &#8211; Christoph Zauner"},"content":{"rendered":"\n<div class=\"message-box relative\" style=\"padding-top:30px;padding-bottom:30px;\"><div class=\"message-box-bg-image bg-fill fill\" ><\/div><div class=\"message-box-bg-overlay bg-fill fill\" style=\"background-color:rgb(245, 245, 247);\"><\/div><div class=\"container relative\"><div class=\"inner last-reset\">\r\n\r\n<div class=\"row align-equal align-center\"  id=\"row-1492865238\">\r\n\r\n\n\t<div id=\"col-1337294041\" class=\"col medium-3 small-12 large-3\"  >\n\t\t\t\t<div class=\"col-inner\"  >\n\t\t\t\n\t\t\t\r\n\r\n\t<div id=\"gap-71964423\" class=\"gap-element clearfix\" style=\"display:block; height:auto;\">\n\t\t\n<style>\n#gap-71964423 {\n  padding-top: 10px;\n}\n<\/style>\n\t<\/div>\n\t\r\n\r\n\t<div class=\"img has-hover img-rounded x md-x lg-x y md-y lg-y\" id=\"image_240643448\">\n\t\t\t\t\t\t\t\t<div class=\"img-inner dark\" >\n\t\t\t<img decoding=\"async\" width=\"1000\" height=\"1000\" src=\"https:\/\/www.md-elektronik.com\/wp-content\/uploads\/2024\/01\/DSC07754-Bearbeitet-Richter-Anja-high.jpg\" class=\"attachment-large size-large\" alt=\"\" srcset=\"https:\/\/www.md-elektronik.com\/wp-content\/uploads\/2024\/01\/DSC07754-Bearbeitet-Richter-Anja-high.jpg 1000w, https:\/\/www.md-elektronik.com\/wp-content\/uploads\/2024\/01\/DSC07754-Bearbeitet-Richter-Anja-high-300x300.jpg 300w, https:\/\/www.md-elektronik.com\/wp-content\/uploads\/2024\/01\/DSC07754-Bearbeitet-Richter-Anja-high-150x150.jpg 150w, https:\/\/www.md-elektronik.com\/wp-content\/uploads\/2024\/01\/DSC07754-Bearbeitet-Richter-Anja-high-768x768.jpg 768w\" sizes=\"(max-width: 1000px) 100vw, 1000px\" \/>\t\t\t\t\t\t\n\t\t\t\t\t<\/div>\n\t\t\t\t\t\t\t\t\n<style>\n#image_240643448 {\n  width: 99%;\n}\n<\/style>\n\t<\/div>\n\t\r\n\r\n\r\n\t\t<\/div>\n\t\t\t\t\t<\/div>\n\n\t\r\n\n\t<div id=\"col-756357313\" class=\"col medium-9 small-12 large-9\"  >\n\t\t\t\t<div class=\"col-inner\"  >\n\t\t\t\n\t\t\t\r\n\r\n<p><span style=\"font-size: 130%;\"><strong>Anja Richter<\/strong><\/span><\/p>\r\n<p>Anja Richter, Director Business Development & Contract Management, zah\u00e1jila svou kari\u00e9ru v oblasti pl\u00e1nov\u00e1n\u00ed a \u0159\u00edzen\u00ed v\u00fdroby v potravin\u00e1\u0159sk\u00e9m pr\u016fmyslu a p\u0159ed 13 lety nastoupila do spole\u010dnosti MD ELEKTRONIK a automobilov\u00e9ho pr\u016fmyslu. Anja vstoupila do sv\u011bta automotive u MD do odd\u011blen\u00ed provozu (zpracov\u00e1n\u00ed objedn\u00e1vek), o dva roky pozd\u011bji p\u0159e\u0161la do prodeje. V n\u00e1sleduj\u00edc\u00edch letech prohlubovala sv\u00e9 odborn\u00e9 znalosti v r\u016fzn\u00fdch provozn\u00edch, strategick\u00fdch a mana\u017eersk\u00fdch funkc\u00edch v oblasti obchodn\u00edho a technick\u00e9ho prodeje. Ji\u017e d\u00e9le ne\u017e \u010dty\u0159i roky nyn\u00ed pracuje jako Director Business Development & Contract Management. Ve sv\u00e9 divizi je zodpov\u011bdn\u00e1 za odd\u011blen\u00ed Business Development & Contract Management, Sales Analytics, Project & Program Management Sales a zejm\u00e9na za odd\u011blen\u00ed Global Sales & Operations Planning. Jej\u00edm \u00fakolem je pomoc\u00ed anal\u00fdzy, pl\u00e1nov\u00e1n\u00ed, optimalizace proces\u016f a digitalizace vytv\u00e1\u0159et transparentnost jako z\u00e1klad pro udr\u017eiteln\u00e1 podnikov\u00e1 rozhodnut\u00ed a podporovat tak dal\u0161\u00ed glob\u00e1ln\u00ed r\u016fst firmy. <\/p>\r\n\r\n\t\t<\/div>\n\t\t\t\t\t<\/div>\n\n\t\r\n\r\n\n<style>\n#row-1492865238 > .col > .col-inner {\n  padding: 0 0px 0px 0px;\n}\n<\/style>\n<\/div>\r\n\r\n<\/div><\/div><\/div>\n\n<div class=\"message-box relative\" style=\"padding-top:30px;padding-bottom:30px;\"><div class=\"message-box-bg-image bg-fill fill\" ><\/div><div class=\"message-box-bg-overlay bg-fill fill\" style=\"background-color:rgb(245, 245, 247);\"><\/div><div class=\"container relative\"><div class=\"inner last-reset\">\r\n\r\n<div class=\"row align-equal align-center\"  id=\"row-1590522927\">\r\n\r\n\n\t<div id=\"col-942827959\" class=\"col medium-3 small-12 large-3\"  >\n\t\t\t\t<div class=\"col-inner\"  >\n\t\t\t\n\t\t\t\r\n\r\n\t<div id=\"gap-715507697\" class=\"gap-element clearfix\" style=\"display:block; height:auto;\">\n\t\t\n<style>\n#gap-715507697 {\n  padding-top: 10px;\n}\n<\/style>\n\t<\/div>\n\t\r\n\r\n\t<div class=\"img has-hover img-rounded x md-x lg-x y md-y lg-y\" id=\"image_311500935\">\n\t\t\t\t\t\t\t\t<div class=\"img-inner dark\" >\n\t\t\t<img decoding=\"async\" width=\"800\" height=\"800\" src=\"https:\/\/www.md-elektronik.com\/wp-content\/uploads\/2022\/11\/autor_christoph_zauner_md.png\" class=\"attachment-large size-large\" alt=\"\" srcset=\"https:\/\/www.md-elektronik.com\/wp-content\/uploads\/2022\/11\/autor_christoph_zauner_md.png 800w, https:\/\/www.md-elektronik.com\/wp-content\/uploads\/2022\/11\/autor_christoph_zauner_md-300x300.png 300w, https:\/\/www.md-elektronik.com\/wp-content\/uploads\/2022\/11\/autor_christoph_zauner_md-150x150.png 150w, https:\/\/www.md-elektronik.com\/wp-content\/uploads\/2022\/11\/autor_christoph_zauner_md-768x768.png 768w\" sizes=\"(max-width: 800px) 100vw, 800px\" \/>\t\t\t\t\t\t\n\t\t\t\t\t<\/div>\n\t\t\t\t\t\t\t\t\n<style>\n#image_311500935 {\n  width: 99%;\n}\n<\/style>\n\t<\/div>\n\t\r\n\r\n\r\n\t\t<\/div>\n\t\t\t\t\t<\/div>\n\n\t\r\n\n\t<div id=\"col-1219091845\" class=\"col medium-9 small-12 large-9\"  >\n\t\t\t\t<div class=\"col-inner\"  >\n\t\t\t\n\t\t\t\r\n\r\n<p><span style=\"font-size: 130%;\"><strong>O Christophu Zaunerovi<\/strong><\/span><\/p>\r\n<p>Christoph Zauner je mana\u017eerem managementu technick\u00fdch produkt\u016f v MD. Zam\u011b\u0159uje se na v\u00fdrobky C-KLIC, konektory pro automobilov\u00fd pr\u016fmysl a elektronick\u00e9 sou\u010d\u00e1stky. Pro tuto \u010dinnost ho p\u0159edur\u010duj\u00ed jeho dlouholet\u00e9 profesn\u00ed zku\u0161enosti v oblasti v\u00fdvoje elektroniky. Co ho na jeho pr\u00e1ci nejv\u00edce bav\u00ed: \u201eMo\u017enost pod\u00edlet se na utv\u00e1\u0159en\u00ed nov\u00fdch produkt\u016f od sam\u00e9ho po\u010d\u00e1tku vn\u00edm\u00e1m jako velk\u00e9 privilegium. D\u00edky \u00fazk\u00fdm kontakt\u016fm se z\u00e1kazn\u00edky, spole\u010dn\u00e9 pr\u00e1ci v mezin\u00e1rodn\u00edm t\u00fdmu a z toho vypl\u00fdvaj\u00edc\u00edm mezikulturn\u00edm zku\u0161enostem jsou \u00fakoly v m\u00e9 oblasti velmi zaj\u00edmav\u00e9.\u201c\r\n<\/p>\r\n\r\n\t\t<\/div>\n\t\t\t\t\t<\/div>\n\n\t\r\n\r\n\n<style>\n#row-1590522927 > .col > .col-inner {\n  padding: 0 0px 0px 0px;\n}\n<\/style>\n<\/div>\r\n\r\n<\/div><\/div><\/div>\n\n\n","protected":false},"excerpt":{"rendered":"","protected":false},"author":2,"featured_media":0,"parent":0,"menu_order":0,"comment_status":"closed","ping_status":"closed","template":"","meta":{"footnotes":""},"class_list":["post-21074","page","type-page","status-publish","hentry"],"_links":{"self":[{"href":"https:\/\/www.md-elektronik.com\/cs\/wp-json\/wp\/v2\/pages\/21074","targetHints":{"allow":["GET"]}}],"collection":[{"href":"https:\/\/www.md-elektronik.com\/cs\/wp-json\/wp\/v2\/pages"}],"about":[{"href":"https:\/\/www.md-elektronik.com\/cs\/wp-json\/wp\/v2\/types\/page"}],"author":[{"embeddable":true,"href":"https:\/\/www.md-elektronik.com\/cs\/wp-json\/wp\/v2\/users\/2"}],"replies":[{"embeddable":true,"href":"https:\/\/www.md-elektronik.com\/cs\/wp-json\/wp\/v2\/comments?post=21074"}],"version-history":[{"count":0,"href":"https:\/\/www.md-elektronik.com\/cs\/wp-json\/wp\/v2\/pages\/21074\/revisions"}],"wp:attachment":[{"href":"https:\/\/www.md-elektronik.com\/cs\/wp-json\/wp\/v2\/media?parent=21074"}],"curies":[{"name":"wp","href":"https:\/\/api.w.org\/{rel}","templated":true}]}}