{"id":21300,"date":"2024-02-15T08:41:31","date_gmt":"2024-02-15T07:41:31","guid":{"rendered":"https:\/\/www.md-elektronik.com\/anna-maria-girschitzka\/"},"modified":"2024-02-15T08:42:25","modified_gmt":"2024-02-15T07:42:25","slug":"anna-maria-girschitzka","status":"publish","type":"page","link":"https:\/\/www.md-elektronik.com\/cs\/anna-maria-girschitzka\/","title":{"rendered":"Anna-Maria Girschitzka"},"content":{"rendered":"\n<div class=\"message-box relative\" style=\"padding-top:30px;padding-bottom:30px;\"><div class=\"message-box-bg-image bg-fill fill\" ><\/div><div class=\"message-box-bg-overlay bg-fill fill\" style=\"background-color:rgb(245, 245, 247);\"><\/div><div class=\"container relative\"><div class=\"inner last-reset\">\r\n\r\n<div class=\"row align-equal align-center\"  id=\"row-1979682451\">\r\n\r\n\n\t<div id=\"col-1539541517\" class=\"col medium-3 small-12 large-3\"  >\n\t\t\t\t<div class=\"col-inner\"  >\n\t\t\t\n\t\t\t\r\n\r\n\t<div id=\"gap-1802795966\" class=\"gap-element clearfix\" style=\"display:block; height:auto;\">\n\t\t\n<style>\n#gap-1802795966 {\n  padding-top: 10px;\n}\n<\/style>\n\t<\/div>\n\t\r\n\r\n\t<div class=\"img has-hover img-rounded x md-x lg-x y md-y lg-y\" id=\"image_904251110\">\n\t\t\t\t\t\t\t\t<div class=\"img-inner dark\" >\n\t\t\t<img decoding=\"async\" width=\"800\" height=\"800\" src=\"https:\/\/www.md-elektronik.com\/wp-content\/uploads\/2024\/02\/DSC08386-Girschitzka-Anna-Maria-high.png\" class=\"attachment-large size-large\" alt=\"\" srcset=\"https:\/\/www.md-elektronik.com\/wp-content\/uploads\/2024\/02\/DSC08386-Girschitzka-Anna-Maria-high.png 800w, https:\/\/www.md-elektronik.com\/wp-content\/uploads\/2024\/02\/DSC08386-Girschitzka-Anna-Maria-high-300x300.png 300w, https:\/\/www.md-elektronik.com\/wp-content\/uploads\/2024\/02\/DSC08386-Girschitzka-Anna-Maria-high-150x150.png 150w, https:\/\/www.md-elektronik.com\/wp-content\/uploads\/2024\/02\/DSC08386-Girschitzka-Anna-Maria-high-768x768.png 768w\" sizes=\"(max-width: 800px) 100vw, 800px\" \/>\t\t\t\t\t\t\n\t\t\t\t\t<\/div>\n\t\t\t\t\t\t\t\t\n<style>\n#image_904251110 {\n  width: 99%;\n}\n<\/style>\n\t<\/div>\n\t\r\n\r\n\r\n\t\t<\/div>\n\t\t\t\t\t<\/div>\n\n\t\r\n\n\t<div id=\"col-1012313137\" class=\"col medium-9 small-12 large-9\"  >\n\t\t\t\t<div class=\"col-inner\"  >\n\t\t\t\n\t\t\t\r\n\r\n<p><span style=\"font-size: 130%;\"><strong>Ann\u011b-Marii Girschitzk\u00e9<\/strong><\/span><\/p>\r\n<p>Po absolvov\u00e1n\u00ed studia nastoupila Anna-Maria Girschitzka v dubnu 2023 do odd\u011blen\u00ed aplika\u010dn\u00edho in\u017een\u00fdrstv\u00ed pro mezin\u00e1rodn\u00ed z\u00e1kazn\u00edky, kde je zodpov\u011bdn\u00e1 za technickou podporu z\u00e1kazn\u00edk\u016f. Cestu do automobilov\u00e9ho pr\u016fmyslu j\u00ed otev\u0159elo vzd\u011bl\u00e1n\u00ed v oboru \u201ecar sales\u201c. Na jej\u00ed pr\u00e1ci ji bav\u00ed p\u0159edev\u0161\u00edm v\u00fdm\u011bna informac\u00ed a zku\u0161enost\u00ed a spolupr\u00e1ce s r\u016fzn\u00fdmi mezin\u00e1rodn\u00edmi v\u00fdrobci OEM, a tak\u00e9 mo\u017enost pod\u00edlet se na v\u00fdvoji inovativn\u00edch \u0159e\u0161en\u00ed slo\u017eit\u00fdch technologick\u00fdch v\u00fdzev.<\/p>\r\n\r\n\t\t<\/div>\n\t\t\t\t\t<\/div>\n\n\t\r\n\r\n\n<style>\n#row-1979682451 > .col > .col-inner {\n  padding: 0 0px 0px 0px;\n}\n<\/style>\n<\/div>\r\n\r\n<\/div><\/div><\/div>\n","protected":false},"excerpt":{"rendered":"","protected":false},"author":1,"featured_media":0,"parent":0,"menu_order":0,"comment_status":"closed","ping_status":"closed","template":"","meta":{"footnotes":""},"class_list":["post-21300","page","type-page","status-publish","hentry"],"_links":{"self":[{"href":"https:\/\/www.md-elektronik.com\/cs\/wp-json\/wp\/v2\/pages\/21300","targetHints":{"allow":["GET"]}}],"collection":[{"href":"https:\/\/www.md-elektronik.com\/cs\/wp-json\/wp\/v2\/pages"}],"about":[{"href":"https:\/\/www.md-elektronik.com\/cs\/wp-json\/wp\/v2\/types\/page"}],"author":[{"embeddable":true,"href":"https:\/\/www.md-elektronik.com\/cs\/wp-json\/wp\/v2\/users\/1"}],"replies":[{"embeddable":true,"href":"https:\/\/www.md-elektronik.com\/cs\/wp-json\/wp\/v2\/comments?post=21300"}],"version-history":[{"count":1,"href":"https:\/\/www.md-elektronik.com\/cs\/wp-json\/wp\/v2\/pages\/21300\/revisions"}],"predecessor-version":[{"id":21305,"href":"https:\/\/www.md-elektronik.com\/cs\/wp-json\/wp\/v2\/pages\/21300\/revisions\/21305"}],"wp:attachment":[{"href":"https:\/\/www.md-elektronik.com\/cs\/wp-json\/wp\/v2\/media?parent=21300"}],"curies":[{"name":"wp","href":"https:\/\/api.w.org\/{rel}","templated":true}]}}