{"id":21548,"date":"2024-02-27T09:07:28","date_gmt":"2024-02-27T08:07:28","guid":{"rendered":"https:\/\/www.md-elektronik.com\/jochen-stein-frank-goetze\/"},"modified":"2024-02-27T09:08:17","modified_gmt":"2024-02-27T08:08:17","slug":"jochen-stein-frank-goetze","status":"publish","type":"page","link":"https:\/\/www.md-elektronik.com\/cs\/jochen-stein-frank-goetze\/","title":{"rendered":"Jochen Stein &#8211; Frank Goetze"},"content":{"rendered":"\n<div class=\"message-box relative\" style=\"padding-top:30px;padding-bottom:30px;\"><div class=\"message-box-bg-image bg-fill fill\" ><\/div><div class=\"message-box-bg-overlay bg-fill fill\" style=\"background-color:rgb(245, 245, 247);\"><\/div><div class=\"container relative\"><div class=\"inner last-reset\">\r\n\r\n<div class=\"row align-equal align-center\"  id=\"row-93692902\">\r\n\r\n\n\t<div id=\"col-1812576946\" class=\"col medium-3 small-12 large-3\"  >\n\t\t\t\t<div class=\"col-inner\"  >\n\t\t\t\n\t\t\t\r\n\r\n\t<div id=\"gap-1760249505\" class=\"gap-element clearfix\" style=\"display:block; height:auto;\">\n\t\t\n<style>\n#gap-1760249505 {\n  padding-top: 10px;\n}\n<\/style>\n\t<\/div>\n\t\r\n\r\n\t<div class=\"img has-hover img-rounded x md-x lg-x y md-y lg-y\" id=\"image_1874877316\">\n\t\t\t\t\t\t\t\t<div class=\"img-inner dark\" >\n\t\t\t<img decoding=\"async\" width=\"1020\" height=\"1020\" src=\"https:\/\/www.md-elektronik.com\/wp-content\/uploads\/2024\/02\/Jochen-Stein_qr-1024x1024.jpg\" class=\"attachment-large size-large\" alt=\"\" srcset=\"https:\/\/www.md-elektronik.com\/wp-content\/uploads\/2024\/02\/Jochen-Stein_qr-1024x1024.jpg 1024w, https:\/\/www.md-elektronik.com\/wp-content\/uploads\/2024\/02\/Jochen-Stein_qr-300x300.jpg 300w, https:\/\/www.md-elektronik.com\/wp-content\/uploads\/2024\/02\/Jochen-Stein_qr-150x150.jpg 150w, https:\/\/www.md-elektronik.com\/wp-content\/uploads\/2024\/02\/Jochen-Stein_qr-768x768.jpg 768w, https:\/\/www.md-elektronik.com\/wp-content\/uploads\/2024\/02\/Jochen-Stein_qr.jpg 1440w\" sizes=\"(max-width: 1020px) 100vw, 1020px\" \/>\t\t\t\t\t\t\n\t\t\t\t\t<\/div>\n\t\t\t\t\t\t\t\t\n<style>\n#image_1874877316 {\n  width: 99%;\n}\n<\/style>\n\t<\/div>\n\t\r\n\r\n\r\n\t\t<\/div>\n\t\t\t\t\t<\/div>\n\n\t\r\n\n\t<div id=\"col-760786352\" class=\"col medium-9 small-12 large-9\"  >\n\t\t\t\t<div class=\"col-inner\"  >\n\t\t\t\n\t\t\t\r\n\r\n<p><span style=\"font-size: 130%;\"><strong>Jochen Stein<\/strong><\/span><\/p>\r\n<p>Jochen Stein je Senior Key Account Quality Manager v MD ELEKTRONIK. S v\u00edce ne\u017e 20 lety zku\u0161enost\u00ed v automobilov\u00e9m pr\u016fmyslu ji\u017e zvl\u00e1dl \u0159adu slo\u017eit\u00fdch \u00fakol\u016f a optimalizoval procesy. Jeho v\u00e1\u0161n\u00ed je digitalizace a automatizace podnikov\u00fdch proces\u016f. Jako zku\u0161en\u00fd mana\u017eer ve v\u00fdrob\u011b a pozd\u011bji v oblasti \u0159\u00edzen\u00ed kvality r\u00e1d p\u0159en\u00e1\u0161\u00ed svou v\u00e1\u0161e\u0148 pro inovace a neust\u00e1l\u00e9 zlep\u0161ov\u00e1n\u00ed do sv\u00e9 pr\u00e1ce ve spole\u010dnosti MD, a pom\u00e1h\u00e1 tak zajistit mobilitu budoucnosti. U\u017e dnes se t\u011b\u0161\u00ed na to, a\u017e bude moci cestovat v pln\u011b autonomn\u00edm vozidle.<\/p>\r\n\r\n\t\t<\/div>\n\t\t\t\t\t<\/div>\n\n\t\r\n\r\n\n<style>\n#row-93692902 > .col > .col-inner {\n  padding: 0 0px 0px 0px;\n}\n<\/style>\n<\/div>\r\n\r\n<\/div><\/div><\/div>\r\n\r\n<div class=\"message-box relative\" style=\"padding-top:30px;padding-bottom:30px;\"><div class=\"message-box-bg-image bg-fill fill\" ><\/div><div class=\"message-box-bg-overlay bg-fill fill\" style=\"background-color:rgb(245, 245, 247);\"><\/div><div class=\"container relative\"><div class=\"inner last-reset\">\r\n\r\n<div class=\"row align-equal align-center\"  id=\"row-931000152\">\r\n\r\n\n\t<div id=\"col-1042694678\" class=\"col medium-3 small-12 large-3\"  >\n\t\t\t\t<div class=\"col-inner\"  >\n\t\t\t\n\t\t\t\r\n\r\n\t<div id=\"gap-803429047\" class=\"gap-element clearfix\" style=\"display:block; height:auto;\">\n\t\t\n<style>\n#gap-803429047 {\n  padding-top: 10px;\n}\n<\/style>\n\t<\/div>\n\t\r\n\r\n\t<div class=\"img has-hover img-rounded x md-x lg-x y md-y lg-y\" id=\"image_656341302\">\n\t\t\t\t\t\t\t\t<div class=\"img-inner dark\" >\n\t\t\t<img decoding=\"async\" width=\"1020\" height=\"1020\" src=\"https:\/\/www.md-elektronik.com\/wp-content\/uploads\/2024\/02\/Goetze-Frank_qr-1024x1024.jpg\" class=\"attachment-large size-large\" alt=\"\" srcset=\"https:\/\/www.md-elektronik.com\/wp-content\/uploads\/2024\/02\/Goetze-Frank_qr-1024x1024.jpg 1024w, https:\/\/www.md-elektronik.com\/wp-content\/uploads\/2024\/02\/Goetze-Frank_qr-300x300.jpg 300w, https:\/\/www.md-elektronik.com\/wp-content\/uploads\/2024\/02\/Goetze-Frank_qr-150x150.jpg 150w, https:\/\/www.md-elektronik.com\/wp-content\/uploads\/2024\/02\/Goetze-Frank_qr-768x768.jpg 768w, https:\/\/www.md-elektronik.com\/wp-content\/uploads\/2024\/02\/Goetze-Frank_qr.jpg 1520w\" sizes=\"(max-width: 1020px) 100vw, 1020px\" \/>\t\t\t\t\t\t\n\t\t\t\t\t<\/div>\n\t\t\t\t\t\t\t\t\n<style>\n#image_656341302 {\n  width: 99%;\n}\n<\/style>\n\t<\/div>\n\t\r\n\r\n\r\n\t\t<\/div>\n\t\t\t\t\t<\/div>\n\n\t\r\n\n\t<div id=\"col-1230655555\" class=\"col medium-9 small-12 large-9\"  >\n\t\t\t\t<div class=\"col-inner\"  >\n\t\t\t\n\t\t\t\r\n\r\n<p><span style=\"font-size: 130%;\"><strong>Frank G\u00f6tze<\/strong><\/span><\/p>\r\n<p>Frank G\u00f6tze je Director Quality Operations v MD ELEKTRONIK. Po studiu materi\u00e1lov\u00fdch v\u011bd na Technick\u00e9 univerzit\u011b v Dr\u00e1\u017e\u010fanech se p\u0159es n\u011bkolik pozic v oblasti konstrukce u\u017eitkov\u00fdch vozidel a zpracov\u00e1n\u00ed oceli dostal do MD. Zaj\u00edm\u00e1 se zejm\u00e9na o oblasti, jako je leadership, um\u011bl\u00e1 inteligence a v\u011bdeck\u00e1 t\u00e9mata obecn\u011b. V soukrom\u00e9m \u017eivot\u011b se v\u011bnuje sportu (horsk\u00e9 kolo, plav\u00e1n\u00ed) a \u010detb\u011b \u017eivotopis\u016f. Jeho motto zn\u00ed: \u201eBU\u010e U\u017dITE\u010cN\u00dd\u201c (Arnold Schwarzenegger).<\/p>\r\n\r\n\t\t<\/div>\n\t\t\t\t\t<\/div>\n\n\t\r\n\r\n\n<style>\n#row-931000152 > .col > .col-inner {\n  padding: 0 0px 0px 0px;\n}\n<\/style>\n<\/div>\r\n\r\n<\/div><\/div><\/div>\n","protected":false},"excerpt":{"rendered":"","protected":false},"author":2,"featured_media":0,"parent":0,"menu_order":0,"comment_status":"closed","ping_status":"closed","template":"","meta":{"footnotes":""},"class_list":["post-21548","page","type-page","status-publish","hentry"],"_links":{"self":[{"href":"https:\/\/www.md-elektronik.com\/cs\/wp-json\/wp\/v2\/pages\/21548","targetHints":{"allow":["GET"]}}],"collection":[{"href":"https:\/\/www.md-elektronik.com\/cs\/wp-json\/wp\/v2\/pages"}],"about":[{"href":"https:\/\/www.md-elektronik.com\/cs\/wp-json\/wp\/v2\/types\/page"}],"author":[{"embeddable":true,"href":"https:\/\/www.md-elektronik.com\/cs\/wp-json\/wp\/v2\/users\/2"}],"replies":[{"embeddable":true,"href":"https:\/\/www.md-elektronik.com\/cs\/wp-json\/wp\/v2\/comments?post=21548"}],"version-history":[{"count":1,"href":"https:\/\/www.md-elektronik.com\/cs\/wp-json\/wp\/v2\/pages\/21548\/revisions"}],"predecessor-version":[{"id":21553,"href":"https:\/\/www.md-elektronik.com\/cs\/wp-json\/wp\/v2\/pages\/21548\/revisions\/21553"}],"wp:attachment":[{"href":"https:\/\/www.md-elektronik.com\/cs\/wp-json\/wp\/v2\/media?parent=21548"}],"curies":[{"name":"wp","href":"https:\/\/api.w.org\/{rel}","templated":true}]}}