{"id":21863,"date":"2024-03-13T08:36:56","date_gmt":"2024-03-13T07:36:56","guid":{"rendered":"https:\/\/www.md-elektronik.com\/alexander-haas\/"},"modified":"2024-03-13T08:36:56","modified_gmt":"2024-03-13T07:36:56","slug":"alexander-haas","status":"publish","type":"page","link":"https:\/\/www.md-elektronik.com\/cs\/alexander-haas\/","title":{"rendered":"Alexander Haas"},"content":{"rendered":"\n<div class=\"message-box relative\" style=\"padding-top:30px;padding-bottom:30px;\"><div class=\"message-box-bg-image bg-fill fill\" ><\/div><div class=\"message-box-bg-overlay bg-fill fill\" style=\"background-color:rgb(245, 245, 247);\"><\/div><div class=\"container relative\"><div class=\"inner last-reset\">\r\n\r\n<div class=\"row align-equal align-center\"  id=\"row-1118098891\">\r\n\r\n\n\t<div id=\"col-1864826205\" class=\"col medium-3 small-12 large-3\"  >\n\t\t\t\t<div class=\"col-inner\"  >\n\t\t\t\n\t\t\t\r\n\r\n\t<div id=\"gap-1404014393\" class=\"gap-element clearfix\" style=\"display:block; height:auto;\">\n\t\t\n<style>\n#gap-1404014393 {\n  padding-top: 10px;\n}\n<\/style>\n\t<\/div>\n\t\r\n\r\n\t<div class=\"img has-hover img-rounded x md-x lg-x y md-y lg-y\" id=\"image_919077083\">\n\t\t\t\t\t\t\t\t<div class=\"img-inner dark\" >\n\t\t\t<img decoding=\"async\" width=\"1020\" height=\"1020\" src=\"https:\/\/www.md-elektronik.com\/wp-content\/uploads\/2024\/03\/DSC09448-Haas_Alexander-high-1024x1024.jpg\" class=\"attachment-large size-large\" alt=\"\" srcset=\"https:\/\/www.md-elektronik.com\/wp-content\/uploads\/2024\/03\/DSC09448-Haas_Alexander-high-1024x1024.jpg 1024w, https:\/\/www.md-elektronik.com\/wp-content\/uploads\/2024\/03\/DSC09448-Haas_Alexander-high-300x300.jpg 300w, https:\/\/www.md-elektronik.com\/wp-content\/uploads\/2024\/03\/DSC09448-Haas_Alexander-high-150x150.jpg 150w, https:\/\/www.md-elektronik.com\/wp-content\/uploads\/2024\/03\/DSC09448-Haas_Alexander-high-768x768.jpg 768w, https:\/\/www.md-elektronik.com\/wp-content\/uploads\/2024\/03\/DSC09448-Haas_Alexander-high.jpg 1440w\" sizes=\"(max-width: 1020px) 100vw, 1020px\" \/>\t\t\t\t\t\t\n\t\t\t\t\t<\/div>\n\t\t\t\t\t\t\t\t\n<style>\n#image_919077083 {\n  width: 99%;\n}\n<\/style>\n\t<\/div>\n\t\r\n\r\n\r\n\t\t<\/div>\n\t\t\t\t\t<\/div>\n\n\t\r\n\n\t<div id=\"col-509165665\" class=\"col medium-9 small-12 large-9\"  >\n\t\t\t\t<div class=\"col-inner\"  >\n\t\t\t\n\t\t\t\r\n\r\n<p><span style=\"font-size: 130%;\"><strong>Dr. Alexandru Haasovi<\/strong><\/span><\/p>\r\n<p>Po studiu elektrotechniky a informa\u010dn\u00edch technologi\u00ed na Technick\u00e9 univerzit\u011b v Mnichov\u011b absolvoval Alexander Haas doktorandsk\u00e9 studium na t\u00e9ma \u201eMateri\u00e1ly v elektrick\u00fdch syst\u00e9mech vozidel\u201c, kdy na t\u00e9to pr\u00e1ci spolupracoval s v\u00fdznamn\u00fdm v\u00fdrobcem OEM. Od roku 2014 je ve skupin\u011b MD vedouc\u00edm pracovn\u00edkem, kter\u00fd odpov\u00edd\u00e1 za v\u0161echny zku\u0161ebn\u00ed laborato\u0159e. Na sv\u00e9 pr\u00e1ci oce\u0148uje zejm\u00e9na mezin\u00e1rodn\u00ed, mezikulturn\u00ed spolupr\u00e1ci a propojen\u00ed v\u0161ech laborato\u0159\u00ed skupiny do jedn\u00e9 velk\u00e9 rodiny. V soukrom\u00e9m \u017eivot\u011b se v\u011bnuje h\u0159e na boogie piano a je \u010dlenem kapely zam\u011b\u0159en\u00e9 na \u017e\u00e1nr rockabilly.<\/p>\r\n\r\n\t\t<\/div>\n\t\t\t\t\t<\/div>\n\n\t\r\n\r\n\n<style>\n#row-1118098891 > .col > .col-inner {\n  padding: 0 0px 0px 0px;\n}\n<\/style>\n<\/div>\r\n\r\n<\/div><\/div><\/div>\n\n\n","protected":false},"excerpt":{"rendered":"","protected":false},"author":2,"featured_media":0,"parent":0,"menu_order":0,"comment_status":"closed","ping_status":"closed","template":"","meta":{"footnotes":""},"class_list":["post-21863","page","type-page","status-publish","hentry"],"_links":{"self":[{"href":"https:\/\/www.md-elektronik.com\/cs\/wp-json\/wp\/v2\/pages\/21863","targetHints":{"allow":["GET"]}}],"collection":[{"href":"https:\/\/www.md-elektronik.com\/cs\/wp-json\/wp\/v2\/pages"}],"about":[{"href":"https:\/\/www.md-elektronik.com\/cs\/wp-json\/wp\/v2\/types\/page"}],"author":[{"embeddable":true,"href":"https:\/\/www.md-elektronik.com\/cs\/wp-json\/wp\/v2\/users\/2"}],"replies":[{"embeddable":true,"href":"https:\/\/www.md-elektronik.com\/cs\/wp-json\/wp\/v2\/comments?post=21863"}],"version-history":[{"count":0,"href":"https:\/\/www.md-elektronik.com\/cs\/wp-json\/wp\/v2\/pages\/21863\/revisions"}],"wp:attachment":[{"href":"https:\/\/www.md-elektronik.com\/cs\/wp-json\/wp\/v2\/media?parent=21863"}],"curies":[{"name":"wp","href":"https:\/\/api.w.org\/{rel}","templated":true}]}}