{"id":22115,"date":"2024-04-04T09:34:59","date_gmt":"2024-04-04T07:34:59","guid":{"rendered":"https:\/\/www.md-elektronik.com\/martin-pichlmeier\/"},"modified":"2024-04-04T09:35:52","modified_gmt":"2024-04-04T07:35:52","slug":"martin-pichlmeier","status":"publish","type":"page","link":"https:\/\/www.md-elektronik.com\/cs\/martin-pichlmeier\/","title":{"rendered":"Martin Pichlmeier"},"content":{"rendered":"\n<div class=\"message-box relative\" style=\"padding-top:30px;padding-bottom:30px;\"><div class=\"message-box-bg-image bg-fill fill\" ><\/div><div class=\"message-box-bg-overlay bg-fill fill\" style=\"background-color:rgb(245, 245, 247);\"><\/div><div class=\"container relative\"><div class=\"inner last-reset\">\r\n\r\n<div class=\"row align-equal align-center\"  id=\"row-394193087\">\r\n\r\n\n\t<div id=\"col-1027557517\" class=\"col medium-3 small-12 large-3\"  >\n\t\t\t\t<div class=\"col-inner\"  >\n\t\t\t\n\t\t\t\r\n\r\n\t<div id=\"gap-1367710750\" class=\"gap-element clearfix\" style=\"display:block; height:auto;\">\n\t\t\n<style>\n#gap-1367710750 {\n  padding-top: 10px;\n}\n<\/style>\n\t<\/div>\n\t\r\n\r\n\t<div class=\"img has-hover img-rounded x md-x lg-x y md-y lg-y\" id=\"image_731407113\">\n\t\t\t\t\t\t\t\t<div class=\"img-inner dark\" >\n\t\t\t<img decoding=\"async\" width=\"800\" height=\"800\" src=\"https:\/\/www.md-elektronik.com\/wp-content\/uploads\/2024\/04\/Pichlmeier-Martin.jpg\" class=\"attachment-original size-original\" alt=\"\" srcset=\"https:\/\/www.md-elektronik.com\/wp-content\/uploads\/2024\/04\/Pichlmeier-Martin.jpg 800w, https:\/\/www.md-elektronik.com\/wp-content\/uploads\/2024\/04\/Pichlmeier-Martin-300x300.jpg 300w, https:\/\/www.md-elektronik.com\/wp-content\/uploads\/2024\/04\/Pichlmeier-Martin-150x150.jpg 150w, https:\/\/www.md-elektronik.com\/wp-content\/uploads\/2024\/04\/Pichlmeier-Martin-768x768.jpg 768w\" sizes=\"(max-width: 800px) 100vw, 800px\" \/>\t\t\t\t\t\t\n\t\t\t\t\t<\/div>\n\t\t\t\t\t\t\t\t\n<style>\n#image_731407113 {\n  width: 99%;\n}\n<\/style>\n\t<\/div>\n\t\r\n\r\n\r\n\t\t<\/div>\n\t\t\t\t\t<\/div>\n\n\t\r\n\n\t<div id=\"col-1542921290\" class=\"col medium-9 small-12 large-9\"  >\n\t\t\t\t<div class=\"col-inner\"  >\n\t\t\t\n\t\t\t\r\n\r\n<p><span style=\"font-size: 130%;\"><strong>Martin Pichlmeier<\/strong><\/span><\/p>\r\n<p>Martin Pichlmeier je vedouc\u00edm odd\u011blen\u00ed Technical Product Management. Jeho \u00fakolem je rozv\u00edjet spole\u010dnost MD jako dodavatele a partnera pro v\u00fdvoj konektorov\u00fdch komponent\u016f v automobilov\u00e9m pr\u016fmyslu. Se sv\u00fdmi v\u00edce ne\u017e 14let\u00fdmi zku\u0161enostmi v odv\u011btv\u00ed v\u00fdroby kabel\u016f a v\u00fdvoje komponent je ve sv\u00e9m oboru skute\u010dn\u00fdm odborn\u00edkem. Po n\u00e1stupu do odd\u011blen\u00ed v\u00fdroby kabel\u016f se mu jako vedouc\u00edmu v\u00fdvoje poda\u0159ilo vybudovat a v\u00e9st odd\u011blen\u00ed v\u00fdvoje proces\u016f. Ve sv\u00e9 pr\u00e1ci si nejv\u00edce cen\u00ed p\u0159\u00edm\u00e9 komunikace se z\u00e1kazn\u00edky po cel\u00e9m sv\u011bt\u011b, v\u00fdvoje nov\u00fdch technick\u00fdch \u0159e\u0161en\u00ed a uv\u00e1d\u011bn\u00ed produkt\u016f na trh.\r\n \r\n<\/p>\r\n\r\n\t\t<\/div>\n\t\t\t\t\t<\/div>\n\n\t\r\n\r\n\n<style>\n#row-394193087 > .col > .col-inner {\n  padding: 0 0px 0px 0px;\n}\n<\/style>\n<\/div>\r\n\r\n<\/div><\/div><\/div>\n","protected":false},"excerpt":{"rendered":"","protected":false},"author":2,"featured_media":0,"parent":0,"menu_order":0,"comment_status":"closed","ping_status":"closed","template":"","meta":{"footnotes":""},"class_list":["post-22115","page","type-page","status-publish","hentry"],"_links":{"self":[{"href":"https:\/\/www.md-elektronik.com\/cs\/wp-json\/wp\/v2\/pages\/22115","targetHints":{"allow":["GET"]}}],"collection":[{"href":"https:\/\/www.md-elektronik.com\/cs\/wp-json\/wp\/v2\/pages"}],"about":[{"href":"https:\/\/www.md-elektronik.com\/cs\/wp-json\/wp\/v2\/types\/page"}],"author":[{"embeddable":true,"href":"https:\/\/www.md-elektronik.com\/cs\/wp-json\/wp\/v2\/users\/2"}],"replies":[{"embeddable":true,"href":"https:\/\/www.md-elektronik.com\/cs\/wp-json\/wp\/v2\/comments?post=22115"}],"version-history":[{"count":1,"href":"https:\/\/www.md-elektronik.com\/cs\/wp-json\/wp\/v2\/pages\/22115\/revisions"}],"predecessor-version":[{"id":22120,"href":"https:\/\/www.md-elektronik.com\/cs\/wp-json\/wp\/v2\/pages\/22115\/revisions\/22120"}],"wp:attachment":[{"href":"https:\/\/www.md-elektronik.com\/cs\/wp-json\/wp\/v2\/media?parent=22115"}],"curies":[{"name":"wp","href":"https:\/\/api.w.org\/{rel}","templated":true}]}}