{"id":22270,"date":"2024-04-24T09:06:55","date_gmt":"2024-04-24T07:06:55","guid":{"rendered":"https:\/\/www.md-elektronik.com\/benedikt-strauss-robert-lemaire\/"},"modified":"2024-04-24T09:06:55","modified_gmt":"2024-04-24T07:06:55","slug":"benedikt-strauss-robert-lemaire","status":"publish","type":"page","link":"https:\/\/www.md-elektronik.com\/cs\/benedikt-strauss-robert-lemaire\/","title":{"rendered":"Benedikt Strauss &#8211; Robert Lemaire"},"content":{"rendered":"\n<div class=\"message-box relative\" style=\"padding-top:30px;padding-bottom:30px;\"><div class=\"message-box-bg-image bg-fill fill\" ><\/div><div class=\"message-box-bg-overlay bg-fill fill\" style=\"background-color:rgb(245, 245, 247);\"><\/div><div class=\"container relative\"><div class=\"inner last-reset\">\r\n\r\n<div class=\"row align-equal align-center\"  id=\"row-855049986\">\r\n\r\n\n\t<div id=\"col-8551136\" class=\"col medium-3 small-12 large-3\"  >\n\t\t\t\t<div class=\"col-inner\"  >\n\t\t\t\n\t\t\t\r\n\r\n\t<div id=\"gap-1701665372\" class=\"gap-element clearfix\" style=\"display:block; height:auto;\">\n\t\t\n<style>\n#gap-1701665372 {\n  padding-top: 10px;\n}\n<\/style>\n\t<\/div>\n\t\r\n\r\n\t<div class=\"img has-hover img-rounded x md-x lg-x y md-y lg-y\" id=\"image_616932325\">\n\t\t\t\t\t\t\t\t<div class=\"img-inner dark\" >\n\t\t\t<img decoding=\"async\" width=\"800\" height=\"800\" src=\"https:\/\/www.md-elektronik.com\/wp-content\/uploads\/2024\/04\/md_benedikt_strauss_qr.jpg\" class=\"attachment-large size-large\" alt=\"\" srcset=\"https:\/\/www.md-elektronik.com\/wp-content\/uploads\/2024\/04\/md_benedikt_strauss_qr.jpg 800w, https:\/\/www.md-elektronik.com\/wp-content\/uploads\/2024\/04\/md_benedikt_strauss_qr-300x300.jpg 300w, https:\/\/www.md-elektronik.com\/wp-content\/uploads\/2024\/04\/md_benedikt_strauss_qr-150x150.jpg 150w, https:\/\/www.md-elektronik.com\/wp-content\/uploads\/2024\/04\/md_benedikt_strauss_qr-768x768.jpg 768w\" sizes=\"(max-width: 800px) 100vw, 800px\" \/>\t\t\t\t\t\t\n\t\t\t\t\t<\/div>\n\t\t\t\t\t\t\t\t\n<style>\n#image_616932325 {\n  width: 99%;\n}\n<\/style>\n\t<\/div>\n\t\r\n\r\n\r\n\t\t<\/div>\n\t\t\t\t\t<\/div>\n\n\t\r\n\n\t<div id=\"col-666663989\" class=\"col medium-9 small-12 large-9\"  >\n\t\t\t\t<div class=\"col-inner\"  >\n\t\t\t\n\t\t\t\r\n\r\n<p><span style=\"font-size: 130%;\"><strong>Benedikt Strau\u00df<\/strong><\/span><\/p>\r\n<p>Benedikt Strau\u00df je odborn\u00edkem spole\u010dnosti MD v oboru techniky. Jeho \u00fakolem je d\u00e1le roz\u0161i\u0159ovat stupe\u0148 automatizace v oblasti kabelov\u00e9 konfekce. Se sv\u00fdmi v\u00edce ne\u017e 10 lety zku\u0161enost\u00ed v oboru je v tomto oboru odborn\u00edkem. Po sv\u00e9m n\u00e1stupu do spole\u010dnosti na pozici konstrukt\u00e9ra pom\u00e1hal v MD vytvo\u0159it intern\u00ed automatizaci za\u0159\u00edzen\u00ed a p\u0159isp\u011bl k v\u00fdvoji nov\u00fdch v\u00fdrobn\u00edch koncepc\u00ed. Krom\u011b \u00fazk\u00e9ho kontaktu s v\u00fdrobou a spolupr\u00e1ce se zku\u0161en\u00fdm t\u00fdmem oce\u0148uje na sv\u00e9 pr\u00e1ci zejm\u00e9na r\u016fznorod\u00e9 po\u017eadavky.<\/p>\r\n\r\n\t\t<\/div>\n\t\t\t\t\t<\/div>\n\n\t\r\n\r\n\n<style>\n#row-855049986 > .col > .col-inner {\n  padding: 0 0px 0px 0px;\n}\n<\/style>\n<\/div>\r\n\r\n<\/div><\/div><\/div>\r\n\r\n<div class=\"message-box relative\" style=\"padding-top:30px;padding-bottom:30px;\"><div class=\"message-box-bg-image bg-fill fill\" ><\/div><div class=\"message-box-bg-overlay bg-fill fill\" style=\"background-color:rgb(245, 245, 247);\"><\/div><div class=\"container relative\"><div class=\"inner last-reset\">\r\n\r\n<div class=\"row align-equal align-center\"  id=\"row-348625732\">\r\n\r\n\n\t<div id=\"col-1463089518\" class=\"col medium-3 small-12 large-3\"  >\n\t\t\t\t<div class=\"col-inner\"  >\n\t\t\t\n\t\t\t\r\n\r\n\t<div id=\"gap-301857187\" class=\"gap-element clearfix\" style=\"display:block; height:auto;\">\n\t\t\n<style>\n#gap-301857187 {\n  padding-top: 10px;\n}\n<\/style>\n\t<\/div>\n\t\r\n\r\n\t<div class=\"img has-hover img-rounded x md-x lg-x y md-y lg-y\" id=\"image_768023407\">\n\t\t\t\t\t\t\t\t<div class=\"img-inner dark\" >\n\t\t\t<img decoding=\"async\" width=\"800\" height=\"800\" src=\"https:\/\/www.md-elektronik.com\/wp-content\/uploads\/2024\/04\/md_robert_lemaire.jpg\" class=\"attachment-large size-large\" alt=\"\" srcset=\"https:\/\/www.md-elektronik.com\/wp-content\/uploads\/2024\/04\/md_robert_lemaire.jpg 800w, https:\/\/www.md-elektronik.com\/wp-content\/uploads\/2024\/04\/md_robert_lemaire-300x300.jpg 300w, https:\/\/www.md-elektronik.com\/wp-content\/uploads\/2024\/04\/md_robert_lemaire-150x150.jpg 150w, https:\/\/www.md-elektronik.com\/wp-content\/uploads\/2024\/04\/md_robert_lemaire-768x768.jpg 768w\" sizes=\"(max-width: 800px) 100vw, 800px\" \/>\t\t\t\t\t\t\n\t\t\t\t\t<\/div>\n\t\t\t\t\t\t\t\t\n<style>\n#image_768023407 {\n  width: 99%;\n}\n<\/style>\n\t<\/div>\n\t\r\n\r\n\r\n\t\t<\/div>\n\t\t\t\t\t<\/div>\n\n\t\r\n\n\t<div id=\"col-399980147\" class=\"col medium-9 small-12 large-9\"  >\n\t\t\t\t<div class=\"col-inner\"  >\n\t\t\t\n\t\t\t\r\n\r\n<p><span style=\"font-size: 130%;\"><strong>Robert Lemaire<\/strong><\/span><\/p>\r\n<p>Robert Lemaire je v MD Elektronik Senior Manager v oblasti Automation Solutions. M\u016f\u017ee se op\u00edrat o v\u00edce ne\u017e 20 let odborn\u00fdch zku\u0161enost\u00ed v oblasti konstrukce speci\u00e1ln\u00edch stroj\u016f. Ve sv\u00e9 profesn\u00ed kari\u00e9\u0159e pro\u0161el r\u016fzn\u00fdmi pozicemi, od v\u00fdvoje \u0159\u00eddic\u00edho softwaru pro vysoce automatizovan\u00e9 syst\u00e9my a\u017e po veden\u00ed t\u00fdm\u016f pro komplexn\u00ed automatiza\u010dn\u00ed projekty. Od sv\u00e9ho n\u00e1stupu do MD v roce 2015 se v\u011bnuje inovac\u00edm a neust\u00e1l\u00e9mu zlep\u0161ov\u00e1n\u00ed, a z\u016fst\u00e1v\u00e1 tak v oblasti technologi\u00ed na \u0161pici. Jako vedouc\u00ed mana\u017eer \u00fasp\u011b\u0161n\u011b pracoval na v\u00fdvoji a implementaci flexibiln\u00edch automatiza\u010dn\u00edch \u0159e\u0161en\u00ed, kter\u00e1 pom\u00e1haj\u00ed zvy\u0161ovat v\u00fdrobn\u00ed kapacitu, zlep\u0161ovat kvalitu, sni\u017eovat n\u00e1klady, a t\u00edm posilovat konkurenceschopnost spole\u010dnosti MD.\r\n<\/p>\r\n\r\n\t\t<\/div>\n\t\t\t\t\t<\/div>\n\n\t\r\n\r\n\n<style>\n#row-348625732 > .col > .col-inner {\n  padding: 0 0px 0px 0px;\n}\n<\/style>\n<\/div>\r\n\r\n<\/div><\/div><\/div>\n\n\n","protected":false},"excerpt":{"rendered":"","protected":false},"author":2,"featured_media":0,"parent":0,"menu_order":0,"comment_status":"closed","ping_status":"closed","template":"","meta":{"footnotes":""},"class_list":["post-22270","page","type-page","status-publish","hentry"],"_links":{"self":[{"href":"https:\/\/www.md-elektronik.com\/cs\/wp-json\/wp\/v2\/pages\/22270","targetHints":{"allow":["GET"]}}],"collection":[{"href":"https:\/\/www.md-elektronik.com\/cs\/wp-json\/wp\/v2\/pages"}],"about":[{"href":"https:\/\/www.md-elektronik.com\/cs\/wp-json\/wp\/v2\/types\/page"}],"author":[{"embeddable":true,"href":"https:\/\/www.md-elektronik.com\/cs\/wp-json\/wp\/v2\/users\/2"}],"replies":[{"embeddable":true,"href":"https:\/\/www.md-elektronik.com\/cs\/wp-json\/wp\/v2\/comments?post=22270"}],"version-history":[{"count":0,"href":"https:\/\/www.md-elektronik.com\/cs\/wp-json\/wp\/v2\/pages\/22270\/revisions"}],"wp:attachment":[{"href":"https:\/\/www.md-elektronik.com\/cs\/wp-json\/wp\/v2\/media?parent=22270"}],"curies":[{"name":"wp","href":"https:\/\/api.w.org\/{rel}","templated":true}]}}