{"id":22510,"date":"2024-05-14T08:43:48","date_gmt":"2024-05-14T06:43:48","guid":{"rendered":"https:\/\/www.md-elektronik.com\/sabrina-boehler-michael-mayerhofer\/"},"modified":"2024-05-14T08:43:48","modified_gmt":"2024-05-14T06:43:48","slug":"sabrina-boehler-michael-mayerhofer","status":"publish","type":"page","link":"https:\/\/www.md-elektronik.com\/cs\/sabrina-boehler-michael-mayerhofer\/","title":{"rendered":"Sabrina Boehler &#8211; Michael Mayerhofer"},"content":{"rendered":"\n<div class=\"message-box relative\" style=\"padding-top:30px;padding-bottom:30px;\"><div class=\"message-box-bg-image bg-fill fill\" ><\/div><div class=\"message-box-bg-overlay bg-fill fill\" style=\"background-color:rgb(245, 245, 247);\"><\/div><div class=\"container relative\"><div class=\"inner last-reset\">\r\n\r\n<div class=\"row align-equal align-center\"  id=\"row-1316515264\">\r\n\r\n\n\t<div id=\"col-1471222885\" class=\"col medium-3 small-12 large-3\"  >\n\t\t\t\t<div class=\"col-inner\"  >\n\t\t\t\n\t\t\t\r\n\r\n\t<div id=\"gap-2072058719\" class=\"gap-element clearfix\" style=\"display:block; height:auto;\">\n\t\t\n<style>\n#gap-2072058719 {\n  padding-top: 10px;\n}\n<\/style>\n\t<\/div>\n\t\r\n\r\n\t<div class=\"img has-hover img-rounded x md-x lg-x y md-y lg-y\" id=\"image_96692759\">\n\t\t\t\t\t\t\t\t<div class=\"img-inner dark\" >\n\t\t\t<img decoding=\"async\" width=\"1020\" height=\"1020\" src=\"https:\/\/www.md-elektronik.com\/wp-content\/uploads\/2024\/05\/3.3.jpg\" class=\"attachment-large size-large\" alt=\"\" srcset=\"https:\/\/www.md-elektronik.com\/wp-content\/uploads\/2024\/05\/3.3.jpg 1024w, https:\/\/www.md-elektronik.com\/wp-content\/uploads\/2024\/05\/3.3-300x300.jpg 300w, https:\/\/www.md-elektronik.com\/wp-content\/uploads\/2024\/05\/3.3-150x150.jpg 150w, https:\/\/www.md-elektronik.com\/wp-content\/uploads\/2024\/05\/3.3-768x768.jpg 768w\" sizes=\"(max-width: 1020px) 100vw, 1020px\" \/>\t\t\t\t\t\t\n\t\t\t\t\t<\/div>\n\t\t\t\t\t\t\t\t\n<style>\n#image_96692759 {\n  width: 99%;\n}\n<\/style>\n\t<\/div>\n\t\r\n\r\n\r\n\t\t<\/div>\n\t\t\t\t\t<\/div>\n\n\t\r\n\n\t<div id=\"col-2000712072\" class=\"col medium-9 small-12 large-9\"  >\n\t\t\t\t<div class=\"col-inner\"  >\n\t\t\t\n\t\t\t\r\n\r\n<p><span style=\"font-size: 130%;\"><strong>Sabrina B\u00f6hler<\/strong><\/span><\/p>\r\n<p>Sabrina B\u00f6hler je mana\u017eerkou managementu inovac\u00ed v MD ELEKTRONIK. B\u011bhem studia na Technick\u00e9 univerzit\u011b v Mnichov\u011b v sob\u011b objevila v\u00e1\u0161e\u0148 pro inovace a n\u00e1sledn\u011b dokon\u010dila doktor\u00e1t na Erlangensko-norimbersk\u00e9 univerzit\u011b Friedricha Alexandra v oboru inova\u010dn\u00edch platforem zalo\u017een\u00fdch na IT. Od roku 2019 podporuje kolegy z technick\u00fdch odd\u011blen\u00ed MD p\u0159i v\u00fdvoji pr\u016fkopnick\u00fdch \u0159e\u0161en\u00ed s vyu\u017eit\u00edm r\u016fzn\u00fdch inova\u010dn\u00edch metod a form\u00e1t\u016f. Inovace vy\u017eaduj\u00ed silnou vnit\u0159n\u00ed motivaci. Jej\u00ed snahou je proto spojovat lidi, motivovat je k inovac\u00edm a posilovat jejich kompetence v t\u00e9to oblasti. <\/p>\r\n\r\n\t\t<\/div>\n\t\t\t\t\t<\/div>\n\n\t\r\n\r\n\n<style>\n#row-1316515264 > .col > .col-inner {\n  padding: 0 0px 0px 0px;\n}\n<\/style>\n<\/div>\r\n\r\n<\/div><\/div><\/div>\n\n<div class=\"message-box relative\" style=\"padding-top:30px;padding-bottom:30px;\"><div class=\"message-box-bg-image bg-fill fill\" ><\/div><div class=\"message-box-bg-overlay bg-fill fill\" style=\"background-color:rgb(245, 245, 247);\"><\/div><div class=\"container relative\"><div class=\"inner last-reset\">\r\n\r\n<div class=\"row align-equal align-center\"  id=\"row-1561960440\">\r\n\r\n\n\t<div id=\"col-1860639760\" class=\"col medium-3 small-12 large-3\"  >\n\t\t\t\t<div class=\"col-inner\"  >\n\t\t\t\n\t\t\t\r\n\r\n\t<div id=\"gap-100181165\" class=\"gap-element clearfix\" style=\"display:block; height:auto;\">\n\t\t\n<style>\n#gap-100181165 {\n  padding-top: 10px;\n}\n<\/style>\n\t<\/div>\n\t\r\n\r\n\t<div class=\"img has-hover img-rounded x md-x lg-x y md-y lg-y\" id=\"image_890960761\">\n\t\t\t\t\t\t\t\t<div class=\"img-inner dark\" >\n\t\t\t<img decoding=\"async\" width=\"1020\" height=\"1020\" src=\"https:\/\/www.md-elektronik.com\/wp-content\/uploads\/2024\/05\/2.jpg\" class=\"attachment-large size-large\" alt=\"\" srcset=\"https:\/\/www.md-elektronik.com\/wp-content\/uploads\/2024\/05\/2.jpg 1024w, https:\/\/www.md-elektronik.com\/wp-content\/uploads\/2024\/05\/2-300x300.jpg 300w, https:\/\/www.md-elektronik.com\/wp-content\/uploads\/2024\/05\/2-150x150.jpg 150w, https:\/\/www.md-elektronik.com\/wp-content\/uploads\/2024\/05\/2-768x768.jpg 768w\" sizes=\"(max-width: 1020px) 100vw, 1020px\" \/>\t\t\t\t\t\t\n\t\t\t\t\t<\/div>\n\t\t\t\t\t\t\t\t\n<style>\n#image_890960761 {\n  width: 99%;\n}\n<\/style>\n\t<\/div>\n\t\r\n\r\n\r\n\t\t<\/div>\n\t\t\t\t\t<\/div>\n\n\t\r\n\n\t<div id=\"col-1306424336\" class=\"col medium-9 small-12 large-9\"  >\n\t\t\t\t<div class=\"col-inner\"  >\n\t\t\t\n\t\t\t\r\n\r\n<p><span style=\"font-size: 130%;\"><strong>Michael Mayerhofer<\/strong><\/span><\/p>\r\n<p>Michael je konzultantem pro inovace v MD a m\u00e1 zku\u0161enosti v oblasti technologi\u00ed a inovac\u00ed. St\u00e1l u zalo\u017een\u00ed prvn\u00edho start-upu pro \u010distic\u00ed drony na sv\u011bt\u011b a pot\u00e9 pracoval ve spole\u010dnosti Amazon a jako inova\u010dn\u00ed architekt a intrapreneur. Ve spole\u010dnosti MD Michael vyu\u017e\u00edv\u00e1 sv\u00e9 zku\u0161enosti k tomu, aby pom\u00e1hal odborn\u00edk\u016fm v dan\u00e9m oboru vyv\u00edjet inovativn\u00ed \u0159e\u0161en\u00ed. Je zap\u00e1len\u00fd pro inovace a sna\u017e\u00ed se podporovat prost\u0159ed\u00ed spolupr\u00e1ce, ve kter\u00e9m se mohou rozv\u00edjet n\u00e1pady.<\/p>\r\n\r\n\t\t<\/div>\n\t\t\t\t\t<\/div>\n\n\t\r\n\r\n\n<style>\n#row-1561960440 > .col > .col-inner {\n  padding: 0 0px 0px 0px;\n}\n<\/style>\n<\/div>\r\n\r\n<\/div><\/div><\/div>\n","protected":false},"excerpt":{"rendered":"","protected":false},"author":2,"featured_media":0,"parent":0,"menu_order":0,"comment_status":"closed","ping_status":"closed","template":"","meta":{"footnotes":""},"class_list":["post-22510","page","type-page","status-publish","hentry"],"_links":{"self":[{"href":"https:\/\/www.md-elektronik.com\/cs\/wp-json\/wp\/v2\/pages\/22510","targetHints":{"allow":["GET"]}}],"collection":[{"href":"https:\/\/www.md-elektronik.com\/cs\/wp-json\/wp\/v2\/pages"}],"about":[{"href":"https:\/\/www.md-elektronik.com\/cs\/wp-json\/wp\/v2\/types\/page"}],"author":[{"embeddable":true,"href":"https:\/\/www.md-elektronik.com\/cs\/wp-json\/wp\/v2\/users\/2"}],"replies":[{"embeddable":true,"href":"https:\/\/www.md-elektronik.com\/cs\/wp-json\/wp\/v2\/comments?post=22510"}],"version-history":[{"count":0,"href":"https:\/\/www.md-elektronik.com\/cs\/wp-json\/wp\/v2\/pages\/22510\/revisions"}],"wp:attachment":[{"href":"https:\/\/www.md-elektronik.com\/cs\/wp-json\/wp\/v2\/media?parent=22510"}],"curies":[{"name":"wp","href":"https:\/\/api.w.org\/{rel}","templated":true}]}}