{"id":22953,"date":"2024-06-27T13:15:13","date_gmt":"2024-06-27T11:15:13","guid":{"rendered":"https:\/\/www.md-elektronik.com\/?page_id=22953"},"modified":"2024-06-27T13:48:06","modified_gmt":"2024-06-27T11:48:06","slug":"glosar","status":"publish","type":"page","link":"https:\/\/www.md-elektronik.com\/cs\/glosar\/","title":{"rendered":"Glos\u00e1\u0159"},"content":{"rendered":"\n\n\t<section class=\"section\" id=\"section_1458919825\">\n\t\t<div class=\"section-bg fill\" >\n\t\t\t\t\t\t\t\t\t\n\t\t\t\n\n\t\t<\/div>\n\n\t\t\n\n\t\t<div class=\"section-content relative\">\n\t\t\t\n\n<div class=\"row row-collapse row-full-width align-middle\"  id=\"row-354634472\">\n\n\n\t<div id=\"col-1886829090\" class=\"col medium-6 small-12 large-6\"  >\n\t\t\t\t<div class=\"col-inner text-center\"  >\n\t\t\t\n\t\t\t\n\n<h1><span style=\"font-size: 120%;\">Lexikon automotive \u2013 <\/span><br \/><span style=\"font-size: 120%;\">glos\u00e1\u0159 MD <\/span><\/h1>\n<p><span style=\"font-size: 150%;\">V na\u0161em glos\u00e1\u0159i vysv\u011btlujeme pojmy a ozna\u010den\u00ed z oblasti palubn\u00ed s\u00edt\u011b, p\u0159enosu dat ve vozidlech a z automobilov\u00e9ho pr\u016fmyslu obecn\u011b. Pro sv\u00e9 re\u0161er\u0161e vyu\u017eijte na\u0161e odborn\u00e9 znalosti!<\/span><\/p>\n\n\t\t<\/div>\n\t\t\t\t\n<style>\n#col-1886829090 > .col-inner {\n  padding: 30px 30px 30px 30px;\n}\n@media (min-width:550px) {\n  #col-1886829090 > .col-inner {\n    padding: 60px 60px 60px 60px;\n  }\n}\n<\/style>\n\t<\/div>\n\n\t\n\n\t<div id=\"col-663009857\" class=\"col hide-for-small medium-6 small-12 large-6\"  data-animate=\"fadeInUp\">\n\t\t\t\t<div class=\"col-inner\"  >\n\t\t\t\n\t\t\t\n\n\t<div class=\"img has-hover x md-x lg-x y md-y lg-y\" id=\"image_849828937\">\n\t\t\t\t\t\t\t\t<div class=\"img-inner image-zoom image-cover dark\" style=\"padding-top:56.25%;\">\n\t\t\t<img decoding=\"async\" width=\"822\" height=\"469\" src=\"https:\/\/www.md-elektronik.com\/wp-content\/uploads\/2023\/10\/glossar-title-image.jpg\" class=\"attachment-original size-original\" alt=\"\" srcset=\"https:\/\/www.md-elektronik.com\/wp-content\/uploads\/2023\/10\/glossar-title-image.jpg 822w, https:\/\/www.md-elektronik.com\/wp-content\/uploads\/2023\/10\/glossar-title-image-300x171.jpg 300w, https:\/\/www.md-elektronik.com\/wp-content\/uploads\/2023\/10\/glossar-title-image-768x438.jpg 768w\" sizes=\"(max-width: 822px) 100vw, 822px\" \/>\t\t\t\t\t\t\n\t\t\t\t\t<\/div>\n\t\t\t\t\t\t\t\t\n<style>\n#image_849828937 {\n  width: 100%;\n}\n<\/style>\n\t<\/div>\n\t\n\n\n\t\t<\/div>\n\t\t\t\t\t<\/div>\n\n\t\n\n\n<style>\n#row-354634472 > .col > .col-inner {\n  background-color: rgb(255, 255, 255);\n}\n<\/style>\n<\/div>\n\n\t\t<\/div>\n\n\t\t\n<style>\n#section_1458919825 {\n  padding-top: 0px;\n  padding-bottom: 0px;\n  background-color: rgb(255,255,255);\n}\n<\/style>\n\t<\/section>\n\t\n\n\t<section class=\"section\" id=\"section_271796760\">\n\t\t<div class=\"section-bg fill\" >\n\t\t\t\t\t\t\t\t\t\n\t\t\t\n\n\t\t<\/div>\n\n\t\t\n\n\t\t<div class=\"section-content relative\">\n\t\t\t\n\n<div class=\"row align-middle\"  id=\"row-1893311474\">\n\n\n\t<div id=\"col-2068201818\" class=\"col small-12 large-12\"  >\n\t\t\t\t<div class=\"col-inner\"  >\n\t\t\t\n\t\t\t\n\n<div class=\"posts-buttons-container\"><a href=\"https:\/\/www.md-elektronik.com\/cs\/a%c2%b2b-automotive-audio-bus\/\" class=\"post-button\">A\u00b2B (Automotive Audio Bus)\u00a0<\/a><a href=\"https:\/\/www.md-elektronik.com\/cs\/adas\/\" class=\"post-button\">ADAS<\/a><a href=\"https:\/\/www.md-elektronik.com\/cs\/amec\/\" class=\"post-button\">AMEC<\/a><a href=\"https:\/\/www.md-elektronik.com\/cs\/apix\/\" class=\"post-button\">APIX<\/a><a href=\"https:\/\/www.md-elektronik.com\/cs\/automotive-ethernet\/\" class=\"post-button\">Automotive Ethernet<\/a><a href=\"https:\/\/www.md-elektronik.com\/cs\/autonomni-rizeni\/\" class=\"post-button\">Autonomn\u00ed \u0159\u00edzen\u00ed<\/a><a href=\"https:\/\/www.md-elektronik.com\/cs\/c-a-s-e\/\" class=\"post-button\">C.A.S.E<\/a><a href=\"https:\/\/www.md-elektronik.com\/cs\/fakra\/\" class=\"post-button\">FAKRA<\/a><a href=\"https:\/\/www.md-elektronik.com\/cs\/fpd-link\/\" class=\"post-button\">FPD-Link<\/a><a href=\"https:\/\/www.md-elektronik.com\/cs\/gmsl\/\" class=\"post-button\">GMSL<\/a><a href=\"https:\/\/www.md-elektronik.com\/cs\/h-mtd\/\" class=\"post-button\">H-MTD<\/a><a href=\"https:\/\/www.md-elektronik.com\/cs\/hsd\/\" class=\"post-button\">HSD<\/a><a href=\"https:\/\/www.md-elektronik.com\/cs\/kabelova-konfekce\/\" class=\"post-button\">Kabelov\u00e1 konfekce<\/a><a href=\"https:\/\/www.md-elektronik.com\/cs\/koax\/\" class=\"post-button\">Koax<\/a><a href=\"https:\/\/www.md-elektronik.com\/cs\/latence\/\" class=\"post-button\">Latence<\/a><a href=\"https:\/\/www.md-elektronik.com\/cs\/20485\/\" class=\"post-button\">LiDAR<\/a><a href=\"https:\/\/www.md-elektronik.com\/cs\/lvds\/\" class=\"post-button\">LVDS<\/a><a href=\"https:\/\/www.md-elektronik.com\/cs\/multi-gig-ethernet-multigigabitovy-ethernet\/\" class=\"post-button\">Multi-Gig-Ethernet (multigigabitov\u00fd Ethernet)<\/a><a href=\"https:\/\/www.md-elektronik.com\/cs\/on-board-diagnostics-obd\/\" class=\"post-button\">On-board diagnostics (OBD)<\/a><a href=\"https:\/\/www.md-elektronik.com\/cs\/paterni-linky\/\" class=\"post-button\">P\u00e1te\u0159n\u00ed linky<\/a><a href=\"https:\/\/www.md-elektronik.com\/cs\/radar\/\" class=\"post-button\">Radar<\/a><a href=\"https:\/\/www.md-elektronik.com\/cs\/senzory\/\" class=\"post-button\">Senzory<\/a><a href=\"https:\/\/www.md-elektronik.com\/cs\/stineni\/\" class=\"post-button\">St\u00edn\u011bn\u00ed<\/a><a href=\"https:\/\/www.md-elektronik.com\/cs\/v2x\/\" class=\"post-button\">V2X<\/a><a href=\"https:\/\/www.md-elektronik.com\/cs\/wigig\/\" class=\"post-button\">WiGig<\/a><\/div>\n\n\t\t<\/div>\n\t\t\t\t\n<style>\n#col-2068201818 > .col-inner {\n  padding: 45px 0px 0px 0px;\n}\n<\/style>\n\t<\/div>\n\n\t\n\n<\/div>\n\n\t\t<\/div>\n\n\t\t\n<style>\n#section_271796760 {\n  padding-top: 30px;\n  padding-bottom: 30px;\n}\n<\/style>\n\t<\/section>\n\t\n\n\t<section class=\"section mb-20\" id=\"section_1064328004\">\n\t\t<div class=\"section-bg fill\" >\n\t\t\t\t\t\t\t\t\t\n\t\t\t\n\n\t\t<\/div>\n\n\t\t\n\n\t\t<div class=\"section-content relative\">\n\t\t\t\n\n<div class=\"row\"  id=\"row-1566339922\">\n\n\n\t<div id=\"col-676145600\" class=\"col small-12 large-12\"  >\n\t\t\t\t<div class=\"col-inner text-center\"  >\n\t\t\t\n\t\t\t\n\n<p><strong><span style=\"font-size: 110%;\">Kdykoliv v\u00e1m r\u00e1di porad\u00edme.<\/span> <\/strong><\/p>\n\n\t\t<\/div>\n\t\t\t\t\n<style>\n#col-676145600 > .col-inner {\n  padding: 30px 30px 30px 30px;\n}\n@media (min-width:550px) {\n  #col-676145600 > .col-inner {\n    padding: 60px 60px 0px 60px;\n  }\n}\n<\/style>\n\t<\/div>\n\n\t\n\n<\/div>\n<div class=\"row\"  id=\"row-2030563010\">\n\n\n\t<div id=\"col-500438556\" class=\"col small-12 large-12\"  >\n\t\t\t\t<div class=\"col-inner text-center\"  >\n\t\t\t\n\t\t\t\n\n<a href=\"https:\/\/www.md-elektronik.com\/cs\/kontakt\/?betreff=Kabely%20s%20FAKRA%20konektory\" class=\"button primary is-outline\"  style=\"border-radius:99px;\">\n\t\t<span>Kontaktujte n\u00e1s<\/span>\n\t<i class=\"icon-angle-right\" aria-hidden=\"true\" ><\/i><\/a>\n\n\n\n\t\t<\/div>\n\t\t\t\t\n<style>\n#col-500438556 > .col-inner {\n  padding: 0px 0px 0px 0px;\n}\n<\/style>\n\t<\/div>\n\n\t\n\n<\/div>\n\n\t\t<\/div>\n\n\t\t\n<style>\n#section_1064328004 {\n  padding-top: 0px;\n  padding-bottom: 0px;\n  background-color: rgb(255, 255, 255);\n}\n<\/style>\n\t<\/section>\n\t\n\n","protected":false},"excerpt":{"rendered":"","protected":false},"author":1,"featured_media":0,"parent":0,"menu_order":0,"comment_status":"closed","ping_status":"closed","template":"page-blank.php","meta":{"footnotes":""},"class_list":["post-22953","page","type-page","status-publish","hentry"],"_links":{"self":[{"href":"https:\/\/www.md-elektronik.com\/cs\/wp-json\/wp\/v2\/pages\/22953","targetHints":{"allow":["GET"]}}],"collection":[{"href":"https:\/\/www.md-elektronik.com\/cs\/wp-json\/wp\/v2\/pages"}],"about":[{"href":"https:\/\/www.md-elektronik.com\/cs\/wp-json\/wp\/v2\/types\/page"}],"author":[{"embeddable":true,"href":"https:\/\/www.md-elektronik.com\/cs\/wp-json\/wp\/v2\/users\/1"}],"replies":[{"embeddable":true,"href":"https:\/\/www.md-elektronik.com\/cs\/wp-json\/wp\/v2\/comments?post=22953"}],"version-history":[{"count":4,"href":"https:\/\/www.md-elektronik.com\/cs\/wp-json\/wp\/v2\/pages\/22953\/revisions"}],"predecessor-version":[{"id":23012,"href":"https:\/\/www.md-elektronik.com\/cs\/wp-json\/wp\/v2\/pages\/22953\/revisions\/23012"}],"wp:attachment":[{"href":"https:\/\/www.md-elektronik.com\/cs\/wp-json\/wp\/v2\/media?parent=22953"}],"curies":[{"name":"wp","href":"https:\/\/api.w.org\/{rel}","templated":true}]}}