{"id":23122,"date":"2024-07-10T14:27:03","date_gmt":"2024-07-10T12:27:03","guid":{"rendered":"https:\/\/www.md-elektronik.com\/gerd-mittermaier\/"},"modified":"2024-07-10T14:35:52","modified_gmt":"2024-07-10T12:35:52","slug":"gerd-mittermaier","status":"publish","type":"page","link":"https:\/\/www.md-elektronik.com\/cs\/gerd-mittermaier\/","title":{"rendered":"Gerd Mittermaier"},"content":{"rendered":"\n<div class=\"message-box relative\" style=\"padding-top:30px;padding-bottom:30px;\"><div class=\"message-box-bg-image bg-fill fill\" ><\/div><div class=\"message-box-bg-overlay bg-fill fill\" style=\"background-color:rgb(245, 245, 247);\"><\/div><div class=\"container relative\"><div class=\"inner last-reset\">\n\n<div class=\"row align-equal align-center\"  id=\"row-984904606\">\n\n\n\t<div id=\"col-2083172345\" class=\"col medium-3 small-12 large-3\"  >\n\t\t\t\t<div class=\"col-inner\"  >\n\t\t\t\n\t\t\t\n\n\t<div id=\"gap-2001037874\" class=\"gap-element clearfix\" style=\"display:block; height:auto;\">\n\t\t\n<style>\n#gap-2001037874 {\n  padding-top: 10px;\n}\n<\/style>\n\t<\/div>\n\t\n\n\t<div class=\"img has-hover x md-x lg-x y md-y lg-y\" id=\"image_1440118260\">\n\t\t\t\t\t\t\t\t<div class=\"img-inner dark\" >\n\t\t\t<img decoding=\"async\" width=\"789\" height=\"789\" src=\"https:\/\/www.md-elektronik.com\/wp-content\/uploads\/2024\/07\/gerd-mittermeier_quadr.png\" class=\"attachment-large size-large\" alt=\"\" srcset=\"https:\/\/www.md-elektronik.com\/wp-content\/uploads\/2024\/07\/gerd-mittermeier_quadr.png 789w, https:\/\/www.md-elektronik.com\/wp-content\/uploads\/2024\/07\/gerd-mittermeier_quadr-300x300.png 300w, https:\/\/www.md-elektronik.com\/wp-content\/uploads\/2024\/07\/gerd-mittermeier_quadr-150x150.png 150w, https:\/\/www.md-elektronik.com\/wp-content\/uploads\/2024\/07\/gerd-mittermeier_quadr-768x768.png 768w\" sizes=\"(max-width: 789px) 100vw, 789px\" \/>\t\t\t\t\t\t\n\t\t\t\t\t<\/div>\n\t\t\t\t\t\t\t\t\n<style>\n#image_1440118260 {\n  width: 99%;\n}\n<\/style>\n\t<\/div>\n\t\n\n\n\t\t<\/div>\n\t\t\t\t\t<\/div>\n\n\t\n\n\t<div id=\"col-1911578544\" class=\"col medium-9 small-12 large-9\"  >\n\t\t\t\t<div class=\"col-inner\"  >\n\t\t\t\n\t\t\t\n\n<p><span style=\"font-size: 130%;\"><strong>Gerd Mittermaier<\/strong><\/span><\/p>\n<p>Gerd Mittermaier, Global Vice President Product Management \u2013 Markets \u2013 R&D, odpov\u00edd\u00e1 v r\u00e1mci skupiny MD za v\u00fdvoj v\u00fdrobk\u016f, management inovac\u00ed, produktov\u00fd management a za patenty. Je nad\u0161encem pro nejnov\u011bj\u0161\u00ed technologie v oblasti komunikac\u00ed a autonomn\u00edho \u0159\u00edzen\u00ed v automobilov\u00e9m pr\u016fmyslu. Jeho v\u00edce ne\u017e patn\u00e1ctilet\u00e1 praxe v oboru a dvan\u00e1ctilet\u00e1 zodpov\u011bdnost za \u0159\u00edzen\u00ed v oblasti technick\u00e9 podpory z\u00e1kazn\u00edk\u016f, prodeje a v\u00fdzkumu a v\u00fdvoje z n\u011bj \u010din\u00ed odborn\u00edka v t\u011bchto oblastech. Krom\u011b \u00fazk\u00e9ho kontaktu s v\u00fdrobci automobil\u016f m\u00e1 na z\u00e1klad\u011b sv\u00e9ho p\u0159edchoz\u00edho p\u016fsoben\u00ed v oboru v\u00fdvoje polovodi\u010d\u016f tak\u00e9 intenzivn\u00ed kontakty s jejich v\u00fdrobci. <\/p>\n\n\t\t<\/div>\n\t\t\t\t\t<\/div>\n\n\t\n\n\n<style>\n#row-984904606 > .col > .col-inner {\n  padding: 0 0px 0px 0px;\n}\n<\/style>\n<\/div>\n\n<\/div><\/div><\/div>\n\n\n","protected":false},"excerpt":{"rendered":"","protected":false},"author":2,"featured_media":0,"parent":0,"menu_order":0,"comment_status":"closed","ping_status":"closed","template":"","meta":{"footnotes":""},"class_list":["post-23122","page","type-page","status-publish","hentry"],"_links":{"self":[{"href":"https:\/\/www.md-elektronik.com\/cs\/wp-json\/wp\/v2\/pages\/23122","targetHints":{"allow":["GET"]}}],"collection":[{"href":"https:\/\/www.md-elektronik.com\/cs\/wp-json\/wp\/v2\/pages"}],"about":[{"href":"https:\/\/www.md-elektronik.com\/cs\/wp-json\/wp\/v2\/types\/page"}],"author":[{"embeddable":true,"href":"https:\/\/www.md-elektronik.com\/cs\/wp-json\/wp\/v2\/users\/2"}],"replies":[{"embeddable":true,"href":"https:\/\/www.md-elektronik.com\/cs\/wp-json\/wp\/v2\/comments?post=23122"}],"version-history":[{"count":1,"href":"https:\/\/www.md-elektronik.com\/cs\/wp-json\/wp\/v2\/pages\/23122\/revisions"}],"predecessor-version":[{"id":23127,"href":"https:\/\/www.md-elektronik.com\/cs\/wp-json\/wp\/v2\/pages\/23122\/revisions\/23127"}],"wp:attachment":[{"href":"https:\/\/www.md-elektronik.com\/cs\/wp-json\/wp\/v2\/media?parent=23122"}],"curies":[{"name":"wp","href":"https:\/\/api.w.org\/{rel}","templated":true}]}}