{"id":23687,"date":"2024-08-12T09:12:21","date_gmt":"2024-08-12T07:12:21","guid":{"rendered":"https:\/\/www.md-elektronik.com\/youliang-zhuang\/"},"modified":"2024-08-14T09:03:18","modified_gmt":"2024-08-14T07:03:18","slug":"youliang-zhuang","status":"publish","type":"page","link":"https:\/\/www.md-elektronik.com\/cs\/youliang-zhuang\/","title":{"rendered":"Youliang Zhuang"},"content":{"rendered":"\n<div class=\"message-box relative\" style=\"padding-top:30px;padding-bottom:30px;\"><div class=\"message-box-bg-image bg-fill fill\" ><\/div><div class=\"message-box-bg-overlay bg-fill fill\" style=\"background-color:rgb(245, 245, 247);\"><\/div><div class=\"container relative\"><div class=\"inner last-reset\">\r\n\r\n<div class=\"row align-equal align-center\"  id=\"row-2074229338\">\r\n\r\n\n\t<div id=\"col-980507657\" class=\"col medium-3 small-12 large-3\"  >\n\t\t\t\t<div class=\"col-inner\"  >\n\t\t\t\n\t\t\t\r\n\r\n\t<div id=\"gap-2047628873\" class=\"gap-element clearfix\" style=\"display:block; height:auto;\">\n\t\t\n<style>\n#gap-2047628873 {\n  padding-top: 10px;\n}\n<\/style>\n\t<\/div>\n\t\r\n\r\n\t<div class=\"img has-hover img-rounded x md-x lg-x y md-y lg-y\" id=\"image_1424743865\">\n\t\t\t\t\t\t\t\t<div class=\"img-inner dark\" >\n\t\t\t<img decoding=\"async\" width=\"800\" height=\"800\" src=\"https:\/\/www.md-elektronik.com\/wp-content\/uploads\/2024\/08\/Autorenbild-Youliang-Zhuang.jpg\" class=\"attachment-large size-large\" alt=\"\" srcset=\"https:\/\/www.md-elektronik.com\/wp-content\/uploads\/2024\/08\/Autorenbild-Youliang-Zhuang.jpg 800w, https:\/\/www.md-elektronik.com\/wp-content\/uploads\/2024\/08\/Autorenbild-Youliang-Zhuang-300x300.jpg 300w, https:\/\/www.md-elektronik.com\/wp-content\/uploads\/2024\/08\/Autorenbild-Youliang-Zhuang-150x150.jpg 150w, https:\/\/www.md-elektronik.com\/wp-content\/uploads\/2024\/08\/Autorenbild-Youliang-Zhuang-768x768.jpg 768w\" sizes=\"(max-width: 800px) 100vw, 800px\" \/>\t\t\t\t\t\t\n\t\t\t\t\t<\/div>\n\t\t\t\t\t\t\t\t\n<style>\n#image_1424743865 {\n  width: 99%;\n}\n<\/style>\n\t<\/div>\n\t\r\n\r\n\t\t<\/div>\n\t\t\t\t\t<\/div>\n\n\t\r\n\n\t<div id=\"col-1272456939\" class=\"col medium-9 small-12 large-9\"  >\n\t\t\t\t<div class=\"col-inner\"  >\n\t\t\t\n\t\t\t\r\n\r\n<span style=\"font-size: 130%;\"><strong>Youliang Zhuang<\/strong><\/span>\r\n\r\nYouliang pracuje v oblasti v\u00fdvoje konektor\u016f ji\u017e 20 let. P\u0159ed n\u00e1stupem do spole\u010dnosti MD Asia-Pacific (Beijing) ELECTRONICS Co., Ltd v roce 2023 pracoval jako expert na konektory v jedn\u00e9 z nejv\u011bt\u0161\u00edch \u010d\u00ednsk\u00fdch spole\u010dnost\u00ed. V sou\u010dasn\u00e9 dob\u011b je \u0159editelem odd\u011blen\u00ed v\u00fdzkumu a v\u00fdvoje v \u010c\u00edn\u011b, kde \u0159\u00edd\u00ed v\u00fdvoj produkt\u016f, \u0159\u00edzen\u00ed projekt\u016f a produktov\u00fd management.Youliang se us\u00eddlil v \u0160anghaji. Rozvinul sv\u00e9 odd\u011blen\u00ed a zavedl v\u00fdvoj a \u0159\u00edzen\u00ed produkt\u016f v r\u00e1mci sv\u00e9 p\u016fsobnosti v \u010c\u00edn\u011b.\u00a0 S\u00e1m se rovn\u011b\u017e pova\u017euje za komunik\u00e1tora a \u00fazce spolupracuje s \u00fast\u0159ed\u00edm spole\u010dnosti MD v N\u011bmecku. Youliang je hrd\u00fd na svou pr\u00e1ci v \u010d\u00ednsk\u00e9 pobo\u010dce spole\u010dnosti MD a v\u011b\u0159\u00ed v jej\u00ed potenci\u00e1l. Je nad\u0161en\u00fd z toho, co spole\u010dnost MD nab\u00edz\u00ed a jak\u00fd dopad mohou na\u0161e produkty a slu\u017eby m\u00edt v re\u00e1ln\u00e9m sv\u011bt\u011b. Ve voln\u00e9m \u010dase r\u00e1d tr\u00e1v\u00ed \u010das s rodinou, jezd\u00ed s p\u0159\u00e1teli na kole, \u010dte filozofick\u00e9 knihy a\u00a0tak\u00e9 se v\u011bnuje videohr\u00e1m.\r\n\r\n\t\t<\/div>\n\t\t\t\t\t<\/div>\n\n\t\r\n\r\n\n<style>\n#row-2074229338 > .col > .col-inner {\n  padding: 0 0px 0px 0px;\n}\n<\/style>\n<\/div>\r\n\r\n<\/div><\/div><\/div>\n\n\n","protected":false},"excerpt":{"rendered":"","protected":false},"author":1,"featured_media":0,"parent":0,"menu_order":0,"comment_status":"closed","ping_status":"closed","template":"","meta":{"footnotes":""},"class_list":["post-23687","page","type-page","status-publish","hentry"],"_links":{"self":[{"href":"https:\/\/www.md-elektronik.com\/cs\/wp-json\/wp\/v2\/pages\/23687","targetHints":{"allow":["GET"]}}],"collection":[{"href":"https:\/\/www.md-elektronik.com\/cs\/wp-json\/wp\/v2\/pages"}],"about":[{"href":"https:\/\/www.md-elektronik.com\/cs\/wp-json\/wp\/v2\/types\/page"}],"author":[{"embeddable":true,"href":"https:\/\/www.md-elektronik.com\/cs\/wp-json\/wp\/v2\/users\/1"}],"replies":[{"embeddable":true,"href":"https:\/\/www.md-elektronik.com\/cs\/wp-json\/wp\/v2\/comments?post=23687"}],"version-history":[{"count":1,"href":"https:\/\/www.md-elektronik.com\/cs\/wp-json\/wp\/v2\/pages\/23687\/revisions"}],"predecessor-version":[{"id":23692,"href":"https:\/\/www.md-elektronik.com\/cs\/wp-json\/wp\/v2\/pages\/23687\/revisions\/23692"}],"wp:attachment":[{"href":"https:\/\/www.md-elektronik.com\/cs\/wp-json\/wp\/v2\/media?parent=23687"}],"curies":[{"name":"wp","href":"https:\/\/api.w.org\/{rel}","templated":true}]}}