{"id":23983,"date":"2024-09-11T08:29:08","date_gmt":"2024-09-11T06:29:08","guid":{"rendered":"https:\/\/www.md-elektronik.com\/autor-oscar-vega\/"},"modified":"2024-09-11T08:29:41","modified_gmt":"2024-09-11T06:29:41","slug":"autor-oscar-vega","status":"publish","type":"page","link":"https:\/\/www.md-elektronik.com\/cs\/autor-oscar-vega\/","title":{"rendered":"Autor Oscar Vega"},"content":{"rendered":"\n<div class=\"message-box relative\" style=\"padding-top:30px;padding-bottom:30px;\"><div class=\"message-box-bg-image bg-fill fill\" ><\/div><div class=\"message-box-bg-overlay bg-fill fill\" style=\"background-color:rgb(245, 245, 247);\"><\/div><div class=\"container relative\"><div class=\"inner last-reset\">\r\n\r\n<div class=\"row align-equal align-center\"  id=\"row-2752406\">\r\n\r\n\n\t<div id=\"col-1418747667\" class=\"col medium-3 small-12 large-3\"  >\n\t\t\t\t<div class=\"col-inner\"  >\n\t\t\t\n\t\t\t\r\n\r\n\t<div id=\"gap-866545375\" class=\"gap-element clearfix\" style=\"display:block; height:auto;\">\n\t\t\n<style>\n#gap-866545375 {\n  padding-top: 10px;\n}\n<\/style>\n\t<\/div>\n\t\r\n\r\n\t<div class=\"img has-hover x md-x lg-x y md-y lg-y\" id=\"image_2136149735\">\n\t\t\t\t\t\t\t\t<div class=\"img-inner dark\" >\n\t\t\t<img decoding=\"async\" width=\"800\" height=\"800\" src=\"https:\/\/www.md-elektronik.com\/wp-content\/uploads\/2024\/09\/DSC02239-Vega-Oscar-high.jpg\" class=\"attachment-large size-large\" alt=\"\" srcset=\"https:\/\/www.md-elektronik.com\/wp-content\/uploads\/2024\/09\/DSC02239-Vega-Oscar-high.jpg 800w, https:\/\/www.md-elektronik.com\/wp-content\/uploads\/2024\/09\/DSC02239-Vega-Oscar-high-300x300.jpg 300w, https:\/\/www.md-elektronik.com\/wp-content\/uploads\/2024\/09\/DSC02239-Vega-Oscar-high-150x150.jpg 150w, https:\/\/www.md-elektronik.com\/wp-content\/uploads\/2024\/09\/DSC02239-Vega-Oscar-high-768x768.jpg 768w\" sizes=\"(max-width: 800px) 100vw, 800px\" \/>\t\t\t\t\t\t\n\t\t\t\t\t<\/div>\n\t\t\t\t\t\t\t\t\n<style>\n#image_2136149735 {\n  width: 99%;\n}\n<\/style>\n\t<\/div>\n\t\r\n\r\n\t\t<\/div>\n\t\t\t\t\t<\/div>\n\n\t\r\n\n\t<div id=\"col-1124187258\" class=\"col medium-9 small-12 large-9\"  >\n\t\t\t\t<div class=\"col-inner\"  >\n\t\t\t\n\t\t\t\r\n\r\n<span style=\"font-size: 130%;\"><strong>Oscar Vega<\/strong><\/span>\r\n\r\nOscar Vega je vedouc\u00ed odd\u011blen\u00ed projektov\u00e9ho a\u00a0aplika\u010dn\u00edho in\u017een\u00fdrstv\u00ed ve\u00a0v\u00fdrobn\u00edm z\u00e1vod\u011b spole\u010dnosti MD ELEKTRONIK v\u00a0mexick\u00e9m Le\u00f3nu. Oscar m\u00e1 za sebou v\u00edce ne\u017e deset let zku\u0161enost\u00ed s\u00a0prac\u00ed v\u00a0automobilov\u00e9m pr\u016fmyslu a jeho kari\u00e9ra jej zavedla do r\u016fzn\u00fdch zem\u00ed, v\u010detn\u011b USA, \u010c\u00edny, Japonska, N\u011bmecka a Mexika.\r\n\r\nOscar se specializuje na \u0159\u00edzen\u00ed program\u016f. V\u00fdzkum, v\u00fdvoj a zaji\u0161\u0165ov\u00e1n\u00ed kvality a p\u0159in\u00e1\u0161\u00ed do\u00a0spole\u010dnosti MD neoceniteln\u00e9 odborn\u00e9 znalosti, kter\u00e9 jsou hnac\u00ed silou inovac\u00ed a dokonalosti v\u00a0oblasti automobilov\u00e9ho in\u017een\u00fdrstv\u00ed.\r\n\r\nJak\u00e9 je Oscarovo posl\u00e1n\u00ed? P\u0159edev\u0161\u00edm t\u00fdmov\u00e1 pr\u00e1ce a kreativn\u00ed \u0159e\u0161en\u00ed probl\u00e9m\u016f. R\u00e1d spolupracuje se z\u00e1kazn\u00edky a partnery na \u0159e\u0161en\u00ed neust\u00e1le se vyv\u00edjej\u00edc\u00edch v\u00fdzev v\u00a0technologick\u00e9m prost\u0159ed\u00ed.\r\n\r\nOscarovou prioritou je vytv\u00e1\u0159et p\u0159\u00edzniv\u00e9 prost\u0159ed\u00ed, ve kter\u00e9m se v\u0161em da\u0159\u00ed. V\u011b\u0159\u00ed, \u017ee je d\u016fle\u017eit\u00e9 d\u00e1le podporovat r\u016fst a motivaci \u010dlen\u016f sv\u00e9ho t\u00fdmu, aby spole\u010dn\u011b dos\u00e1hli c\u00edl\u016f spole\u010dnosti MD.\r\n\r\nOscar se star\u00e1 o to, aby se ka\u017ed\u00fd \u010dlen t\u00fdmu c\u00edtil ocen\u011bn\u00fd a motivovan\u00fd vydat ze sebe to nejlep\u0161\u00ed, proto\u017ee v\u00ed, \u017ee \u00fasp\u011bch jednotlivce znamen\u00e1 \u00fasp\u011bch cel\u00e9 spole\u010dnosti.\r\n\r\n\t\t<\/div>\n\t\t\t\t\t<\/div>\n\n\t\r\n\r\n\n<style>\n#row-2752406 > .col > .col-inner {\n  padding: 0 0px 0px 0px;\n}\n<\/style>\n<\/div>\r\n\r\n<\/div><\/div><\/div>\n\n\n","protected":false},"excerpt":{"rendered":"","protected":false},"author":1,"featured_media":0,"parent":0,"menu_order":0,"comment_status":"closed","ping_status":"closed","template":"","meta":{"footnotes":""},"class_list":["post-23983","page","type-page","status-publish","hentry"],"_links":{"self":[{"href":"https:\/\/www.md-elektronik.com\/cs\/wp-json\/wp\/v2\/pages\/23983","targetHints":{"allow":["GET"]}}],"collection":[{"href":"https:\/\/www.md-elektronik.com\/cs\/wp-json\/wp\/v2\/pages"}],"about":[{"href":"https:\/\/www.md-elektronik.com\/cs\/wp-json\/wp\/v2\/types\/page"}],"author":[{"embeddable":true,"href":"https:\/\/www.md-elektronik.com\/cs\/wp-json\/wp\/v2\/users\/1"}],"replies":[{"embeddable":true,"href":"https:\/\/www.md-elektronik.com\/cs\/wp-json\/wp\/v2\/comments?post=23983"}],"version-history":[{"count":1,"href":"https:\/\/www.md-elektronik.com\/cs\/wp-json\/wp\/v2\/pages\/23983\/revisions"}],"predecessor-version":[{"id":23988,"href":"https:\/\/www.md-elektronik.com\/cs\/wp-json\/wp\/v2\/pages\/23983\/revisions\/23988"}],"wp:attachment":[{"href":"https:\/\/www.md-elektronik.com\/cs\/wp-json\/wp\/v2\/media?parent=23983"}],"curies":[{"name":"wp","href":"https:\/\/api.w.org\/{rel}","templated":true}]}}