{"id":25108,"date":"2024-11-26T09:31:19","date_gmt":"2024-11-26T08:31:19","guid":{"rendered":"https:\/\/www.md-elektronik.com\/rudolf-engl-johann-geier\/"},"modified":"2024-11-26T09:32:57","modified_gmt":"2024-11-26T08:32:57","slug":"rudolf-engl-johann-geier","status":"publish","type":"page","link":"https:\/\/www.md-elektronik.com\/cs\/rudolf-engl-johann-geier\/","title":{"rendered":"Rudolf Engl &#8211; Johann Geier"},"content":{"rendered":"\n<div class=\"message-box relative\" style=\"padding-top:30px;padding-bottom:30px;\"><div class=\"message-box-bg-image bg-fill fill\" ><\/div><div class=\"message-box-bg-overlay bg-fill fill\" style=\"background-color:rgb(245, 245, 247);\"><\/div><div class=\"container relative\"><div class=\"inner last-reset\">\r\n\r\n<div class=\"row align-equal align-center\"  id=\"row-702753304\">\r\n\r\n\n\t<div id=\"col-1416654068\" class=\"col medium-3 small-12 large-3\"  >\n\t\t\t\t<div class=\"col-inner\"  >\n\t\t\t\n\t\t\t\r\n\r\n\t<div id=\"gap-1119792315\" class=\"gap-element clearfix\" style=\"display:block; height:auto;\">\n\t\t\n<style>\n#gap-1119792315 {\n  padding-top: 10px;\n}\n<\/style>\n\t<\/div>\n\t\r\n\r\n\t<div class=\"img has-hover x md-x lg-x y md-y lg-y\" id=\"image_1606300947\">\n\t\t\t\t\t\t\t\t<div class=\"img-inner dark\" >\n\t\t\t<img decoding=\"async\" width=\"1020\" height=\"1020\" src=\"https:\/\/www.md-elektronik.com\/wp-content\/uploads\/2024\/11\/rudolf-engl-1024x1024.jpg\" class=\"attachment-large size-large\" alt=\"\" srcset=\"https:\/\/www.md-elektronik.com\/wp-content\/uploads\/2024\/11\/rudolf-engl-1024x1024.jpg 1024w, https:\/\/www.md-elektronik.com\/wp-content\/uploads\/2024\/11\/rudolf-engl-300x300.jpg 300w, https:\/\/www.md-elektronik.com\/wp-content\/uploads\/2024\/11\/rudolf-engl-150x150.jpg 150w, https:\/\/www.md-elektronik.com\/wp-content\/uploads\/2024\/11\/rudolf-engl-768x768.jpg 768w, https:\/\/www.md-elektronik.com\/wp-content\/uploads\/2024\/11\/rudolf-engl-400x400.jpg 400w, https:\/\/www.md-elektronik.com\/wp-content\/uploads\/2024\/11\/rudolf-engl-600x600.jpg 600w, https:\/\/www.md-elektronik.com\/wp-content\/uploads\/2024\/11\/rudolf-engl.jpg 1240w\" sizes=\"(max-width: 1020px) 100vw, 1020px\" \/>\t\t\t\t\t\t\n\t\t\t\t\t<\/div>\n\t\t\t\t\t\t\t\t\n<style>\n#image_1606300947 {\n  width: 99%;\n}\n<\/style>\n\t<\/div>\n\t\r\n\r\n\t\t<\/div>\n\t\t\t\t\t<\/div>\n\n\t\r\n\n\t<div id=\"col-976196437\" class=\"col medium-9 small-12 large-9\"  >\n\t\t\t\t<div class=\"col-inner\"  >\n\t\t\t\n\t\t\t\r\n\r\n<span style=\"font-size: 130%;\"><strong>Rudolf Engl<\/strong><\/span>\r\n\r\nPo studiu elektrotechniky se specializac\u00ed na vysokofrekven\u010dn\u00ed techniku Rudolf Engl zah\u00e1jil svou profesn\u00ed kari\u00e9ru jako v\u00fdvojov\u00fd in\u017een\u00fdr elektroniky ve spole\u010dnosti Eurocopter (nyn\u00ed Airbus Helicopters). Sv\u00e9 znalosti elektroniky si n\u00e1sledn\u011b prohloubil v r\u016fzn\u00fdch v\u00fdvojov\u00fdch projektech elektroniky vozidel pro spole\u010dnosti Webasto, Beissbarth nebo Atron, a krom\u011b v\u00fdvoj\u00e1\u0159sk\u00e9 pr\u00e1ce byl v\u011bt\u0161inou zodpov\u011bdn\u00fd tak\u00e9 za \u0159\u00edzen\u00ed projekt\u016f hardwarov\u00fdch komponent, jako je nap\u0159\u00edklad kalkul\u00e1tor j\u00edzdn\u00e9ho AFR4 spole\u010dnosti Atron electronic GmbH. Kdy\u017e v roce 2013 nastoupil do MD ELEKTRONIK, byl pov\u011b\u0159en v\u00fdvojem r\u016fzn\u00fdch elektronick\u00fdch sestav USB pro automobilov\u00fd pr\u016fmysl a v roce 2018 se stal vedouc\u00edm odd\u011blen\u00ed v\u00fdvoje elektroniky. K jeho p\u016fsobnosti p\u0159ibyly krom\u011b v\u00fdvoje elektroniky tak\u00e9 r\u016fzn\u00e9 \u00fakoly v projektech v\u00fdvoje konektor\u016f. Od za\u010d\u00e1tku roku 2020 se st\u00e1le intenzivn\u011bji zab\u00fdv\u00e1 t\u00e9matem optick\u00e9ho p\u0159enosu dat ve vozidlech.\r\n\r\n\t\t<\/div>\n\t\t\t\t\t<\/div>\n\n\t\r\n\r\n\n<style>\n#row-702753304 > .col > .col-inner {\n  padding: 0 0px 0px 0px;\n}\n<\/style>\n<\/div>\r\n\r\n<\/div><\/div><\/div>\n\n\n","protected":false},"excerpt":{"rendered":"","protected":false},"author":2,"featured_media":0,"parent":0,"menu_order":0,"comment_status":"closed","ping_status":"closed","template":"","meta":{"footnotes":""},"class_list":["post-25108","page","type-page","status-publish","hentry"],"_links":{"self":[{"href":"https:\/\/www.md-elektronik.com\/cs\/wp-json\/wp\/v2\/pages\/25108","targetHints":{"allow":["GET"]}}],"collection":[{"href":"https:\/\/www.md-elektronik.com\/cs\/wp-json\/wp\/v2\/pages"}],"about":[{"href":"https:\/\/www.md-elektronik.com\/cs\/wp-json\/wp\/v2\/types\/page"}],"author":[{"embeddable":true,"href":"https:\/\/www.md-elektronik.com\/cs\/wp-json\/wp\/v2\/users\/2"}],"replies":[{"embeddable":true,"href":"https:\/\/www.md-elektronik.com\/cs\/wp-json\/wp\/v2\/comments?post=25108"}],"version-history":[{"count":1,"href":"https:\/\/www.md-elektronik.com\/cs\/wp-json\/wp\/v2\/pages\/25108\/revisions"}],"predecessor-version":[{"id":25113,"href":"https:\/\/www.md-elektronik.com\/cs\/wp-json\/wp\/v2\/pages\/25108\/revisions\/25113"}],"wp:attachment":[{"href":"https:\/\/www.md-elektronik.com\/cs\/wp-json\/wp\/v2\/media?parent=25108"}],"curies":[{"name":"wp","href":"https:\/\/api.w.org\/{rel}","templated":true}]}}