{"id":2685,"date":"2020-01-27T13:43:07","date_gmt":"2020-01-27T12:43:07","guid":{"rendered":"https:\/\/www.md-elektronik.de\/?page_id=2685"},"modified":"2021-09-02T08:18:20","modified_gmt":"2021-09-02T06:18:20","slug":"kariera-v-ceske-republice","status":"publish","type":"page","link":"https:\/\/www.md-elektronik.com\/cs\/kariera\/kariera-v-ceske-republice\/","title":{"rendered":"Kari\u00e9ra v \u010cesk\u00e9 republice"},"content":{"rendered":"\n<div class=\"slider-wrapper relative\" id=\"slider-2104483005\" >\n    <div class=\"slider slider-nav-circle slider-nav-large slider-nav-light slider-style-normal\"\n        data-flickity-options='{\n            \"cellAlign\": \"center\",\n            \"imagesLoaded\": true,\n            \"lazyLoad\": 1,\n            \"freeScroll\": false,\n            \"wrapAround\": true,\n            \"autoPlay\": 6000,\n            \"pauseAutoPlayOnHover\" : true,\n            \"prevNextButtons\": true,\n            \"contain\" : true,\n            \"adaptiveHeight\" : true,\n            \"dragThreshold\" : 10,\n            \"percentPosition\": true,\n            \"pageDots\": true,\n            \"rightToLeft\": false,\n            \"draggable\": true,\n            \"selectedAttraction\": 0.1,\n            \"parallax\" : 0,\n            \"friction\": 0.6        }'\n        >\n        \n\n\n  <div class=\"banner has-hover\" id=\"banner-483339354\">\n          <div class=\"banner-inner fill\">\n        <div class=\"banner-bg fill\" >\n            <img decoding=\"async\" width=\"1200\" height=\"450\" src=\"https:\/\/www.md-elektronik.com\/wp-content\/uploads\/2019\/07\/CZ_1.jpg\" class=\"bg attachment-original size-original\" alt=\"\" \/>                                    \n                    <\/div>\n\t\t\n        <div class=\"banner-layers container\">\n            <div class=\"fill banner-link\"><\/div>            \n\n\n        <\/div>\n      <\/div>\n\n            \n<style>\n#banner-483339354 {\n  padding-top: 50%;\n}\n@media (min-width:550px) {\n  #banner-483339354 {\n    padding-top: 450px;\n  }\n}\n<\/style>\n  <\/div>\n\n\n\n  <div class=\"banner has-hover\" id=\"banner-521366244\">\n          <div class=\"banner-inner fill\">\n        <div class=\"banner-bg fill\" >\n            <img decoding=\"async\" width=\"1200\" height=\"450\" src=\"https:\/\/www.md-elektronik.com\/wp-content\/uploads\/2019\/07\/CZ_2.jpg\" class=\"bg attachment-original size-original\" alt=\"\" \/>                                    \n                    <\/div>\n\t\t\n        <div class=\"banner-layers container\">\n            <div class=\"fill banner-link\"><\/div>            \n\n\n        <\/div>\n      <\/div>\n\n            \n<style>\n#banner-521366244 {\n  padding-top: 50%;\n}\n@media (min-width:550px) {\n  #banner-521366244 {\n    padding-top: 450px;\n  }\n}\n<\/style>\n  <\/div>\n\n\n\n  <div class=\"banner has-hover\" id=\"banner-1443716361\">\n          <div class=\"banner-inner fill\">\n        <div class=\"banner-bg fill\" >\n            <img decoding=\"async\" width=\"1200\" height=\"450\" src=\"https:\/\/www.md-elektronik.com\/wp-content\/uploads\/2019\/07\/CZ_3.jpg\" class=\"bg attachment-original size-original\" alt=\"\" \/>                                    \n                    <\/div>\n\t\t\n        <div class=\"banner-layers container\">\n            <div class=\"fill banner-link\"><\/div>            \n\n\n        <\/div>\n      <\/div>\n\n            \n<style>\n#banner-1443716361 {\n  padding-top: 50%;\n}\n@media (min-width:550px) {\n  #banner-1443716361 {\n    padding-top: 450px;\n  }\n}\n<\/style>\n  <\/div>\n\n\n\n     <\/div>\n\n     <div class=\"loading-spin dark large centered\"><\/div>\n\n\t<\/div>\n\n\n<div class=\"row\"  id=\"row-1346090697\">\n\n\n\t<div id=\"col-577172139\" class=\"col medium-4 small-12 large-4\"  >\n\t\t\t\t<div class=\"col-inner\"  >\n\t\t\t\n\t\t\t\n\n<div class=\"nav-wrapper\"><ul class=\"nav nav-uppercase nav-vertical nav-tabs text-left nav-left\"><p class=\"lead shortcode-error text-center\">Sorry, no pages was found<\/p><\/ul><\/div>\n\n\t<div id=\"gap-1530082820\" class=\"gap-element clearfix\" style=\"display:block; height:auto;\">\n\t\t\n<style>\n#gap-1530082820 {\n  padding-top: 31px;\n}\n<\/style>\n\t<\/div>\n\t\n\n<div class=\"social-icons share-icons share-row relative hide-for-medium icon-style-small\" style=\"font-size:120%\"><\/div>\n\n\n\t\t<\/div>\n\t\t\t\t\t<\/div>\n\n\t\n\n\t<div id=\"col-473747100\" class=\"col medium-8 small-12 large-8\"  >\n\t\t\t\t<div class=\"col-inner\"  >\n\t\t\t\n\t\t\t\n\n<h1>voln\u00e1 m\u00edsta \u010cesk\u00e1 Republika<\/h1>\n<p>Pro m\u00edsta v \u010cesk\u00e9 republice je t\u0159eba aktivn\u00ed znalost \u010desk\u00e9ho jazyka. Proto jsou tyto nab\u00eddky pracovn\u00edch m\u00edst k dispozici pouze v \u010desk\u00e9m jazyce.<\/p>\n<ul>\n<li><a  href=\"http:\/\/www.jobs.cz\/fp\/md-elektronik-spol-s-r-o-50187440\/\"  target=\"_blank\" rel=\"noopener noreferrer\" dpc-external=\"true\"  target=\"_blank\"  rel=\"nofollow\" >Aktu\u00e1ln\u00ed nab\u00eddku voln\u00fdch m\u00edst najdete zde<\/a><\/li>\n<\/ul>\n<p><strong>Pro v\u00edce informac\u00ed jsme V\u00e1m r\u00e1di k dispozici:<\/strong><\/p>\n<div class=\"row\"  id=\"row-1865572749\">\n\n\n\t<div id=\"col-1309312231\" class=\"col medium-6 small-12 large-6\"  >\n\t\t\t\t<div class=\"col-inner\"  >\n\t\t\t\n\t\t\t\n\n<p><strong>D\u011blnick\u00e9 pozice<br \/>Lucie \u010cern\u00e1<br \/><\/strong>Person\u00e1ln\u00ed odd\u011blen\u00ed<br \/>Dob\u0159ansk\u00e1 629, <br \/>332 14 Chot\u011b\u0161ov<br \/>t.: +420 \/ 377 198 \u2013 857<br \/><a class=\"mail\" href=\"mailto:lucie.cerna@md-elektronik.cz\">e.:&nbsp;<\/a><a class=\"mail\" href=\"mailto:lucie.cerna@md-elektronik.cz\">Poslat zpr\u00e1vu<\/a><\/p>\n\n\t\t<\/div>\n\t\t\t\t\t<\/div>\n\n\t\n\n\t<div id=\"col-1625599517\" class=\"col medium-6 small-12 large-6\"  >\n\t\t\t\t<div class=\"col-inner\"  >\n\t\t\t\n\t\t\t\n\n<p><strong>Odborn\u00e9 &amp; administrativn\u00ed pozice (THP)&nbsp;&nbsp; <br \/>Krist\u00fdna K\u0159\u00ed\u017eov\u00e1<br \/><\/strong>Person\u00e1ln\u00ed odd\u011blen\u00ed<br \/>Dob\u0159ansk\u00e1 629,<br \/>332 14 Chot\u011b\u0161ov<br \/>t.: +420 \/ 377 198 \u2013 435<br \/><a class=\"mail\" href=\"mailto:lucie.cerna@md-elektronik.cz\">e.: <\/a><a class=\"mail\" href=\"mailto:lucie.cerna@md-elektronik.cz\">Poslat zpr\u00e1vu<\/a><strong><br \/><\/strong><\/p>\n\n\t\t<\/div>\n\t\t\t\t\t<\/div>\n\n\t\n\n<\/div>\n\t<div id=\"gap-671088441\" class=\"gap-element clearfix\" style=\"display:block; height:auto;\">\n\t\t\n<style>\n#gap-671088441 {\n  padding-top: 30px;\n}\n<\/style>\n\t<\/div>\n\t\n\n<!-- Tech. dokumentace: http:\/\/snippet.capybara.lmc.cz\/ -->\n<div id=\"capybara\"><\/div>\n<script>\nwindow.__LMC_CAREER_WIDGET__ = {\"apiKey\":\"60b23f4dee3dcde42bb48e42da6db03519d9eff6700640034797a91b02e398ac\",\"widgetId\":\"413f61b6-0388-421a-a3b6-588ec00e5a34\",\"selector\":\"#capybara\",\"themes\":[\"base\"]};\n<\/script>\n<script src=\"https:\/\/snippet.capybara.lmc.cz\/js\/widget-3.x.x.min.js\" async defer charset=\"UTF-8\"><\/script>\n\n\t\t<\/div>\n\t\t\t\t\t<\/div>\n\n\t\n\n<\/div>\n\n","protected":false},"excerpt":{"rendered":"","protected":false},"author":2,"featured_media":0,"parent":2668,"menu_order":2,"comment_status":"closed","ping_status":"closed","template":"","meta":{"footnotes":""},"class_list":["post-2685","page","type-page","status-publish","hentry"],"_links":{"self":[{"href":"https:\/\/www.md-elektronik.com\/cs\/wp-json\/wp\/v2\/pages\/2685","targetHints":{"allow":["GET"]}}],"collection":[{"href":"https:\/\/www.md-elektronik.com\/cs\/wp-json\/wp\/v2\/pages"}],"about":[{"href":"https:\/\/www.md-elektronik.com\/cs\/wp-json\/wp\/v2\/types\/page"}],"author":[{"embeddable":true,"href":"https:\/\/www.md-elektronik.com\/cs\/wp-json\/wp\/v2\/users\/2"}],"replies":[{"embeddable":true,"href":"https:\/\/www.md-elektronik.com\/cs\/wp-json\/wp\/v2\/comments?post=2685"}],"version-history":[{"count":16,"href":"https:\/\/www.md-elektronik.com\/cs\/wp-json\/wp\/v2\/pages\/2685\/revisions"}],"predecessor-version":[{"id":7339,"href":"https:\/\/www.md-elektronik.com\/cs\/wp-json\/wp\/v2\/pages\/2685\/revisions\/7339"}],"up":[{"embeddable":true,"href":"https:\/\/www.md-elektronik.com\/cs\/wp-json\/wp\/v2\/pages\/2668"}],"wp:attachment":[{"href":"https:\/\/www.md-elektronik.com\/cs\/wp-json\/wp\/v2\/media?parent=2685"}],"curies":[{"name":"wp","href":"https:\/\/api.w.org\/{rel}","templated":true}]}}