{"id":2703,"date":"2020-01-27T13:45:19","date_gmt":"2020-01-27T12:45:19","guid":{"rendered":"https:\/\/www.md-elektronik.de\/?page_id=2703"},"modified":"2026-03-24T09:54:27","modified_gmt":"2026-03-24T08:54:27","slug":"certifikaty","status":"publish","type":"page","link":"https:\/\/www.md-elektronik.com\/cs\/o-nas\/certifikaty\/","title":{"rendered":"Certifik\u00e1ty"},"content":{"rendered":"\n<div class=\"row\"  id=\"row-1244264862\">\n\n\n\t<div id=\"col-1297590516\" class=\"col medium-4 small-12 large-4\"  >\n\t\t\t\t<div class=\"col-inner\"  >\n\t\t\t\n\t\t\t\n\n<h1 class=\"\"><strong>Kvalita<\/strong><\/h1>\n<p><strong>MD ELEKTRONIK &#8211; N\u0115mecko &#8211;\u00a0ISO 9001<\/strong><\/p>\n<ul>\n<li><a href=\"https:\/\/www.md-elektronik.com\/wp-content\/uploads\/2024\/07\/16739ms_de.pdf\">N\u011bmeck\u00e1 verze<\/a><\/li>\n<li><a href=\"https:\/\/www.md-elektronik.com\/wp-content\/uploads\/2024\/07\/16739ms_en.pdf\">Anglick\u00e1 verze<\/a><\/li>\n<\/ul>\n<p><strong>MD ELEKTRONIK &#8211; \u010cesk\u00e1\u00a0republika &#8211; IATF 16949<\/strong><\/p>\n<ul>\n<li><a href=\"https:\/\/www.md-elektronik.com\/wp-content\/uploads\/2025\/08\/16739msIATF_ts02.pdf\">\u010cesk\u00e1 verze<\/a><\/li>\n<li><a href=\"https:\/\/www.md-elektronik.com\/wp-content\/uploads\/2025\/08\/16739msIATF_en02.pdf\">Anglick\u00e1 verze<\/a><\/li>\n<\/ul>\n<p><strong>MD ELECTRONICS &#8211; China (Beijing) &#8211; IATF 16949<\/strong><\/p>\n<ul>\n<li><a href=\"https:\/\/www.md-elektronik.com\/wp-content\/uploads\/2023\/12\/16739msIATF_chi03.pdf\">\u010c\u00ednsk\u00e1 verze<\/a><\/li>\n<li><a href=\"https:\/\/www.md-elektronik.com\/wp-content\/uploads\/2023\/12\/16739msIATF_en03.pdf\">Anglick\u00e1 verze<\/a><\/li>\n<\/ul>\n<p><strong>MD ELECTRONICS \u2013 China (Changzhou) \u2013 IATF 16949<\/strong><\/p>\n<ul>\n<li><a href=\"https:\/\/www.md-elektronik.com\/wp-content\/uploads\/2024\/11\/16739msIATF_chi06.pdf\">\u010c\u00ednsk\u00e1 verze<\/a><\/li>\n<li><a href=\"https:\/\/www.md-elektronik.com\/wp-content\/uploads\/2024\/11\/16739msIATF_en06.pdf\">Anglick\u00e1 verze<\/a><\/li>\n<\/ul>\n<p><strong>MD ELEKTRONIK &#8211; Mexiko &#8211;\u00a0IATF 16949<\/strong><\/p>\n<ul>\n<li><a href=\"https:\/\/www.md-elektronik.com\/wp-content\/uploads\/2024\/07\/16739msIATF_sp05.pdf\">Span\u011blsk\u00fd verze<\/a><\/li>\n<li><a href=\"https:\/\/www.md-elektronik.com\/wp-content\/uploads\/2024\/07\/16739msIATF_en05.pdf\">Anglick\u00e1 verze<\/a><\/li>\n<\/ul>\n<p><strong>MD ELEKTRONIK \u2013 Bulgaria \u2013 IATF 16949<\/strong><\/p>\n<ul>\n<li><a href=\"https:\/\/www.md-elektronik.com\/wp-content\/uploads\/2024\/11\/16739msIATF_bul07.pdf\">Bulharsk\u00e1 verze<\/a><\/li>\n<li><a href=\"https:\/\/www.md-elektronik.com\/wp-content\/uploads\/2024\/11\/16739msIATF_en07.pdf\">Anglick\u00e1 verze<\/a><\/li>\n<\/ul>\n<header><\/header>\n\n\t\t<\/div>\n\t\t\t\t\t<\/div>\n\n\t\n\n\t<div id=\"col-82544769\" class=\"col medium-4 small-12 large-4\"  >\n\t\t\t\t<div class=\"col-inner\"  >\n\t\t\t\n\t\t\t\n\n<header>\n<h2>\u017divotn\u00ed prost\u0159ed\u00ed, Bezpe\u010dnost a ochrana zdrav\u00ed p\u0159i pr\u00e1ci<\/h2>\n<\/header>\n<p><strong>MD ELEKTRONIK &#8211; Glob\u00e1ln\u00ed &#8211; <span lang=\"de\" data-ogsc=\"rgb(31, 73, 125)\">ISO 14001\/ ISO 45001<\/span><\/strong><\/p>\n<ul>\n<li><a href=\"https:\/\/www.md-elektronik.com\/wp-content\/uploads\/2024\/11\/Hauptzertifikat_14001_45001_DE.pdf\">Hlavn\u00ed certifik\u00e1t (N\u011bmeck\u00e1 verze)<\/a><\/li>\n<li><a href=\"https:\/\/www.md-elektronik.com\/wp-content\/uploads\/2024\/11\/Hauptzertifikat_14001_45001_EN.pdf\">Hlavn\u00ed certifik\u00e1t (Anglick\u00e1 verze)<\/a><\/li>\n<\/ul>\n<p><strong>MD ELEKTRONIK &#8211; N\u0115mecko &#8211; <span lang=\"de\" data-ogsc=\"rgb(31, 73, 125)\">ISO 14001\/ ISO 45001<\/span><\/strong><\/p>\n<ul>\n<li><a href=\"https:\/\/www.md-elektronik.com\/wp-content\/uploads\/2024\/02\/14001_45001_Waldkraiburg_20240214_de.pdf\">N\u011bmeck\u00e1 verze<\/a><\/li>\n<li><a href=\"https:\/\/www.md-elektronik.com\/wp-content\/uploads\/2024\/02\/14001_45001_Waldkraiburg_20240214_en.pdf\">Anglick\u00e1 verze<\/a><\/li>\n<\/ul>\n<p><strong>MD ELEKTRONIK &#8211; \u010cesk\u00e1 republika (Chot\u011b\u0161ov) &#8211; <span lang=\"de\" data-ogsc=\"rgb(31, 73, 125)\">ISO 14001\/ ISO 45001<\/span><\/strong><\/p>\n<ul>\n<li><a href=\"https:\/\/www.md-elektronik.com\/wp-content\/uploads\/2024\/03\/14001_45001_CZ-Chotesov_20240803_v2_cs.pdf\">\u010cesk\u00e1 verze<\/a><\/li>\n<li><a href=\"https:\/\/www.md-elektronik.com\/wp-content\/uploads\/2024\/03\/14001_45001_CZ-Chotesov_20240803_en.pdf\">Anglick\u00e1 verze<\/a><\/li>\n<\/ul>\n<p><strong>MD ELEKTRONIK &#8211; \u010cesk\u00e1 republika (Plze\u0148, \u00dan\u011b\u0161ovsk\u00e1) &#8211; <span lang=\"de\" data-ogsc=\"rgb(31, 73, 125)\">ISO 14001\/ ISO 45001<\/span><\/strong><\/p>\n<ul>\n<li><a href=\"https:\/\/www.md-elektronik.com\/wp-content\/uploads\/2024\/03\/14001_45001_CZ-Plzen_U_20240803_cs.pdf\">\u010cesk\u00e1 verze<\/a><\/li>\n<li><a href=\"https:\/\/www.md-elektronik.com\/wp-content\/uploads\/2024\/03\/14001_45001_CZ-Plzen_U_20240803_en.pdf\">Anglick\u00e1 verze<\/a><\/li>\n<\/ul>\n<p><strong>MD ELEKTRONIK &#8211; \u010cesk\u00e1 republika (Plze\u0148, Obchodn\u00ed) &#8211; <span lang=\"de\" data-ogsc=\"rgb(31, 73, 125)\">ISO 14001\/ ISO 45001<\/span><\/strong><\/p>\n<ul>\n<li><a href=\"https:\/\/www.md-elektronik.com\/wp-content\/uploads\/2024\/03\/14001_45001_CZ-Plzen_O_20240803_cs.pdf\">\u010cesk\u00e1 verze<\/a><\/li>\n<li><a href=\"https:\/\/www.md-elektronik.com\/wp-content\/uploads\/2024\/03\/14001_45001_CZ-Plzen_O_20240803_en.pdf\">Anglick\u00e1 verze<\/a><\/li>\n<\/ul>\n<p><strong>MD ELEKTRONIK \u2013 \u010cesk\u00e1 republika \u2013 Projekt \u00faspor energie<\/strong><\/p>\n<ul type=\"disc\">\n<li><a href=\"https:\/\/www.md-elektronik.com\/cs\/o-nas\/certifikaty\/ceska-republika-projekt-uspor-energie\/\">Dal\u0161\u00ed informace<\/a><\/li>\n<\/ul>\n<p><strong>MD ELECTRONICS &#8211; China (Beijing) &#8211; <span lang=\"de\" data-ogsc=\"rgb(31, 73, 125)\">ISO 14001\/ ISO 45001<\/span><\/strong><\/p>\n<ul>\n<li><a href=\"https:\/\/www.md-elektronik.com\/wp-content\/uploads\/2024\/02\/14001_45001_CN-Beijing_20241502_cn.pdf\">\u010c\u00ednsk\u00e1\u00a0verze<\/a><\/li>\n<li><a href=\"https:\/\/www.md-elektronik.com\/wp-content\/uploads\/2024\/02\/14001_45001_CN-Beijing_20241502_en.pdf\">Anglick\u00e1 verze<\/a><\/li>\n<\/ul>\n<p><strong>MD ELECTRONICS \u2013 China (Changzhou) \u2013 <span lang=\"de\" data-ogsc=\"rgb(31, 73, 125)\">ISO 14001\/ ISO 45001<\/span><\/strong><\/p>\n<ul>\n<li><a href=\"https:\/\/www.md-elektronik.com\/wp-content\/uploads\/2024\/02\/14001_45001_CN-Changzhou_20240214_cn.pdf\">\u010c\u00ednsk\u00e1\u00a0verze<\/a><\/li>\n<li><a href=\"https:\/\/www.md-elektronik.com\/wp-content\/uploads\/2024\/02\/14001_45001_CN-Changzhou_20240214_en.pdf\">Anglick\u00e1 verze<\/a><\/li>\n<\/ul>\n<p><strong>MD ELEKTRONIK &#8211; Mexico &#8211; <span lang=\"de\" data-ogsc=\"rgb(31, 73, 125)\">ISO 14001\/ ISO 45001<\/span><\/strong><\/p>\n<ul>\n<li><a href=\"https:\/\/www.md-elektronik.com\/wp-content\/uploads\/2024\/11\/Zertifikat-MDMX_ES_14001_45001.pdf\">Span\u011blsk\u00fd verze<\/a><\/li>\n<li><a href=\"https:\/\/www.md-elektronik.com\/wp-content\/uploads\/2024\/11\/Zertifikat-MDMX_EN14001_45001-2.pdf\">Anglick\u00e1 verze<\/a><\/li>\n<li><a href=\"https:\/\/www.md-elektronik.com\/wp-content\/uploads\/2024\/11\/Zertifikat-MDMX_DE_14001_45001.pdf\">N\u011bmeck\u00e1 verze<\/a><\/li>\n<\/ul>\n<p><strong>MD ELEKTRONIK \u2013 Bulgaria \u2013 <span lang=\"de\" data-ogsc=\"rgb(31, 73, 125)\">ISO 14001\/ ISO 45001<\/span><\/strong><\/p>\n<ul>\n<li><a href=\"https:\/\/www.md-elektronik.com\/wp-content\/uploads\/2024\/02\/16739ms_08_EOOD_141_451_DIN_EN_ISO_14001_45001_bg.pdf\">Bulharsk\u00e1 verze<\/a><\/li>\n<li><a href=\"https:\/\/www.md-elektronik.com\/wp-content\/uploads\/2024\/02\/16739ms_08_EOOD_141_451_DIN_EN_ISO_14001_45001_en.pdf\">Anglick\u00e1 verze<\/a><\/li>\n<\/ul>\n\n\t\t<\/div>\n\t\t\t\t\t<\/div>\n\n\t\n\n\t<div id=\"col-1813909364\" class=\"col medium-4 small-12 large-4\"  >\n\t\t\t\t<div class=\"col-inner\"  >\n\t\t\t\n\t\t\t\n\n<h2>Akreditovan\u00e9 laborato\u0159e:<\/h2>\n<p><strong>MD ELEKTRONIK \u2013 Germany<\/strong><\/p>\n<ul>\n<li><a href=\" https:\/\/www.md-elektronik.com\/wp-content\/uploads\/2024\/03\/Akkreditierungsurkunde-DAkkS-D-PL-19548-01-01.pdf \">Akreditace proveden\u00e1 u DAkkS (n\u011bmeck\u00e9 akredita\u010dn\u00ed m\u00edsto)\u00a0 D-PL-19548-01-01 (n\u011bmeck\u00fd jazyk)<\/a><\/li>\n<li><a href=\"https:\/\/www.md-elektronik.com\/wp-content\/uploads\/2024\/03\/Akkreditierungsurkunde-DAkkS-D-PL-19548-01-03.pdf\">Akreditace proveden\u00e1 u DAkkS (n\u011bmeck\u00e9 akredita\u010dn\u00ed m\u00edsto D-PL-19548-01-03 (n\u011bmeck\u00fd jazyk)<\/a><\/li>\n<li><a href=\"https:\/\/www.md-elektronik.com\/wp-content\/uploads\/2026\/01\/C43615-DE-LALG-70098652-Liste-der-Verfahren-Standort-MDD.pdf\">Seznam postup\u016f &#8211; um\u00edst\u011bn\u00ed MD(D)<\/a><\/li>\n<li><a href=\"https:\/\/www.md-elektronik.com\/wp-content\/uploads\/2025\/01\/MD-Test-Laboratory-decision-rules.pdf\">Pravidla rozhodov\u00e1n\u00ed (anglick\u00e1 verze)<\/a><\/li>\n<\/ul>\n<p><img decoding=\"async\" class=\"alignnone  wp-image-9024\" src=\"https:\/\/www.md-elektronik.com\/wp-content\/uploads\/2024\/07\/D-PL-19548-01-00_DAkkS_Symbol_ILAC_RGB_2.1-scaled.jpg\" alt=\"\" width=\"160\" height=\"61\" \/><\/p>\n<p><span style=\"font-size: 85%;\"><em> Akreditace je platn\u00e1 pro rozsah definovan\u00fd v p\u0159\u00edloze dokumentu D-PL-22492-01-01 a D-PL-22492-01-03.<\/em><\/span><\/p>\n<p><strong><br \/>MD ELEKTRONIK \u2013 \u010cesk\u00e1 republika<\/strong><\/p>\n<ul>\n<li><a href=\"https:\/\/www.md-elektronik.com\/wp-content\/uploads\/2025\/03\/Akkreditierungsurkunde-DAkkS-D-PL-19548-01-02.pdf\">Akreditace proveden\u00e1 u DAkkS (n\u011bmeck\u00e9 akredita\u010dn\u00ed m\u00edsto)\u00a0 D-PL-19548-01-02\u00a0 (n\u011bmeck\u00fd jazyk)<\/a><\/li>\n<li><a style=\"font-size: 14.4px;\" href=\"https:\/\/www.md-elektronik.com\/wp-content\/uploads\/2024\/10\/List-of-test-methods-location-MDCZ.pdf\">Seznam zku\u0161ebn\u00edch metod &#8211; um\u00edst\u011bn\u00ed MD(CZ)<\/a><\/li>\n<li><a href=\"https:\/\/www.md-elektronik.com\/wp-content\/uploads\/2025\/01\/MD-Test-Laboratory-decision-rules.pdf\">Pravidla rozhodov\u00e1n\u00ed (anglick\u00fd jazyk)<\/a><\/li>\n<\/ul>\n<p><img decoding=\"async\" class=\"alignnone  wp-image-9018\" src=\"https:\/\/www.md-elektronik.com\/wp-content\/uploads\/2022\/02\/DAkkS_Symbol_ILAC_RGB_2.1_CZ_small-300x117.jpg\" alt=\"\" width=\"179\" height=\"70\" srcset=\"https:\/\/www.md-elektronik.com\/wp-content\/uploads\/2022\/02\/DAkkS_Symbol_ILAC_RGB_2.1_CZ_small-300x117.jpg 300w, https:\/\/www.md-elektronik.com\/wp-content\/uploads\/2022\/02\/DAkkS_Symbol_ILAC_RGB_2.1_CZ_small-1024x401.jpg 1024w, https:\/\/www.md-elektronik.com\/wp-content\/uploads\/2022\/02\/DAkkS_Symbol_ILAC_RGB_2.1_CZ_small-768x301.jpg 768w, https:\/\/www.md-elektronik.com\/wp-content\/uploads\/2022\/02\/DAkkS_Symbol_ILAC_RGB_2.1_CZ_small-1536x601.jpg 1536w, https:\/\/www.md-elektronik.com\/wp-content\/uploads\/2022\/02\/DAkkS_Symbol_ILAC_RGB_2.1_CZ_small-2048x802.jpg 2048w\" sizes=\"(max-width: 179px) 100vw, 179px\" \/><\/p>\n<p><span style=\"font-size: 85%;\"><em>Akreditace plat\u00ed pro rozsah uveden\u00fd v p\u0159\u00edloze listin D-PL-19548-01-02.<\/em><\/span><\/p>\n<p>\u00a0<\/p>\n<p><strong>MD ELECTRONICS \u2013 China (Changzhou)<\/strong><\/p>\n<ul>\n<li><a href=\"https:\/\/www.md-elektronik.com\/wp-content\/uploads\/2026\/03\/Accreditation-of-the-German-National-Accreditation-Body-DAkkS-D-PL-22492-01-00.pdf\">Akreditace proveden\u00e1 u DAkkS (n\u011bmeck\u00e9 akredita\u010dn\u00ed m\u00edsto) D-PL-22492-01-00 (anglick\u00fd jazyk)<\/a>\u00a0<\/li>\n<li>\n<p><a href=\"https:\/\/www.md-elektronik.com\/wp-content\/uploads\/2025\/01\/List-of-Test-Methods-Location-MDCN.C.pdf\">Seznam zku\u0161ebn\u00edch metod \u2013 um\u00edst\u011bn\u00ed MD(CN.C) (anglick\u00fd jazyk) <\/a><\/p>\n<\/li>\n<li><a href=\"https:\/\/www.md-elektronik.com\/wp-content\/uploads\/2025\/01\/MD-Test-Laboratory-decision-rules.pdf\">Pravidla rozhodov\u00e1n\u00ed (anglick\u00fd jazyk)<\/a><\/li>\n<\/ul>\n<p><img decoding=\"async\" class=\"alignnone  wp-image-9018\" src=\"https:\/\/www.md-elektronik.com\/wp-content\/uploads\/2026\/03\/ILACDAKKS-RGB_D-PL-22492-01-00-scaled.jpg\" alt=\"\" width=\"160\" height=\"61\" \/><\/p>\n<p><span style=\"font-size: 85%;\"><em>Akreditace plat\u00ed pro rozsah uveden\u00fd v p\u0159\u00edloze listin D-PL-22492-01-00.<\/em><\/span><\/p>\n<p>\u00a0<\/p>\n<h2><strong>Neakreditovan\u00e9 laborato\u0159e:<\/strong><\/h2>\n<p><strong>MD ELEKTRONIK \u2013 Mexico<\/strong><\/p>\n<ul>\n<li><a href=\"https:\/\/www.md-elektronik.com\/wp-content\/uploads\/2025\/01\/MD-Test-Laboratory-decision-rules.pdf\">Decisive rules<\/a> \u00a0<\/li>\n<li><a href=\"https:\/\/www.md-elektronik.com\/wp-content\/uploads\/2025\/02\/List-of-test-methods-location-MDMX.pdf\">Seznam zku\u0161ebn\u00edch metod um\u00edst\u011bn\u00ed MD(MX) (anglick\u00fd jazyk)<\/a><\/li>\n<\/ul>\n\n\t\t<\/div>\n\t\t\t\t\t<\/div>\n\n\t\n\n<\/div>\n\n","protected":false},"excerpt":{"rendered":"","protected":false},"author":2,"featured_media":0,"parent":5721,"menu_order":3,"comment_status":"closed","ping_status":"closed","template":"","meta":{"footnotes":""},"class_list":["post-2703","page","type-page","status-publish","hentry"],"_links":{"self":[{"href":"https:\/\/www.md-elektronik.com\/cs\/wp-json\/wp\/v2\/pages\/2703","targetHints":{"allow":["GET"]}}],"collection":[{"href":"https:\/\/www.md-elektronik.com\/cs\/wp-json\/wp\/v2\/pages"}],"about":[{"href":"https:\/\/www.md-elektronik.com\/cs\/wp-json\/wp\/v2\/types\/page"}],"author":[{"embeddable":true,"href":"https:\/\/www.md-elektronik.com\/cs\/wp-json\/wp\/v2\/users\/2"}],"replies":[{"embeddable":true,"href":"https:\/\/www.md-elektronik.com\/cs\/wp-json\/wp\/v2\/comments?post=2703"}],"version-history":[{"count":128,"href":"https:\/\/www.md-elektronik.com\/cs\/wp-json\/wp\/v2\/pages\/2703\/revisions"}],"predecessor-version":[{"id":31780,"href":"https:\/\/www.md-elektronik.com\/cs\/wp-json\/wp\/v2\/pages\/2703\/revisions\/31780"}],"up":[{"embeddable":true,"href":"https:\/\/www.md-elektronik.com\/cs\/wp-json\/wp\/v2\/pages\/5721"}],"wp:attachment":[{"href":"https:\/\/www.md-elektronik.com\/cs\/wp-json\/wp\/v2\/media?parent=2703"}],"curies":[{"name":"wp","href":"https:\/\/api.w.org\/{rel}","templated":true}]}}