{"id":28462,"date":"2025-06-11T08:33:03","date_gmt":"2025-06-11T06:33:03","guid":{"rendered":"https:\/\/www.md-elektronik.com\/sladjan-ivanovic\/"},"modified":"2025-06-11T08:33:21","modified_gmt":"2025-06-11T06:33:21","slug":"sladjan-ivanovic","status":"publish","type":"page","link":"https:\/\/www.md-elektronik.com\/cs\/sladjan-ivanovic\/","title":{"rendered":"Sladjan Ivanovic"},"content":{"rendered":"\n<div class=\"message-box relative\" style=\"padding-top:30px;padding-bottom:30px;\"><div class=\"message-box-bg-image bg-fill fill\" ><\/div><div class=\"message-box-bg-overlay bg-fill fill\" style=\"background-color:rgb(245, 245, 247);\"><\/div><div class=\"container relative\"><div class=\"inner last-reset\">\r\n\r\n<div class=\"row align-equal align-center\"  id=\"row-1001161503\">\r\n\r\n\n\t<div id=\"col-1854446820\" class=\"col medium-3 small-12 large-3\"  >\n\t\t\t\t<div class=\"col-inner\"  >\n\t\t\t\n\t\t\t\r\n\r\n\t<div id=\"gap-1989722169\" class=\"gap-element clearfix\" style=\"display:block; height:auto;\">\n\t\t\n<style>\n#gap-1989722169 {\n  padding-top: 10px;\n}\n<\/style>\n\t<\/div>\n\t\r\n\r\n\t<div class=\"img has-hover x md-x lg-x y md-y lg-y\" id=\"image_870418984\">\n\t\t\t\t\t\t\t\t<div class=\"img-inner dark\" >\n\t\t\t<img decoding=\"async\" width=\"800\" height=\"800\" src=\"https:\/\/www.md-elektronik.com\/wp-content\/uploads\/2025\/06\/DSC00155-Ivanovic-Sladjan-high.jpg\" class=\"attachment-large size-large\" alt=\"\" srcset=\"https:\/\/www.md-elektronik.com\/wp-content\/uploads\/2025\/06\/DSC00155-Ivanovic-Sladjan-high.jpg 800w, https:\/\/www.md-elektronik.com\/wp-content\/uploads\/2025\/06\/DSC00155-Ivanovic-Sladjan-high-300x300.jpg 300w, https:\/\/www.md-elektronik.com\/wp-content\/uploads\/2025\/06\/DSC00155-Ivanovic-Sladjan-high-150x150.jpg 150w, https:\/\/www.md-elektronik.com\/wp-content\/uploads\/2025\/06\/DSC00155-Ivanovic-Sladjan-high-768x768.jpg 768w\" sizes=\"(max-width: 800px) 100vw, 800px\" \/>\t\t\t\t\t\t\n\t\t\t\t\t<\/div>\n\t\t\t\t\t\t\t\t\n<style>\n#image_870418984 {\n  width: 99%;\n}\n<\/style>\n\t<\/div>\n\t\r\n\r\n\r\n\t\t<\/div>\n\t\t\t\t\t<\/div>\n\n\t\r\n\n\t<div id=\"col-715108152\" class=\"col medium-9 small-12 large-9\"  >\n\t\t\t\t<div class=\"col-inner\"  >\n\t\t\t\n\t\t\t\r\n\r\n<p><span style=\"font-size: 130%;\"><strong>Sladjan Ivanovic<\/strong><\/span><\/p>\r\n<p>Sladjan je zku\u0161en\u00fd profesion\u00e1l v oblasti prodeje a \u0159\u00edzen\u00ed projekt\u016f s v\u00edce ne\u017e 30letou kari\u00e9rou v automobilov\u00e9m pr\u016fmyslu. Vybudoval rozs\u00e1hlou s\u00ed\u0165 kontakt\u016f jak s v\u00fdrobci OEM, tak s\u202fodb\u011brateli Tier 1, a p\u0159\u00edmo se pod\u00edlel na r\u016fstu obchodu i ziskovosti na glob\u00e1ln\u00ed \u00farovni. Jako in\u017een\u00fdr se znalost\u00ed \u010dty\u0159 jazyk\u016f a bohat\u00fdmi zku\u0161enostmi v mezin\u00e1rodn\u00edm managementu vyu\u017e\u00edv\u00e1 Sladjan sv\u00e9 multikulturn\u00ed z\u00e1zem\u00ed k navazov\u00e1n\u00ed profesion\u00e1ln\u00edch a vst\u0159\u00edcn\u00fdch vztah\u016f se z\u00e1kazn\u00edky i dodavateli po cel\u00e9m sv\u011bt\u011b.\r\n\r\nSladjan se aktivn\u011b pod\u00edl\u00ed na podpo\u0159e skupiny MD Group p\u0159i zvy\u0161ov\u00e1n\u00ed jej\u00edho tr\u017en\u00edho pod\u00edlu ve Francii, v\u011brn\u00fd sv\u00e9mu mottu: V\u017edy jdi vp\u0159ed, nikdy se nevzd\u00e1vej.\r\n\r\n<\/p>\r\n\r\n\t\t<\/div>\n\t\t\t\t\t<\/div>\n\n\t\r\n\r\n\n<style>\n#row-1001161503 > .col > .col-inner {\n  padding: 0 0px 0px 0px;\n}\n<\/style>\n<\/div>\r\n\r\n<\/div><\/div><\/div>\n","protected":false},"excerpt":{"rendered":"","protected":false},"author":2,"featured_media":0,"parent":0,"menu_order":0,"comment_status":"closed","ping_status":"closed","template":"","meta":{"footnotes":""},"class_list":["post-28462","page","type-page","status-publish","hentry"],"_links":{"self":[{"href":"https:\/\/www.md-elektronik.com\/cs\/wp-json\/wp\/v2\/pages\/28462","targetHints":{"allow":["GET"]}}],"collection":[{"href":"https:\/\/www.md-elektronik.com\/cs\/wp-json\/wp\/v2\/pages"}],"about":[{"href":"https:\/\/www.md-elektronik.com\/cs\/wp-json\/wp\/v2\/types\/page"}],"author":[{"embeddable":true,"href":"https:\/\/www.md-elektronik.com\/cs\/wp-json\/wp\/v2\/users\/2"}],"replies":[{"embeddable":true,"href":"https:\/\/www.md-elektronik.com\/cs\/wp-json\/wp\/v2\/comments?post=28462"}],"version-history":[{"count":1,"href":"https:\/\/www.md-elektronik.com\/cs\/wp-json\/wp\/v2\/pages\/28462\/revisions"}],"predecessor-version":[{"id":28467,"href":"https:\/\/www.md-elektronik.com\/cs\/wp-json\/wp\/v2\/pages\/28462\/revisions\/28467"}],"wp:attachment":[{"href":"https:\/\/www.md-elektronik.com\/cs\/wp-json\/wp\/v2\/media?parent=28462"}],"curies":[{"name":"wp","href":"https:\/\/api.w.org\/{rel}","templated":true}]}}