{"id":29213,"date":"2025-06-25T08:28:39","date_gmt":"2025-06-25T06:28:39","guid":{"rendered":"https:\/\/www.md-elektronik.com\/johannes-trae\/"},"modified":"2025-06-25T08:29:28","modified_gmt":"2025-06-25T06:29:28","slug":"johannes-trae","status":"publish","type":"page","link":"https:\/\/www.md-elektronik.com\/cs\/johannes-trae\/","title":{"rendered":"Johannes Trae"},"content":{"rendered":"\n<div class=\"message-box relative\" style=\"padding-top:30px;padding-bottom:30px;\"><div class=\"message-box-bg-image bg-fill fill\" ><\/div><div class=\"message-box-bg-overlay bg-fill fill\" style=\"background-color:rgb(245, 245, 247);\"><\/div><div class=\"container relative\"><div class=\"inner last-reset\">\n\n<div class=\"row align-equal align-center\"  id=\"row-469667144\">\n\n\n\t<div id=\"col-1665597718\" class=\"col medium-3 small-12 large-3\"  >\n\t\t\t\t<div class=\"col-inner\"  >\n\t\t\t\n\t\t\t\n\n\t<div id=\"gap-1529099246\" class=\"gap-element clearfix\" style=\"display:block; height:auto;\">\n\t\t\n<style>\n#gap-1529099246 {\n  padding-top: 10px;\n}\n<\/style>\n\t<\/div>\n\t\n\n\t<div class=\"img has-hover x md-x lg-x y md-y lg-y\" id=\"image_1278283380\">\n\t\t\t\t\t\t\t\t<div class=\"img-inner dark\" >\n\t\t\t<img decoding=\"async\" width=\"800\" height=\"800\" src=\"https:\/\/www.md-elektronik.com\/wp-content\/uploads\/2025\/06\/DSC2557.jpg\" class=\"attachment-large size-large\" alt=\"\" srcset=\"https:\/\/www.md-elektronik.com\/wp-content\/uploads\/2025\/06\/DSC2557.jpg 800w, https:\/\/www.md-elektronik.com\/wp-content\/uploads\/2025\/06\/DSC2557-300x300.jpg 300w, https:\/\/www.md-elektronik.com\/wp-content\/uploads\/2025\/06\/DSC2557-150x150.jpg 150w, https:\/\/www.md-elektronik.com\/wp-content\/uploads\/2025\/06\/DSC2557-768x768.jpg 768w\" sizes=\"(max-width: 800px) 100vw, 800px\" \/>\t\t\t\t\t\t\n\t\t\t\t\t<\/div>\n\t\t\t\t\t\t\t\t\n<style>\n#image_1278283380 {\n  width: 99%;\n}\n<\/style>\n\t<\/div>\n\t\n\n\n\t\t<\/div>\n\t\t\t\t\t<\/div>\n\n\t\n\n\t<div id=\"col-1914912851\" class=\"col medium-9 small-12 large-9\"  >\n\t\t\t\t<div class=\"col-inner\"  >\n\t\t\t\n\t\t\t\n\n<br><p><span style=\"font-size: 130%;\"><strong>Johannes Tr\u00e4<\/strong><\/span><\/p><br><p>Johannes Tr\u00e4 je jako \u0159editel v\u00fdvoje (Director Development) odpov\u011bdn\u00fd za v\u00fdvojov\u00e1 odd\u011blen\u00ed zam\u011b\u0159en\u00e1 na produktov\u00fd design, vysokofrekven\u010dn\u00ed techniku, elektroniku, senzoriku a optiku v centr\u00e1le skupiny MD. Do jeho oblasti odpov\u011bdnosti pat\u0159\u00ed tak\u00e9 simulace, rychl\u00e9 prototypov\u00e9 centrum a v\u00fdvojov\u00e1 zku\u0161ebn\u00ed laborato\u0159 pro pr\u016fb\u011b\u017en\u00e9 testov\u00e1n\u00ed b\u011bhem v\u00fdvoje.\r\nS v\u00edce ne\u017e 22 lety zku\u0161enost\u00ed v automobilov\u00e9m sektoru, z toho 17 let na vedouc\u00edch pozic\u00edch od aplika\u010dn\u00edho in\u017een\u00fdrstv\u00ed p\u0159es veden\u00ed v\u00fdvoje infotainmentu a\u017e po veden\u00ed v\u0161ech v\u00fdvojov\u00fdch odd\u011blen\u00ed, je skute\u010dn\u00fdm odborn\u00edkem v oboru. Proto\u017ee se nejnov\u011bj\u0161\u00ed technologie vyv\u00edjej\u00ed na glob\u00e1ln\u00edm trhu, klade velk\u00fd d\u016fraz na mezin\u00e1rodn\u00ed p\u016fsobnost v\u00fdzkumu a v\u00fdvoje. Jeho \u00fakolem bylo tak\u00e9 budov\u00e1n\u00ed R&D Design Center v Asii a Severn\u00ed Americe a zav\u00e1d\u011bn\u00ed a \u0161kolen\u00ed multikulturn\u00edch v\u00fdvoj\u00e1\u0159sk\u00fdch t\u00fdm\u016f, kter\u00e9 spole\u010dn\u011b vytv\u00e1\u0159ej\u00ed \u0159e\u0161en\u00ed vyv\u00edjen\u00e1 s ohledem na z\u00e1kazn\u00edky a konkr\u00e9tn\u00ed regiony. Udr\u017euje \u00fazk\u00e9 kontakty s mezin\u00e1rodn\u00ed s\u00edt\u00ed dodavatel\u016f a poskytovatel\u016f slu\u017eeb a se sv\u00fdmi glob\u00e1ln\u00edmi t\u00fdmy v\u00fdzkumu a v\u00fdvoje, neust\u00e1le pracuje na posouv\u00e1n\u00ed hranic technick\u00fdch mo\u017enost\u00ed ve prosp\u011bch rychl\u00e9ho, agiln\u00edho a inovativn\u00edho v\u00fdvoje produkt\u016f. \r\n<\/p><br><br>\n\n\t\t<\/div>\n\t\t\t\t\t<\/div>\n\n\t\n\n\n<style>\n#row-469667144 > .col > .col-inner {\n  padding: 0 0px 0px 0px;\n}\n<\/style>\n<\/div>\n\n<\/div><\/div><\/div>\n\n\n","protected":false},"excerpt":{"rendered":"","protected":false},"author":2,"featured_media":0,"parent":0,"menu_order":0,"comment_status":"closed","ping_status":"closed","template":"","meta":{"footnotes":""},"class_list":["post-29213","page","type-page","status-publish","hentry"],"_links":{"self":[{"href":"https:\/\/www.md-elektronik.com\/cs\/wp-json\/wp\/v2\/pages\/29213","targetHints":{"allow":["GET"]}}],"collection":[{"href":"https:\/\/www.md-elektronik.com\/cs\/wp-json\/wp\/v2\/pages"}],"about":[{"href":"https:\/\/www.md-elektronik.com\/cs\/wp-json\/wp\/v2\/types\/page"}],"author":[{"embeddable":true,"href":"https:\/\/www.md-elektronik.com\/cs\/wp-json\/wp\/v2\/users\/2"}],"replies":[{"embeddable":true,"href":"https:\/\/www.md-elektronik.com\/cs\/wp-json\/wp\/v2\/comments?post=29213"}],"version-history":[{"count":1,"href":"https:\/\/www.md-elektronik.com\/cs\/wp-json\/wp\/v2\/pages\/29213\/revisions"}],"predecessor-version":[{"id":29218,"href":"https:\/\/www.md-elektronik.com\/cs\/wp-json\/wp\/v2\/pages\/29213\/revisions\/29218"}],"wp:attachment":[{"href":"https:\/\/www.md-elektronik.com\/cs\/wp-json\/wp\/v2\/media?parent=29213"}],"curies":[{"name":"wp","href":"https:\/\/api.w.org\/{rel}","templated":true}]}}