{"id":29707,"date":"2025-07-10T08:13:20","date_gmt":"2025-07-10T06:13:20","guid":{"rendered":"https:\/\/www.md-elektronik.com\/li-dan\/"},"modified":"2025-07-10T08:13:44","modified_gmt":"2025-07-10T06:13:44","slug":"li-dan","status":"publish","type":"page","link":"https:\/\/www.md-elektronik.com\/cs\/li-dan\/","title":{"rendered":"Li Dan"},"content":{"rendered":"\n<div class=\"message-box relative\" style=\"padding-top:30px;padding-bottom:30px;\"><div class=\"message-box-bg-image bg-fill fill\" ><\/div><div class=\"message-box-bg-overlay bg-fill fill\" style=\"background-color:rgb(245, 245, 247);\"><\/div><div class=\"container relative\"><div class=\"inner last-reset\">\r\n\r\n<div class=\"row align-equal align-center\"  id=\"row-548016157\">\r\n\r\n\n\t<div id=\"col-1850013243\" class=\"col medium-3 small-12 large-3\"  >\n\t\t\t\t<div class=\"col-inner\"  >\n\t\t\t\n\t\t\t\r\n\r\n\t<div id=\"gap-1353919163\" class=\"gap-element clearfix\" style=\"display:block; height:auto;\">\n\t\t\n<style>\n#gap-1353919163 {\n  padding-top: 10px;\n}\n<\/style>\n\t<\/div>\n\t\r\n\r\n\t<div class=\"img has-hover x md-x lg-x y md-y lg-y\" id=\"image_1002309275\">\n\t\t\t\t\t\t\t\t<div class=\"img-inner dark\" >\n\t\t\t<img decoding=\"async\" width=\"600\" height=\"600\" src=\"https:\/\/www.md-elektronik.com\/wp-content\/uploads\/2025\/07\/md-tt-li-dan.jpg\" class=\"attachment-large size-large\" alt=\"\" srcset=\"https:\/\/www.md-elektronik.com\/wp-content\/uploads\/2025\/07\/md-tt-li-dan.jpg 600w, https:\/\/www.md-elektronik.com\/wp-content\/uploads\/2025\/07\/md-tt-li-dan-300x300.jpg 300w, https:\/\/www.md-elektronik.com\/wp-content\/uploads\/2025\/07\/md-tt-li-dan-150x150.jpg 150w\" sizes=\"(max-width: 600px) 100vw, 600px\" \/>\t\t\t\t\t\t\n\t\t\t\t\t<\/div>\n\t\t\t\t\t\t\t\t\n<style>\n#image_1002309275 {\n  width: 99%;\n}\n<\/style>\n\t<\/div>\n\t\r\n\r\n\r\n\t\t<\/div>\n\t\t\t\t\t<\/div>\n\n\t\r\n\n\t<div id=\"col-1468290171\" class=\"col medium-9 small-12 large-9\"  >\n\t\t\t\t<div class=\"col-inner\"  >\n\t\t\t\n\t\t\t\r\n\r\n<p><span style=\"font-size: 130%;\"><strong>Li Dan<\/strong><\/span><\/p>\r\n<p>Li Dan je zku\u0161en\u00e1 odbornice v oblasti aplika\u010dn\u00edho in\u017een\u00fdrky a provozu s v\u00edce ne\u017e desetiletou mana\u017eerskou prax\u00ed. Je velmi prakticky orientovan\u00e1, ovl\u00e1d\u00e1 t\u0159i jazyky a skv\u011ble se uplat\u0148uje v mezin\u00e1rodn\u00ed spolupr\u00e1ci se sv\u00fdmi glob\u00e1ln\u00edmi kolegy. D\u00edky 15 let\u016fm postupn\u00e9ho kari\u00e9rn\u00edho r\u016fstu m\u00e1 Li Dan hlubok\u00e9 znalosti proces\u016f a produkt\u016f spole\u010dnosti MD, co\u017e j\u00ed umo\u017e\u0148uje v\u00fdznamn\u011b p\u0159isp\u00edvat k \u00fasp\u011bchu cel\u00e9 skupiny MD!<\/p>\r\n\r\n\t\t<\/div>\n\t\t\t\t\t<\/div>\n\n\t\r\n\r\n\n<style>\n#row-548016157 > .col > .col-inner {\n  padding: 0 0px 0px 0px;\n}\n<\/style>\n<\/div>\r\n\r\n<\/div><\/div><\/div>\n\n\n","protected":false},"excerpt":{"rendered":"","protected":false},"author":2,"featured_media":0,"parent":0,"menu_order":0,"comment_status":"closed","ping_status":"closed","template":"","meta":{"footnotes":""},"class_list":["post-29707","page","type-page","status-publish","hentry"],"_links":{"self":[{"href":"https:\/\/www.md-elektronik.com\/cs\/wp-json\/wp\/v2\/pages\/29707","targetHints":{"allow":["GET"]}}],"collection":[{"href":"https:\/\/www.md-elektronik.com\/cs\/wp-json\/wp\/v2\/pages"}],"about":[{"href":"https:\/\/www.md-elektronik.com\/cs\/wp-json\/wp\/v2\/types\/page"}],"author":[{"embeddable":true,"href":"https:\/\/www.md-elektronik.com\/cs\/wp-json\/wp\/v2\/users\/2"}],"replies":[{"embeddable":true,"href":"https:\/\/www.md-elektronik.com\/cs\/wp-json\/wp\/v2\/comments?post=29707"}],"version-history":[{"count":1,"href":"https:\/\/www.md-elektronik.com\/cs\/wp-json\/wp\/v2\/pages\/29707\/revisions"}],"predecessor-version":[{"id":29712,"href":"https:\/\/www.md-elektronik.com\/cs\/wp-json\/wp\/v2\/pages\/29707\/revisions\/29712"}],"wp:attachment":[{"href":"https:\/\/www.md-elektronik.com\/cs\/wp-json\/wp\/v2\/media?parent=29707"}],"curies":[{"name":"wp","href":"https:\/\/api.w.org\/{rel}","templated":true}]}}