{"id":30764,"date":"2025-11-06T08:55:47","date_gmt":"2025-11-06T07:55:47","guid":{"rendered":"https:\/\/www.md-elektronik.com\/martin-huber\/"},"modified":"2025-11-06T08:57:01","modified_gmt":"2025-11-06T07:57:01","slug":"martin-huber","status":"publish","type":"page","link":"https:\/\/www.md-elektronik.com\/cs\/martin-huber\/","title":{"rendered":"Martin Huber"},"content":{"rendered":"\n<div class=\"message-box relative ml-author-box\" style=\"padding-top:30px;padding-bottom:30px;\"><div class=\"message-box-bg-image bg-fill fill\" ><\/div><div class=\"message-box-bg-overlay bg-fill fill\" style=\"background-color:rgb(245, 245, 247);\"><\/div><div class=\"container relative\"><div class=\"inner last-reset\">\n\n<div class=\"row align-equal align-center\"  id=\"row-1526299454\">\n\n\n\t<div id=\"col-1387774806\" class=\"col medium-3 small-12 large-3\"  >\n\t\t\t\t<div class=\"col-inner\"  >\n\t\t\t\n\t\t\t\n\n\t<div id=\"gap-1384033052\" class=\"gap-element clearfix\" style=\"display:block; height:auto;\">\n\t\t\n<style>\n#gap-1384033052 {\n  padding-top: 10px;\n}\n<\/style>\n\t<\/div>\n\t\n\n\t<div class=\"img has-hover x md-x lg-x y md-y lg-y\" id=\"image_1896221838\">\n\t\t\t\t\t\t\t\t<div class=\"img-inner dark\" >\n\t\t\t<img decoding=\"async\" width=\"800\" height=\"800\" src=\"https:\/\/www.md-elektronik.com\/wp-content\/uploads\/2025\/11\/Martin-Huber.jpg\" class=\"attachment-large size-large\" alt=\"\" srcset=\"https:\/\/www.md-elektronik.com\/wp-content\/uploads\/2025\/11\/Martin-Huber.jpg 800w, https:\/\/www.md-elektronik.com\/wp-content\/uploads\/2025\/11\/Martin-Huber-300x300.jpg 300w, https:\/\/www.md-elektronik.com\/wp-content\/uploads\/2025\/11\/Martin-Huber-150x150.jpg 150w, https:\/\/www.md-elektronik.com\/wp-content\/uploads\/2025\/11\/Martin-Huber-768x768.jpg 768w\" sizes=\"(max-width: 800px) 100vw, 800px\" \/>\t\t\t\t\t\t\n\t\t\t\t\t<\/div>\n\t\t\t\t\t\t\t\t\n<style>\n#image_1896221838 {\n  width: 99%;\n}\n<\/style>\n\t<\/div>\n\t\n\n\n\t\t<\/div>\n\t\t\t\t\t<\/div>\n\n\t\n\n\t<div id=\"col-294480798\" class=\"col medium-9 small-12 large-9\"  >\n\t\t\t\t<div class=\"col-inner\"  >\n\t\t\t\n\t\t\t\n\n<p><span style=\"font-size: 130%;\"><strong>Martin Huber<\/strong><\/span><\/p>\n<p>Martin Huber je strategick\u00fd produktov\u00fd mana\u017eer Professional ve spole\u010dnosti MD ELEKTRONIK a m\u00e1 v\u00edce ne\u017e 20 let zku\u0161enost\u00ed v automobilov\u00e9m pr\u016fmyslu. Sv\u00fdmi rozs\u00e1hl\u00fdmi znalostmi podporuje MD jako produktov\u00fd a trendov\u00fd scout p\u0159i v\u010dasn\u00e9m rozpozn\u00e1v\u00e1n\u00ed a zasazov\u00e1n\u00ed st\u0159edn\u011b- a\u017e dlouhodob\u00fdch technologick\u00fdch trend\u016f. Jeho v\u00e1\u0161n\u00ed je spolupr\u00e1ce se z\u00e1kazn\u00edky, startupy, v\u00fdrobci polovodi\u010d\u016f a dodavateli s c\u00edlem identifikovat inovativn\u00ed \u0159e\u0161en\u00ed pro budouc\u00ed produkty a ukazovat pro MD realizovateln\u00e9 sm\u011bry v automobilov\u00e9m odv\u011btv\u00ed.<br \/>\nSvou kari\u00e9ru zah\u00e1jil jako v\u00fdvoj\u00e1\u0159 a projektov\u00fd vedouc\u00ed, kde se z\u00e1sadn\u011b pod\u00edlel na v\u00fdvoji konektorov\u00fdch komponent FAKRA LC a HSD i na prvn\u00edch automatiza\u010dn\u00edch za\u0159\u00edzen\u00edch. N\u00e1sledn\u011b p\u0159evzal veden\u00ed odd\u011blen\u00ed v\u00fdvoje vysokofrekven\u010dn\u00edch technologi\u00ed. Na pov\u011b\u0159en\u00ed veden\u00ed spole\u010dnosti pozd\u011bji vybudoval patentov\u00e9 odd\u011blen\u00ed a \u00fasp\u011b\u0161n\u011b je \u0159\u00eddil, ne\u017e na za\u010d\u00e1tku roku 2025 p\u0159evzal roli technologick\u00e9ho a trendov\u00e9ho scouta. Na sv\u00e9 pozici si Martin Huber zvl\u00e1\u0161\u0165 cen\u00ed bl\u00edzkosti k nov\u00fdm technologi\u00edm a pestr\u00e9 v\u00fdm\u011bny zku\u0161enost\u00ed s kolegy, z\u00e1kazn\u00edky a technologick\u00fdmi l\u00eddry.<\/p>\n\n\t\t<\/div>\n\t\t\t\t\t<\/div>\n\n\t\n\n\n<style>\n#row-1526299454 > .col > .col-inner {\n  padding: 0 0px 0px 0px;\n}\n<\/style>\n<\/div>\n\n<\/div><\/div><\/div>\n\n\n","protected":false},"excerpt":{"rendered":"","protected":false},"author":2,"featured_media":0,"parent":0,"menu_order":0,"comment_status":"closed","ping_status":"closed","template":"","meta":{"footnotes":""},"class_list":["post-30764","page","type-page","status-publish","hentry"],"_links":{"self":[{"href":"https:\/\/www.md-elektronik.com\/cs\/wp-json\/wp\/v2\/pages\/30764","targetHints":{"allow":["GET"]}}],"collection":[{"href":"https:\/\/www.md-elektronik.com\/cs\/wp-json\/wp\/v2\/pages"}],"about":[{"href":"https:\/\/www.md-elektronik.com\/cs\/wp-json\/wp\/v2\/types\/page"}],"author":[{"embeddable":true,"href":"https:\/\/www.md-elektronik.com\/cs\/wp-json\/wp\/v2\/users\/2"}],"replies":[{"embeddable":true,"href":"https:\/\/www.md-elektronik.com\/cs\/wp-json\/wp\/v2\/comments?post=30764"}],"version-history":[{"count":1,"href":"https:\/\/www.md-elektronik.com\/cs\/wp-json\/wp\/v2\/pages\/30764\/revisions"}],"predecessor-version":[{"id":30769,"href":"https:\/\/www.md-elektronik.com\/cs\/wp-json\/wp\/v2\/pages\/30764\/revisions\/30769"}],"wp:attachment":[{"href":"https:\/\/www.md-elektronik.com\/cs\/wp-json\/wp\/v2\/media?parent=30764"}],"curies":[{"name":"wp","href":"https:\/\/api.w.org\/{rel}","templated":true}]}}