{"id":31201,"date":"2025-12-18T09:48:21","date_gmt":"2025-12-18T08:48:21","guid":{"rendered":"https:\/\/www.md-elektronik.com\/ichiro-yamamoto\/"},"modified":"2025-12-18T09:49:16","modified_gmt":"2025-12-18T08:49:16","slug":"ichiro-yamamoto","status":"publish","type":"page","link":"https:\/\/www.md-elektronik.com\/cs\/ichiro-yamamoto\/","title":{"rendered":"Ichiro Yamamoto"},"content":{"rendered":"\n<div class=\"message-box relative ml-author-box\" style=\"padding-top:30px;padding-bottom:30px;\"><div class=\"message-box-bg-image bg-fill fill\" ><\/div><div class=\"message-box-bg-overlay bg-fill fill\" style=\"background-color:rgb(245, 245, 247);\"><\/div><div class=\"container relative\"><div class=\"inner last-reset\">\r\n\r\n<div class=\"row align-equal align-center\"  id=\"row-1993010187\">\r\n\r\n\n\t<div id=\"col-8878465\" class=\"col medium-3 small-12 large-3\"  >\n\t\t\t\t<div class=\"col-inner\"  >\n\t\t\t\n\t\t\t\r\n\r\n\t<div id=\"gap-2102371279\" class=\"gap-element clearfix\" style=\"display:block; height:auto;\">\n\t\t\n<style>\n#gap-2102371279 {\n  padding-top: 10px;\n}\n<\/style>\n\t<\/div>\n\t\r\n\r\n\t<div class=\"img has-hover x md-x lg-x y md-y lg-y\" id=\"image_600923114\">\n\t\t\t\t\t\t\t\t<div class=\"img-inner dark\" >\n\t\t\t<img decoding=\"async\" width=\"486\" height=\"486\" src=\"https:\/\/www.md-elektronik.com\/wp-content\/uploads\/2025\/12\/md_ichiro.jpg\" class=\"attachment-large size-large\" alt=\"\" srcset=\"https:\/\/www.md-elektronik.com\/wp-content\/uploads\/2025\/12\/md_ichiro.jpg 486w, https:\/\/www.md-elektronik.com\/wp-content\/uploads\/2025\/12\/md_ichiro-300x300.jpg 300w, https:\/\/www.md-elektronik.com\/wp-content\/uploads\/2025\/12\/md_ichiro-150x150.jpg 150w\" sizes=\"(max-width: 486px) 100vw, 486px\" \/>\t\t\t\t\t\t\n\t\t\t\t\t<\/div>\n\t\t\t\t\t\t\t\t\n<style>\n#image_600923114 {\n  width: 99%;\n}\n<\/style>\n\t<\/div>\n\t\r\n\r\n\r\n\t\t<\/div>\n\t\t\t\t\t<\/div>\n\n\t\r\n\n\t<div id=\"col-414988701\" class=\"col medium-9 small-12 large-9\"  >\n\t\t\t\t<div class=\"col-inner\"  >\n\t\t\t\n\t\t\t\r\n\r\n<p><span style=\"font-size: 130%;\"><strong>Ichiro Yamamoto<\/strong><\/span><\/p>\r\n<p>Ichiro Yamamoto p\u0159in\u00e1\u0161\u00ed do sv\u00e9 role ve spole\u010dnosti MD ELECTRONICS Japan G.K. v\u00edce ne\u017e 30 let prodejn\u00edch zku\u0161enost\u00ed z japonsk\u00e9ho automobilov\u00e9ho pr\u016fmyslu. Spojuje technick\u00e9 porozum\u011bn\u00ed se siln\u00fdmi vztahy se z\u00e1kazn\u00edky a \u00fazce spolupracuje s OEM a dodavateli po cel\u00e9m Japonsku. \u017dije v Tokiu, db\u00e1 na vyv\u00e1\u017een\u00fd \u017eivotn\u00ed styl a s man\u017eelkou r\u00e1d cestuje, \u010dte a sleduje filmy. Jako dr\u017eitel \u010dern\u00e9ho p\u00e1su v aikid\u00f3 se t\u011b\u0161\u00ed, \u017ee brzy znovu za\u010dne s tr\u00e9ninkem. Yamamoto vid\u00ed pro skupinu MD v Japonsku velk\u00fd potenci\u00e1l \u2013 podpo\u0159en\u00fd rostouc\u00ed popt\u00e1vkou po specializovan\u00fdch \u0159e\u0161en\u00edch palubn\u00ed elektrick\u00e9 s\u00edt\u011b a technologick\u00fdmi siln\u00fdmi str\u00e1nkami spole\u010dnosti.<\/p>\r\n\r\n\t\t<\/div>\n\t\t\t\t\t<\/div>\n\n\t\r\n\r\n\n<style>\n#row-1993010187 > .col > .col-inner {\n  padding: 0 0px 0px 0px;\n}\n<\/style>\n<\/div>\r\n\r\n<\/div><\/div><\/div>\n\n\n","protected":false},"excerpt":{"rendered":"","protected":false},"author":2,"featured_media":0,"parent":0,"menu_order":0,"comment_status":"closed","ping_status":"closed","template":"","meta":{"footnotes":""},"class_list":["post-31201","page","type-page","status-publish","hentry"],"_links":{"self":[{"href":"https:\/\/www.md-elektronik.com\/cs\/wp-json\/wp\/v2\/pages\/31201","targetHints":{"allow":["GET"]}}],"collection":[{"href":"https:\/\/www.md-elektronik.com\/cs\/wp-json\/wp\/v2\/pages"}],"about":[{"href":"https:\/\/www.md-elektronik.com\/cs\/wp-json\/wp\/v2\/types\/page"}],"author":[{"embeddable":true,"href":"https:\/\/www.md-elektronik.com\/cs\/wp-json\/wp\/v2\/users\/2"}],"replies":[{"embeddable":true,"href":"https:\/\/www.md-elektronik.com\/cs\/wp-json\/wp\/v2\/comments?post=31201"}],"version-history":[{"count":1,"href":"https:\/\/www.md-elektronik.com\/cs\/wp-json\/wp\/v2\/pages\/31201\/revisions"}],"predecessor-version":[{"id":31206,"href":"https:\/\/www.md-elektronik.com\/cs\/wp-json\/wp\/v2\/pages\/31201\/revisions\/31206"}],"wp:attachment":[{"href":"https:\/\/www.md-elektronik.com\/cs\/wp-json\/wp\/v2\/media?parent=31201"}],"curies":[{"name":"wp","href":"https:\/\/api.w.org\/{rel}","templated":true}]}}