{"id":3616,"date":"2020-02-03T11:36:28","date_gmt":"2020-02-03T10:36:28","guid":{"rendered":"https:\/\/www.md-elektronik.de\/?page_id=3616"},"modified":"2026-03-30T10:10:40","modified_gmt":"2026-03-30T08:10:40","slug":"kontakt","status":"publish","type":"page","link":"https:\/\/www.md-elektronik.com\/cs\/kontakt\/","title":{"rendered":"Kontakt"},"content":{"rendered":"\n\n\t<section class=\"section\" id=\"section_1033730589\">\n\t\t<div class=\"section-bg fill\" >\n\t\t\t\t\t\t\t\t\t\n\t\t\t\n\n\t\t<\/div>\n\n\t\t\n\n\t\t<div class=\"section-content relative\">\n\t\t\t\n\n<div class=\"row row-collapse row-full-width\"  id=\"row-1930044857\">\n\n\n\t<div id=\"col-1316379936\" class=\"col medium-6 small-12 large-6\"  data-animate=\"fadeInUp\">\n\t\t\t\t<div class=\"col-inner text-center\"  >\n\t\t\t\n\t\t\t\n\n\t<div id=\"text-999891305\" class=\"text\">\n\t\t\n\n\n\t\t\n<style>\n#text-999891305 {\n  text-align: center;\n}\n<\/style>\n\t<\/div>\n\t\n\n\t\t<\/div>\n\t\t\t\t\n<style>\n#col-1316379936 > .col-inner {\n  padding: 60px 20px 60px 20px;\n}\n@media (min-width:550px) {\n  #col-1316379936 > .col-inner {\n    padding: 30px 60px 30px 110px;\n  }\n}\n<\/style>\n\t<\/div>\n\n\t\n\n\t<div id=\"col-1681590147\" class=\"col medium-6 small-12 large-6\"  >\n\t\t\t\t<div class=\"col-inner text-center\"  >\n\t\t\t\n\t\t\t\n\n<div class=\"container section-title-container\" style=\"margin-bottom:15px;\"><h3 class=\"section-title section-title-center\"><b><\/b><span class=\"section-title-main\" style=\"font-size:154%;\">9 zem\u00ed I 3 kontinenty I 5000 zam\u011bstnanc\u016f I 100% automobilov\u00fd pr\u016fmysl<\/span><b><\/b><\/h3><\/div>\n\n\t<div class=\"img has-hover x md-x lg-x y md-y lg-y\" id=\"image_304553804\">\n\t\t\t\t\t\t\t\t<div class=\"img-inner dark\" style=\"margin:15px 0px 0px 0px;\">\n\t\t\t<img decoding=\"async\" width=\"1440\" height=\"608\" src=\"https:\/\/www.md-elektronik.com\/wp-content\/uploads\/2021\/03\/Startseite_Schnell-und-sicher-versorgt-small.jpg\" class=\"attachment-original size-original\" alt=\"Stylized dot matrix world map highlighting MD ELEKTRONIK&#039;s global distribution network in the automotive industry.\" srcset=\"https:\/\/www.md-elektronik.com\/wp-content\/uploads\/2021\/03\/Startseite_Schnell-und-sicher-versorgt-small.jpg 1440w, https:\/\/www.md-elektronik.com\/wp-content\/uploads\/2021\/03\/Startseite_Schnell-und-sicher-versorgt-small-300x127.jpg 300w, https:\/\/www.md-elektronik.com\/wp-content\/uploads\/2021\/03\/Startseite_Schnell-und-sicher-versorgt-small-1024x432.jpg 1024w, https:\/\/www.md-elektronik.com\/wp-content\/uploads\/2021\/03\/Startseite_Schnell-und-sicher-versorgt-small-768x324.jpg 768w\" sizes=\"(max-width: 1440px) 100vw, 1440px\" \/>\t\t\t\t\t\t\n\t\t\t\t\t<\/div>\n\t\t\t\t\t\t\t\t\n<style>\n#image_304553804 {\n  width: 100%;\n}\n<\/style>\n\t<\/div>\n\t\n\n\n\t\t<\/div>\n\t\t\t\t\n<style>\n#col-1681590147 > .col-inner {\n  padding: 0px 0px 0px 0px;\n}\n@media (min-width:550px) {\n  #col-1681590147 > .col-inner {\n    padding: 15px 60px 0px 15px;\n  }\n}\n<\/style>\n\t<\/div>\n\n\t\n\n\n<style>\n#row-1930044857 > .col > .col-inner {\n  background-color: rgb(255, 255, 255);\n}\n<\/style>\n<\/div>\n\n\t\t<\/div>\n\n\t\t\n<style>\n#section_1033730589 {\n  padding-top: 0px;\n  padding-bottom: 0px;\n  background-color: rgb(255,255,255);\n}\n<\/style>\n\t<\/section>\n\t\n\n\t<section class=\"section mb-20\" id=\"section_1728916047\">\n\t\t<div class=\"section-bg fill\" >\n\t\t\t\t\t\t\t\t\t\n\t\t\t\n\n\t\t<\/div>\n\n\t\t\n\n\t\t<div class=\"section-content relative\">\n\t\t\t\n\n<div class=\"row row-collapse\"  id=\"row-369412561\">\n\n\n\t<div id=\"col-402538069\" class=\"col medium-4 small-12 large-4\"  >\n\t\t\t\t<div class=\"col-inner text-left\" style=\"background-color:#f5f5f7;\" >\n\t\t\t\n\t\t\t\n\n<div class=\"container section-title-container\" style=\"margin-bottom:15px;\"><h2 class=\"section-title section-title-center\"><b><\/b><span class=\"section-title-main\" >Severn\u00ed Amerika<\/span><b><\/b><\/h2><\/div>\n\n<h3 class=\"accordion_title\">USA<\/h3><div class=\"accordion md-accordion\">\n\n\t<div id=\"accordion-1595177528\" class=\"accordion-item\">\n\t\t<a id=\"accordion-1595177528-label\" class=\"accordion-title plain\" href=\"#accordion-item-san-jos\u00e9,-ca-(technick\u00e1-kancel\u00e1\u0159)\" aria-expanded=\"false\" aria-controls=\"accordion-1595177528-content\" >\n\t\t\t<button class=\"toggle\" aria-label=\"P\u0159epnout\"><i class=\"icon-angle-down\"><\/i><\/button>\n\t\t\t<span>San Jos\u00e9, CA (technick\u00e1 kancel\u00e1\u0159)<\/span>\n\t\t<\/a>\n\t\t<div id=\"accordion-1595177528-content\" class=\"accordion-inner\" aria-labelledby=\"accordion-1595177528-label\" >\n\t\t\t\n\n<p><strong>MD ELECTRONICS Corporation<\/strong> <br \/>101 Metro Drive Suite 310<br \/>San Jose, CA 95110<br \/>USA<\/p>\n<p>E-mail: <a href=\"mailto:product-info@md-elektronik.com\">product-info@md-elektronik.com<\/a><\/p>\n\n\t\t<\/div>\n\t<\/div>\n\t\n\t<div id=\"accordion-2546451951\" class=\"accordion-item\">\n\t\t<a id=\"accordion-2546451951-label\" class=\"accordion-title plain\" href=\"#accordion-item-southfield,-mi-(prodej)\" aria-expanded=\"false\" aria-controls=\"accordion-2546451951-content\" >\n\t\t\t<button class=\"toggle\" aria-label=\"P\u0159epnout\"><i class=\"icon-angle-down\"><\/i><\/button>\n\t\t\t<span>Southfield, MI (prodej)<\/span>\n\t\t<\/a>\n\t\t<div id=\"accordion-2546451951-content\" class=\"accordion-inner\" aria-labelledby=\"accordion-2546451951-label\" >\n\t\t\t\n\n<p>26555 Evergreen Rd., Suite 1105<br \/>Southfield, Michigan 48076<\/p>\n<p>E-mail: <a href=\"mailto:info@md-electronics.us\">info@md-electronics.us<\/a><\/p>\n\n\t\t<\/div>\n\t<\/div>\n\t\n\n<\/div>\n\t<div id=\"gap-1580368314\" class=\"gap-element clearfix\" style=\"display:block; height:auto;\">\n\t\t\n<style>\n#gap-1580368314 {\n  padding-top: 40px;\n}\n<\/style>\n\t<\/div>\n\t\n\n<h3 class=\"accordion_title\">Mexiko<\/h3><div class=\"accordion md-accordion\">\n\n\t<div id=\"accordion-2283777084\" class=\"accordion-item\">\n\t\t<a id=\"accordion-2283777084-label\" class=\"accordion-title plain\" href=\"#accordion-item-le\u00f3n-(v\u00fdroba)\" aria-expanded=\"false\" aria-controls=\"accordion-2283777084-content\" >\n\t\t\t<button class=\"toggle\" aria-label=\"P\u0159epnout\"><i class=\"icon-angle-down\"><\/i><\/button>\n\t\t\t<span>Le\u00f3n (v\u00fdroba)<\/span>\n\t\t<\/a>\n\t\t<div id=\"accordion-2283777084-content\" class=\"accordion-inner\" aria-labelledby=\"accordion-2283777084-label\" >\n\t\t\t\n\n<p><strong>MD ELEKTRONIK de M\u00e9xico S. de R.L. de C.V.<\/strong><br \/>Paseo de las Colinas 412<br \/>Parque Industrial Colinas de Le\u00f3n<br \/>Le\u00f3n, Gto, C.P. 37668<br \/>Mexiko<\/p>\n<p>Telefon: +52\u00a0477\u00a0343 3704<\/p>\n\n\t\t<\/div>\n\t<\/div>\n\t\n\n<\/div>\n\n\t\t<\/div>\n\t\t\t\t\n<style>\n#col-402538069 > .col-inner {\n  padding: 30px 30px 30px 30px;\n}\n@media (min-width:550px) {\n  #col-402538069 > .col-inner {\n    padding: 60px 60px 60px 60px;\n  }\n}\n<\/style>\n\t<\/div>\n\n\t\n\n\t<div id=\"col-1687672020\" class=\"col medium-4 small-12 large-4\"  >\n\t\t\t\t<div class=\"col-inner text-left\" style=\"background-color:#f5f5f7;\" >\n\t\t\t\n\t\t\t\n\n<div class=\"container section-title-container\" style=\"margin-bottom:15px;\"><h2 class=\"section-title section-title-center\"><b><\/b><span class=\"section-title-main\" >Evropa<\/span><b><\/b><\/h2><\/div>\n\n<h3 class=\"accordion_title\">N\u011bmecko<\/h3><div class=\"accordion md-accordion\">\n\n\t<div id=\"accordion-4231982993\" class=\"accordion-item\">\n\t\t<a id=\"accordion-4231982993-label\" class=\"accordion-title plain\" href=\"#accordion-item-waldkraiburg-(centr\u00e1la-spole\u010dnosti)\" aria-expanded=\"false\" aria-controls=\"accordion-4231982993-content\" >\n\t\t\t<button class=\"toggle\" aria-label=\"P\u0159epnout\"><i class=\"icon-angle-down\"><\/i><\/button>\n\t\t\t<span>Waldkraiburg (centr\u00e1la spole\u010dnosti)<\/span>\n\t\t<\/a>\n\t\t<div id=\"accordion-4231982993-content\" class=\"accordion-inner\" aria-labelledby=\"accordion-4231982993-label\" >\n\t\t\t\n\n<p><strong>MD ELEKTRONIK GmbH<\/strong><br \/>Neutraublinger Stra\u00dfe 4<br \/>84478 Waldkraiburg<br \/>N\u011bmecko<\/p>\n<p>Telefon: +49 8638 \/ 604 \u2013 0<\/p>\n<p>E-mail: <a href=\"mailto:info@md-elektronik.de\">info@md-elektronik.com<\/a><\/p>\n\n\t\t<\/div>\n\t<\/div>\n\t\n\t<div id=\"accordion-950117015\" class=\"accordion-item\">\n\t\t<a id=\"accordion-950117015-label\" class=\"accordion-title plain\" href=\"#accordion-item-kol\u00edn-(nad-r\u00fdnem)-(prodej)\" aria-expanded=\"false\" aria-controls=\"accordion-950117015-content\" >\n\t\t\t<button class=\"toggle\" aria-label=\"P\u0159epnout\"><i class=\"icon-angle-down\"><\/i><\/button>\n\t\t\t<span>Kol\u00edn (nad R\u00fdnem) (prodej)<\/span>\n\t\t<\/a>\n\t\t<div id=\"accordion-950117015-content\" class=\"accordion-inner\" aria-labelledby=\"accordion-950117015-label\" >\n\t\t\t\n\n<p>Von-H\u00fcnefeld-Stra\u00dfe 2<br \/>50829 K\u00f6ln<\/p>\n<p>E-mail: <a href=\"mailto:sales@md-elektronik.de\">sales@md-elektronik.de<\/a><\/p>\n\n\t\t<\/div>\n\t<\/div>\n\t\n\t<div id=\"accordion-2400704390\" class=\"accordion-item\">\n\t\t<a id=\"accordion-2400704390-label\" class=\"accordion-title plain\" href=\"#accordion-item-mnichov-(prodej)\" aria-expanded=\"false\" aria-controls=\"accordion-2400704390-content\" >\n\t\t\t<button class=\"toggle\" aria-label=\"P\u0159epnout\"><i class=\"icon-angle-down\"><\/i><\/button>\n\t\t\t<span>Mnichov (prodej)<\/span>\n\t\t<\/a>\n\t\t<div id=\"accordion-2400704390-content\" class=\"accordion-inner\" aria-labelledby=\"accordion-2400704390-label\" >\n\t\t\t\n\n<p>Frankfurter Ring 193A<br \/>80807 M\u00fcnchen<\/p>\n<p>E-mail:&nbsp;<a href=\"mailto:sales@md-elektronik.de\">sales@md-elektronik.de<\/a><\/p>\n\n\t\t<\/div>\n\t<\/div>\n\t\n\t<div id=\"accordion-2274492706\" class=\"accordion-item\">\n\t\t<a id=\"accordion-2274492706-label\" class=\"accordion-title plain\" href=\"#accordion-item-sindelfingen-(prodej)\" aria-expanded=\"false\" aria-controls=\"accordion-2274492706-content\" >\n\t\t\t<button class=\"toggle\" aria-label=\"P\u0159epnout\"><i class=\"icon-angle-down\"><\/i><\/button>\n\t\t\t<span>Sindelfingen (prodej)<\/span>\n\t\t<\/a>\n\t\t<div id=\"accordion-2274492706-content\" class=\"accordion-inner\" aria-labelledby=\"accordion-2274492706-label\" >\n\t\t\t\n\n<p>Kurze Gasse 10\/1<br \/>71063 Sindelfingen<\/p>\n<p>E-mail: <a href=\"mailto:sales@md-elektronik.de\">sales@md-elektronik.de<\/a><\/p>\n\n\t\t<\/div>\n\t<\/div>\n\t\n\t<div id=\"accordion-2849893766\" class=\"accordion-item\">\n\t\t<a id=\"accordion-2849893766-label\" class=\"accordion-title plain\" href=\"#accordion-item-stuttgart-(prodej)\" aria-expanded=\"false\" aria-controls=\"accordion-2849893766-content\" >\n\t\t\t<button class=\"toggle\" aria-label=\"P\u0159epnout\"><i class=\"icon-angle-down\"><\/i><\/button>\n\t\t\t<span>Stuttgart (prodej)<\/span>\n\t\t<\/a>\n\t\t<div id=\"accordion-2849893766-content\" class=\"accordion-inner\" aria-labelledby=\"accordion-2849893766-label\" >\n\t\t\t\n\n<p>E-mail: <a href=\"mailto:sales@md-elektronik.de\">sales@md-elektronik.de<\/a><\/p>\n\n\t\t<\/div>\n\t<\/div>\n\t\n\n<\/div>\n\t<div id=\"gap-1779333636\" class=\"gap-element clearfix\" style=\"display:block; height:auto;\">\n\t\t\n<style>\n#gap-1779333636 {\n  padding-top: 40px;\n}\n<\/style>\n\t<\/div>\n\t\n\n<h3 class=\"accordion_title\">Francie<\/h3><div class=\"accordion md-accordion\">\n\n\t<div id=\"accordion-1528647500\" class=\"accordion-item\">\n\t\t<a id=\"accordion-1528647500-label\" class=\"accordion-title plain\" href=\"#accordion-item-pa\u0159\u00ed\u017e-(prodej)\" aria-expanded=\"false\" aria-controls=\"accordion-1528647500-content\" >\n\t\t\t<button class=\"toggle\" aria-label=\"P\u0159epnout\"><i class=\"icon-angle-down\"><\/i><\/button>\n\t\t\t<span>Pa\u0159\u00ed\u017e (prodej)<\/span>\n\t\t<\/a>\n\t\t<div id=\"accordion-1528647500-content\" class=\"accordion-inner\" aria-labelledby=\"accordion-1528647500-label\" >\n\t\t\t\n\n<p>E-mail: <a href=\"mailto:sales@md-elektronik.com\">sales@md-elektronik.com<\/a><\/p>\n\n\t\t<\/div>\n\t<\/div>\n\t\n\n<\/div>\n\t<div id=\"gap-166589341\" class=\"gap-element clearfix\" style=\"display:block; height:auto;\">\n\t\t\n<style>\n#gap-166589341 {\n  padding-top: 40px;\n}\n<\/style>\n\t<\/div>\n\t\n\n<h3 class=\"accordion_title\">\u010cesk\u00e1 republika<\/h3><div class=\"accordion md-accordion\">\n\n\t<div id=\"accordion-574198377\" class=\"accordion-item\">\n\t\t<a id=\"accordion-574198377-label\" class=\"accordion-title plain\" href=\"#accordion-item-chot\u011b\u0161ov-(v\u00fdroba)\" aria-expanded=\"false\" aria-controls=\"accordion-574198377-content\" >\n\t\t\t<button class=\"toggle\" aria-label=\"P\u0159epnout\"><i class=\"icon-angle-down\"><\/i><\/button>\n\t\t\t<span>Chot\u011b\u0161ov (v\u00fdroba)<\/span>\n\t\t<\/a>\n\t\t<div id=\"accordion-574198377-content\" class=\"accordion-inner\" aria-labelledby=\"accordion-574198377-label\" >\n\t\t\t\n\n<p><strong>MD ELEKTRONIK spol. s r. o.<\/strong><br \/>Dob\u0159ansk\u00e1 629<br \/>332 14 Chot\u011b\u0161ov<br \/>\u010cesk\u00e1 republika<\/p>\n<p>Telefon: +420 377 198 111<\/p>\n\n\t\t<\/div>\n\t<\/div>\n\t\n\n<\/div>\n\t<div id=\"gap-555593337\" class=\"gap-element clearfix\" style=\"display:block; height:auto;\">\n\t\t\n<style>\n#gap-555593337 {\n  padding-top: 40px;\n}\n<\/style>\n\t<\/div>\n\t\n\n<h3>Bulgaria<\/h3>\n<p><span style=\"font-size: 85%;\">Sofia (IT Service Center)<\/span><\/p>\n\n\n\t\t<\/div>\n\t\t\t\t\n<style>\n#col-1687672020 > .col-inner {\n  padding: 30px 30px 30px 30px;\n}\n@media (min-width:550px) {\n  #col-1687672020 > .col-inner {\n    padding: 60px 60px 60px 60px;\n  }\n}\n<\/style>\n\t<\/div>\n\n\t\n\n\t<div id=\"col-301281495\" class=\"col medium-4 small-12 large-4\"  >\n\t\t\t\t<div class=\"col-inner text-left\" style=\"background-color:#f5f5f7;\" >\n\t\t\t\n\t\t\t\n\n<div class=\"container section-title-container\" style=\"margin-bottom:15px;\"><h2 class=\"section-title section-title-center\"><b><\/b><span class=\"section-title-main\" >APAC<\/span><b><\/b><\/h2><\/div>\n\n<h3 class=\"accordion_title\">\u010c\u00edna<\/h3><div class=\"accordion md-accordion\">\n\n\t<div id=\"accordion-2643339175\" class=\"accordion-item\">\n\t\t<a id=\"accordion-2643339175-label\" class=\"accordion-title plain\" href=\"#accordion-item-changchun-%20(prodej)\" aria-expanded=\"false\" aria-controls=\"accordion-2643339175-content\" >\n\t\t\t<button class=\"toggle\" aria-label=\"P\u0159epnout\"><i class=\"icon-angle-down\"><\/i><\/button>\n\t\t\t<span>Changchun  (prodej)<\/span>\n\t\t<\/a>\n\t\t<div id=\"accordion-2643339175-content\" class=\"accordion-inner\" aria-labelledby=\"accordion-2643339175-label\" >\n\t\t\t\n\n<p>\u8fc8\u6069\u5fb7\u4e9a\u592a\uff08\u5317\u4eac\uff09\u7535\u5b50\u6709\u9650\u516c\u53f8 \u957f\u6625\u529e\u4e8b\u5904<br \/><strong>MD Asia-Pacific (Beijing) ELECTRONICS Co., Ltd. CHANGCHUN OFFICE<\/strong><br \/>\u5409\u6797\u7701\u957f\u6625\u5e02\u9ad8\u65b0\u6280\u672f\u4ea7\u4e1a\u5f00\u53d1\u533a\u851a\u5c71\u8def3300\u53f7\u5609\u79be\u96c5\u5c452\u680b801\u5ba4,130012<br \/>Room 801, Building 2, Jiaheyaju,No. 3300 Weishan Road,<br \/>High-Tech development District,<br \/>130012, ChangChun City,<br \/>JiLin Province<\/p>\n<p>E-mail: <a href=\"mailto:sales@md-electronics.cn\">sales@md-electronics.cn<\/a><\/p>\n\n\t\t<\/div>\n\t<\/div>\n\t\n\t<div id=\"accordion-3246430945\" class=\"accordion-item\">\n\t\t<a id=\"accordion-3246430945-label\" class=\"accordion-title plain\" href=\"#accordion-item-shanghai-(prodej)\" aria-expanded=\"false\" aria-controls=\"accordion-3246430945-content\" >\n\t\t\t<button class=\"toggle\" aria-label=\"P\u0159epnout\"><i class=\"icon-angle-down\"><\/i><\/button>\n\t\t\t<span>Shanghai (prodej)<\/span>\n\t\t<\/a>\n\t\t<div id=\"accordion-3246430945-content\" class=\"accordion-inner\" aria-labelledby=\"accordion-3246430945-label\" >\n\t\t\t\n\n<p>\u8fc8\u6069\u5fb7\uff08\u5317\u4eac\uff09\u7535\u5b50\u6709\u9650\u516c\u53f8 \u4e0a\u6d77\u5206\u516c\u53f8<br \/><strong>MD (Beijing) ELECTRONICS Co., Ltd. SHANGHAI BRANCH<\/strong><br \/>\u4e0a\u6d77\u5e02 \u5609\u5b9a\u533a \u58a8\u7389\u5357\u8def1033\u53f7 \u5609\u4ead\u5927\u53a69\u5c42905\u5ba4<br \/>Room 905, JTower, No. 1033,<br \/>South Moyu Road<br \/>Jiading District,<br \/>201805 Shanghai<\/p>\n<p>E-mail: <a href=\"mailto:sales@md-electronics.cn\">sales@md-electronics.cn<\/a><\/p>\n\n\t\t<\/div>\n\t<\/div>\n\t\n\t<div id=\"accordion-1586262746\" class=\"accordion-item\">\n\t\t<a id=\"accordion-1586262746-label\" class=\"accordion-title plain\" href=\"#accordion-item-peking-%20(centr\u00e1la-pro-region-asie-a-tichomo\u0159\u00ed)\" aria-expanded=\"false\" aria-controls=\"accordion-1586262746-content\" >\n\t\t\t<button class=\"toggle\" aria-label=\"P\u0159epnout\"><i class=\"icon-angle-down\"><\/i><\/button>\n\t\t\t<span>Peking  (Centr\u00e1la pro region Asie a Tichomo\u0159\u00ed)<\/span>\n\t\t<\/a>\n\t\t<div id=\"accordion-1586262746-content\" class=\"accordion-inner\" aria-labelledby=\"accordion-1586262746-label\" >\n\t\t\t\n\n<p>Room 401,<br \/>\nTower A, Building 1,<br \/>\nHuanpu Office,<br \/>\nYard12,<br \/>\nAnxiang Street ,<br \/>\nShun Yi District,<br \/>\n101312 Beijing, PRC<\/p>\n\n\t\t<\/div>\n\t<\/div>\n\t\n\t<div id=\"accordion-4201118501\" class=\"accordion-item\">\n\t\t<a id=\"accordion-4201118501-label\" class=\"accordion-title plain\" href=\"#accordion-item-changzhou-(v\u00fdroba)\" aria-expanded=\"false\" aria-controls=\"accordion-4201118501-content\" >\n\t\t\t<button class=\"toggle\" aria-label=\"P\u0159epnout\"><i class=\"icon-angle-down\"><\/i><\/button>\n\t\t\t<span>Changzhou (v\u00fdroba)<\/span>\n\t\t<\/a>\n\t\t<div id=\"accordion-4201118501-content\" class=\"accordion-inner\" aria-labelledby=\"accordion-4201118501-label\" >\n\t\t\t\n\n<p>\u8fc8\u6069\u5fb7\uff08\u4e2d\u56fd\uff09\u7535\u5b50\u6709\u9650\u516c\u53f8<\/p>\n<p>MD (China) ELECTRONICS Co., Ltd.<\/p>\n<p>\u5e38\u5dde\u5e02\u91d1\u575b\u533a \u4e91\u6e56\u8def5\u53f7\uff08213200\uff09<\/p>\n<p>No. 5, Yunhu Road, Jintan District, 213200, Changzhou, PRC<\/p>\n\n\t\t<\/div>\n\t<\/div>\n\t\n\t<div id=\"accordion-3404970687\" class=\"accordion-item\">\n\t\t<a id=\"accordion-3404970687-label\" class=\"accordion-title plain\" href=\"#accordion-item-shenzhen-(technick\u00e1-kancel\u00e1\u0159)\" aria-expanded=\"false\" aria-controls=\"accordion-3404970687-content\" >\n\t\t\t<button class=\"toggle\" aria-label=\"P\u0159epnout\"><i class=\"icon-angle-down\"><\/i><\/button>\n\t\t\t<span>Shenzhen (technick\u00e1 kancel\u00e1\u0159)<\/span>\n\t\t<\/a>\n\t\t<div id=\"accordion-3404970687-content\" class=\"accordion-inner\" aria-labelledby=\"accordion-3404970687-label\" >\n\t\t\t\n\n<p>E-mail: <a href=\"mailto:product-info@md-elektronik.com\">product-info@md-elektronik.com<\/a><\/p><\/p>\n\n\t\t<\/div>\n\t<\/div>\n\t\n\n<\/div>\n\t<div id=\"gap-325826095\" class=\"gap-element clearfix\" style=\"display:block; height:auto;\">\n\t\t\n<style>\n#gap-325826095 {\n  padding-top: 40px;\n}\n<\/style>\n\t<\/div>\n\t\n\n<h3 class=\"accordion_title\">Ji\u017en\u00ed Korea<\/h3><div class=\"accordion md-accordion\">\n\n\t<div id=\"accordion-2840389013\" class=\"accordion-item\">\n\t\t<a id=\"accordion-2840389013-label\" class=\"accordion-title plain\" href=\"#accordion-item-soul-(prodej)\" aria-expanded=\"false\" aria-controls=\"accordion-2840389013-content\" >\n\t\t\t<button class=\"toggle\" aria-label=\"P\u0159epnout\"><i class=\"icon-angle-down\"><\/i><\/button>\n\t\t\t<span>Soul (prodej)<\/span>\n\t\t<\/a>\n\t\t<div id=\"accordion-2840389013-content\" class=\"accordion-inner\" aria-labelledby=\"accordion-2840389013-label\" >\n\t\t\t\n\n<p>E-mail:&nbsp;<a href=\"mailto:sales@md-elektronik.com\">sales@md-elektronik.com<\/a><\/p>\n\n\t\t<\/div>\n\t<\/div>\n\t\n\n<\/div>\n\t<div id=\"gap-1259556172\" class=\"gap-element clearfix\" style=\"display:block; height:auto;\">\n\t\t\n<style>\n#gap-1259556172 {\n  padding-top: 40px;\n}\n<\/style>\n\t<\/div>\n\t\n\n<h3 class=\"accordion_title\">Japonsko<\/h3><div class=\"accordion md-accordion\">\n\n\t<div id=\"accordion-221693871\" class=\"accordion-item\">\n\t\t<a id=\"accordion-221693871-label\" class=\"accordion-title plain\" href=\"#accordion-item-tokio-(prodej)\" aria-expanded=\"false\" aria-controls=\"accordion-221693871-content\" >\n\t\t\t<button class=\"toggle\" aria-label=\"P\u0159epnout\"><i class=\"icon-angle-down\"><\/i><\/button>\n\t\t\t<span>Tokio (prodej)<\/span>\n\t\t<\/a>\n\t\t<div id=\"accordion-221693871-content\" class=\"accordion-inner\" aria-labelledby=\"accordion-221693871-label\" >\n\t\t\t\n\n<p>MD ELECTRONICS Japan G.K. <br \/>1-26-2 Nishi-Shinjuku, Shinjuku-ku, Tokio 163-0532<br \/>Shinjuku Nomura Building 32F<\/p>\n<p>E-mail: Mgr: <a href=\"mailto:Sales_Japan@md-electronics.jp\">Sales_Japan@md-electronics.jp<\/a><\/p>\n<p>MD ELECTRONICS Japan \u5408\u540c\u4f1a\u793e<br \/>\u3012163-0532<br \/>\u6771\u4eac\u90fd\u65b0\u5bbf\u533a\u897f\u65b0\u5bbf1-26-2<br \/>\u65b0\u5bbf\u91ce\u6751\u30d3\u30eb32\u968e<br \/>\u96fb\u8a71\uff1a03-5322-2880<br \/>FAX\uff1a03-5322-2807<\/p>\n<p>\u30e1\u30fc\u30eb: <a href=\"mailto:Sales_Japan@md-electronics.jp\">Sales_Japan@md-electronics.jp<\/a><\/p>\n\n\t\t<\/div>\n\t<\/div>\n\t\n\n<\/div>\n\n\t\t<\/div>\n\t\t\t\t\n<style>\n#col-301281495 > .col-inner {\n  padding: 30px 30px 30px 30px;\n}\n@media (min-width:550px) {\n  #col-301281495 > .col-inner {\n    padding: 60px 60px 60px 60px;\n  }\n}\n<\/style>\n\t<\/div>\n\n\t\n\n<\/div>\n\n\t\t<\/div>\n\n\t\t\n<style>\n#section_1728916047 {\n  padding-top: 0px;\n  padding-bottom: 0px;\n}\n<\/style>\n\t<\/section>\n\t\n\n","protected":false},"excerpt":{"rendered":"","protected":false},"author":1,"featured_media":0,"parent":0,"menu_order":7,"comment_status":"closed","ping_status":"closed","template":"page-blank.php","meta":{"footnotes":""},"class_list":["post-3616","page","type-page","status-publish","hentry"],"_links":{"self":[{"href":"https:\/\/www.md-elektronik.com\/cs\/wp-json\/wp\/v2\/pages\/3616","targetHints":{"allow":["GET"]}}],"collection":[{"href":"https:\/\/www.md-elektronik.com\/cs\/wp-json\/wp\/v2\/pages"}],"about":[{"href":"https:\/\/www.md-elektronik.com\/cs\/wp-json\/wp\/v2\/types\/page"}],"author":[{"embeddable":true,"href":"https:\/\/www.md-elektronik.com\/cs\/wp-json\/wp\/v2\/users\/1"}],"replies":[{"embeddable":true,"href":"https:\/\/www.md-elektronik.com\/cs\/wp-json\/wp\/v2\/comments?post=3616"}],"version-history":[{"count":39,"href":"https:\/\/www.md-elektronik.com\/cs\/wp-json\/wp\/v2\/pages\/3616\/revisions"}],"predecessor-version":[{"id":31847,"href":"https:\/\/www.md-elektronik.com\/cs\/wp-json\/wp\/v2\/pages\/3616\/revisions\/31847"}],"wp:attachment":[{"href":"https:\/\/www.md-elektronik.com\/cs\/wp-json\/wp\/v2\/media?parent=3616"}],"curies":[{"name":"wp","href":"https:\/\/api.w.org\/{rel}","templated":true}]}}