{"id":5745,"date":"2021-03-23T09:54:03","date_gmt":"2021-03-23T08:54:03","guid":{"rendered":"https:\/\/www.md-elektronik.de\/?page_id=5745"},"modified":"2026-03-27T12:40:12","modified_gmt":"2026-03-27T11:40:12","slug":"nase-mise","status":"publish","type":"page","link":"https:\/\/www.md-elektronik.com\/cs\/o-nas\/nase-mise\/","title":{"rendered":"Na\u0161e mise"},"content":{"rendered":"\n\n\t<section class=\"section\" id=\"section_1026045333\">\n\t\t<div class=\"section-bg fill\" >\n\t\t\t\t\t\t\t\t\t\n\t\t\t\n\n\t\t<\/div>\n\n\t\t\n\n\t\t<div class=\"section-content relative\">\n\t\t\t\n\n<div class=\"row row-collapse align-middle align-center\"  id=\"row-13592651\">\n\n\n\t<div id=\"col-1562497229\" class=\"col small-12 large-12\"  >\n\t\t\t\t<div class=\"col-inner text-center\"  >\n\t\t\t\n\t\t\t\n\n<div class=\"container section-title-container\" style=\"margin-bottom:15px;\"><h1 class=\"section-title section-title-center\"><b><\/b><span class=\"section-title-main\" style=\"font-size:154%;\">Na\u0161e mise<\/span><b><\/b><\/h1><\/div>\n\n<p>Trend C.A.S.E. popisuje mobilitu z\u00edt\u0159ka: Connected, Autonomous, Shared &amp; Service and Electric (propojen\u00e9, autonomn\u00ed, sd\u00edlen\u00e9 &amp; servisn\u00ed a elektrick\u00e9). \u010cetn\u00e9 pot\u0159ebn\u00e9 aplikace ve vozidlech vy\u017eaduj\u00ed bezpe\u010dn\u00fd a spolehliv\u00fd p\u0159enos enormn\u00edho mno\u017estv\u00ed dat v re\u00e1ln\u00e9m \u010dase.&nbsp;<\/p>\n<p>M\u00e1me p\u0159ed sebou jasn\u00fd c\u00edl: Chceme b\u00fdt p\u0159edn\u00ed sv\u011btovou spole\u010dnost\u00ed na budouc\u00edm trhu p\u0159enosu dat v automobilech.<\/p>\n<p>M\u00edt p\u0159ed sebou jasn\u00fd c\u00edl je t\u00edm nejlep\u0161\u00edm zp\u016fsobem motivace. <br \/><strong>Na\u0161e posl\u00e1n\u00ed \u2013 Kdy\u017e se z vize stane realita:<\/strong><\/p>\n\n\t\t<\/div>\n\t\t\t\t\n<style>\n#col-1562497229 > .col-inner {\n  padding: 30px 30px 10px 30px;\n}\n<\/style>\n\t<\/div>\n\n\t\n\n<\/div>\n\n\t\t<\/div>\n\n\t\t\n<style>\n#section_1026045333 {\n  padding-top: 30px;\n  padding-bottom: 30px;\n  background-color: rgb(245, 245, 247);\n}\n<\/style>\n\t<\/section>\n\t\n\n\t<section class=\"section\" id=\"section_1142299983\">\n\t\t<div class=\"section-bg fill\" >\n\t\t\t\t\t\t\t\t\t\n\t\t\t\n\n\t\t<\/div>\n\n\t\t\n\n\t\t<div class=\"section-content relative\">\n\t\t\t\n\n<div class=\"row row-collapse row-full-width align-middle\"  id=\"row-1234765662\">\n\n\n\t<div id=\"col-1181294502\" class=\"col medium-6 small-12 large-6\"  data-animate=\"fadeInUp\">\n\t\t\t\t<div class=\"col-inner\"  >\n\t\t\t\n\t\t\t\n\n\t<div class=\"img has-hover x md-x lg-x y md-y lg-y\" id=\"image_833937084\">\n\t\t\t\t\t\t\t\t<div class=\"img-inner image-cover dark\" style=\"padding-top:65%;\">\n\t\t\t<img decoding=\"async\" width=\"1020\" height=\"680\" src=\"https:\/\/www.md-elektronik.com\/wp-content\/uploads\/2021\/03\/Mission_Leidenschaftliche-Mitarbeiter-1024x683.jpg\" class=\"attachment-large size-large\" alt=\"Engineer using a magnifying glass and microscope to inspect a cable component at MD ELEKTRONIK, highlighting the company&#039;s commitment to quality and precision in automotive manufacturing\" srcset=\"https:\/\/www.md-elektronik.com\/wp-content\/uploads\/2021\/03\/Mission_Leidenschaftliche-Mitarbeiter-1024x683.jpg 1024w, https:\/\/www.md-elektronik.com\/wp-content\/uploads\/2021\/03\/Mission_Leidenschaftliche-Mitarbeiter-300x200.jpg 300w, https:\/\/www.md-elektronik.com\/wp-content\/uploads\/2021\/03\/Mission_Leidenschaftliche-Mitarbeiter-768x512.jpg 768w, https:\/\/www.md-elektronik.com\/wp-content\/uploads\/2021\/03\/Mission_Leidenschaftliche-Mitarbeiter.jpg 1440w\" sizes=\"(max-width: 1020px) 100vw, 1020px\" \/>\t\t\t\t\t\t\n\t\t\t\t\t<\/div>\n\t\t\t\t\t\t\t\t\n<style>\n#image_833937084 {\n  width: 100%;\n}\n<\/style>\n\t<\/div>\n\t\n\n\n\t\t<\/div>\n\t\t\t\t\t<\/div>\n\n\t\n\n\t<div id=\"col-846596021\" class=\"col medium-6 small-12 large-6\"  >\n\t\t\t\t<div class=\"col-inner text-center\"  >\n\t\t\t\n\t\t\t\n\n<div class=\"container section-title-container\" style=\"margin-bottom:15px;\"><h2 class=\"section-title section-title-center\"><b><\/b><span class=\"section-title-main\" >Zap\u00e1len\u00ed zam\u011bstnanci \u2013 rozhoduj\u00edc\u00ed faktor \u00fasp\u011bchu<\/span><b><\/b><\/h2><\/div>\n\n<p>Kdy\u017e se vize stane srde\u010dn\u00ed z\u00e1le\u017eitost\u00ed. Zap\u00e1len\u00ed zam\u011bstnanci jsou na\u0161\u00edm nejv\u011bt\u0161\u00edm kapit\u00e1lem. Pracujeme spole\u010dn\u011b s velk\u00fdm nad\u0161en\u00edm na \u0159e\u0161en\u00edch p\u0159enosu dat pro mobilitu z\u00edt\u0159ka.<\/p>\n<p><strong>Beyond Connections! <\/strong><\/p>\n\n\t\t<\/div>\n\t\t\t\t\n<style>\n#col-846596021 > .col-inner {\n  padding: 30px 30px 30px 30px;\n}\n@media (min-width:550px) {\n  #col-846596021 > .col-inner {\n    padding: 60px 60px 60px 60px;\n  }\n}\n<\/style>\n\t<\/div>\n\n\t\n\n\n<style>\n#row-1234765662 > .col > .col-inner {\n  background-color: rgb(255, 255, 255);\n}\n<\/style>\n<\/div>\n\n\t\t<\/div>\n\n\t\t\n<style>\n#section_1142299983 {\n  padding-top: 0px;\n  padding-bottom: 0px;\n  background-color: rgb(255,255,255);\n}\n<\/style>\n\t<\/section>\n\t\n\n\t<section class=\"section mb-20 mt-20\" id=\"section_1344712395\">\n\t\t<div class=\"section-bg fill\" >\n\t\t\t\t\t\t\t\t\t\n\t\t\t\n\n\t\t<\/div>\n\n\t\t\n\n\t\t<div class=\"section-content relative\">\n\t\t\t\n\n<div class=\"row row-collapse align-middle bg-white\"  id=\"row-1515205886\">\n\n\n\t<div id=\"col-782184148\" class=\"col medium-6 small-12 large-6\"  >\n\t\t\t\t<div class=\"col-inner text-center\"  >\n\t\t\t\n\t\t\t\n\n<div class=\"container section-title-container\" style=\"margin-bottom:15px;\"><h2 class=\"section-title section-title-center\"><b><\/b><span class=\"section-title-main\" >Orientace na z\u00e1kazn\u00edka jako firemn\u00ed filosofie<\/span><b><\/b><\/h2><\/div>\n\n<p>Sou\u010d\u00e1st\u00ed na\u0161\u00ed firemn\u00ed kultury je um\u00edstit z\u00e1kazn\u00edka do st\u0159edu na\u0161eho po\u010d\u00edn\u00e1n\u00ed. A v&nbsp;tom jsme \u00fasp\u011b\u0161n\u00ed:<\/p>\n<p>Zn\u00e1me va\u0161e pot\u0159eby ji\u017e p\u0159ed t\u00edm, ne\u017e je zformulujete. Abychom v ran\u00e9 f\u00e1zi zachytili trendy v mobilit\u011b a byli prvn\u00ed spole\u010dnost\u00ed, kter\u00e1 je schopn\u00e1 vyv\u00edjet vhodn\u00e1 \u0159e\u0161en\u00ed, udr\u017eujeme velmi \u00fazk\u00fd kontakt s OEM a technologick\u00fdmi inov\u00e1tory v oblasti p\u0159enosu dat.<\/p>\n<p><strong>Pouze tak ji\u017e dnes m\u016f\u017eeme v\u011bd\u011bt a pochopit, jak\u00e9 technologie bude auto budoucnosti pot\u0159ebovat \u2013 a zajistit pro v\u00e1s realizaci. <\/strong><\/p>\n\n\t\t<\/div>\n\t\t\t\t\n<style>\n#col-782184148 > .col-inner {\n  padding: 30px 30px 30px 30px;\n}\n@media (min-width:550px) {\n  #col-782184148 > .col-inner {\n    padding: 60px 60px 60px 60px;\n  }\n}\n<\/style>\n\t<\/div>\n\n\t\n\n\t<div id=\"col-790824882\" class=\"col medium-6 small-12 large-6 small-col-first\"  data-animate=\"fadeInUp\">\n\t\t\t\t<div class=\"col-inner\"  >\n\t\t\t\n\t\t\t\n\n\t<div class=\"img has-hover x md-x lg-x y md-y lg-y\" id=\"image_881966179\">\n\t\t\t\t\t\t\t\t<div class=\"img-inner image-cover dark\" style=\"padding-top:92.5%;\">\n\t\t\t<img decoding=\"async\" width=\"1020\" height=\"440\" src=\"https:\/\/www.md-elektronik.com\/wp-content\/uploads\/2021\/03\/Mission_Kundenorientierung-als-Firmenphilosophie-1-1024x442.jpg\" class=\"attachment-large size-large\" alt=\"Close-up of a handshake over a signed contract, symbolizing MD ELEKTRONIK&#039;s commitment to customer orientation and strong partnerships in the automotive industry.\" srcset=\"https:\/\/www.md-elektronik.com\/wp-content\/uploads\/2021\/03\/Mission_Kundenorientierung-als-Firmenphilosophie-1-1024x442.jpg 1024w, https:\/\/www.md-elektronik.com\/wp-content\/uploads\/2021\/03\/Mission_Kundenorientierung-als-Firmenphilosophie-1-300x129.jpg 300w, https:\/\/www.md-elektronik.com\/wp-content\/uploads\/2021\/03\/Mission_Kundenorientierung-als-Firmenphilosophie-1-768x331.jpg 768w, https:\/\/www.md-elektronik.com\/wp-content\/uploads\/2021\/03\/Mission_Kundenorientierung-als-Firmenphilosophie-1.jpg 1440w\" sizes=\"(max-width: 1020px) 100vw, 1020px\" \/>\t\t\t\t\t\t\n\t\t\t\t\t<\/div>\n\t\t\t\t\t\t\t\t\n<style>\n#image_881966179 {\n  width: 100%;\n}\n<\/style>\n\t<\/div>\n\t\n\n\n\t\t<\/div>\n\t\t\t\t\t<\/div>\n\n\t\n\n\n<style>\n#row-1515205886 > .col > .col-inner {\n  background-color: rgb(255, 255, 255);\n}\n<\/style>\n<\/div>\n\n\t\t<\/div>\n\n\t\t\n<style>\n#section_1344712395 {\n  padding-top: 0px;\n  padding-bottom: 0px;\n}\n<\/style>\n\t<\/section>\n\t\n\n\t<section class=\"section mb-20\" id=\"section_1484541068\">\n\t\t<div class=\"section-bg fill\" >\n\t\t\t\t\t\t\t\t\t\n\t\t\t\n\n\t\t<\/div>\n\n\t\t\n\n\t\t<div class=\"section-content relative\">\n\t\t\t\n\n<div class=\"row row-collapse row-full-width align-middle bg-white\"  id=\"row-762746469\">\n\n\n\t<div id=\"col-2000999609\" class=\"col medium-6 small-12 large-6\"  data-animate=\"fadeInUp\">\n\t\t\t\t<div class=\"col-inner\"  >\n\t\t\t\n\t\t\t\n\n\t<div class=\"img has-hover x md-x lg-x y md-y lg-y\" id=\"image_1054552684\">\n\t\t\t\t\t\t\t\t<div class=\"img-inner image-zoom image-cover dark\" style=\"padding-top:65%;\">\n\t\t\t<img decoding=\"async\" width=\"1020\" height=\"680\" src=\"https:\/\/www.md-elektronik.com\/wp-content\/uploads\/2021\/03\/Mission_One-Step-Ahead-Solutions-1024x683.jpg\" class=\"attachment-large size-large\" alt=\"MD ELEKTRONIK engineer explaining automotive cable solutions to colleagues, emphasizing teamwork and innovative technology in the automotive industry.\" srcset=\"https:\/\/www.md-elektronik.com\/wp-content\/uploads\/2021\/03\/Mission_One-Step-Ahead-Solutions-1024x683.jpg 1024w, https:\/\/www.md-elektronik.com\/wp-content\/uploads\/2021\/03\/Mission_One-Step-Ahead-Solutions-300x200.jpg 300w, https:\/\/www.md-elektronik.com\/wp-content\/uploads\/2021\/03\/Mission_One-Step-Ahead-Solutions-768x512.jpg 768w, https:\/\/www.md-elektronik.com\/wp-content\/uploads\/2021\/03\/Mission_One-Step-Ahead-Solutions.jpg 1440w\" sizes=\"(max-width: 1020px) 100vw, 1020px\" \/>\t\t\t\t\t\t\n\t\t\t\t\t<\/div>\n\t\t\t\t\t\t\t\t\n<style>\n#image_1054552684 {\n  width: 100%;\n}\n<\/style>\n\t<\/div>\n\t\n\n\n\t\t<\/div>\n\t\t\t\t\t<\/div>\n\n\t\n\n\t<div id=\"col-142713238\" class=\"col medium-6 small-12 large-6\"  >\n\t\t\t\t<div class=\"col-inner text-center\"  >\n\t\t\t\n\t\t\t\n\n<div class=\"container section-title-container\" style=\"margin-bottom:15px;\"><h2 class=\"section-title section-title-center\"><b><\/b><span class=\"section-title-main\" >\u0158e\u0161en\u00ed v\u017edy o krok nap\u0159ed<\/span><b><\/b><\/h2><\/div>\n\n<p>P\u0159i na\u0161em v\u00fdvoji se spol\u00e9h\u00e1me na t\u00fdm 60 specialist\u016f s koncentrovan\u00fdmi znalostmi zalo\u017een\u00fdmi na v\u00edce ne\u017e 25 letech zku\u0161enost\u00ed v oblasti vysokofrekven\u010dn\u00edho p\u0159enosu dat ve vozidlech.<\/p>\n<p>N\u00e1\u0161 v\u00fdvojov\u00fd p\u0159\u00edstup je zalo\u017een na hlubok\u00e9m porozum\u011bn\u00ed cel\u00e9mu syst\u00e9mu \u2013 od \u010dipu k \u010dipu \u2013 a \u00fazk\u00e9 spolupr\u00e1ci s v\u00fdrobci polovodi\u010d\u016f:<\/p>\n<p><strong>Rozum\u00edme syst\u00e9m\u016fm budoucnosti a m\u016f\u017eeme tak vyv\u00edjet inovativn\u00ed \u0159e\u0161en\u00ed pro p\u0159enos dat.<\/strong><\/p>\n\n\t\t<\/div>\n\t\t\t\t\n<style>\n#col-142713238 > .col-inner {\n  padding: 30px 30px 30px 30px;\n}\n@media (min-width:550px) {\n  #col-142713238 > .col-inner {\n    padding: 60px 60px 60px 60px;\n  }\n}\n<\/style>\n\t<\/div>\n\n\t\n\n\n<style>\n#row-762746469 > .col > .col-inner {\n  background-color: rgb(255, 255, 255);\n}\n<\/style>\n<\/div>\n\n\t\t<\/div>\n\n\t\t\n<style>\n#section_1484541068 {\n  padding-top: 0px;\n  padding-bottom: 0px;\n  background-color: #f5f5f7;\n}\n<\/style>\n\t<\/section>\n\t\n\n\t<section class=\"section mb-20\" id=\"section_571688669\">\n\t\t<div class=\"section-bg fill\" >\n\t\t\t\t\t\t\t\t\t\n\t\t\t\n\n\t\t<\/div>\n\n\t\t\n\n\t\t<div class=\"section-content relative\">\n\t\t\t\n\n<div class=\"row row-collapse row-full-width align-middle bg-white\"  id=\"row-180468348\">\n\n\n\t<div id=\"col-2067166647\" class=\"col medium-6 small-12 large-6\"  >\n\t\t\t\t<div class=\"col-inner text-center\" style=\"background-color:rgb(255,255,255);\" >\n\t\t\t\n\t\t\t\n\n<div class=\"container section-title-container\" style=\"margin-bottom:15px;\"><h2 class=\"section-title section-title-center\"><b><\/b><span class=\"section-title-main\" >Nejmodern\u011bj\u0161\u00ed v\u00fdrobn\u00ed technologie<\/span><b><\/b><\/h2><\/div>\n\n<p>\u017d\u00e1dn\u00e9 auto bez p\u0159enosu dat. Aby bylo mo\u017en\u00e9 uspokojit rychle rostouc\u00ed popt\u00e1vku, je t\u00e9ma automatizace nezbytn\u00e9. S&nbsp;t\u00edm souvis\u00ed tak\u00e9 miniaturizace komponent: St\u00e1le men\u0161\u00ed komponenty ji\u017e nelze v po\u017eadovan\u00e9 kvalit\u011b nad\u00e1le zpracov\u00e1vat ru\u010dn\u011b.<\/p>\n<p>Konflikt mezi maxim\u00e1ln\u00ed automatizac\u00ed a maxim\u00e1ln\u00ed flexibilitou \u0159e\u0161\u00edme pomoc\u00ed na\u0161eho modul\u00e1rn\u00edho p\u0159\u00edstupu, kter\u00fd neust\u00e1le vyv\u00edj\u00edme v na\u0161em intern\u00edm technick\u00e9m odd\u011blen\u00ed.<\/p>\n<p><strong>To je jedin\u00fd d\u016fvod, pro\u010d m\u016f\u017eeme i p\u0159es vysokou \u00farove\u0148 automatizace st\u00e1le velmi pru\u017en\u011b reagovat na kr\u00e1tkodob\u00e9 zm\u011bny.<\/strong><\/p>\n\n\t\t<\/div>\n\t\t\t\t\n<style>\n#col-2067166647 > .col-inner {\n  padding: 30px 30px 30px 30px;\n}\n@media (min-width:550px) {\n  #col-2067166647 > .col-inner {\n    padding: 60px 60px 60px 60px;\n  }\n}\n<\/style>\n\t<\/div>\n\n\t\n\n\t<div id=\"col-1372914821\" class=\"col medium-6 small-12 large-6 small-col-first\"  data-animate=\"fadeInUp\">\n\t\t\t\t<div class=\"col-inner\"  >\n\t\t\t\n\t\t\t\n\n\t<div class=\"img has-hover x md-x lg-x y md-y lg-y\" id=\"image_1057211361\">\n\t\t\t\t\t\t\t\t<div class=\"img-inner image-cover dark\" style=\"padding-top:65%;\">\n\t\t\t<img decoding=\"async\" width=\"1020\" height=\"680\" src=\"https:\/\/www.md-elektronik.com\/wp-content\/uploads\/2021\/03\/Mission_Modernste-Fertigungstechnologien-1024x683.jpg\" class=\"attachment-large size-large\" alt=\"Robotic arm in an automated production line at MD ELEKTRONIK, demonstrating advanced manufacturing technology in automotive cable assembly.\" srcset=\"https:\/\/www.md-elektronik.com\/wp-content\/uploads\/2021\/03\/Mission_Modernste-Fertigungstechnologien-1024x683.jpg 1024w, https:\/\/www.md-elektronik.com\/wp-content\/uploads\/2021\/03\/Mission_Modernste-Fertigungstechnologien-300x200.jpg 300w, https:\/\/www.md-elektronik.com\/wp-content\/uploads\/2021\/03\/Mission_Modernste-Fertigungstechnologien-768x512.jpg 768w, https:\/\/www.md-elektronik.com\/wp-content\/uploads\/2021\/03\/Mission_Modernste-Fertigungstechnologien.jpg 1440w\" sizes=\"(max-width: 1020px) 100vw, 1020px\" \/>\t\t\t\t\t\t\n\t\t\t\t\t<\/div>\n\t\t\t\t\t\t\t\t\n<style>\n#image_1057211361 {\n  width: 100%;\n}\n<\/style>\n\t<\/div>\n\t\n\n\n\t\t<\/div>\n\t\t\t\t\t<\/div>\n\n\t\n\n\n<style>\n#row-180468348 > .col > .col-inner {\n  background-color: rgb(255,255,255);\n}\n<\/style>\n<\/div>\n\n\t\t<\/div>\n\n\t\t\n<style>\n#section_571688669 {\n  padding-top: 0px;\n  padding-bottom: 0px;\n  background-color: #f5f5f7;\n}\n<\/style>\n\t<\/section>\n\t\n\n\t<section class=\"section mb-20\" id=\"section_476518364\">\n\t\t<div class=\"section-bg fill\" >\n\t\t\t\t\t\t\t\t\t\n\t\t\t\n\n\t\t<\/div>\n\n\t\t\n\n\t\t<div class=\"section-content relative\">\n\t\t\t\n\n<div class=\"row row-collapse row-full-width align-middle bg-white\"  id=\"row-2080992889\">\n\n\n\t<div id=\"col-1420108215\" class=\"col medium-6 small-12 large-6\"  data-animate=\"fadeInUp\">\n\t\t\t\t<div class=\"col-inner text-center\"  >\n\t\t\t\n\t\t\t\n\n\t<div class=\"img has-hover x md-x lg-x y md-y lg-y\" id=\"image_1183324760\">\n\t\t\t\t\t\t\t\t<div class=\"img-inner dark\" >\n\t\t\t<img decoding=\"async\" width=\"1536\" height=\"1024\" src=\"https:\/\/www.md-elektronik.com\/wp-content\/uploads\/2026\/03\/md_grafik_global_footprint_2026_cz-1536x1024.jpg\" class=\"attachment-1536x1536 size-1536x1536\" alt=\"\" srcset=\"https:\/\/www.md-elektronik.com\/wp-content\/uploads\/2026\/03\/md_grafik_global_footprint_2026_cz-1536x1024.jpg 1536w, https:\/\/www.md-elektronik.com\/wp-content\/uploads\/2026\/03\/md_grafik_global_footprint_2026_cz-300x200.jpg 300w, https:\/\/www.md-elektronik.com\/wp-content\/uploads\/2026\/03\/md_grafik_global_footprint_2026_cz-1024x683.jpg 1024w, https:\/\/www.md-elektronik.com\/wp-content\/uploads\/2026\/03\/md_grafik_global_footprint_2026_cz-768x512.jpg 768w, https:\/\/www.md-elektronik.com\/wp-content\/uploads\/2026\/03\/md_grafik_global_footprint_2026_cz-2048x1366.jpg 2048w\" sizes=\"(max-width: 1536px) 100vw, 1536px\" \/>\t\t\t\t\t\t\n\t\t\t\t\t<\/div>\n\t\t\t\t\t\t\t\t\n<style>\n#image_1183324760 {\n  width: 84%;\n}\n<\/style>\n\t<\/div>\n\t\n\n\n\t\t<\/div>\n\t\t\t\t\n<style>\n#col-1420108215 > .col-inner {\n  padding: 20px 0px 20px 0px;\n}\n<\/style>\n\t<\/div>\n\n\t\n\n\t<div id=\"col-1481822552\" class=\"col medium-6 small-12 large-6\"  >\n\t\t\t\t<div class=\"col-inner text-center\" style=\"background-color:rgb(255,255,255);\" >\n\t\t\t\n\t\t\t\n\n<div class=\"container section-title-container\" style=\"margin-bottom:15px;\"><h2 class=\"section-title section-title-center\"><b><\/b><span class=\"section-title-main\" >Glob\u00e1ln\u00ed p\u0159\u00edtomnost<\/span><b><\/b><\/h2><\/div>\n\n<p>9 zem\u00ed I 3 kontinenty I 5000 zam\u011bstnanc\u016f I 100% automobilov\u00fd pr\u016fmysl<\/p>\n<p>Jsme tam, kde jste vy, a kde n\u00e1s pot\u0159ebujete. Jsme zastoupen\u00ed na v\u0161ech d\u016fle\u017eit\u00fdch trz\u00edch automobilov\u00e9ho pr\u016fmyslu.<\/p>\n<p style=\"text-align: left;\"><strong>Va\u0161e v\u00fdhody:<\/strong><\/p>\n<ul>\n<li style=\"text-align: left;\">Maxim\u00e1ln\u00ed flexibilita d\u00edky kr\u00e1tk\u00fdm z\u00e1sobovac\u00edm tras\u00e1m.<\/li>\n<li style=\"text-align: left;\">Udr\u017eitelnost: 90 % produkce na\u0161ich z\u00e1vod\u016f z\u016fst\u00e1v\u00e1 na p\u0159\u00edslu\u0161n\u00e9m kontinentu.<\/li>\n<li style=\"text-align: left;\">Nejmodern\u011bj\u0161\u00ed technologie ve v\u0161ech v\u00fdrobn\u00edch z\u00e1vodech jsou z\u00e1kladem pro trvale vysokou kvalitu a spolehlivost komponent\u016f.<\/li>\n<li style=\"text-align: left;\">Pot\u0159ebujete rychlou podporu? Budeme u v\u00e1s ve velmi kr\u00e1tk\u00e9 dob\u011b.<\/li>\n<li style=\"text-align: left;\">Nez\u00e1le\u017e\u00ed na tom, zda \u0161pan\u011blsky, \u010d\u00ednsky, anglicky nebo \u010desky: Mluv\u00edme va\u0161\u00ed \u0159e\u010d\u00ed.<\/li>\n<\/ul>\n\n\t\t<\/div>\n\t\t\t\t\n<style>\n#col-1481822552 > .col-inner {\n  padding: 30px 30px 30px 30px;\n}\n@media (min-width:550px) {\n  #col-1481822552 > .col-inner {\n    padding: 60px 60px 60px 60px;\n  }\n}\n<\/style>\n\t<\/div>\n\n\t\n\n\n<style>\n#row-2080992889 > .col > .col-inner {\n  background-color: rgb(255,255,255);\n}\n<\/style>\n<\/div>\n\n\t\t<\/div>\n\n\t\t\n<style>\n#section_476518364 {\n  padding-top: 0px;\n  padding-bottom: 0px;\n  background-color: #f5f5f7;\n}\n<\/style>\n\t<\/section>\n\t\n\n","protected":false},"excerpt":{"rendered":"","protected":false},"author":1,"featured_media":0,"parent":5721,"menu_order":2,"comment_status":"closed","ping_status":"closed","template":"page-blank.php","meta":{"footnotes":""},"class_list":["post-5745","page","type-page","status-publish","hentry"],"_links":{"self":[{"href":"https:\/\/www.md-elektronik.com\/cs\/wp-json\/wp\/v2\/pages\/5745","targetHints":{"allow":["GET"]}}],"collection":[{"href":"https:\/\/www.md-elektronik.com\/cs\/wp-json\/wp\/v2\/pages"}],"about":[{"href":"https:\/\/www.md-elektronik.com\/cs\/wp-json\/wp\/v2\/types\/page"}],"author":[{"embeddable":true,"href":"https:\/\/www.md-elektronik.com\/cs\/wp-json\/wp\/v2\/users\/1"}],"replies":[{"embeddable":true,"href":"https:\/\/www.md-elektronik.com\/cs\/wp-json\/wp\/v2\/comments?post=5745"}],"version-history":[{"count":7,"href":"https:\/\/www.md-elektronik.com\/cs\/wp-json\/wp\/v2\/pages\/5745\/revisions"}],"predecessor-version":[{"id":31832,"href":"https:\/\/www.md-elektronik.com\/cs\/wp-json\/wp\/v2\/pages\/5745\/revisions\/31832"}],"up":[{"embeddable":true,"href":"https:\/\/www.md-elektronik.com\/cs\/wp-json\/wp\/v2\/pages\/5721"}],"wp:attachment":[{"href":"https:\/\/www.md-elektronik.com\/cs\/wp-json\/wp\/v2\/media?parent=5745"}],"curies":[{"name":"wp","href":"https:\/\/api.w.org\/{rel}","templated":true}]}}