{"id":5769,"date":"2021-03-23T10:24:24","date_gmt":"2021-03-23T09:24:24","guid":{"rendered":"https:\/\/www.md-elektronik.de\/?page_id=5769"},"modified":"2023-07-04T16:09:04","modified_gmt":"2023-07-04T14:09:04","slug":"infotainment","status":"publish","type":"page","link":"https:\/\/www.md-elektronik.com\/cs\/aplikace\/infotainment\/","title":{"rendered":"Infotainment"},"content":{"rendered":"\n\n\t<section class=\"section\" id=\"section_885619578\">\n\t\t<div class=\"section-bg fill\" >\n\t\t\t\t\t\t\t\t\t\n\t\t\t\n\n\t\t<\/div>\n\n\t\t\n\n\t\t<div class=\"section-content relative\">\n\t\t\t\n\n<div class=\"row row-collapse row-full-width align-middle\"  id=\"row-1823262055\">\n\n\n\t<div id=\"col-1985605997\" class=\"col medium-6 small-12 large-6\"  >\n\t\t\t\t<div class=\"col-inner text-center\"  >\n\t\t\t\n\t\t\t\n\n<h1>Ud\u011bl\u00e1me z va\u0161eho automobilu mobiln\u00ed ob\u00fdvac\u00ed pokoj. Nebo kancel\u00e1\u0159. Nebo multimedi\u00e1ln\u00ed stage.<\/h1>\n<p>Megatrend \u201eautonomie\u201c v\u00fdrazn\u011b m\u011bn\u00ed interi\u00e9r vozidel. Z automobilu budoucnosti se tak st\u00e1v\u00e1 mobiln\u00ed ob\u00fdvac\u00ed pokoj. Nebo kancel\u00e1\u0159. Nebo multimedi\u00e1ln\u00ed stage.<\/p>\n<p>I kdy\u017e to bude je\u0161t\u011b p\u00e1r let trvat, ne\u017e autonomn\u011b \u0159\u00edzen\u00e1 vozidla ovl\u00e1dnou silnice: displeje 4K a v budoucnu i 8K ji\u017e dnes dob\u00fdvaj\u00ed interi\u00e9ry vozidel. Standardem se postupn\u011b stalo i p\u0159ipojen\u00ed a bezkontaktn\u00ed nab\u00edjen\u00ed mobiln\u00edch koncov\u00fdch za\u0159\u00edzen\u00ed ve vozidle. Nov\u00e9 obchodn\u00ed modely jako jsou t\u0159eba funkce On-Demand jsou rovn\u011b\u017e velk\u00fdm t\u00e9matem odv\u011btv\u00ed infotainmentu v r\u00e1mci mobility z\u00edt\u0159ka. To v\u0161echno m\u00e1 zna\u010dn\u00fd vliv na architekturu s\u00edt\u011b ve vozidle.<\/p>\n<p><strong>Maj\u00ed se st\u00e1t multim\u00e9dia pevnou sou\u010d\u00e1st\u00ed va\u0161eho vozidla? Sestav\u00edme pro v\u00e1s optim\u00e1ln\u00ed kabely k rychl\u00e9mu a bezpe\u010dn\u00e9mu p\u0159enosu enormn\u00edho mno\u017estv\u00ed dat.<\/strong><\/p>\n\n\t\t<\/div>\n\t\t\t\t\n<style>\n#col-1985605997 > .col-inner {\n  padding: 30px 30px 30px 30px;\n}\n@media (min-width:550px) {\n  #col-1985605997 > .col-inner {\n    padding: 60px 60px 60px 60px;\n  }\n}\n<\/style>\n\t<\/div>\n\n\t\n\n\t<div id=\"col-416971138\" class=\"col hide-for-small medium-6 small-12 large-6\"  >\n\t\t\t\t<div class=\"col-inner text-center\"  >\n\t\t\t\n\t\t\t\n\n<iframe style=\"margin-bottom: -6px;\" src=\"https:\/\/player.vimeo.com\/video\/519029503?h=6205cb104c&amp;badge=0&amp;autopause=0&amp;player_id=0&amp;app_id=58479&amp;background=1&amp;dnt=1\" width=\"960\" height=\"540\" frameborder=\"0\" allowfullscreen=\"allowfullscreen\"><\/iframe>\n\n\n\t\t<\/div>\n\t\t\t\t\t<\/div>\n\n\t\n\n\t<div id=\"col-1602965492\" class=\"col show-for-small medium-6 small-12 large-6\"  data-animate=\"fadeInUp\">\n\t\t\t\t<div class=\"col-inner\"  >\n\t\t\t\n\t\t\t\n\n<iframe style=\"margin-bottom:-6px;\" src=\"https:\/\/player.vimeo.com\/video\/519029503?h=6205cb104c&amp;badge=0&amp;autopause=0&amp;player_id=0&amp;app_id=58479&amp;background=1&amp;dnt=1\" width=\"100%\" height=\"200\" frameborder=\"0\" allow=\"autoplay; fullscreen\" allowfullscreen><\/iframe>\n\n\n\t\t<\/div>\n\t\t\t\t\t<\/div>\n\n\t\n\n\n<style>\n#row-1823262055 > .col > .col-inner {\n  background-color: rgb(255, 255, 255);\n}\n<\/style>\n<\/div>\n\n\t\t<\/div>\n\n\t\t\n<style>\n#section_885619578 {\n  padding-top: 0px;\n  padding-bottom: 0px;\n  background-color: rgb(255,255,255);\n}\n<\/style>\n\t<\/section>\n\t\n\n\t<section class=\"section mb-20 mt-20\" id=\"section_341177548\">\n\t\t<div class=\"section-bg fill\" >\n\t\t\t\t\t\t\t\t\t\n\t\t\t\n\n\t\t<\/div>\n\n\t\t\n\n\t\t<div class=\"section-content relative\">\n\t\t\t\n\n<div class=\"row row-collapse align-middle\"  id=\"row-1058188063\">\n\n\n\t<div id=\"col-1427613790\" class=\"col small-12 large-12\"  >\n\t\t\t\t<div class=\"col-inner text-center\"  >\n\t\t\t\n\t\t\t\n\n<p>Vstupem multimedi\u00e1ln\u00edch modul\u016f do vozidel se po\u017eadavky na \u0159e\u0161en\u00ed p\u0159enosu dat velmi v\u00fdrazn\u011b zm\u011bnily. Tento trend vy\u017eaduje inovativn\u00ed \u0159e\u0161en\u00ed p\u0159enosu <em>enormn\u011b velk\u00fdch objem\u016f dat<\/em> p\u0159i sou\u010dasn\u00e9m zaji\u0161t\u011bn\u00ed<\/p>\n<p><em>minim\u00e1ln\u00ed latence,<br \/><\/em><em>vysok\u00e9 kvality sign\u00e1lu,<br \/><\/em><em>minim\u00e1ln\u00ed spot\u0159eby energie,<br \/><\/em><em>miniaturizovan\u00fdch komponent<br \/><\/em><em>a to cel\u00e9 proveden\u00e9 na m\u00edru.<\/em><\/p>\n<p>Se v\u0161emi t\u011bmito po\u017eadavky se m\u016f\u017eete obr\u00e1tit na siln\u00e9ho partnera, kter\u00fd pro v\u00e1s vyvine nejnov\u011bj\u0161\u00ed technologick\u00e1 \u0159e\u0161en\u00ed na m\u00edru. P\u0159esn\u011b zde vstupujeme do hry my.<\/p>\n<a href=\"mailto:sales@md-elektronik.com\" class=\"button primary is-outline\"  style=\"border-radius:99px;\">\n\t\t<span>Kontaktujte n\u00e1s<\/span>\n\t<i class=\"icon-angle-right\" aria-hidden=\"true\" ><\/i><\/a>\n\n\n\n\t\t<\/div>\n\t\t\t\t\n<style>\n#col-1427613790 > .col-inner {\n  padding: 30px 30px 30px 30px;\n}\n@media (min-width:550px) {\n  #col-1427613790 > .col-inner {\n    padding: 60px 60px 60px 60px;\n  }\n}\n<\/style>\n\t<\/div>\n\n\t\n\n<\/div>\n\n\t\t<\/div>\n\n\t\t\n<style>\n#section_341177548 {\n  padding-top: 0px;\n  padding-bottom: 0px;\n}\n<\/style>\n\t<\/section>\n\t\n\n\t<section class=\"section mb-20\" id=\"section_1152743311\">\n\t\t<div class=\"section-bg fill\" >\n\t\t\t\t\t\t\t\t\t\n\t\t\t\n\n\t\t<\/div>\n\n\t\t\n\n\t\t<div class=\"section-content relative\">\n\t\t\t\n\n<div class=\"row row-collapse row-full-width align-middle bg-white\"  id=\"row-1568827404\">\n\n\n\t<div id=\"col-2114216894\" class=\"col medium-6 small-12 large-6\"  data-animate=\"fadeInUp\">\n\t\t\t\t<div class=\"col-inner\"  >\n\t\t\t\n\t\t\t\n\n\t<div class=\"img has-hover x md-x lg-x y md-y lg-y\" id=\"image_939521332\">\n\t\t\t\t\t\t\t\t<div class=\"img-inner image-zoom image-cover dark\" style=\"padding-top:65%;\">\n\t\t\t<img decoding=\"async\" width=\"1020\" height=\"574\" src=\"https:\/\/www.md-elektronik.com\/wp-content\/uploads\/2021\/03\/md-elektronik-anwendungen-massgeschneidert-1024x576.jpg\" class=\"attachment-large size-large\" alt=\"Team of automotive engineers collaborating on advanced vehicle technology in a high-tech laboratory setting.\" srcset=\"https:\/\/www.md-elektronik.com\/wp-content\/uploads\/2021\/03\/md-elektronik-anwendungen-massgeschneidert-1024x576.jpg 1024w, https:\/\/www.md-elektronik.com\/wp-content\/uploads\/2021\/03\/md-elektronik-anwendungen-massgeschneidert-300x169.jpg 300w, https:\/\/www.md-elektronik.com\/wp-content\/uploads\/2021\/03\/md-elektronik-anwendungen-massgeschneidert-768x432.jpg 768w, https:\/\/www.md-elektronik.com\/wp-content\/uploads\/2021\/03\/md-elektronik-anwendungen-massgeschneidert-1536x864.jpg 1536w, https:\/\/www.md-elektronik.com\/wp-content\/uploads\/2021\/03\/md-elektronik-anwendungen-massgeschneidert.jpg 1920w\" sizes=\"(max-width: 1020px) 100vw, 1020px\" \/>\t\t\t\t\t\t\n\t\t\t\t\t<\/div>\n\t\t\t\t\t\t\t\t\n<style>\n#image_939521332 {\n  width: 100%;\n}\n<\/style>\n\t<\/div>\n\t\n\n\n\t\t<\/div>\n\t\t\t\t\t<\/div>\n\n\t\n\n\t<div id=\"col-957225645\" class=\"col medium-6 small-12 large-6\"  >\n\t\t\t\t<div class=\"col-inner text-center\"  >\n\t\t\t\n\t\t\t\n\n<h2><strong>Perfektn\u00ed kabelov\u00e9 propojky na m\u00edru<\/strong><\/h2>\n<p>Ovl\u00e1d\u00e1me sestavov\u00e1n\u00ed datov\u00fdch kabel\u016f pro vozidla. A to u\u017e v\u00edce ne\u017e 25 let. Vytv\u00e1\u0159\u00edme v\u00fdhradn\u011b \u0159e\u0161en\u00ed na m\u00edru v souladu s va\u0161imi p\u0159edstavami: Va\u0161e my\u0161lenka \u2013 n\u00e1\u0161 v\u00fdrobek.<\/p>\n<p>Na z\u00e1klad\u011b na\u0161ich \u0159e\u0161en\u00ed m\u016f\u017eete implementovat v\u0161echny b\u011b\u017en\u00e9 protokoly, jako je APIX nebo <a href=\"https:\/\/www.md-elektronik.com\/cs\/lvds\/\">LVDS<\/a>, k p\u0159ipojen\u00ed displeje do vozidla.<\/p>\n<p>N\u00e1\u0161 bal\u00ed\u010dek technologi\u00ed pro infotainment uceluj\u00ed moduly USB Type-A a Type-C, tak\u017ee p\u0159ipojen\u00ed mobiln\u00edch koncov\u00fdch za\u0159\u00edzen\u00ed do va\u0161eho vozidla m\u016f\u017eete prov\u00e9st zcela bez n\u00e1mahy.<\/p>\n<p><strong>Chcete v\u011bd\u011bt, jak funguj\u00ed modern\u00ed \u0159e\u0161en\u00ed p\u0159enosu dat pro infotainment ve vozidle? R\u00e1di v\u00e1m porad\u00edme.<\/strong><\/p>\n\n\t\t<\/div>\n\t\t\t\t\n<style>\n#col-957225645 > .col-inner {\n  padding: 30px 30px 30px 30px;\n}\n@media (min-width:550px) {\n  #col-957225645 > .col-inner {\n    padding: 60px 60px 60px 60px;\n  }\n}\n<\/style>\n\t<\/div>\n\n\t\n\n\n<style>\n#row-1568827404 > .col > .col-inner {\n  background-color: rgb(255, 255, 255);\n}\n<\/style>\n<\/div>\n\n\t\t<\/div>\n\n\t\t\n<style>\n#section_1152743311 {\n  padding-top: 0px;\n  padding-bottom: 0px;\n  background-color: #f5f5f7;\n}\n<\/style>\n\t<\/section>\n\t\n\n\t<section class=\"section mb-20\" id=\"section_1357567552\">\n\t\t<div class=\"section-bg fill\" >\n\t\t\t\t\t\t\t\t\t\n\t\t\t\n\n\t\t<\/div>\n\n\t\t\n\n\t\t<div class=\"section-content relative\">\n\t\t\t\n\n<div class=\"row bg-white\"  id=\"row-1067594373\">\n\n\n\t<div id=\"col-1330697659\" class=\"col small-12 large-12\"  >\n\t\t\t\t<div class=\"col-inner text-center\" style=\"background-color:rgb(255,255,255);\" >\n\t\t\t\n\t\t\t\n\n<h2><strong>Prom\u011bn\u00edme va\u0161i p\u0159edstavu o infotainmentu ve vozidle na realitu.<\/strong><\/h2>\n<p>Va\u0161e p\u0159\u00e1n\u00ed a p\u0159edstavy jsou pro n\u00e1s hlavn\u00ed prioritou. Aby se mohly st\u00e1t skute\u010dnost\u00ed, sestav\u00edme pro v\u00e1s v\u0161echny kabely na m\u00edru. D\u00edky na\u0161\u00ed glob\u00e1ln\u00ed p\u016fsobnosti s vysoce automatizovanou v\u00fdrobou v Evrop\u011b, v zem\u00edch APAC a NAFTA, m\u016f\u017eeme pro v\u00e1s zajistit dod\u00e1vky kdykoliv, rychle a bezpe\u010dn\u011b.<\/p>\n<p><strong>M\u00e1te na mysli konkr\u00e9tn\u00ed projekt? Na\u0161e poradenstv\u00ed je tu pro v\u00e1s. Kontaktujte n\u00e1s je\u0161t\u011b dnes!<\/strong><\/p>\n<a href=\"mailto:sales@md-elektronik.com\" class=\"button primary is-outline\"  style=\"border-radius:99px;\">\n\t\t<span>Kontaktujte n\u00e1s<\/span>\n\t<i class=\"icon-angle-right\" aria-hidden=\"true\" ><\/i><\/a>\n\n\n<p>Zde najdete p\u0159ehled na\u0161ich v\u00fdrobk\u016f pro infotainment:<\/p>\n\n\t\t<\/div>\n\t\t\t\t\n<style>\n#col-1330697659 > .col-inner {\n  padding: 30px 30px 30px 30px;\n}\n@media (min-width:550px) {\n  #col-1330697659 > .col-inner {\n    padding: 60px 60px 0px 60px;\n  }\n}\n<\/style>\n\t<\/div>\n\n\t\n\n\n<style>\n#row-1067594373 > .col > .col-inner {\n  background-color: rgb(255,255,255);\n}\n<\/style>\n<\/div>\n<div class=\"row\"  id=\"row-18083995\">\n\n\n\t<div id=\"col-1149536161\" class=\"col medium-4 small-12 large-4\"  >\n\t\t\t\t<div class=\"col-inner text-center\"  >\n\t\t\t\n\t\t\t\n\n<p><strong>Coax<\/strong><\/p>\n\t<div id=\"stack-1751754254\" class=\"stack stack-row justify-center items-stretch\">\n\t\t\n\n\t<div class=\"box has-hover   has-hover box-text-bottom\" >\n\n\t\t<div class=\"box-image\" >\n\t\t\t<a href=\"https:\/\/www.md-elektronik.com\/cs\/vyrobky\/koaxialni-kabely\/kabely-s-fakra-konektory\/\" >\t\t\t<div class=\"\" >\n\t\t\t\t<img decoding=\"async\" width=\"600\" height=\"400\" src=\"https:\/\/www.md-elektronik.com\/wp-content\/uploads\/2021\/03\/md_Fakra-SF.png\" class=\"attachment- size-\" alt=\"Close-up of a turquoise and magenta FAKRA automotive connector, highlighting MD ELEKTRONIK&#039;s precision in vehicle cable assembly.\" srcset=\"https:\/\/www.md-elektronik.com\/wp-content\/uploads\/2021\/03\/md_Fakra-SF.png 600w, https:\/\/www.md-elektronik.com\/wp-content\/uploads\/2021\/03\/md_Fakra-SF-300x200.png 300w\" sizes=\"(max-width: 600px) 100vw, 600px\" \/>\t\t\t\t\t\t\t\t\t\t\t<\/div>\n\t\t\t<\/a>\t\t<\/div>\n\n\t\t<div class=\"box-text text-center is-small\" >\n\t\t\t<div class=\"box-text-inner\">\n\t\t\t\t\n\n<p>FAKRA<\/p>\n\n\t\t\t<\/div>\n\t\t<\/div>\n\t<\/div>\n\t\n\t<div class=\"box has-hover   has-hover box-text-bottom\" >\n\n\t\t<div class=\"box-image\" >\n\t\t\t<a href=\"https:\/\/www.md-elektronik.com\/cs\/vyrobky\/koaxialni-kabely\/kabely-s-mini-coax-konektory\/\" >\t\t\t<div class=\"\" >\n\t\t\t\t<img decoding=\"async\" width=\"600\" height=\"400\" src=\"https:\/\/www.md-elektronik.com\/wp-content\/uploads\/2021\/03\/md_HFM_Mini-Koax.png\" class=\"attachment- size-\" alt=\"High-resolution image of a set of MD ELEKTRONIK high-frequency mini-coaxial connectors for automotive data communication systems.\" srcset=\"https:\/\/www.md-elektronik.com\/wp-content\/uploads\/2021\/03\/md_HFM_Mini-Koax.png 600w, https:\/\/www.md-elektronik.com\/wp-content\/uploads\/2021\/03\/md_HFM_Mini-Koax-300x200.png 300w\" sizes=\"(max-width: 600px) 100vw, 600px\" \/>\t\t\t\t\t\t\t\t\t\t\t<\/div>\n\t\t\t<\/a>\t\t<\/div>\n\n\t\t<div class=\"box-text text-center is-small\" >\n\t\t\t<div class=\"box-text-inner\">\n\t\t\t\t\n\n<p>Mini Coax<\/p>\n\n\t\t\t<\/div>\n\t\t<\/div>\n\t<\/div>\n\t\n\n\t\t\n<style>\n#stack-1751754254 > * {\n  --stack-gap: 1rem;\n}\n<\/style>\n\t<\/div>\n\t\n\n\t\t<\/div>\n\t\t\t\t\n<style>\n#col-1149536161 > .col-inner {\n  padding: 30px 0px 0px 0px;\n}\n<\/style>\n\t<\/div>\n\n\t\n\n\t<div id=\"col-2086764185\" class=\"col medium-4 small-12 large-4\"  >\n\t\t\t\t<div class=\"col-inner text-center\"  >\n\t\t\t\n\t\t\t\n\n<p><strong>Data cables<\/strong><\/p>\n\t<div id=\"stack-1053934713\" class=\"stack stack-row justify-center items-stretch\">\n\t\t\n\n\t<div class=\"box has-hover   has-hover box-text-bottom\" >\n\n\t\t<div class=\"box-image\" >\n\t\t\t<a href=\"https:\/\/www.md-elektronik.com\/cs\/vyrobky\/datove-kabely\/ctyrvodicove-kabely\/\" >\t\t\t<div class=\"\" >\n\t\t\t\t<img decoding=\"async\" width=\"600\" height=\"400\" src=\"https:\/\/www.md-elektronik.com\/wp-content\/uploads\/2021\/03\/md_HSD-gerade.png\" class=\"attachment- size-\" alt=\"Turquoise high-speed data (HSD) automotive connector cable, designed for robust data transmission in modern vehicles.\" srcset=\"https:\/\/www.md-elektronik.com\/wp-content\/uploads\/2021\/03\/md_HSD-gerade.png 600w, https:\/\/www.md-elektronik.com\/wp-content\/uploads\/2021\/03\/md_HSD-gerade-300x200.png 300w\" sizes=\"(max-width: 600px) 100vw, 600px\" \/>\t\t\t\t\t\t\t\t\t\t\t<\/div>\n\t\t\t<\/a>\t\t<\/div>\n\n\t\t<div class=\"box-text text-center is-small\" >\n\t\t\t<div class=\"box-text-inner\">\n\t\t\t\t\n\n<p>HSD<\/p>\n\n\t\t\t<\/div>\n\t\t<\/div>\n\t<\/div>\n\t\n\t<div class=\"box has-hover   has-hover box-text-bottom\" >\n\n\t\t<div class=\"box-image\" >\n\t\t\t<a href=\"https:\/\/www.md-elektronik.com\/cs\/vyrobky\/datove-kabely\/dvojvodicove-kabely\/\" >\t\t\t<div class=\"\" >\n\t\t\t\t<img decoding=\"async\" width=\"600\" height=\"400\" src=\"https:\/\/www.md-elektronik.com\/wp-content\/uploads\/2021\/03\/md_H-MTD.png\" class=\"attachment- size-\" alt=\"Turquoise and magenta H-MTD automotive connectors with dual ports for enhanced connectivity in vehicle data systems.\" srcset=\"https:\/\/www.md-elektronik.com\/wp-content\/uploads\/2021\/03\/md_H-MTD.png 600w, https:\/\/www.md-elektronik.com\/wp-content\/uploads\/2021\/03\/md_H-MTD-300x200.png 300w\" sizes=\"(max-width: 600px) 100vw, 600px\" \/>\t\t\t\t\t\t\t\t\t\t\t<\/div>\n\t\t\t<\/a>\t\t<\/div>\n\n\t\t<div class=\"box-text text-center is-small\" >\n\t\t\t<div class=\"box-text-inner\">\n\t\t\t\t\n\n<p>H-MTD<\/p>\n\n\t\t\t<\/div>\n\t\t<\/div>\n\t<\/div>\n\t\n\n\t\t\n<style>\n#stack-1053934713 > * {\n  --stack-gap: 1rem;\n}\n<\/style>\n\t<\/div>\n\t\n\t<div id=\"stack-1636437474\" class=\"stack stack-row justify-center items-stretch\">\n\t\t\n\n\t<div class=\"box has-hover   has-hover box-text-bottom\" >\n\n\t\t<div class=\"box-image\" >\n\t\t\t<a href=\"https:\/\/www.md-elektronik.com\/cs\/vyrobky\/c-klic\/\" >\t\t\t<div class=\"\" >\n\t\t\t\t<img decoding=\"async\" width=\"600\" height=\"400\" src=\"https:\/\/www.md-elektronik.com\/wp-content\/uploads\/2021\/03\/md_HUB-C-Klic.png\" class=\"attachment- size-\" alt=\"Green connector plugged into a silver aluminum heat sink, showcasing MD ELEKTRONIK&#039;s innovative thermal management technology for automotive electronics\" srcset=\"https:\/\/www.md-elektronik.com\/wp-content\/uploads\/2021\/03\/md_HUB-C-Klic.png 600w, https:\/\/www.md-elektronik.com\/wp-content\/uploads\/2021\/03\/md_HUB-C-Klic-300x200.png 300w\" sizes=\"(max-width: 600px) 100vw, 600px\" \/>\t\t\t\t\t\t\t\t\t\t\t<\/div>\n\t\t\t<\/a>\t\t<\/div>\n\n\t\t<div class=\"box-text text-center is-small\" >\n\t\t\t<div class=\"box-text-inner\">\n\t\t\t\t\n\n<p>C-KLIC<\/p>\n\n\t\t\t<\/div>\n\t\t<\/div>\n\t<\/div>\n\t\n\t<div class=\"box has-hover   has-hover box-text-bottom\" >\n\n\t\t<div class=\"box-image\" >\n\t\t\t<a href=\"https:\/\/www.md-elektronik.com\/cs\/vyrobky\/datove-kabely\/dvojvodicove-kabely\/\" >\t\t\t<div class=\"\" >\n\t\t\t\t<img decoding=\"async\" width=\"600\" height=\"400\" src=\"https:\/\/www.md-elektronik.com\/wp-content\/uploads\/2021\/03\/md_AMEC.png\" class=\"attachment- size-\" alt=\"Close-up of a white AMEC automotive connector with dual black cables, highlighting MD ELEKTRONIK&#039;s focus on reliable electrical connections for vehicle systems.\" srcset=\"https:\/\/www.md-elektronik.com\/wp-content\/uploads\/2021\/03\/md_AMEC.png 600w, https:\/\/www.md-elektronik.com\/wp-content\/uploads\/2021\/03\/md_AMEC-300x200.png 300w\" sizes=\"(max-width: 600px) 100vw, 600px\" \/>\t\t\t\t\t\t\t\t\t\t\t<\/div>\n\t\t\t<\/a>\t\t<\/div>\n\n\t\t<div class=\"box-text text-center is-small\" >\n\t\t\t<div class=\"box-text-inner\">\n\t\t\t\t\n\n<p>AMEC<\/p>\n\n\t\t\t<\/div>\n\t\t<\/div>\n\t<\/div>\n\t\n\n\t\t\n<style>\n#stack-1636437474 > * {\n  --stack-gap: 1rem;\n}\n<\/style>\n\t<\/div>\n\t\n\n\t\t<\/div>\n\t\t\t\t\n<style>\n#col-2086764185 > .col-inner {\n  padding: 30px 0px 0px 0px;\n}\n<\/style>\n\t<\/div>\n\n\t\n\n\t<div id=\"col-1430438080\" class=\"col medium-4 small-12 large-4\"  >\n\t\t\t\t<div class=\"col-inner text-center\"  >\n\t\t\t\n\t\t\t\n\n<p><strong>Electronic modules<\/strong><\/p>\n\t<div id=\"stack-1654445336\" class=\"stack stack-row justify-center items-stretch\">\n\t\t\n\n\t<div class=\"box has-hover   has-hover box-text-bottom\" >\n\n\t\t<div class=\"box-image\" >\n\t\t\t<a href=\"https:\/\/www.md-elektronik.com\/cs\/vyrobky\/elektronika\/moduly-pro-elektroniku\/\" >\t\t\t<div class=\"\" >\n\t\t\t\t<img decoding=\"async\" width=\"600\" height=\"400\" src=\"https:\/\/www.md-elektronik.com\/wp-content\/uploads\/2021\/03\/USB-A_transparenter-Hintergrund-II.png\" class=\"attachment- size-\" alt=\"Black USB-A automotive connector module with symbol icons, designed for seamless integration and data connectivity in modern vehicles.\" srcset=\"https:\/\/www.md-elektronik.com\/wp-content\/uploads\/2021\/03\/USB-A_transparenter-Hintergrund-II.png 600w, https:\/\/www.md-elektronik.com\/wp-content\/uploads\/2021\/03\/USB-A_transparenter-Hintergrund-II-300x200.png 300w\" sizes=\"(max-width: 600px) 100vw, 600px\" \/>\t\t\t\t\t\t\t\t\t\t\t<\/div>\n\t\t\t<\/a>\t\t<\/div>\n\n\t\t<div class=\"box-text text-center is-small\" >\n\t\t\t<div class=\"box-text-inner\">\n\t\t\t\t\n\n<p>USB Type-A<\/p>\n\n\t\t\t<\/div>\n\t\t<\/div>\n\t<\/div>\n\t\n\t<div class=\"box has-hover   has-hover box-text-bottom\" >\n\n\t\t<div class=\"box-image\" >\n\t\t\t<a href=\"https:\/\/www.md-elektronik.com\/cs\/vyrobky\/elektronika\/moduly-pro-elektroniku\/\" >\t\t\t<div class=\"\" >\n\t\t\t\t<img decoding=\"async\" width=\"600\" height=\"400\" src=\"https:\/\/www.md-elektronik.com\/wp-content\/uploads\/2021\/03\/USB-C_transparenter-Hintergrund.png\" class=\"attachment- size-\" alt=\"Compact black USB-C connector module for automotive use, designed for fast and efficient data and power transfer in vehicle systems.\" srcset=\"https:\/\/www.md-elektronik.com\/wp-content\/uploads\/2021\/03\/USB-C_transparenter-Hintergrund.png 600w, https:\/\/www.md-elektronik.com\/wp-content\/uploads\/2021\/03\/USB-C_transparenter-Hintergrund-300x200.png 300w\" sizes=\"(max-width: 600px) 100vw, 600px\" \/>\t\t\t\t\t\t\t\t\t\t\t<\/div>\n\t\t\t<\/a>\t\t<\/div>\n\n\t\t<div class=\"box-text text-center is-small\" >\n\t\t\t<div class=\"box-text-inner\">\n\t\t\t\t\n\n<p>USB Type-C<\/p>\n\n\t\t\t<\/div>\n\t\t<\/div>\n\t<\/div>\n\t\n\n\t\t\n<style>\n#stack-1654445336 > * {\n  --stack-gap: 1rem;\n}\n<\/style>\n\t<\/div>\n\t\n\n\t\t<\/div>\n\t\t\t\t\n<style>\n#col-1430438080 > .col-inner {\n  padding: 30px 0px 0px 0px;\n}\n<\/style>\n\t<\/div>\n\n\t\n\n\t<div id=\"col-887381611\" class=\"col small-12 large-12\"  data-animate=\"fadeInUp\">\n\t\t\t\t<div class=\"col-inner text-center\"  >\n\t\t\t\n\t\t\t\n\n<p>Vytv\u00e1\u0159\u00edme pro v\u00e1s \u0159e\u0161en\u00ed na m\u00edru.<\/p>\n<a href=\"mailto:sales@md-elektronik.com\" class=\"button primary is-outline\"  style=\"border-radius:99px;\">\n\t\t<span>Kontaktujte n\u00e1s<\/span>\n\t<i class=\"icon-angle-right\" aria-hidden=\"true\" ><\/i><\/a>\n\n\n\n\t\t<\/div>\n\t\t\t\t\n<style>\n#col-887381611 > .col-inner {\n  padding: 30px 30px 30px 30px;\n}\n@media (min-width:550px) {\n  #col-887381611 > .col-inner {\n    padding: 0px 60px 0px 60px;\n  }\n}\n<\/style>\n\t<\/div>\n\n\t\n\n<\/div>\n\n\t\t<\/div>\n\n\t\t\n<style>\n#section_1357567552 {\n  padding-top: 0px;\n  padding-bottom: 0px;\n  background-color: #f5f5f7;\n}\n<\/style>\n\t<\/section>\n\t\n\n","protected":false},"excerpt":{"rendered":"","protected":false},"author":1,"featured_media":0,"parent":5757,"menu_order":1,"comment_status":"closed","ping_status":"closed","template":"page-blank.php","meta":{"footnotes":""},"class_list":["post-5769","page","type-page","status-publish","hentry"],"_links":{"self":[{"href":"https:\/\/www.md-elektronik.com\/cs\/wp-json\/wp\/v2\/pages\/5769","targetHints":{"allow":["GET"]}}],"collection":[{"href":"https:\/\/www.md-elektronik.com\/cs\/wp-json\/wp\/v2\/pages"}],"about":[{"href":"https:\/\/www.md-elektronik.com\/cs\/wp-json\/wp\/v2\/types\/page"}],"author":[{"embeddable":true,"href":"https:\/\/www.md-elektronik.com\/cs\/wp-json\/wp\/v2\/users\/1"}],"replies":[{"embeddable":true,"href":"https:\/\/www.md-elektronik.com\/cs\/wp-json\/wp\/v2\/comments?post=5769"}],"version-history":[{"count":10,"href":"https:\/\/www.md-elektronik.com\/cs\/wp-json\/wp\/v2\/pages\/5769\/revisions"}],"predecessor-version":[{"id":16364,"href":"https:\/\/www.md-elektronik.com\/cs\/wp-json\/wp\/v2\/pages\/5769\/revisions\/16364"}],"up":[{"embeddable":true,"href":"https:\/\/www.md-elektronik.com\/cs\/wp-json\/wp\/v2\/pages\/5757"}],"wp:attachment":[{"href":"https:\/\/www.md-elektronik.com\/cs\/wp-json\/wp\/v2\/media?parent=5769"}],"curies":[{"name":"wp","href":"https:\/\/api.w.org\/{rel}","templated":true}]}}