{"id":5782,"date":"2021-03-24T10:22:28","date_gmt":"2021-03-24T09:22:28","guid":{"rendered":"https:\/\/www.md-elektronik.de\/?page_id=5782"},"modified":"2023-07-04T16:09:05","modified_gmt":"2023-07-04T14:09:05","slug":"adas-a-autonomni-rizeni","status":"publish","type":"page","link":"https:\/\/www.md-elektronik.com\/cs\/aplikace\/adas-a-autonomni-rizeni\/","title":{"rendered":"ADAS a autonomn\u00ed \u0159\u00edzen\u00ed"},"content":{"rendered":"\n\n\t<section class=\"section\" id=\"section_1842212238\">\n\t\t<div class=\"section-bg fill\" >\n\t\t\t\t\t\t\t\t\t\n\t\t\t\n\n\t\t<\/div>\n\n\t\t\n\n\t\t<div class=\"section-content relative\">\n\t\t\t\n\n<div class=\"row row-collapse row-full-width align-middle\"  id=\"row-1515108314\">\n\n\n\t<div id=\"col-481591138\" class=\"col medium-6 small-12 large-6\"  >\n\t\t\t\t<div class=\"col-inner text-center\"  >\n\t\t\t\n\t\t\t\n\n<h1>M\u011bn\u00edme autonomn\u00ed \u0159\u00edzen\u00ed na realitu.<\/h1>\n<p>Autonomn\u00ed \u0159\u00edzen\u00ed: Kdy\u017e se z \u0159idi\u010de st\u00e1v\u00e1 pasa\u017e\u00e9r. Takov\u00e1 je realita silni\u010dn\u00ed dopravy v bl\u00edzk\u00e9 budoucnosti. J\u00edzdn\u00ed asisten\u010dn\u00ed syst\u00e9my a bezpe\u010dnostn\u00ed funkce jsou navrhov\u00e1ny tak, aby postupn\u011b automatizovaly \u00fakoly spojen\u00e9 s \u0159\u00edzen\u00edm.<\/p>\n<p>K tomu mus\u00ed vozidlo neust\u00e1le p\u0159esn\u011b sledovat sv\u00e9 okol\u00ed, a to v re\u00e1ln\u00e9m \u010dase. \u00dast\u0159edn\u00ed roli p\u0159itom hraj\u00ed senzorick\u00e9 funkce, jako jsou kamery, radar nebo technologie lidar. Napojen\u00ed takov\u00fdch p\u0159\u00edstroj\u016f na palubn\u00ed s\u00ed\u0165 m\u00e1 zna\u010dn\u00fd v\u00fdznam pro architekturu s\u00edt\u00ed ve vozidlech. Enormn\u011b d\u016fle\u017eit\u00e9 je \u0159e\u0161en\u00ed p\u0159enosu dat s minim\u00e1ln\u00ed latenc\u00ed a stabiln\u00edm sign\u00e1lem. A pr\u00e1v\u011b tady je na\u0161e hlavn\u00ed pole p\u016fsobnosti.<\/p>\n<p><strong>Chcete zv\u00edt\u011bzit v sout\u011b\u017ei o vozidla s autonomn\u00edm \u0159\u00edzen\u00edm? Sestav\u00edme pro v\u00e1s optim\u00e1ln\u00ed kabely k rychl\u00e9mu a bezpe\u010dn\u00e9mu p\u0159enosu enormn\u00edho mno\u017estv\u00ed dat.<\/strong><\/p>\n\n\t\t<\/div>\n\t\t\t\t\n<style>\n#col-481591138 > .col-inner {\n  padding: 30px 30px 30px 30px;\n}\n@media (min-width:550px) {\n  #col-481591138 > .col-inner {\n    padding: 60px 60px 60px 60px;\n  }\n}\n<\/style>\n\t<\/div>\n\n\t\n\n\t<div id=\"col-524983175\" class=\"col medium-6 small-12 large-6\"  >\n\t\t\t\t<div class=\"col-inner text-center\"  >\n\t\t\t\n\t\t\t\n\n<iframe style=\"margin-bottom: -6px;\" src=\"https:\/\/player.vimeo.com\/video\/515694608?h=c922525f8c&amp;badge=0&amp;autopause=0&amp;player_id=0&amp;app_id=58479&amp;background=1&amp;dnt=1\" width=\"960\" height=\"540\" frameborder=\"0\" allowfullscreen=\"allowfullscreen\"><span style=\"display: inline-block; width: 0px; overflow: hidden; line-height: 0;\" data-mce-type=\"bookmark\" class=\"mce_SELRES_start\">\ufeff<\/span><\/iframe>\n\n\n\t\t<\/div>\n\t\t\t\t\t<\/div>\n\n\t\n\n\t<div id=\"col-1510769744\" class=\"col show-for-small medium-6 small-12 large-6\"  data-animate=\"fadeInUp\">\n\t\t\t\t<div class=\"col-inner\"  >\n\t\t\t\n\t\t\t\n\n<iframe style=\"margin-bottom: -6px;\" src=\"https:\/\/player.vimeo.com\/video\/515694608?h=c922525f8c&amp;badge=0&amp;autopause=0&amp;player_id=0&amp;app_id=58479&amp;background=1&amp;dnt=1\" width=\"100%\" height=\"200\" frameborder=\"0\" allowfullscreen=\"allowfullscreen\"><\/iframe>\n\n\n\t\t<\/div>\n\t\t\t\t\t<\/div>\n\n\t\n\n\n<style>\n#row-1515108314 > .col > .col-inner {\n  background-color: rgb(255, 255, 255);\n}\n<\/style>\n<\/div>\n\n\t\t<\/div>\n\n\t\t\n<style>\n#section_1842212238 {\n  padding-top: 0px;\n  padding-bottom: 0px;\n  background-color: rgb(255,255,255);\n}\n<\/style>\n\t<\/section>\n\t\n\n\t<section class=\"section mb-20 mt-20\" id=\"section_2012391449\">\n\t\t<div class=\"section-bg fill\" >\n\t\t\t\t\t\t\t\t\t\n\t\t\t\n\n\t\t<\/div>\n\n\t\t\n\n\t\t<div class=\"section-content relative\">\n\t\t\t\n\n<div class=\"row row-collapse align-middle\"  id=\"row-1842992333\">\n\n\n\t<div id=\"col-1007242181\" class=\"col small-12 large-12\"  >\n\t\t\t\t<div class=\"col-inner text-center\"  >\n\t\t\t\n\t\t\t\n\n<p>Sou\u010dasn\u00fd megatrend \u201eautonomn\u00ed \u0159\u00edzen\u00ed\u201c v\u00fdznamn\u011b zm\u011bnil po\u017eadavky na \u0159e\u0161en\u00ed p\u0159enosu dat ve vozidlech. Tento trend vy\u017eaduje inovativn\u00ed \u0159e\u0161en\u00ed p\u0159enosu <em>velk\u00fdch objem\u016f dat <\/em>p\u0159i sou\u010dasn\u00e9m zaji\u0161t\u011bn\u00ed<\/p>\n<p><em>minim\u00e1ln\u00ed latence,<br \/><\/em><em>vysok\u00e9 kvality sign\u00e1lu,<br \/><\/em><em>stability odst\u00edn\u011bn\u00e9ho p\u0159enosu,<br \/><\/em><em>minim\u00e1ln\u00ed spot\u0159eby energie,<br \/><\/em><em>miniaturizovan\u00fdch komponent<br \/><\/em><em>a to cel\u00e9 proveden\u00e9 na m\u00edru.<\/em><\/p>\n<p>Sou\u010dasn\u011b musej\u00ed b\u00fdt komponenty zna\u010dn\u011b robustn\u00ed tak, aby odol\u00e1valy nejnep\u0159\u00edzniv\u011bj\u0161\u00edm okoln\u00edm podm\u00ednk\u00e1m v silni\u010dn\u00edm provozu v chladn\u00e9m i hork\u00e9m&nbsp; prost\u0159ed\u00ed, za mokra a zvl\u00e1daly i posypovou s\u016fl.<\/p>\n<p>Se v\u0161emi t\u011bmito po\u017eadavky se m\u016f\u017eete obr\u00e1tit na siln\u00e9ho partnera, kter\u00fd pro v\u00e1s vyvine nejnov\u011bj\u0161\u00ed technologick\u00e1 \u0159e\u0161en\u00ed na m\u00edru. P\u0159esn\u011b zde vstupujeme do hry my.<\/p>\n<a href=\"mailto:sales@md-elektronik.com\" class=\"button primary is-outline\"  style=\"border-radius:99px;\">\n\t\t<span>Kontaktujte n\u00e1s<\/span>\n\t<i class=\"icon-angle-right\" aria-hidden=\"true\" ><\/i><\/a>\n\n\n\n\t\t<\/div>\n\t\t\t\t\n<style>\n#col-1007242181 > .col-inner {\n  padding: 30px 30px 30px 30px;\n}\n@media (min-width:550px) {\n  #col-1007242181 > .col-inner {\n    padding: 60px 60px 60px 60px;\n  }\n}\n<\/style>\n\t<\/div>\n\n\t\n\n<\/div>\n\n\t\t<\/div>\n\n\t\t\n<style>\n#section_2012391449 {\n  padding-top: 0px;\n  padding-bottom: 0px;\n}\n<\/style>\n\t<\/section>\n\t\n\n\t<section class=\"section mb-20\" id=\"section_2057303634\">\n\t\t<div class=\"section-bg fill\" >\n\t\t\t\t\t\t\t\t\t\n\t\t\t\n\n\t\t<\/div>\n\n\t\t\n\n\t\t<div class=\"section-content relative\">\n\t\t\t\n\n<div class=\"row row-collapse row-full-width align-middle bg-white\"  id=\"row-13505061\">\n\n\n\t<div id=\"col-369401069\" class=\"col medium-6 small-12 large-6\"  data-animate=\"fadeInUp\">\n\t\t\t\t<div class=\"col-inner\"  >\n\t\t\t\n\t\t\t\n\n\t<div class=\"img has-hover x md-x lg-x y md-y lg-y\" id=\"image_317521915\">\n\t\t\t\t\t\t\t\t<div class=\"img-inner image-zoom image-cover dark\" style=\"padding-top:65%;\">\n\t\t\t<img decoding=\"async\" width=\"1020\" height=\"574\" src=\"https:\/\/www.md-elektronik.com\/wp-content\/uploads\/2021\/03\/md-elektronik-anwendungen-massgeschneidert-1024x576.jpg\" class=\"attachment-large size-large\" alt=\"Team of automotive engineers collaborating on advanced vehicle technology in a high-tech laboratory setting.\" srcset=\"https:\/\/www.md-elektronik.com\/wp-content\/uploads\/2021\/03\/md-elektronik-anwendungen-massgeschneidert-1024x576.jpg 1024w, https:\/\/www.md-elektronik.com\/wp-content\/uploads\/2021\/03\/md-elektronik-anwendungen-massgeschneidert-300x169.jpg 300w, https:\/\/www.md-elektronik.com\/wp-content\/uploads\/2021\/03\/md-elektronik-anwendungen-massgeschneidert-768x432.jpg 768w, https:\/\/www.md-elektronik.com\/wp-content\/uploads\/2021\/03\/md-elektronik-anwendungen-massgeschneidert-1536x864.jpg 1536w, https:\/\/www.md-elektronik.com\/wp-content\/uploads\/2021\/03\/md-elektronik-anwendungen-massgeschneidert.jpg 1920w\" sizes=\"(max-width: 1020px) 100vw, 1020px\" \/>\t\t\t\t\t\t\n\t\t\t\t\t<\/div>\n\t\t\t\t\t\t\t\t\n<style>\n#image_317521915 {\n  width: 100%;\n}\n<\/style>\n\t<\/div>\n\t\n\n\n\t\t<\/div>\n\t\t\t\t\t<\/div>\n\n\t\n\n\t<div id=\"col-1075960813\" class=\"col medium-6 small-12 large-6\"  >\n\t\t\t\t<div class=\"col-inner text-center\"  >\n\t\t\t\n\t\t\t\n\n<h2><strong>Perfektn\u00ed kabelov\u00e9 propojky na m\u00edru<\/strong><\/h2>\n<p>Ovl\u00e1d\u00e1me sestavov\u00e1n\u00ed datov\u00fdch kabel\u016f pro vozidla. A to u\u017e v\u00edce ne\u017e 25 let. Vytv\u00e1\u0159\u00edme v\u00fdhradn\u011b \u0159e\u0161en\u00ed na m\u00edru v souladu s va\u0161imi p\u0159edstavami: Va\u0161e my\u0161lenka \u2013 n\u00e1\u0161 v\u00fdrobek.<\/p>\n<p>S na\u0161imi \u0159e\u0161en\u00edmi implementujete do palubn\u00ed s\u00edt\u011b v\u0161echny b\u011b\u017en\u00e9 protokoly, jako je <a href=\"https:\/\/www.md-elektronik.com\/cs\/automotive-ethernet\/\">Automotive Ethernet<\/a>, Multi-Gig-Ethernet, <a href=\"https:\/\/www.md-elektronik.com\/cs\/lvds\/\">LVDS<\/a>, GMSL a FDP-Link k napojen\u00ed komponent\u016f senzor\u016f.<\/p>\n<p><strong>Hled\u00e1te partnera, kter\u00fd ovl\u00e1d\u00e1 vysoce automatizovanou mont\u00e1\u017e kabelov\u00fdch propojek a dok\u00e1\u017ee zaru\u010dit zp\u011btn\u00e9 vysledov\u00e1n\u00ed d\u00edl\u016f? Pak jste u n\u00e1s na spr\u00e1vn\u00e9 adrese.<\/strong><\/p>\n\n\t\t<\/div>\n\t\t\t\t\n<style>\n#col-1075960813 > .col-inner {\n  padding: 30px 30px 30px 30px;\n}\n@media (min-width:550px) {\n  #col-1075960813 > .col-inner {\n    padding: 60px 60px 60px 60px;\n  }\n}\n<\/style>\n\t<\/div>\n\n\t\n\n\n<style>\n#row-13505061 > .col > .col-inner {\n  background-color: rgb(255, 255, 255);\n}\n<\/style>\n<\/div>\n\n\t\t<\/div>\n\n\t\t\n<style>\n#section_2057303634 {\n  padding-top: 0px;\n  padding-bottom: 0px;\n  background-color: #f5f5f7;\n}\n<\/style>\n\t<\/section>\n\t\n\n\t<section class=\"section mb-20\" id=\"section_845017335\">\n\t\t<div class=\"section-bg fill\" >\n\t\t\t\t\t\t\t\t\t\n\t\t\t\n\n\t\t<\/div>\n\n\t\t\n\n\t\t<div class=\"section-content relative\">\n\t\t\t\n\n<div class=\"row bg-white\"  id=\"row-2106110057\">\n\n\n\t<div id=\"col-1750104121\" class=\"col small-12 large-12\"  >\n\t\t\t\t<div class=\"col-inner text-center\" style=\"background-color:rgb(255,255,255);\" >\n\t\t\t\n\t\t\t\n\n<h2><strong>Prom\u011bn\u00edme va\u0161i p\u0159edstavu o autonomn\u011b \u0159\u00edzen\u00e9m vozidle na realitu.<\/strong><\/h2>\n<p>Va\u0161e p\u0159\u00e1n\u00ed a p\u0159edstavy jsou pro n\u00e1s hlavn\u00ed prioritou. Aby se mohly st\u00e1t skute\u010dnost\u00ed, sestav\u00edme pro v\u00e1s v\u0161echny kabely na m\u00edru. D\u00edky na\u0161\u00ed glob\u00e1ln\u00ed p\u016fsobnosti s vysoce automatizovanou v\u00fdrobou v Evrop\u011b, v zem\u00edch APAC a NAFTA, m\u016f\u017eeme pro v\u00e1s zajistit dod\u00e1vky kdykoliv, rychle a bezpe\u010dn\u011b.<\/p>\n<p><strong>M\u00e1te na mysli konkr\u00e9tn\u00ed projekt? Na\u0161e poradenstv\u00ed je tu pro v\u00e1s. Kontaktujte n\u00e1s je\u0161t\u011b dnes!<\/strong><\/p>\n<a href=\"mailto:sales@md-elektronik.com\" class=\"button primary is-outline\"  style=\"border-radius:99px;\">\n\t\t<span>Kontaktujte n\u00e1s<\/span>\n\t<i class=\"icon-angle-right\" aria-hidden=\"true\" ><\/i><\/a>\n\n\n<p>Zde najdete p\u0159ehled na\u0161ich v\u00fdrobk\u016f pro technologii <a href=\"https:\/\/www.md-elektronik.com\/cs\/adas\/\">ADAS<\/a> (Advanced Driver Assistance Systems) a autonomn\u00ed \u0159\u00edzen\u00ed:<\/p>\n\n\t\t<\/div>\n\t\t\t\t\n<style>\n#col-1750104121 > .col-inner {\n  padding: 30px 30px 30px 30px;\n}\n@media (min-width:550px) {\n  #col-1750104121 > .col-inner {\n    padding: 60px 60px 0px 60px;\n  }\n}\n<\/style>\n\t<\/div>\n\n\t\n\n\n<style>\n#row-2106110057 > .col > .col-inner {\n  background-color: rgb(255,255,255);\n}\n<\/style>\n<\/div>\n<div class=\"row\"  id=\"row-711415594\">\n\n\n\t<div id=\"col-79101486\" class=\"col medium-4 small-12 large-4\"  >\n\t\t\t\t<div class=\"col-inner text-center\"  >\n\t\t\t\n\t\t\t\n\n<p><strong>Coax<\/strong><\/p>\n\t<div id=\"stack-920019520\" class=\"stack stack-row justify-center items-stretch\">\n\t\t\n\n\t<div class=\"box has-hover   has-hover box-text-bottom\" >\n\n\t\t<div class=\"box-image\" >\n\t\t\t<a href=\"https:\/\/www.md-elektronik.com\/cs\/vyrobky\/koaxialni-kabely\/kabely-s-fakra-konektory\/\" >\t\t\t<div class=\"\" >\n\t\t\t\t<img decoding=\"async\" width=\"600\" height=\"400\" src=\"https:\/\/www.md-elektronik.com\/wp-content\/uploads\/2021\/03\/md_Fakra-SF.png\" class=\"attachment- size-\" alt=\"Close-up of a turquoise and magenta FAKRA automotive connector, highlighting MD ELEKTRONIK&#039;s precision in vehicle cable assembly.\" srcset=\"https:\/\/www.md-elektronik.com\/wp-content\/uploads\/2021\/03\/md_Fakra-SF.png 600w, https:\/\/www.md-elektronik.com\/wp-content\/uploads\/2021\/03\/md_Fakra-SF-300x200.png 300w\" sizes=\"(max-width: 600px) 100vw, 600px\" \/>\t\t\t\t\t\t\t\t\t\t\t<\/div>\n\t\t\t<\/a>\t\t<\/div>\n\n\t\t<div class=\"box-text text-center is-small\" >\n\t\t\t<div class=\"box-text-inner\">\n\t\t\t\t\n\n<p>FAKRA<\/p>\n\n\t\t\t<\/div>\n\t\t<\/div>\n\t<\/div>\n\t\n\t<div class=\"box has-hover   has-hover box-text-bottom\" >\n\n\t\t<div class=\"box-image\" >\n\t\t\t<a href=\"https:\/\/www.md-elektronik.com\/cs\/vyrobky\/koaxialni-kabely\/kabely-s-mini-coax-konektory\/\" >\t\t\t<div class=\"\" >\n\t\t\t\t<img decoding=\"async\" width=\"600\" height=\"400\" src=\"https:\/\/www.md-elektronik.com\/wp-content\/uploads\/2021\/03\/md_HFM_Mini-Koax.png\" class=\"attachment- size-\" alt=\"High-resolution image of a set of MD ELEKTRONIK high-frequency mini-coaxial connectors for automotive data communication systems.\" srcset=\"https:\/\/www.md-elektronik.com\/wp-content\/uploads\/2021\/03\/md_HFM_Mini-Koax.png 600w, https:\/\/www.md-elektronik.com\/wp-content\/uploads\/2021\/03\/md_HFM_Mini-Koax-300x200.png 300w\" sizes=\"(max-width: 600px) 100vw, 600px\" \/>\t\t\t\t\t\t\t\t\t\t\t<\/div>\n\t\t\t<\/a>\t\t<\/div>\n\n\t\t<div class=\"box-text text-center is-small\" >\n\t\t\t<div class=\"box-text-inner\">\n\t\t\t\t\n\n<p>Mini Coax<\/p>\n\n\t\t\t<\/div>\n\t\t<\/div>\n\t<\/div>\n\t\n\n\t\t\n<style>\n#stack-920019520 > * {\n  --stack-gap: 1rem;\n}\n<\/style>\n\t<\/div>\n\t\n\n\t\t<\/div>\n\t\t\t\t\n<style>\n#col-79101486 > .col-inner {\n  padding: 30px 0px 0px 0px;\n}\n<\/style>\n\t<\/div>\n\n\t\n\n\t<div id=\"col-1872826324\" class=\"col medium-4 small-12 large-4\"  >\n\t\t\t\t<div class=\"col-inner text-center\"  >\n\t\t\t\n\t\t\t\n\n<p><strong>Data cables<\/strong><\/p>\n\t<div id=\"stack-2806836985\" class=\"stack stack-row justify-center items-stretch\">\n\t\t\n\n\t<div class=\"box has-hover   has-hover box-text-bottom\" >\n\n\t\t<div class=\"box-image\" >\n\t\t\t<a href=\"https:\/\/www.md-elektronik.com\/cs\/vyrobky\/datove-kabely\/ctyrvodicove-kabely\/\" >\t\t\t<div class=\"\" >\n\t\t\t\t<img decoding=\"async\" width=\"600\" height=\"400\" src=\"https:\/\/www.md-elektronik.com\/wp-content\/uploads\/2021\/03\/md_HSD-gerade.png\" class=\"attachment- size-\" alt=\"Turquoise high-speed data (HSD) automotive connector cable, designed for robust data transmission in modern vehicles.\" srcset=\"https:\/\/www.md-elektronik.com\/wp-content\/uploads\/2021\/03\/md_HSD-gerade.png 600w, https:\/\/www.md-elektronik.com\/wp-content\/uploads\/2021\/03\/md_HSD-gerade-300x200.png 300w\" sizes=\"(max-width: 600px) 100vw, 600px\" \/>\t\t\t\t\t\t\t\t\t\t\t<\/div>\n\t\t\t<\/a>\t\t<\/div>\n\n\t\t<div class=\"box-text text-center is-small\" >\n\t\t\t<div class=\"box-text-inner\">\n\t\t\t\t\n\n<p>HSD<\/p>\n\n\t\t\t<\/div>\n\t\t<\/div>\n\t<\/div>\n\t\n\t<div class=\"box has-hover   has-hover box-text-bottom\" >\n\n\t\t<div class=\"box-image\" >\n\t\t\t<a href=\"https:\/\/www.md-elektronik.com\/cs\/vyrobky\/datove-kabely\/dvojvodicove-kabely\/\" >\t\t\t<div class=\"\" >\n\t\t\t\t<img decoding=\"async\" width=\"600\" height=\"400\" src=\"https:\/\/www.md-elektronik.com\/wp-content\/uploads\/2021\/03\/md_H-MTD.png\" class=\"attachment- size-\" alt=\"Turquoise and magenta H-MTD automotive connectors with dual ports for enhanced connectivity in vehicle data systems.\" srcset=\"https:\/\/www.md-elektronik.com\/wp-content\/uploads\/2021\/03\/md_H-MTD.png 600w, https:\/\/www.md-elektronik.com\/wp-content\/uploads\/2021\/03\/md_H-MTD-300x200.png 300w\" sizes=\"(max-width: 600px) 100vw, 600px\" \/>\t\t\t\t\t\t\t\t\t\t\t<\/div>\n\t\t\t<\/a>\t\t<\/div>\n\n\t\t<div class=\"box-text text-center is-small\" >\n\t\t\t<div class=\"box-text-inner\">\n\t\t\t\t\n\n<p>H-MTD<\/p>\n\n\t\t\t<\/div>\n\t\t<\/div>\n\t<\/div>\n\t\n\n\t\t\n<style>\n#stack-2806836985 > * {\n  --stack-gap: 1rem;\n}\n<\/style>\n\t<\/div>\n\t\n\t<div id=\"stack-718005370\" class=\"stack stack-row justify-center items-stretch\">\n\t\t\n\n\t<div class=\"box has-hover   has-hover box-text-bottom\" >\n\n\t\t<div class=\"box-image\" >\n\t\t\t<a href=\"https:\/\/www.md-elektronik.com\/cs\/vyrobky\/c-klic\/\" >\t\t\t<div class=\"\" >\n\t\t\t\t<img decoding=\"async\" width=\"600\" height=\"400\" src=\"https:\/\/www.md-elektronik.com\/wp-content\/uploads\/2021\/03\/md_HUB-C-Klic.png\" class=\"attachment- size-\" alt=\"Green connector plugged into a silver aluminum heat sink, showcasing MD ELEKTRONIK&#039;s innovative thermal management technology for automotive electronics\" srcset=\"https:\/\/www.md-elektronik.com\/wp-content\/uploads\/2021\/03\/md_HUB-C-Klic.png 600w, https:\/\/www.md-elektronik.com\/wp-content\/uploads\/2021\/03\/md_HUB-C-Klic-300x200.png 300w\" sizes=\"(max-width: 600px) 100vw, 600px\" \/>\t\t\t\t\t\t\t\t\t\t\t<\/div>\n\t\t\t<\/a>\t\t<\/div>\n\n\t\t<div class=\"box-text text-center is-small\" >\n\t\t\t<div class=\"box-text-inner\">\n\t\t\t\t\n\n<p>C-KLIC<\/p>\n\n\t\t\t<\/div>\n\t\t<\/div>\n\t<\/div>\n\t\n\t<div class=\"box has-hover   has-hover box-text-bottom\" >\n\n\t\t<div class=\"box-image\" >\n\t\t\t<a href=\"https:\/\/www.md-elektronik.com\/cs\/vyrobky\/datove-kabely\/dvojvodicove-kabely\/\" >\t\t\t<div class=\"\" >\n\t\t\t\t<img decoding=\"async\" width=\"600\" height=\"400\" src=\"https:\/\/www.md-elektronik.com\/wp-content\/uploads\/2021\/03\/md_AMEC.png\" class=\"attachment- size-\" alt=\"Close-up of a white AMEC automotive connector with dual black cables, highlighting MD ELEKTRONIK&#039;s focus on reliable electrical connections for vehicle systems.\" srcset=\"https:\/\/www.md-elektronik.com\/wp-content\/uploads\/2021\/03\/md_AMEC.png 600w, https:\/\/www.md-elektronik.com\/wp-content\/uploads\/2021\/03\/md_AMEC-300x200.png 300w\" sizes=\"(max-width: 600px) 100vw, 600px\" \/>\t\t\t\t\t\t\t\t\t\t\t<\/div>\n\t\t\t<\/a>\t\t<\/div>\n\n\t\t<div class=\"box-text text-center is-small\" >\n\t\t\t<div class=\"box-text-inner\">\n\t\t\t\t\n\n<p>AMEC<\/p>\n\n\t\t\t<\/div>\n\t\t<\/div>\n\t<\/div>\n\t\n\n\t\t\n<style>\n#stack-718005370 > * {\n  --stack-gap: 1rem;\n}\n<\/style>\n\t<\/div>\n\t\n\n\t\t<\/div>\n\t\t\t\t\n<style>\n#col-1872826324 > .col-inner {\n  padding: 30px 0px 0px 0px;\n}\n<\/style>\n\t<\/div>\n\n\t\n\n\t<div id=\"col-206336039\" class=\"col medium-4 small-12 large-4\"  >\n\t\t\t\t<div class=\"col-inner text-center\"  >\n\t\t\t\n\t\t\t\n\n<p><strong>Sensors<\/strong><\/p>\n\t<div id=\"stack-3117949672\" class=\"stack stack-row justify-center items-stretch\">\n\t\t\n\n\t<div class=\"box has-hover   has-hover box-text-bottom\" >\n\n\t\t<div class=\"box-image\" >\n\t\t\t<a href=\"https:\/\/www.md-elektronik.com\/cs\/vyrobky\/senzoricke-kabely\/senzory-podvozku\/\" >\t\t\t<div class=\"\" >\n\t\t\t\t<img decoding=\"async\" width=\"600\" height=\"400\" src=\"https:\/\/www.md-elektronik.com\/wp-content\/uploads\/2021\/03\/md_Elektronische-Parkbremse-II.png\" class=\"attachment- size-\" alt=\"\" srcset=\"https:\/\/www.md-elektronik.com\/wp-content\/uploads\/2021\/03\/md_Elektronische-Parkbremse-II.png 600w, https:\/\/www.md-elektronik.com\/wp-content\/uploads\/2021\/03\/md_Elektronische-Parkbremse-II-300x200.png 300w\" sizes=\"(max-width: 600px) 100vw, 600px\" \/>\t\t\t\t\t\t\t\t\t\t\t<\/div>\n\t\t\t<\/a>\t\t<\/div>\n\n\t\t<div class=\"box-text text-center is-small\" >\n\t\t\t<div class=\"box-text-inner\">\n\t\t\t\t\n\n<p>Chassis sensors<\/p>\n\n\t\t\t<\/div>\n\t\t<\/div>\n\t<\/div>\n\t\n\t<div class=\"box has-hover   has-hover box-text-bottom\" >\n\n\t\t<div class=\"box-image\" >\n\t\t\t<a href=\"https:\/\/www.md-elektronik.com\/cs\/vyrobky\/senzoricke-kabely\/senzory-podvozku\/\" >\t\t\t<div class=\"\" >\n\t\t\t\t<img decoding=\"async\" width=\"600\" height=\"400\" src=\"https:\/\/www.md-elektronik.com\/wp-content\/uploads\/2021\/03\/md_Da\u0308mpfereinstellungen.png\" class=\"attachment- size-\" alt=\"\" srcset=\"https:\/\/www.md-elektronik.com\/wp-content\/uploads\/2021\/03\/md_Da\u0308mpfereinstellungen.png 600w, https:\/\/www.md-elektronik.com\/wp-content\/uploads\/2021\/03\/md_Da\u0308mpfereinstellungen-300x200.png 300w\" sizes=\"(max-width: 600px) 100vw, 600px\" \/>\t\t\t\t\t\t\t\t\t\t\t<\/div>\n\t\t\t<\/a>\t\t<\/div>\n\n\t\t<div class=\"box-text text-center is-small\" >\n\t\t\t<div class=\"box-text-inner\">\n\t\t\t\t\n\n<p>Damper systems<\/p>\n\n\t\t\t<\/div>\n\t\t<\/div>\n\t<\/div>\n\t\n\n\t\t\n<style>\n#stack-3117949672 > * {\n  --stack-gap: 1rem;\n}\n<\/style>\n\t<\/div>\n\t\n\t<div id=\"stack-2592091954\" class=\"stack stack-row justify-center items-stretch\">\n\t\t\n\n\t<div class=\"box has-hover   has-hover box-text-bottom\" >\n\n\t\t<div class=\"box-image\" >\n\t\t\t<a href=\"https:\/\/www.md-elektronik.com\/cs\/vyrobky\/senzoricke-kabely\/senzory-podvozku\/\" >\t\t\t<div class=\"\" >\n\t\t\t\t<img decoding=\"async\" width=\"600\" height=\"400\" src=\"https:\/\/www.md-elektronik.com\/wp-content\/uploads\/2021\/03\/md_Bremsverschleiss.png\" class=\"attachment- size-\" alt=\"\" srcset=\"https:\/\/www.md-elektronik.com\/wp-content\/uploads\/2021\/03\/md_Bremsverschleiss.png 600w, https:\/\/www.md-elektronik.com\/wp-content\/uploads\/2021\/03\/md_Bremsverschleiss-300x200.png 300w\" sizes=\"(max-width: 600px) 100vw, 600px\" \/>\t\t\t\t\t\t\t\t\t\t\t<\/div>\n\t\t\t<\/a>\t\t<\/div>\n\n\t\t<div class=\"box-text text-center is-small\" >\n\t\t\t<div class=\"box-text-inner\">\n\t\t\t\t\n\n<p>Break wear indicators<\/p>\n\n\t\t\t<\/div>\n\t\t<\/div>\n\t<\/div>\n\t\n\t<div class=\"box has-hover   has-hover box-text-bottom\" >\n\n\t\t<div class=\"box-image\" >\n\t\t\t<a href=\"https:\/\/www.md-elektronik.com\/cs\/vyrobky\/senzoricke-kabely\/senzory-podvozku\/\" >\t\t\t<div class=\"\" >\n\t\t\t\t<img decoding=\"async\" width=\"600\" height=\"400\" src=\"https:\/\/www.md-elektronik.com\/wp-content\/uploads\/2021\/03\/md_Drehzahlsensor-I.png\" class=\"attachment- size-\" alt=\"Automotive speed sensor with modern connector, showcasing MD ELEKTRONIK&#039;s expertise in precision-engineered vehicle data transmission components designed for reliability and performance.\" srcset=\"https:\/\/www.md-elektronik.com\/wp-content\/uploads\/2021\/03\/md_Drehzahlsensor-I.png 600w, https:\/\/www.md-elektronik.com\/wp-content\/uploads\/2021\/03\/md_Drehzahlsensor-I-300x200.png 300w\" sizes=\"(max-width: 600px) 100vw, 600px\" \/>\t\t\t\t\t\t\t\t\t\t\t<\/div>\n\t\t\t<\/a>\t\t<\/div>\n\n\t\t<div class=\"box-text text-center is-small\" >\n\t\t\t<div class=\"box-text-inner\">\n\t\t\t\t\n\n<p>Rotational speed sensors<\/p>\n\n\t\t\t<\/div>\n\t\t<\/div>\n\t<\/div>\n\t\n\n\t\t\n<style>\n#stack-2592091954 > * {\n  --stack-gap: 1rem;\n}\n<\/style>\n\t<\/div>\n\t\n\n\t\t<\/div>\n\t\t\t\t\n<style>\n#col-206336039 > .col-inner {\n  padding: 30px 0px 0px 0px;\n}\n<\/style>\n\t<\/div>\n\n\t\n\n\t<div id=\"col-1113090192\" class=\"col small-12 large-12\"  >\n\t\t\t\t<div class=\"col-inner text-center\"  >\n\t\t\t\n\t\t\t\n\n<p>Vytv\u00e1\u0159\u00edme pro v\u00e1s \u0159e\u0161en\u00ed na m\u00edru.<\/p>\n<a href=\"mailto:sales@md-elektronik.com\" class=\"button primary is-outline\"  style=\"border-radius:99px;\">\n\t\t<span>Kontaktujte n\u00e1s<\/span>\n\t<i class=\"icon-angle-right\" aria-hidden=\"true\" ><\/i><\/a>\n\n\n\n\t\t<\/div>\n\t\t\t\t\n<style>\n#col-1113090192 > .col-inner {\n  padding: 30px 0px 0px 0px;\n}\n<\/style>\n\t<\/div>\n\n\t\n\n<\/div>\n\n\t\t<\/div>\n\n\t\t\n<style>\n#section_845017335 {\n  padding-top: 0px;\n  padding-bottom: 0px;\n  background-color: #f5f5f7;\n}\n<\/style>\n\t<\/section>\n\t\n\n","protected":false},"excerpt":{"rendered":"","protected":false},"author":1,"featured_media":0,"parent":5757,"menu_order":2,"comment_status":"closed","ping_status":"closed","template":"page-blank.php","meta":{"footnotes":""},"class_list":["post-5782","page","type-page","status-publish","hentry"],"_links":{"self":[{"href":"https:\/\/www.md-elektronik.com\/cs\/wp-json\/wp\/v2\/pages\/5782","targetHints":{"allow":["GET"]}}],"collection":[{"href":"https:\/\/www.md-elektronik.com\/cs\/wp-json\/wp\/v2\/pages"}],"about":[{"href":"https:\/\/www.md-elektronik.com\/cs\/wp-json\/wp\/v2\/types\/page"}],"author":[{"embeddable":true,"href":"https:\/\/www.md-elektronik.com\/cs\/wp-json\/wp\/v2\/users\/1"}],"replies":[{"embeddable":true,"href":"https:\/\/www.md-elektronik.com\/cs\/wp-json\/wp\/v2\/comments?post=5782"}],"version-history":[{"count":13,"href":"https:\/\/www.md-elektronik.com\/cs\/wp-json\/wp\/v2\/pages\/5782\/revisions"}],"predecessor-version":[{"id":16362,"href":"https:\/\/www.md-elektronik.com\/cs\/wp-json\/wp\/v2\/pages\/5782\/revisions\/16362"}],"up":[{"embeddable":true,"href":"https:\/\/www.md-elektronik.com\/cs\/wp-json\/wp\/v2\/pages\/5757"}],"wp:attachment":[{"href":"https:\/\/www.md-elektronik.com\/cs\/wp-json\/wp\/v2\/media?parent=5782"}],"curies":[{"name":"wp","href":"https:\/\/api.w.org\/{rel}","templated":true}]}}