{"id":6293,"date":"2021-03-25T12:13:20","date_gmt":"2021-03-25T11:13:20","guid":{"rendered":"https:\/\/www.md-elektronik.de\/?page_id=6293"},"modified":"2024-09-12T10:13:03","modified_gmt":"2024-09-12T08:13:03","slug":"domovska-stranka-2","status":"publish","type":"page","link":"https:\/\/www.md-elektronik.com\/cs\/","title":{"rendered":"Domovsk\u00e1 str\u00e1nka"},"content":{"rendered":"\n\n\t<section class=\"section\" id=\"section_963563580\">\n\t\t<div class=\"section-bg fill\" >\n\t\t\t\t\t\t\t\t\t\n\t\t\t\n\n\t\t<\/div>\n\n\t\t\n\n\t\t<div class=\"section-content relative\">\n\t\t\t\n\n<div class=\"row row-collapse row-full-width align-middle\"  id=\"row-855146047\">\n\n\n\t<div id=\"col-913508957\" class=\"col hide-for-small medium-6 small-12 large-6\"  data-animate=\"fadeInUp\">\n\t\t\t\t<div class=\"col-inner text-center\"  >\n\t\t\t\n\t\t\t\n\n<iframe style=\"margin-bottom: -6px;\" src=\"https:\/\/player.vimeo.com\/video\/486783817?h=5f110015ee&amp;badge=0&amp;autopause=0&amp;player_id=0&amp;app_id=58479&amp;background=1&amp;dnt=1\" width=\"960\" height=\"540\" frameborder=\"0\" allowfullscreen=\"allowfullscreen\"><\/iframe>\n\n\n\t\t<\/div>\n\t\t\t\t\t<\/div>\n\n\t\n\n\t<div id=\"col-1879482746\" class=\"col show-for-small medium-6 small-12 large-6\"  data-animate=\"fadeInUp\">\n\t\t\t\t<div class=\"col-inner text-center\"  >\n\t\t\t\n\t\t\t\n\n<iframe style=\"margin-bottom:-6px;\" src=\"https:\/\/player.vimeo.com\/video\/486783817?h=5f110015ee&amp;badge=0&amp;autopause=0&amp;player_id=0&amp;app_id=58479&amp;background=1&amp;dnt=1\" width=\"100%\" height=\"200\" frameborder=\"0\" allow=\"autoplay; fullscreen\" allowfullscreen><\/iframe>\n\n\n\t\t<\/div>\n\t\t\t\t\t<\/div>\n\n\t\n\n\t<div id=\"col-967774513\" class=\"col medium-6 small-12 large-6\"  >\n\t\t\t\t<div class=\"col-inner text-center\"  >\n\t\t\t\n\t\t\t\n\n<p><strong>D\u011bl\u00e1me va\u0161e auto inteligentn\u00edm, m\u011bn\u00edme ho na mobiln\u00ed ob\u00fdvac\u00ed pokoj nebo kancel\u00e1\u0159. D\u011bl\u00e1me \u0159\u00edzen\u00ed vozidla bezpe\u010dn\u011bj\u0161\u00edm.<\/strong><\/p>\n<div class=\"container section-title-container\" style=\"margin-bottom:15px;\"><h2 class=\"section-title section-title-center\"><b><\/b><span class=\"section-title-main\" >Umo\u017e\u0148ujeme mobilitu z\u00edt\u0159ka:<\/span><b><\/b><\/h2><\/div>\n\n<p>Zam\u011b\u0159ujeme se na budouc\u00ed trh p\u0159enosu dat ve vozidlech. Rychl\u00fd, bezpe\u010dn\u00fd a spolehliv\u00fd p\u0159enos dat ve vozidlech je na\u0161\u00ed hlavn\u00ed kompetenc\u00ed.<\/p>\n\n\t\t<\/div>\n\t\t\t\t\n<style>\n#col-967774513 > .col-inner {\n  padding: 30px 30px 30px 30px;\n}\n@media (min-width:550px) {\n  #col-967774513 > .col-inner {\n    padding: 60px 60px 60px 60px;\n  }\n}\n<\/style>\n\t<\/div>\n\n\t\n\n\n<style>\n#row-855146047 > .col > .col-inner {\n  background-color: rgb(255, 255, 255);\n}\n<\/style>\n<\/div>\n\n\t\t<\/div>\n\n\t\t\n<style>\n#section_963563580 {\n  padding-top: 0px;\n  padding-bottom: 0px;\n  background-color: rgb(255,255,255);\n}\n<\/style>\n\t<\/section>\n\t\n\n\t<section class=\"section\" id=\"section_841313290\">\n\t\t<div class=\"section-bg fill\" >\n\t\t\t\t\t\t\t\t\t\n\t\t\t\n\n\t\t<\/div>\n\n\t\t\n\n\t\t<div class=\"section-content relative\">\n\t\t\t\n\n<div class=\"row row-collapse row-full-width align-middle\"  id=\"row-1890281866\">\n\n\n\t<div id=\"col-916748499\" class=\"col medium-6 small-12 large-6\"  >\n\t\t\t\t<div class=\"col-inner text-center\"  >\n\t\t\t\n\t\t\t\n\n<div class=\"container section-title-container\" style=\"margin-bottom:15px;\"><h2 class=\"section-title section-title-center\"><b><\/b><span class=\"section-title-main\" >Data jsou nov\u00e9 palivo<\/span><b><\/b><\/h2><\/div>\n\n<p>Megatrend C.A.S.E. popisuje \u010dty\u0159i podstatn\u00e1 budouc\u00ed t\u00e9mata automobilov\u00e9ho pr\u016fmyslu: Connected, Autonomous, Shared &amp; Service and Electric (propojen\u00e9, autonomn\u00ed, sd\u00edlen\u00e9 &amp; servisn\u00ed a elektrick\u00e9). Data p\u0159i tom hraj\u00ed \u00fast\u0159edn\u00ed roli a poh\u00e1n\u00ed budoucnost automobilov\u00e9ho pr\u016fmyslu. Data se generuj\u00ed, p\u0159en\u00e1\u0161ej\u00ed, slu\u010duj\u00ed a vyhodnocuj\u00ed. Jsme odborn\u00edci na p\u0159enos rychle rostouc\u00edho mno\u017estv\u00ed dat a vyvinuli jsme nejnov\u011bj\u0161\u00ed technologick\u00e1 \u0159e\u0161en\u00ed pro toto budouc\u00ed t\u00e9ma.<\/p>\n<p><strong>Pot\u0159ebujete \u0159e\u0161en\u00ed pro p\u0159enos dat ve vozidlech? Kontaktujte n\u00e1s! <\/strong><\/p>\n<a href=\"mailto:sales@md-elektronik.com\" class=\"button primary is-outline\"  style=\"border-radius:99px;\">\n\t\t<span>Kontaktujte n\u00e1s<\/span>\n\t<i class=\"icon-angle-right\" aria-hidden=\"true\" ><\/i><\/a>\n\n\n\n\t\t<\/div>\n\t\t\t\t\n<style>\n#col-916748499 > .col-inner {\n  padding: 30px 30px 30px 30px;\n}\n@media (min-width:550px) {\n  #col-916748499 > .col-inner {\n    padding: 60px 60px 60px 60px;\n  }\n}\n<\/style>\n\t<\/div>\n\n\t\n\n\t<div id=\"col-1420112456\" class=\"col medium-6 small-12 large-6 small-col-first\"  data-animate=\"fadeInUp\">\n\t\t\t\t<div class=\"col-inner text-center\"  >\n\t\t\t\n\t\t\t\n\n<iframe style=\"margin-bottom:-7px\"; src=\"https:\/\/player.vimeo.com\/video\/486782877?h=448c5bb3ce&amp;badge=0&amp;autopause=0&amp;player_id=0&amp;app_id=58479&amp;background=1&amp;dnt=1\" width=\"960\" height=\"540\" frameborder=\"0\" allow=\"autoplay; fullscreen\" allowfullscreen><\/iframe>\n\n\n\t\t<\/div>\n\t\t\t\t\t<\/div>\n\n\t\n\n\t<div id=\"col-501840272\" class=\"col show-for-small medium-6 small-12 large-6 small-col-first\"  data-animate=\"fadeInUp\">\n\t\t\t\t<div class=\"col-inner\"  >\n\t\t\t\n\t\t\t\n\n<p class=\"text-center\"><mark>Block <b>\"4220\"<\/b> not found<\/mark><\/p>\n\n\n\t\t<\/div>\n\t\t\t\t\t<\/div>\n\n\t\n\n\n<style>\n#row-1890281866 > .col > .col-inner {\n  background-color: rgb(255, 255, 255);\n}\n<\/style>\n<\/div>\n\n\t\t<\/div>\n\n\t\t\n<style>\n#section_841313290 {\n  padding-top: 0px;\n  padding-bottom: 0px;\n  background-color: rgb(255,255,255);\n}\n<\/style>\n\t<\/section>\n\t\n\n\t<section class=\"section\" id=\"section_2093971120\">\n\t\t<div class=\"section-bg fill\" >\n\t\t\t\t\t\t\t\t\t\n\t\t\t\n\n\t\t<\/div>\n\n\t\t\n\n\t\t<div class=\"section-content relative\">\n\t\t\t\n\n<div class=\"row row-collapse align-middle align-center\"  id=\"row-65306492\">\n\n\n\t<div id=\"col-726854120\" class=\"col small-12 large-12\"  >\n\t\t\t\t<div class=\"col-inner text-center\"  >\n\t\t\t\n\t\t\t\n\n<h2>Chcete, aby se va\u0161e vozidlo stalo sou\u010d\u00e1st\u00ed digit\u00e1ln\u00edho a s\u00edt\u00ed propojen\u00e9ho sv\u011bta?<\/h2>\n<p>Zab\u00fdv\u00e1te se 5G, automobilov\u00fdm ethernetem, infotainmentem a p\u0159ipojen\u00edm jako sou\u010d\u00e1st\u00ed va\u0161eho palubn\u00edho syst\u00e9mu? M\u00e1 m\u00edt va\u0161e vozidlo pomoc\u00ed senzorov\u00e9 technologie v\u017edy co nejp\u0159esn\u011bj\u0161\u00ed pohled na vn\u011bj\u0161\u00ed sv\u011bt? Chcete, aby se autonomn\u00ed \u0159\u00edzen\u00ed stalo realitou? Tyto trendy maj\u00ed jednu spole\u010dnou v\u011bc: Po\u017eaduj\u00ed inovativn\u00ed \u0159e\u0161en\u00ed pro p\u0159enos enormn\u00edho mno\u017estv\u00ed dat v re\u00e1ln\u00e9m \u010dase. P\u0159esn\u011b zde vstupujeme do hry:<\/p>\n<p><strong>Ovl\u00e1d\u00e1me kabelov\u00e9 propojky budoucnosti \u2013<\/strong><\/p>\n<p><strong>a vyr\u00e1b\u00edme na vysok\u00e9 \u00farovni automatizace, flexibility a procesn\u00ed kontroly v Severn\u00ed Amerika, Evropa a APAC.<\/strong><\/p>\n\n\t\t<\/div>\n\t\t\t\t\n<style>\n#col-726854120 > .col-inner {\n  padding: 30px 30px 30px 30px;\n}\n@media (min-width:550px) {\n  #col-726854120 > .col-inner {\n    padding: 60px 60px 60px 60px;\n  }\n}\n<\/style>\n\t<\/div>\n\n\t\n\n<\/div>\n\n\t\t<\/div>\n\n\t\t\n<style>\n#section_2093971120 {\n  padding-top: 30px;\n  padding-bottom: 30px;\n  background-color: rgb(245, 245, 247);\n}\n<\/style>\n\t<\/section>\n\t\n\n\t<section class=\"section mb-20\" id=\"section_362195096\">\n\t\t<div class=\"section-bg fill\" >\n\t\t\t\t\t\t\t\t\t\n\t\t\t\n\n\t\t<\/div>\n\n\t\t\n\n\t\t<div class=\"section-content relative\">\n\t\t\t\n\n<div class=\"row row-collapse align-middle bg-white\"  id=\"row-1438852434\">\n\n\n\t<div id=\"col-1855419854\" class=\"col medium-6 small-12 large-6\"  data-animate=\"fadeInUp\">\n\t\t\t\t<div class=\"col-inner\"  >\n\t\t\t\n\t\t\t\n\n\t<div class=\"img has-hover x md-x lg-x y md-y lg-y\" id=\"image_1760100307\">\n\t\t\t\t\t\t\t\t<div class=\"img-inner image-zoom image-cover dark\" style=\"padding-top:100%;\">\n\t\t\t<img decoding=\"async\" width=\"1020\" height=\"680\" src=\"https:\/\/www.md-elektronik.com\/wp-content\/uploads\/2021\/03\/Startseite_Impulse-aus-erster-Hand-1024x683.jpg\" class=\"attachment-large size-large\" alt=\"Test 1\" srcset=\"https:\/\/www.md-elektronik.com\/wp-content\/uploads\/2021\/03\/Startseite_Impulse-aus-erster-Hand-1024x683.jpg 1024w, https:\/\/www.md-elektronik.com\/wp-content\/uploads\/2021\/03\/Startseite_Impulse-aus-erster-Hand-300x200.jpg 300w, https:\/\/www.md-elektronik.com\/wp-content\/uploads\/2021\/03\/Startseite_Impulse-aus-erster-Hand-768x512.jpg 768w, https:\/\/www.md-elektronik.com\/wp-content\/uploads\/2021\/03\/Startseite_Impulse-aus-erster-Hand.jpg 1440w\" sizes=\"(max-width: 1020px) 100vw, 1020px\" \/>\t\t\t\t\t\t\n\t\t\t\t\t<\/div>\n\t\t\t\t\t\t\t\t\n<style>\n#image_1760100307 {\n  width: 100%;\n}\n<\/style>\n\t<\/div>\n\t\n\n\n\t\t<\/div>\n\t\t\t\t\t<\/div>\n\n\t\n\n\t<div id=\"col-1613391945\" class=\"col medium-6 small-12 large-6\"  >\n\t\t\t\t<div class=\"col-inner text-center\"  >\n\t\t\t\n\t\t\t\n\n<div class=\"container section-title-container\" style=\"margin-bottom:15px;\"><h2 class=\"section-title section-title-center\"><b><\/b><span class=\"section-title-main\" >Impulsy z prvn\u00ed ruky<\/span><b><\/b><\/h2><\/div>\n\n<p>Zn\u00e1me va\u0161e pot\u0159eby je\u0161t\u011b p\u0159ed t\u00edm, ne\u017e je zformulujete. Abychom v\u010das mohli nav\u00e1zat na technick\u00e9 trendy a byli prvn\u00ed spole\u010dnost\u00ed, kter\u00e1 je schopn\u00e1 pro v\u00e1s vyv\u00edjet vhodn\u00e1 \u0159e\u0161en\u00ed, udr\u017eujeme velmi \u00fazk\u00fd kontakt s OEM a v\u00fdrobci polovodi\u010d\u016f.<\/p>\n<p>Pouze tak ji\u017e dnes m\u016f\u017eeme v\u011bd\u011bt a pochopit, jak\u00e9 technologie bude auto budoucnosti pot\u0159ebovat \u2013 a zajistit pro v\u00e1s realizaci.<\/p>\n<p><strong>Chcete tvo\u0159it nov\u00e9 impulsy? Obra\u0165te se na n\u00e1s! <\/strong><\/p>\n<a href=\"mailto:sales@md-elektronik.com\" class=\"button primary is-outline\"  style=\"border-radius:99px;\">\n\t\t<span>Kontaktujte n\u00e1s<\/span>\n\t<i class=\"icon-angle-right\" aria-hidden=\"true\" ><\/i><\/a>\n\n\n\n\t\t<\/div>\n\t\t\t\t\n<style>\n#col-1613391945 > .col-inner {\n  padding: 30px 30px 30px 30px;\n}\n@media (min-width:550px) {\n  #col-1613391945 > .col-inner {\n    padding: 60px 60px 60px 60px;\n  }\n}\n<\/style>\n\t<\/div>\n\n\t\n\n\n<style>\n#row-1438852434 > .col > .col-inner {\n  background-color: rgb(255, 255, 255);\n}\n<\/style>\n<\/div>\n\n\t\t<\/div>\n\n\t\t\n<style>\n#section_362195096 {\n  padding-top: 0px;\n  padding-bottom: 0px;\n  background-color: #f5f5f7;\n}\n<\/style>\n\t<\/section>\n\t\n\n\t<section class=\"section mb-20\" id=\"section_1717780002\">\n\t\t<div class=\"section-bg fill\" >\n\t\t\t\t\t\t\t\t\t\n\t\t\t\n\n\t\t<\/div>\n\n\t\t\n\n\t\t<div class=\"section-content relative\">\n\t\t\t\n\n<div class=\"row row-collapse row-full-width align-middle bg-white\"  id=\"row-1785861993\">\n\n\n\t<div id=\"col-896633755\" class=\"col medium-6 small-12 large-6\"  >\n\t\t\t\t<div class=\"col-inner text-center\" style=\"background-color:rgb(255,255,255);\" >\n\t\t\t\n\t\t\t\n\n<div class=\"container section-title-container\" style=\"margin-bottom:15px;\"><h2 class=\"section-title section-title-center\"><b><\/b><span class=\"section-title-main\" >\u0158e\u0161en\u00ed na m\u00edru<\/span><b><\/b><\/h2><\/div>\n\n<p>Jako odborn\u00edci a \u0159e\u0161itel\u00e9 probl\u00e9m\u016f v\u00e1m pom\u00e1h\u00e1me naj\u00edt ide\u00e1ln\u00ed \u0159e\u0161en\u00ed pro va\u0161e po\u017eadavky. Pokud v\u00e1mi po\u017eadovan\u00fd produkt je\u0161t\u011b neexistuje, vytvo\u0159\u00edme ho pro v\u00e1s. Vyr\u00e1b\u00edme speci\u00e1ln\u00ed proveden\u00ed a varianty produkt\u016f \u0161it\u00e9 na m\u00edru va\u0161im pot\u0159eb\u00e1m. Takto dod\u00e1v\u00e1me ka\u017ed\u00fd rok p\u0159ibli\u017en\u011b 20 000 r\u016fzn\u00fdch polo\u017eek podle p\u0159esn\u00fdch specifikac\u00ed z\u00e1kazn\u00edk\u016f.<\/p>\n<p><strong>Hled\u00e1te spr\u00e1vn\u00e9 \u0159e\u0161en\u00ed pro va\u0161e pou\u017eit\u00ed? Navrhneme a vyrob\u00edme je p\u0159esn\u011b na m\u00edru va\u0161im pot\u0159eb\u00e1m. <\/strong><\/p>\n\n\t\t<\/div>\n\t\t\t\t\n<style>\n#col-896633755 > .col-inner {\n  padding: 30px 30px 30px 30px;\n}\n@media (min-width:550px) {\n  #col-896633755 > .col-inner {\n    padding: 60px 60px 60px 60px;\n  }\n}\n<\/style>\n\t<\/div>\n\n\t\n\n\t<div id=\"col-1320905635\" class=\"col medium-6 small-12 large-6 small-col-first\"  data-animate=\"fadeInUp\">\n\t\t\t\t<div class=\"col-inner\"  >\n\t\t\t\n\t\t\t\n\n\t<div class=\"img has-hover x md-x lg-x y md-y lg-y\" id=\"image_679825087\">\n\t\t\t\t\t\t\t\t<div class=\"img-inner image-cover dark\" style=\"padding-top:65%;\">\n\t\t\t<img decoding=\"async\" width=\"1020\" height=\"680\" src=\"https:\/\/www.md-elektronik.com\/wp-content\/uploads\/2021\/03\/Startseite_Massgeschneiderte-Loesungen-1024x683.jpg\" class=\"attachment-large size-large\" alt=\"Two female automotive engineers discussing custom cable solutions in a modern office setting\" srcset=\"https:\/\/www.md-elektronik.com\/wp-content\/uploads\/2021\/03\/Startseite_Massgeschneiderte-Loesungen-1024x683.jpg 1024w, https:\/\/www.md-elektronik.com\/wp-content\/uploads\/2021\/03\/Startseite_Massgeschneiderte-Loesungen-300x200.jpg 300w, https:\/\/www.md-elektronik.com\/wp-content\/uploads\/2021\/03\/Startseite_Massgeschneiderte-Loesungen-768x512.jpg 768w, https:\/\/www.md-elektronik.com\/wp-content\/uploads\/2021\/03\/Startseite_Massgeschneiderte-Loesungen.jpg 1440w\" sizes=\"(max-width: 1020px) 100vw, 1020px\" \/>\t\t\t\t\t\t\n\t\t\t\t\t<\/div>\n\t\t\t\t\t\t\t\t\n<style>\n#image_679825087 {\n  width: 100%;\n}\n<\/style>\n\t<\/div>\n\t\n\n\n\t\t<\/div>\n\t\t\t\t\t<\/div>\n\n\t\n\n\n<style>\n#row-1785861993 > .col > .col-inner {\n  background-color: rgb(255,255,255);\n}\n<\/style>\n<\/div>\n\n\t\t<\/div>\n\n\t\t\n<style>\n#section_1717780002 {\n  padding-top: 0px;\n  padding-bottom: 0px;\n  background-color: #f5f5f7;\n}\n<\/style>\n\t<\/section>\n\t\n\n\t<section class=\"section mb-20\" id=\"section_32977256\">\n\t\t<div class=\"section-bg fill\" >\n\t\t\t\t\t\t\t\t\t\n\t\t\t\n\n\t\t<\/div>\n\n\t\t\n\n\t\t<div class=\"section-content relative\">\n\t\t\t\n\n<div class=\"row row-collapse row-full-width align-middle bg-white\"  id=\"row-1254985219\">\n\n\n\t<div id=\"col-1954026037\" class=\"col medium-6 small-12 large-6\"  data-animate=\"fadeInUp\">\n\t\t\t\t<div class=\"col-inner\"  >\n\t\t\t\n\t\t\t\n\n\t<div class=\"img has-hover x md-x lg-x y md-y lg-y\" id=\"image_454318267\">\n\t\t\t\t\t\t\t\t<div class=\"img-inner image-cover dark\" style=\"padding-top:65%;\">\n\t\t\t<img decoding=\"async\" width=\"1440\" height=\"900\" src=\"https:\/\/www.md-elektronik.com\/wp-content\/uploads\/2021\/03\/Startseite_Beste-Qualitat-fur-das-Fahren-der-Zukunft.png\" class=\"attachment-original size-original\" alt=\"Global connectivity concept with automotive connectors and cables wrapping around a stylized Earth, symbolizing MD ELEKTRONIK&#039;s worldwide reach in vehicle data transmission solutions.\" srcset=\"https:\/\/www.md-elektronik.com\/wp-content\/uploads\/2021\/03\/Startseite_Beste-Qualitat-fur-das-Fahren-der-Zukunft.png 1440w, https:\/\/www.md-elektronik.com\/wp-content\/uploads\/2021\/03\/Startseite_Beste-Qualitat-fur-das-Fahren-der-Zukunft-300x188.png 300w, https:\/\/www.md-elektronik.com\/wp-content\/uploads\/2021\/03\/Startseite_Beste-Qualitat-fur-das-Fahren-der-Zukunft-1024x640.png 1024w, https:\/\/www.md-elektronik.com\/wp-content\/uploads\/2021\/03\/Startseite_Beste-Qualitat-fur-das-Fahren-der-Zukunft-768x480.png 768w\" sizes=\"(max-width: 1440px) 100vw, 1440px\" \/>\t\t\t\t\t\t\n\t\t\t\t\t<\/div>\n\t\t\t\t\t\t\t\t\n<style>\n#image_454318267 {\n  width: 100%;\n}\n<\/style>\n\t<\/div>\n\t\n\n\n\t\t<\/div>\n\t\t\t\t\t<\/div>\n\n\t\n\n\t<div id=\"col-210681576\" class=\"col medium-6 small-12 large-6\"  >\n\t\t\t\t<div class=\"col-inner text-center\"  >\n\t\t\t\n\t\t\t\n\n<div class=\"container section-title-container\" style=\"margin-bottom:15px;\"><h2 class=\"section-title section-title-center\"><b><\/b><span class=\"section-title-main\" >Nejlep\u0161\u00ed kvalita pro j\u00edzdu budoucnosti<\/span><b><\/b><\/h2><\/div>\n\n<p>Se 400 000 km instalovan\u00fdch kabel\u016f obkrou\u017e\u00edme rovn\u00edk 10 kr\u00e1t ro\u010dn\u011b a s ka\u017ed\u00fdm metrem jsme se n\u011bco nau\u010dili. Nyn\u00ed profitujeme z v\u00edce ne\u017e 25 let zku\u0161enost\u00ed v automobilov\u00e9m pr\u016fmyslu a m\u00e1me v tomto sektoru rozs\u00e1hl\u00e9 know-how.<\/p>\n<p>Abychom naplnili na\u0161e vlastn\u00ed standardy kvality, z\u0159\u00eddili jsme d\u00edky na\u0161im znalostem akreditovanou zku\u0161ebn\u00ed laborato\u0159, kde m\u016f\u017eeme m\u011b\u0159it v\u00fdkonnost na\u0161ich v\u00fdrobk\u016f a neust\u00e1le je zlep\u0161ovat.<\/p>\n<p><strong>Chcete se o kvalit\u011b na\u0161ich produkt\u016f p\u0159esv\u011bd\u010dit sami? Obra\u0165te se na n\u00e1s!<br \/><\/strong><\/p>\n<a href=\"mailto:sales@md-elektronik.com\" class=\"button primary is-outline\"  style=\"border-radius:99px;\">\n\t\t<span>Kontaktujte n\u00e1s<\/span>\n\t<i class=\"icon-angle-right\" aria-hidden=\"true\" ><\/i><\/a>\n\n\n\n\t\t<\/div>\n\t\t\t\t\n<style>\n#col-210681576 > .col-inner {\n  padding: 30px 30px 30px 30px;\n}\n@media (min-width:550px) {\n  #col-210681576 > .col-inner {\n    padding: 60px 60px 60px 60px;\n  }\n}\n<\/style>\n\t<\/div>\n\n\t\n\n\n<style>\n#row-1254985219 > .col > .col-inner {\n  background-color: rgb(255, 255, 255);\n}\n<\/style>\n<\/div>\n\n\t\t<\/div>\n\n\t\t\n<style>\n#section_32977256 {\n  padding-top: 0px;\n  padding-bottom: 0px;\n  background-color: rgb(245, 245, 247);\n}\n<\/style>\n\t<\/section>\n\t\n\n\t<section class=\"section mb-20\" id=\"section_312211984\">\n\t\t<div class=\"section-bg fill\" >\n\t\t\t\t\t\t\t\t\t\n\t\t\t\n\n\t\t<\/div>\n\n\t\t\n\n\t\t<div class=\"section-content relative\">\n\t\t\t\n\n<div class=\"row row-collapse row-full-width align-middle bg-white\"  id=\"row-1895870477\">\n\n\n\t<div id=\"col-436412536\" class=\"col medium-6 small-12 large-6\"  >\n\t\t\t\t<div class=\"col-inner text-center\"  >\n\t\t\t\n\t\t\t\n\n<div class=\"container section-title-container\" style=\"margin-bottom:15px;\"><h2 class=\"section-title section-title-center\"><b><\/b><span class=\"section-title-main\" >Rychl\u00e9 a bezpe\u010dn\u00e9 dod\u00e1n\u00ed<\/span><b><\/b><\/h2><\/div>\n\n<p>P\u0159ikl\u00e1d\u00e1me velikou d\u016fle\u017eitost tomu, abychom na 100 % splnili o\u010dek\u00e1v\u00e1n\u00ed, kter\u00e1 jsme ve v\u00e1s probudili. Na\u0161e kr\u00e9do: p\u0159esn\u00e9 dod\u00e1n\u00ed pln\u011b funk\u010dn\u00edch produkt\u016f. Kr\u00e1tk\u00e9 z\u00e1sobovac\u00ed trasy v d\u016fsledku na\u0161\u00ed glob\u00e1ln\u00ed p\u016fsobnosti jsou ide\u00e1ln\u00edm z\u00e1kladem pro maxim\u00e1ln\u00ed flexibilitu.<\/p>\n<p>V p\u0159\u00edpad\u011b nouze m\u016f\u017eeme zajistit dod\u00e1n\u00ed do 10 a\u017e 14 dn\u016f od p\u0159ijet\u00ed objedn\u00e1vky. V extr\u00e9mn\u00edch situac\u00edch i p\u0159es noc.*<\/p>\n<p><strong>Od kr\u00e1tkodob\u00e9 alternativy v&nbsp;p\u0159\u00edpad\u011b dod\u00e1vky \u00fazk\u00e9ho profilu a\u017e po s\u00e9riov\u00e9 dod\u00e1vky na glob\u00e1ln\u00ed platformy \u2013 na n\u00e1s se m\u016f\u017eete spolehnout. P\u0159esv\u011bd\u010dte se sami!<\/strong><\/p>\n<p><span style=\"font-size: 75%;\">*v z\u00e1vislosti na dostupnosti surovin a kapacit<\/span><\/p>\n<a href=\"mailto:sales@md-elektronik.com\" class=\"button primary is-outline\"  style=\"border-radius:99px;\">\n\t\t<span>Kontaktujte n\u00e1s<\/span>\n\t<i class=\"icon-angle-right\" aria-hidden=\"true\" ><\/i><\/a>\n\n\n\n\t\t<\/div>\n\t\t\t\t\n<style>\n#col-436412536 > .col-inner {\n  padding: 30px 30px 30px 30px;\n}\n@media (min-width:550px) {\n  #col-436412536 > .col-inner {\n    padding: 60px 60px 60px 60px;\n  }\n}\n<\/style>\n\t<\/div>\n\n\t\n\n\t<div id=\"col-1197157849\" class=\"col medium-6 small-12 large-6 small-col-first\"  data-animate=\"fadeInUp\">\n\t\t\t\t<div class=\"col-inner text-center\"  >\n\t\t\t\n\t\t\t\n\n\t<div class=\"img has-hover x md-x lg-x y md-y lg-y\" id=\"image_1481787751\">\n\t\t\t\t\t\t\t\t<div class=\"img-inner image-cover dark\" style=\"padding-top:65%;\">\n\t\t\t<img decoding=\"async\" width=\"1440\" height=\"900\" src=\"https:\/\/www.md-elektronik.com\/wp-content\/uploads\/2021\/03\/Startseite_Schnell-und-sicher-versorgt.png\" class=\"attachment-original size-original\" alt=\"Stylized dot matrix world map highlighting MD ELEKTRONIK&#039;s global distribution network in the automotive industry.\" srcset=\"https:\/\/www.md-elektronik.com\/wp-content\/uploads\/2021\/03\/Startseite_Schnell-und-sicher-versorgt.png 1440w, https:\/\/www.md-elektronik.com\/wp-content\/uploads\/2021\/03\/Startseite_Schnell-und-sicher-versorgt-300x188.png 300w, https:\/\/www.md-elektronik.com\/wp-content\/uploads\/2021\/03\/Startseite_Schnell-und-sicher-versorgt-1024x640.png 1024w, https:\/\/www.md-elektronik.com\/wp-content\/uploads\/2021\/03\/Startseite_Schnell-und-sicher-versorgt-768x480.png 768w\" sizes=\"(max-width: 1440px) 100vw, 1440px\" \/>\t\t\t\t\t\t\n\t\t\t\t\t<\/div>\n\t\t\t\t\t\t\t\t\n<style>\n#image_1481787751 {\n  width: 100%;\n}\n<\/style>\n\t<\/div>\n\t\n\n\n\t\t<\/div>\n\t\t\t\t\t<\/div>\n\n\t\n\n\n<style>\n#row-1895870477 > .col > .col-inner {\n  background-color: rgb(255, 255, 255);\n}\n<\/style>\n<\/div>\n\n\t\t<\/div>\n\n\t\t\n<style>\n#section_312211984 {\n  padding-top: 0px;\n  padding-bottom: 0px;\n  background-color: rgb(245, 245, 247);\n}\n<\/style>\n\t<\/section>\n\t\n\n","protected":false},"excerpt":{"rendered":"","protected":false},"author":1,"featured_media":0,"parent":0,"menu_order":0,"comment_status":"closed","ping_status":"closed","template":"page-blank.php","meta":{"footnotes":""},"class_list":["post-6293","page","type-page","status-publish","hentry"],"_links":{"self":[{"href":"https:\/\/www.md-elektronik.com\/cs\/wp-json\/wp\/v2\/pages\/6293","targetHints":{"allow":["GET"]}}],"collection":[{"href":"https:\/\/www.md-elektronik.com\/cs\/wp-json\/wp\/v2\/pages"}],"about":[{"href":"https:\/\/www.md-elektronik.com\/cs\/wp-json\/wp\/v2\/types\/page"}],"author":[{"embeddable":true,"href":"https:\/\/www.md-elektronik.com\/cs\/wp-json\/wp\/v2\/users\/1"}],"replies":[{"embeddable":true,"href":"https:\/\/www.md-elektronik.com\/cs\/wp-json\/wp\/v2\/comments?post=6293"}],"version-history":[{"count":12,"href":"https:\/\/www.md-elektronik.com\/cs\/wp-json\/wp\/v2\/pages\/6293\/revisions"}],"predecessor-version":[{"id":24070,"href":"https:\/\/www.md-elektronik.com\/cs\/wp-json\/wp\/v2\/pages\/6293\/revisions\/24070"}],"wp:attachment":[{"href":"https:\/\/www.md-elektronik.com\/cs\/wp-json\/wp\/v2\/media?parent=6293"}],"curies":[{"name":"wp","href":"https:\/\/api.w.org\/{rel}","templated":true}]}}