{"id":6573,"date":"2021-04-19T11:56:07","date_gmt":"2021-04-19T09:56:07","guid":{"rendered":"https:\/\/www.md-elektronik.de\/?page_id=6573"},"modified":"2023-07-31T13:14:48","modified_gmt":"2023-07-31T11:14:48","slug":"nakupni-podminky","status":"publish","type":"page","link":"https:\/\/www.md-elektronik.com\/cs\/servis\/nakupni-podminky\/","title":{"rendered":"N\u00e1kupn\u00ed podm\u00ednky"},"content":{"rendered":"\n<div class=\"row\"  id=\"row-1767400427\">\n\n\n\t<div id=\"col-1981382966\" class=\"col medium-8 small-12 large-8\"  >\n\t\t\t\t<div class=\"col-inner\"  >\n\t\t\t\n\t\t\t\n\n<h1 class=\"\">N\u00e1kupn\u00ed podm\u00ednky<\/h1>\n<p><strong>MD ELEKTRONIK (D)<br \/><\/strong><a href=\"https:\/\/www.md-elektronik.com\/wp-content\/uploads\/2023\/07\/Einkaufsbedingungen-MDD-DE_EN_0723.pdf\">N\u00e1kupn\u00ed podm\u00ednky <\/a>\u00a0<\/p>\n<p><strong>MD ELEKTRONIK (CZ)<br \/><\/strong><a href=\"https:\/\/www.md-elektronik.com\/wp-content\/uploads\/2022\/08\/Purchasing-Terms-MD-ELEKTRONIK-spol-sro.pdf\">N\u00e1kupn\u00ed podm\u00ednky<\/a><\/p>\n<p><strong>MD ELECTRONICS (CN)<br \/><\/strong><a href=\"https:\/\/www.md-elektronik.com\/wp-content\/uploads\/2022\/08\/Purchasing-Terms-MD-Asia-Pacific-ELECTRONICS.pdf\">N\u00e1kupn\u00ed podm\u00ednky<\/a><\/p>\n<p><strong>MD ELEKTRONIK \u00a0(MX)<br \/><\/strong><a href=\"https:\/\/www.md-elektronik.com\/wp-content\/uploads\/2022\/08\/Purchasing-Terms-MD-ELEKTRONIK-de-Mexico.pdf\">N\u00e1kupn\u00ed podm\u00ednky<\/a><\/p>\n<p><strong>MD ELEKTRONIK \u00a0(BG)<br \/><\/strong><a href=\"https:\/\/www.md-elektronik.com\/wp-content\/uploads\/2022\/08\/Purchasing-Terms-MD-ELEKTRONIK-EOOD.pdf\">N\u00e1kupn\u00ed podm\u00ednky<\/a><\/p>\n\n\t\t<\/div>\n\t\t\t\t\t<\/div>\n\n\t\n\n<\/div>\n\n","protected":false},"excerpt":{"rendered":"","protected":false},"author":1,"featured_media":0,"parent":2701,"menu_order":1,"comment_status":"closed","ping_status":"closed","template":"","meta":{"footnotes":""},"class_list":["post-6573","page","type-page","status-publish","hentry"],"_links":{"self":[{"href":"https:\/\/www.md-elektronik.com\/cs\/wp-json\/wp\/v2\/pages\/6573","targetHints":{"allow":["GET"]}}],"collection":[{"href":"https:\/\/www.md-elektronik.com\/cs\/wp-json\/wp\/v2\/pages"}],"about":[{"href":"https:\/\/www.md-elektronik.com\/cs\/wp-json\/wp\/v2\/types\/page"}],"author":[{"embeddable":true,"href":"https:\/\/www.md-elektronik.com\/cs\/wp-json\/wp\/v2\/users\/1"}],"replies":[{"embeddable":true,"href":"https:\/\/www.md-elektronik.com\/cs\/wp-json\/wp\/v2\/comments?post=6573"}],"version-history":[{"count":6,"href":"https:\/\/www.md-elektronik.com\/cs\/wp-json\/wp\/v2\/pages\/6573\/revisions"}],"predecessor-version":[{"id":16709,"href":"https:\/\/www.md-elektronik.com\/cs\/wp-json\/wp\/v2\/pages\/6573\/revisions\/16709"}],"up":[{"embeddable":true,"href":"https:\/\/www.md-elektronik.com\/cs\/wp-json\/wp\/v2\/pages\/2701"}],"wp:attachment":[{"href":"https:\/\/www.md-elektronik.com\/cs\/wp-json\/wp\/v2\/media?parent=6573"}],"curies":[{"name":"wp","href":"https:\/\/api.w.org\/{rel}","templated":true}]}}