{"id":7293,"date":"2021-08-16T13:49:29","date_gmt":"2021-08-16T11:49:29","guid":{"rendered":"https:\/\/www.md-elektronik.com\/?page_id=7293"},"modified":"2023-05-08T10:38:31","modified_gmt":"2023-05-08T08:38:31","slug":"zkusebni-laborator","status":"publish","type":"page","link":"https:\/\/www.md-elektronik.com\/cs\/zkusebni-laborator\/","title":{"rendered":"Zku\u0161ebn\u00ed laborato\u0159"},"content":{"rendered":"\n\n\t<section class=\"section\" id=\"section_1204298225\">\n\t\t<div class=\"section-bg fill\" >\n\t\t\t\t\t\t\t\t\t\n\t\t\t\n\n\t\t<\/div>\n\n\t\t\n\n\t\t<div class=\"section-content relative\">\n\t\t\t\n\n<div class=\"row row-collapse row-full-width align-middle\"  id=\"row-349487309\">\n\n\n\t<div id=\"col-1605397797\" class=\"col hide-for-small medium-6 small-12 large-6\"  data-animate=\"fadeInUp\">\n\t\t\t\t<div class=\"col-inner\"  >\n\t\t\t\n\t\t\t\n\n\t<div class=\"img has-hover x md-x lg-x y md-y lg-y\" id=\"image_1226639750\">\n\t\t\t\t\t\t\t\t<div class=\"img-inner image-zoom image-cover dark\" style=\"padding-top:65%;\">\n\t\t\t<img decoding=\"async\" width=\"1024\" height=\"683\" src=\"https:\/\/www.md-elektronik.com\/wp-content\/uploads\/2021\/07\/Optische-Analytik_Roentgen.jpg\" class=\"attachment-original size-original\" alt=\"\" srcset=\"https:\/\/www.md-elektronik.com\/wp-content\/uploads\/2021\/07\/Optische-Analytik_Roentgen.jpg 1024w, https:\/\/www.md-elektronik.com\/wp-content\/uploads\/2021\/07\/Optische-Analytik_Roentgen-300x200.jpg 300w, https:\/\/www.md-elektronik.com\/wp-content\/uploads\/2021\/07\/Optische-Analytik_Roentgen-768x512.jpg 768w\" sizes=\"(max-width: 1024px) 100vw, 1024px\" \/>\t\t\t\t\t\t\n\t\t\t\t\t<\/div>\n\t\t\t\t\t\t\t\t\n<style>\n#image_1226639750 {\n  width: 100%;\n}\n<\/style>\n\t<\/div>\n\t\n\n\n\t\t<\/div>\n\t\t\t\t\t<\/div>\n\n\t\n\n\t<div id=\"col-2011179985\" class=\"col medium-6 small-12 large-6\"  >\n\t\t\t\t<div class=\"col-inner text-center\"  >\n\t\t\t\n\t\t\t\n\n<h1>Va\u0161e akreditovan\u00e1 zku\u0161ebn\u00ed laborato\u0159 pro automobilov\u00fd pr\u016fmysl<\/h1>\n<p>Vyr\u00e1b\u00edte infotainment v\u00fdrobky pro automobilov\u00fd pr\u016fmysl a pot\u0159ebujete laboratorn\u00ed zkou\u0161ky? Chcete uv\u00e9st na trh nov\u00fd v\u00fdrobek a pot\u0159ebujete akreditovan\u00fd zku\u0161ebn\u00ed certifik\u00e1t? Pot\u0159ebujete anal\u00fdzy elektrick\u00fdch vodi\u010d\u016f a kabel\u016f? Vy\u017eaduj\u00ed va\u0161e elektrick\u00e9 komponenty zkou\u0161ky simulace \u017eivotn\u00edho prost\u0159ed\u00ed? Mus\u00edte splnit po\u017eadavky na elektrotechnick\u00e9 zkou\u0161ky a pot\u0159ebujete poradit?<\/p>\n<p><strong>Pokud ano, na\u0161e akreditovan\u00e1 laborato\u0159 je pro v\u00e1s t\u00edm spr\u00e1vn\u00fdm m\u00edstem.<\/strong><\/p>\n\n\t\t<\/div>\n\t\t\t\t\n<style>\n#col-2011179985 > .col-inner {\n  padding: 30px 30px 30px 30px;\n}\n@media (min-width:550px) {\n  #col-2011179985 > .col-inner {\n    padding: 60px 60px 60px 60px;\n  }\n}\n<\/style>\n\t<\/div>\n\n\t\n\n\n<style>\n#row-349487309 > .col > .col-inner {\n  background-color: rgb(255, 255, 255);\n}\n<\/style>\n<\/div>\n\n\t\t<\/div>\n\n\t\t\n<style>\n#section_1204298225 {\n  padding-top: 0px;\n  padding-bottom: 0px;\n  background-color: rgb(255,255,255);\n}\n<\/style>\n\t<\/section>\n\t\n\n\t<section class=\"section mb-20 mt-20\" id=\"section_1452276172\">\n\t\t<div class=\"section-bg fill\" >\n\t\t\t\t\t\t\t\t\t\n\t\t\t\n\n\t\t<\/div>\n\n\t\t\n\n\t\t<div class=\"section-content relative\">\n\t\t\t\n\n<div class=\"row row-collapse align-middle\"  id=\"row-1936466089\">\n\n\n\t<div id=\"col-130561850\" class=\"col small-12 large-12\"  >\n\t\t\t\t<div class=\"col-inner text-center\"  >\n\t\t\t\n\t\t\t\n\n<p>Jsme va\u0161\u00edm nez\u00e1visl\u00fdm partnerem v oblasti testov\u00e1n\u00ed vysokofrekven\u010dn\u00edch kabel\u016f pro automobilov\u00fd pr\u016fmysl. T\u00fdm 20 zku\u0161ebn\u00edch in\u017een\u00fdr\u016f s v\u00edce ne\u017e 20 lety zku\u0161enost\u00ed pro v\u00e1s prov\u00e1d\u00ed individu\u00e1ln\u00ed testy s&nbsp;maxim\u00e1ln\u00ed flexibilitou.<\/p>\n<p>Na\u0161e portfolio slu\u017eeb zahrnuje:<\/p>\n<p><em>bezpe\u010dnost v\u00fdrobk\u016f,<br \/><\/em><em>zkou\u0161ky ve f\u00e1zi v\u00fdvoje,<br \/><\/em><em>z\u00e1kladn\u00ed v\u00fdzkum,<br \/><\/em><em>simulace \u017eivotnosti<br \/><\/em><em>a anal\u00fdzu vadn\u00fdch d\u00edl\u016f.<\/em><\/p>\n\n\t\t<\/div>\n\t\t\t\t\n<style>\n#col-130561850 > .col-inner {\n  padding: 30px 30px 30px 30px;\n}\n@media (min-width:550px) {\n  #col-130561850 > .col-inner {\n    padding: 60px 60px 60px 60px;\n  }\n}\n<\/style>\n\t<\/div>\n\n\t\n\n<\/div>\n\n\t\t<\/div>\n\n\t\t\n<style>\n#section_1452276172 {\n  padding-top: 0px;\n  padding-bottom: 0px;\n}\n<\/style>\n\t<\/section>\n\t\n\n\t<section class=\"section mb-20\" id=\"section_1553999907\">\n\t\t<div class=\"section-bg fill\" >\n\t\t\t\t\t\t\t\t\t\n\t\t\t\n\n\t\t<\/div>\n\n\t\t\n\n\t\t<div class=\"section-content relative\">\n\t\t\t\n\n<div class=\"row row-collapse row-full-width align-middle bg-white\"  id=\"row-1173981328\">\n\n\n\t<div id=\"col-1543676932\" class=\"col medium-6 small-12 large-6\"  >\n\t\t\t\t<div class=\"col-inner text-left\"  >\n\t\t\t\n\t\t\t\n\n\t<div id=\"text-3363727860\" class=\"text\">\n\t\t\n\n<h2><strong>Va\u0161e v\u00fdhody:<\/strong><\/h2>\n<ul>\n<li>Akreditace podle ISO IEC 17025 proveden\u00e1 u DAkkS (n\u011bmeck\u00e9 akredita\u010dn\u00ed m\u00edsto)<\/li>\n<li>Kompletn\u00ed kvalifikace v\u00fdrobk\u016f podle automobilov\u00fdch norem a specifikac\u00ed z\u00e1kazn\u00edk\u016f<\/li>\n<li>\u00dapln\u00e9 pokryt\u00ed po\u010detn\u00fdch podnikov\u00fdch norem, v\u010detn\u011b LV 124 a LV 214<\/li>\n<li>D\u016fv\u011brn\u00e9 testy d\u00edky zku\u0161ebn\u00ed stanici s&nbsp;kontrolovan\u00fdm p\u0159\u00edstupem<\/li>\n<li>Certifikace v&nbsp;souladu s normami ISO 9001 a IATF 16949<\/li>\n<\/ul>\n\t\t\n<style>\n#text-3363727860 {\n  text-align: left;\n}\n<\/style>\n\t<\/div>\n\t\n\t<div class=\"img has-hover x md-x lg-x y md-y lg-y\" id=\"image_1431411745\">\n\t\t\t\t\t\t\t\t<div class=\"img-inner dark\" >\n\t\t\t<img decoding=\"async\" width=\"2560\" height=\"1002\" src=\"https:\/\/www.md-elektronik.com\/wp-content\/uploads\/2022\/02\/DAkkS_Symbol_ILAC_RGB_2.1_CZ_small-scaled.jpg\" class=\"attachment-original size-original\" alt=\"\" srcset=\"https:\/\/www.md-elektronik.com\/wp-content\/uploads\/2022\/02\/DAkkS_Symbol_ILAC_RGB_2.1_CZ_small-scaled.jpg 2560w, https:\/\/www.md-elektronik.com\/wp-content\/uploads\/2022\/02\/DAkkS_Symbol_ILAC_RGB_2.1_CZ_small-300x117.jpg 300w, https:\/\/www.md-elektronik.com\/wp-content\/uploads\/2022\/02\/DAkkS_Symbol_ILAC_RGB_2.1_CZ_small-1024x401.jpg 1024w, https:\/\/www.md-elektronik.com\/wp-content\/uploads\/2022\/02\/DAkkS_Symbol_ILAC_RGB_2.1_CZ_small-768x301.jpg 768w, https:\/\/www.md-elektronik.com\/wp-content\/uploads\/2022\/02\/DAkkS_Symbol_ILAC_RGB_2.1_CZ_small-1536x601.jpg 1536w, https:\/\/www.md-elektronik.com\/wp-content\/uploads\/2022\/02\/DAkkS_Symbol_ILAC_RGB_2.1_CZ_small-2048x802.jpg 2048w\" sizes=\"(max-width: 2560px) 100vw, 2560px\" \/>\t\t\t\t\t\t\n\t\t\t\t\t<\/div>\n\t\t\t\t\t\t\t\t\n<style>\n#image_1431411745 {\n  width: 50%;\n}\n<\/style>\n\t<\/div>\n\t\n\n\n\t\t<\/div>\n\t\t\t\t\n<style>\n#col-1543676932 > .col-inner {\n  padding: 30px 30px 30px 30px;\n}\n@media (min-width:550px) {\n  #col-1543676932 > .col-inner {\n    padding: 60px 60px 60px 120px;\n  }\n}\n<\/style>\n\t<\/div>\n\n\t\n\n\t<div id=\"col-662105348\" class=\"col medium-6 small-12 large-6\"  data-animate=\"fadeInUp\">\n\t\t\t\t<div class=\"col-inner\"  >\n\t\t\t\n\t\t\t\n\n\t<div class=\"img has-hover x md-x lg-x y md-y lg-y\" id=\"image_573696523\">\n\t\t\t\t\t\t\t\t<div class=\"img-inner image-zoom image-cover dark\" style=\"padding-top:65%;\">\n\t\t\t<img decoding=\"async\" width=\"1020\" height=\"680\" src=\"https:\/\/www.md-elektronik.com\/wp-content\/uploads\/2021\/07\/Schliffbildanalyse-1024x683.jpg\" class=\"attachment-large size-large\" alt=\"\" srcset=\"https:\/\/www.md-elektronik.com\/wp-content\/uploads\/2021\/07\/Schliffbildanalyse.jpg 1024w, https:\/\/www.md-elektronik.com\/wp-content\/uploads\/2021\/07\/Schliffbildanalyse-300x200.jpg 300w, https:\/\/www.md-elektronik.com\/wp-content\/uploads\/2021\/07\/Schliffbildanalyse-768x512.jpg 768w\" sizes=\"(max-width: 1020px) 100vw, 1020px\" \/>\t\t\t\t\t\t\n\t\t\t\t\t<\/div>\n\t\t\t\t\t\t\t\t\n<style>\n#image_573696523 {\n  width: 100%;\n}\n<\/style>\n\t<\/div>\n\t\n\n\n\t\t<\/div>\n\t\t\t\t\t<\/div>\n\n\t\n\n\n<style>\n#row-1173981328 > .col > .col-inner {\n  background-color: rgb(255, 255, 255);\n}\n<\/style>\n<\/div>\n\n\t\t<\/div>\n\n\t\t\n<style>\n#section_1553999907 {\n  padding-top: 0px;\n  padding-bottom: 0px;\n  background-color: #f5f5f7;\n}\n<\/style>\n\t<\/section>\n\t\n\n\t<section class=\"section\" id=\"section_459631860\">\n\t\t<div class=\"section-bg fill\" >\n\t\t\t\t\t\t\t\t\t\n\t\t\t\n\n\t\t<\/div>\n\n\t\t\n\n\t\t<div class=\"section-content relative\">\n\t\t\t\n\n<div class=\"row\"  id=\"row-778917148\">\n\n\n\t<div id=\"col-2006264013\" class=\"col small-12 large-12\"  >\n\t\t\t\t<div class=\"col-inner text-center\"  >\n\t\t\t\n\t\t\t\n\n<h2><strong>M\u00e1me pro v\u00e1s optim\u00e1ln\u00ed \u0159e\u0161en\u00ed:<\/strong><\/h2>\n\n\t\t<\/div>\n\t\t\t\t\n<style>\n#col-2006264013 > .col-inner {\n  padding: 30px 30px 30px 30px;\n  margin: 0px 0px 0 0px;\n}\n@media (min-width:550px) {\n  #col-2006264013 > .col-inner {\n    padding: 60px 60px 0px 60px;\n  }\n}\n<\/style>\n\t<\/div>\n\n\t\n\n<\/div>\n<div class=\"row row-collapse row-full-width align-equal align-center\"  id=\"row-861292182\">\n\n\n\t<div id=\"col-479932590\" class=\"col medium-3 small-12 large-3\"  >\n\t\t\t\t<div class=\"col-inner text-center\"  >\n\t\t\t\n\t\t\t\n\n\t<div class=\"img has-hover x md-x lg-x y md-y lg-y\" id=\"image_520359694\">\n\t\t\t\t\t\t\t\t<div class=\"img-inner dark\" >\n\t\t\t<img decoding=\"async\" width=\"600\" height=\"450\" src=\"https:\/\/www.md-elektronik.com\/wp-content\/uploads\/2021\/07\/E-HF.png\" class=\"attachment-large size-large\" alt=\"\" srcset=\"https:\/\/www.md-elektronik.com\/wp-content\/uploads\/2021\/07\/E-HF.png 600w, https:\/\/www.md-elektronik.com\/wp-content\/uploads\/2021\/07\/E-HF-300x225.png 300w\" sizes=\"(max-width: 600px) 100vw, 600px\" \/>\t\t\t\t\t\t\n\t\t\t\t\t<\/div>\n\t\t\t\t\t\t\t\t\n<style>\n#image_520359694 {\n  width: 30%;\n}\n<\/style>\n\t<\/div>\n\t\n\n\t<div id=\"text-3837644119\" class=\"text\">\n\t\t\n\n<h3>Elektrotechnika a vysokofrekven\u010dn\u00ed technika<\/h3>\n<p>Pot\u0159ebujete zm\u011b\u0159it p\u0159enosov\u00e9 vlastnosti sv\u00fdch vysokofrekven\u010dn\u00edch kabel\u016f nebo chcete kvalifikovat sv\u00e9 dal\u0161\u00ed produkty podle specifikac\u00ed OEM?<\/p>\n\t\t\n<style>\n#text-3837644119 {\n  text-align: center;\n}\n<\/style>\n\t<\/div>\n\t\n<div class=\"accordion lab-accordion\">\n\n\t<div id=\"accordion-2252833209\" class=\"accordion-item\">\n\t\t<a id=\"accordion-2252833209-label\" class=\"accordion-title plain\" href=\"#accordion-item-v\u00edce...\" aria-expanded=\"false\" aria-controls=\"accordion-2252833209-content\" >\n\t\t\t<button class=\"toggle\" aria-label=\"P\u0159epnout\"><i class=\"icon-angle-down\"><\/i><\/button>\n\t\t\t<span>V\u00edce...<\/span>\n\t\t<\/a>\n\t\t<div id=\"accordion-2252833209-content\" class=\"accordion-inner\" aria-labelledby=\"accordion-2252833209-label\" >\n\t\t\t\n\n\t<div id=\"text-3925098318\" class=\"text\">\n\t\t\n\n<p>Testujeme p\u0159enosov\u00e9 vlastnosti va\u0161ich datov\u00fdch komunika\u010dn\u00edch syst\u00e9m\u016f. Na z\u00e1klad\u011b v\u00fdsledk\u016f vyhodnot\u00edme mo\u017en\u00e1 m\u00edsta poruch a ru\u0161en\u00ed. Rovn\u011b\u017e m\u016f\u017eeme ur\u010dit elektrick\u00e9 vlastnosti va\u0161ich komponent jako jsou odpor, induk\u010dnost, kapacita a elektrick\u00e1 pevnost dielektrika. K tomu pou\u017e\u00edv\u00e1me n\u00e1sleduj\u00edc\u00ed technologie:<\/p>\n<ul>\n<li>M\u011b\u0159en\u00ed elektrick\u00fdch parametr\u016f<\/li>\n<li>Vektorov\u00e1 s\u00ed\u0165ov\u00e1 anal\u00fdza<\/li>\n<li>Reflektometrie v \u010dasov\u00e9 oblasti<\/li>\n<li>Simulace datov\u00fdch tok\u016f<\/li>\n<li>Detekce bitov\u00fdch chyb<\/li>\n<li>Anal\u00fdza protokolu USB 2.0 + 3.0<\/li>\n<li>Osciloskopie (a\u017e do 80 Gs\/s)<\/li>\n<li>Triaxi\u00e1ln\u00ed m\u011b\u0159en\u00ed<\/li>\n<\/ul>\n\t\t\n<style>\n#text-3925098318 {\n  text-align: left;\n}\n<\/style>\n\t<\/div>\n\t\n\n\t\t<\/div>\n\t<\/div>\n\t\n\n<\/div>\n\n\t\t<\/div>\n\t\t\t\t\n<style>\n#col-479932590 > .col-inner {\n  padding: 30px 30px 30px 30px;\n}\n@media (min-width:550px) {\n  #col-479932590 > .col-inner {\n    padding: 60px 30px 60px 30px;\n  }\n}\n<\/style>\n\t<\/div>\n\n\t\n\n\t<div id=\"col-175121367\" class=\"col medium-3 small-12 large-3\"  >\n\t\t\t\t<div class=\"col-inner text-center\"  >\n\t\t\t\n\t\t\t\n\n\t<div class=\"img has-hover x md-x lg-x y md-y lg-y\" id=\"image_907913291\">\n\t\t\t\t\t\t\t\t<div class=\"img-inner dark\" >\n\t\t\t<img decoding=\"async\" width=\"600\" height=\"450\" src=\"https:\/\/www.md-elektronik.com\/wp-content\/uploads\/2021\/07\/UT.png\" class=\"attachment-large size-large\" alt=\"\" srcset=\"https:\/\/www.md-elektronik.com\/wp-content\/uploads\/2021\/07\/UT.png 600w, https:\/\/www.md-elektronik.com\/wp-content\/uploads\/2021\/07\/UT-300x225.png 300w\" sizes=\"(max-width: 600px) 100vw, 600px\" \/>\t\t\t\t\t\t\n\t\t\t\t\t<\/div>\n\t\t\t\t\t\t\t\t\n<style>\n#image_907913291 {\n  width: 30%;\n}\n<\/style>\n\t<\/div>\n\t\n\n\t<div id=\"text-2579923125\" class=\"text\">\n\t\t\n\n<h3>Simulace \u017eivotn\u00edho prost\u0159ed\u00ed<\/h3>\n<p>Po\u017eadujete, aby se testy st\u00e1rnut\u00ed prov\u00e1d\u011bly p\u0159i vysok\u00fdch teplot\u00e1ch, ve vlhk\u00e9m prost\u0159ed\u00ed nebo ve speci\u00e1ln\u00edch podm\u00ednk\u00e1ch \u017eivotn\u00edho prost\u0159ed\u00ed, jako je soln\u00e1 mlha nebo korozivn\u00ed plyny?<\/p>\n\t\t\n<style>\n#text-2579923125 {\n  text-align: center;\n}\n<\/style>\n\t<\/div>\n\t\n<div class=\"accordion lab-accordion\">\n\n\t<div id=\"accordion-3931225767\" class=\"accordion-item\">\n\t\t<a id=\"accordion-3931225767-label\" class=\"accordion-title plain\" href=\"#accordion-item-v\u00edce...\" aria-expanded=\"false\" aria-controls=\"accordion-3931225767-content\" >\n\t\t\t<button class=\"toggle\" aria-label=\"P\u0159epnout\"><i class=\"icon-angle-down\"><\/i><\/button>\n\t\t\t<span>V\u00edce...<\/span>\n\t\t<\/a>\n\t\t<div id=\"accordion-3931225767-content\" class=\"accordion-inner\" aria-labelledby=\"accordion-3931225767-label\" >\n\t\t\t\n\n\t<div id=\"text-4288789479\" class=\"text\">\n\t\t\n\n<p>Pomoc\u00ed za\u0159\u00edzen\u00ed pro urychlen\u00ed st\u00e1rnut\u00ed simulujeme nam\u00e1h\u00e1n\u00ed va\u0161ich komponent\u016f a v\u00fdrobk\u016f v pr\u016fb\u011bhu jejich \u017eivotnosti ve vozidle. Vlivy a podm\u00ednky prost\u0159ed\u00ed jsou simulov\u00e1ny a testov\u00e1ny na zintenzivn\u011bn\u00e9 \u00farovni s vyu\u017eit\u00edm n\u00e1sleduj\u00edc\u00edch technologi\u00ed:<\/p>\n<ul>\n<li>Tepeln\u00e9 nam\u00e1h\u00e1n\u00ed v peci<\/li>\n<li>Klimatick\u00e9 nam\u00e1h\u00e1n\u00ed v klimatick\u00e9 komo\u0159e<\/li>\n<li>Zm\u011bna teploty v teplotn\u00ed \u0161okov\u00e9 komo\u0159e<\/li>\n<li>Zkou\u0161ka vibra\u010dn\u00edm nam\u00e1h\u00e1n\u00edm<\/li>\n<li>Zkou\u0161ka korozivn\u00edm plynem<\/li>\n<li>Simulace slune\u010dn\u00edho z\u00e1\u0159en\u00ed<\/li>\n<li>Zkou\u0161ka vodot\u011bsnosti IPX9K<\/li>\n<\/ul>\n\t\t\n<style>\n#text-4288789479 {\n  text-align: left;\n}\n<\/style>\n\t<\/div>\n\t\n\n\t\t<\/div>\n\t<\/div>\n\t\n\n<\/div>\n\n\t\t<\/div>\n\t\t\t\t\n<style>\n#col-175121367 > .col-inner {\n  padding: 30px 30px 30px 30px;\n}\n@media (min-width:550px) {\n  #col-175121367 > .col-inner {\n    padding: 60px 30px 60px 30px;\n  }\n}\n<\/style>\n\t<\/div>\n\n\t\n\n\t<div id=\"col-243460344\" class=\"col medium-3 small-12 large-3\"  >\n\t\t\t\t<div class=\"col-inner text-center\"  >\n\t\t\t\n\t\t\t\n\n\t<div class=\"img has-hover x md-x lg-x y md-y lg-y\" id=\"image_995289732\">\n\t\t\t\t\t\t\t\t<div class=\"img-inner dark\" >\n\t\t\t<img decoding=\"async\" width=\"600\" height=\"450\" src=\"https:\/\/www.md-elektronik.com\/wp-content\/uploads\/2021\/07\/MP.png\" class=\"attachment-large size-large\" alt=\"\" srcset=\"https:\/\/www.md-elektronik.com\/wp-content\/uploads\/2021\/07\/MP.png 600w, https:\/\/www.md-elektronik.com\/wp-content\/uploads\/2021\/07\/MP-300x225.png 300w\" sizes=\"(max-width: 600px) 100vw, 600px\" \/>\t\t\t\t\t\t\n\t\t\t\t\t<\/div>\n\t\t\t\t\t\t\t\t\n<style>\n#image_995289732 {\n  width: 30%;\n}\n<\/style>\n\t<\/div>\n\t\n\n\t<div id=\"text-3571998991\" class=\"text\">\n\t\t\n\n<h3>Mechanick\u00e9 zkou\u0161ky<\/h3>\n<p>Pot\u0159ebujete \u00fadaje o pevnosti va\u0161ich kabel\u016f v tahu, mechanick\u00e9 st\u00e1losti nebo odolnosti v\u016f\u010di vysok\u00e9mu zrychlen\u00ed?<\/p>\n\t\t\n<style>\n#text-3571998991 {\n  text-align: center;\n}\n<\/style>\n\t<\/div>\n\t\n<div class=\"accordion lab-accordion\">\n\n\t<div id=\"accordion-1949994165\" class=\"accordion-item\">\n\t\t<a id=\"accordion-1949994165-label\" class=\"accordion-title plain\" href=\"#accordion-item-v\u00edce...\" aria-expanded=\"false\" aria-controls=\"accordion-1949994165-content\" >\n\t\t\t<button class=\"toggle\" aria-label=\"P\u0159epnout\"><i class=\"icon-angle-down\"><\/i><\/button>\n\t\t\t<span>V\u00edce...<\/span>\n\t\t<\/a>\n\t\t<div id=\"accordion-1949994165-content\" class=\"accordion-inner\" aria-labelledby=\"accordion-1949994165-label\" >\n\t\t\t\n\n\t<div id=\"text-1418146779\" class=\"text\">\n\t\t\n\n<p>Zkou\u0161\u00edme mechanickou pevnost va\u0161ich komponent\u016f a v\u00fdrobk\u016f. Tyto zkou\u0161ky prov\u00e1d\u00edme pomoc\u00ed n\u00e1sleduj\u00edc\u00edch technologi\u00ed:<\/p>\n<ul>\n<li>Zkou\u0161ka materi\u00e1lu<\/li>\n<li>Zkou\u0161ka v tahu a tlaku<\/li>\n<li>Cyklick\u00e9 zkou\u0161ky<\/li>\n<li>Dynamick\u00e1 tahov\u00e1 zkou\u0161ka<\/li>\n<li>Cyklick\u00e1 zkou\u0161ka ohybem<\/li>\n<li>Zkou\u0161ka pomal\u00fdm ohybem<\/li>\n<li>Vibra\u010dn\u00ed zkou\u0161ka<\/li>\n<li>Zkou\u0161ka mikrotrhliny<\/li>\n<\/ul>\n\t\t\n<style>\n#text-1418146779 {\n  text-align: left;\n}\n<\/style>\n\t<\/div>\n\t\n\n\t\t<\/div>\n\t<\/div>\n\t\n\n<\/div>\n\n\t\t<\/div>\n\t\t\t\t\n<style>\n#col-243460344 > .col-inner {\n  padding: 30px 30px 30px 30px;\n}\n@media (min-width:550px) {\n  #col-243460344 > .col-inner {\n    padding: 60px 30px 60px 30px;\n  }\n}\n<\/style>\n\t<\/div>\n\n\t\n\n\n<style>\n#row-861292182 > .col > .col-inner {\n  background-color: rgb(255, 255, 255);\n}\n<\/style>\n<\/div>\n<div class=\"row row-collapse row-full-width align-equal align-center\"  id=\"row-1421147550\">\n\n\n\t<div id=\"col-646063564\" class=\"col medium-3 small-12 large-3\"  >\n\t\t\t\t<div class=\"col-inner text-center\"  >\n\t\t\t\n\t\t\t\n\n\t<div class=\"img has-hover x md-x lg-x y md-y lg-y\" id=\"image_501650978\">\n\t\t\t\t\t\t\t\t<div class=\"img-inner dark\" >\n\t\t\t<img decoding=\"async\" width=\"600\" height=\"450\" src=\"https:\/\/www.md-elektronik.com\/wp-content\/uploads\/2021\/07\/OAMT.png\" class=\"attachment-large size-large\" alt=\"\" srcset=\"https:\/\/www.md-elektronik.com\/wp-content\/uploads\/2021\/07\/OAMT.png 600w, https:\/\/www.md-elektronik.com\/wp-content\/uploads\/2021\/07\/OAMT-300x225.png 300w\" sizes=\"(max-width: 600px) 100vw, 600px\" \/>\t\t\t\t\t\t\n\t\t\t\t\t<\/div>\n\t\t\t\t\t\t\t\t\n<style>\n#image_501650978 {\n  width: 30%;\n}\n<\/style>\n\t<\/div>\n\t\n\n\t<div id=\"text-2230561650\" class=\"text\">\n\t\t\n\n<h3>Optick\u00e1 anal\u00fdza a m\u011b\u0159ic\u00ed technika<\/h3>\n<p>Pot\u0159ebujete anal\u00fdzy vzork\u016f materi\u00e1l\u016f, m\u011b\u0159en\u00ed komponent\u016f nebo rentgenovou po\u010d\u00edta\u010dovou tomografii?<\/p>\n\t\t\n<style>\n#text-2230561650 {\n  text-align: center;\n}\n<\/style>\n\t<\/div>\n\t\n<div class=\"accordion lab-accordion\">\n\n\t<div id=\"accordion-1530417677\" class=\"accordion-item\">\n\t\t<a id=\"accordion-1530417677-label\" class=\"accordion-title plain\" href=\"#accordion-item-v\u00edce...\" aria-expanded=\"false\" aria-controls=\"accordion-1530417677-content\" >\n\t\t\t<button class=\"toggle\" aria-label=\"P\u0159epnout\"><i class=\"icon-angle-down\"><\/i><\/button>\n\t\t\t<span>V\u00edce...<\/span>\n\t\t<\/a>\n\t\t<div id=\"accordion-1530417677-content\" class=\"accordion-inner\" aria-labelledby=\"accordion-1530417677-label\" >\n\t\t\t\n\n\t<div id=\"text-68714760\" class=\"text\">\n\t\t\n\n<p>Va\u0161e komponenty analyzujeme pomoc\u00ed zobrazovac\u00edch metod. K tomu vyu\u017e\u00edv\u00e1me n\u00e1sleduj\u00edc\u00ed technologie:<\/p>\n<ul>\n<li>Digit\u00e1ln\u00ed mikroskopie<\/li>\n<li>3D sou\u0159adnicov\u00e9 m\u011b\u0159en\u00ed<\/li>\n<li>Rentgenov\u00e1 po\u010d\u00edta\u010dov\u00e1 tomografie (stanoven\u00ed skryt\u00fdch rozm\u011br\u016f)<\/li>\n<li>Laserov\u00e1 skenovac\u00ed mikroskopie<\/li>\n<li>Vysokorychlostn\u00ed z\u00e1znamy (sekvence rychl\u00e9ho pohybu)<\/li>\n<li>Skenov\u00e1n\u00ed povrchu<\/li>\n<\/ul>\n\t\t\n<style>\n#text-68714760 {\n  text-align: left;\n}\n<\/style>\n\t<\/div>\n\t\n\n\t\t<\/div>\n\t<\/div>\n\t\n\n<\/div>\n\n\t\t<\/div>\n\t\t\t\t\n<style>\n#col-646063564 > .col-inner {\n  padding: 30px 30px 30px 30px;\n}\n@media (min-width:550px) {\n  #col-646063564 > .col-inner {\n    padding: 60px 30px 60px 30px;\n  }\n}\n<\/style>\n\t<\/div>\n\n\t\n\n\t<div id=\"col-1488646482\" class=\"col medium-3 small-12 large-3\"  >\n\t\t\t\t<div class=\"col-inner text-center\"  >\n\t\t\t\n\t\t\t\n\n\t<div class=\"img has-hover x md-x lg-x y md-y lg-y\" id=\"image_1779458513\">\n\t\t\t\t\t\t\t\t<div class=\"img-inner dark\" >\n\t\t\t<img decoding=\"async\" width=\"600\" height=\"450\" src=\"https:\/\/www.md-elektronik.com\/wp-content\/uploads\/2021\/07\/MA.png\" class=\"attachment-large size-large\" alt=\"\" srcset=\"https:\/\/www.md-elektronik.com\/wp-content\/uploads\/2021\/07\/MA.png 600w, https:\/\/www.md-elektronik.com\/wp-content\/uploads\/2021\/07\/MA-300x225.png 300w\" sizes=\"(max-width: 600px) 100vw, 600px\" \/>\t\t\t\t\t\t\n\t\t\t\t\t<\/div>\n\t\t\t\t\t\t\t\t\n<style>\n#image_1779458513 {\n  width: 30%;\n}\n<\/style>\n\t<\/div>\n\t\n\n\t<div id=\"text-964033130\" class=\"text\">\n\t\t\n\n<h3>Anal\u00fdza materi\u00e1l\u016f<\/h3>\n<p>Po\u017eadujete anal\u00fdzy tepeln\u00fdch vlastnost\u00ed a slo\u017een\u00ed materi\u00e1l\u016f nebo identifikovat zne\u010di\u0161t\u011bn\u00ed?<\/p>\n\t\t\n<style>\n#text-964033130 {\n  text-align: center;\n}\n<\/style>\n\t<\/div>\n\t\n<div class=\"accordion lab-accordion\">\n\n\t<div id=\"accordion-2609165886\" class=\"accordion-item\">\n\t\t<a id=\"accordion-2609165886-label\" class=\"accordion-title plain\" href=\"#accordion-item-v\u00edce...\" aria-expanded=\"false\" aria-controls=\"accordion-2609165886-content\" >\n\t\t\t<button class=\"toggle\" aria-label=\"P\u0159epnout\"><i class=\"icon-angle-down\"><\/i><\/button>\n\t\t\t<span>V\u00edce...<\/span>\n\t\t<\/a>\n\t\t<div id=\"accordion-2609165886-content\" class=\"accordion-inner\" aria-labelledby=\"accordion-2609165886-label\" >\n\t\t\t\n\n\t<div id=\"text-1611141789\" class=\"text\">\n\t\t\n\n<p>Analyzujeme vlastnosti va\u0161ich materi\u00e1l\u016f pomoc\u00ed r\u016fzn\u00fdch metod termick\u00e9 anal\u00fdzy a spektroskopie. M\u016f\u017eeme zde stanovit transforma\u010dn\u00ed teploty proces\u016f t\u00e1n\u00ed a pyrolytick\u00fdch rozklad\u016f i zm\u011bny m\u011brn\u00e9 tepeln\u00e9 kapacity v z\u00e1vislosti na teplot\u011b. K tomu vyu\u017e\u00edv\u00e1me n\u00e1sleduj\u00edc\u00ed technologie:<\/p>\n<ul>\n<li>Diferenci\u00e1ln\u00ed skenovac\u00ed kalorimetrie<\/li>\n<li>Infra\u010derven\u00e1 spektroskopie<\/li>\n<li>Spojen\u00e1 spektroskopie<\/li>\n<li>Infra\u010derven\u00e1 mikroskopie<\/li>\n<li>Zkou\u0161ka tvrdosti<\/li>\n<li>Metalografie<\/li>\n<\/ul>\n<p>&nbsp;<\/p>\n\t\t\n<style>\n#text-1611141789 {\n  text-align: left;\n}\n<\/style>\n\t<\/div>\n\t\n\n\t\t<\/div>\n\t<\/div>\n\t\n\n<\/div>\n\n\t\t<\/div>\n\t\t\t\t\n<style>\n#col-1488646482 > .col-inner {\n  padding: 30px 30px 30px 30px;\n}\n@media (min-width:550px) {\n  #col-1488646482 > .col-inner {\n    padding: 60px 30px 60px 30px;\n  }\n}\n<\/style>\n\t<\/div>\n\n\t\n\n\n<style>\n#row-1421147550 > .col > .col-inner {\n  background-color: rgb(255, 255, 255);\n}\n<\/style>\n<\/div>\n\n\t\t<\/div>\n\n\t\t\n<style>\n#section_459631860 {\n  padding-top: 0px;\n  padding-bottom: 0px;\n  background-color: rgb(255,255,255);\n}\n<\/style>\n\t<\/section>\n\t\n\n\t<section class=\"section mb-20\" id=\"section_1768738156\">\n\t\t<div class=\"section-bg fill\" >\n\t\t\t\t\t\t\t\t\t\n\t\t\t\n\n\t\t<\/div>\n\n\t\t\n\n\t\t<div class=\"section-content relative\">\n\t\t\t\n\n<div class=\"row\"  id=\"row-1797766682\">\n\n\n\t<div id=\"col-751446210\" class=\"col small-12 large-12\"  >\n\t\t\t\t<div class=\"col-inner text-center\"  >\n\t\t\t\n\t\t\t\n\n<p><strong><span style=\"font-size: 110%;\">Pot\u0159ebujete prov\u00e9st zkou\u0161ku nebo poradit?<\/span> <\/strong><\/p>\n\n\t\t<\/div>\n\t\t\t\t\n<style>\n#col-751446210 > .col-inner {\n  padding: 30px 30px 30px 30px;\n}\n@media (min-width:550px) {\n  #col-751446210 > .col-inner {\n    padding: 60px 60px 0px 60px;\n  }\n}\n<\/style>\n\t<\/div>\n\n\t\n\n<\/div>\n<div class=\"row\"  id=\"row-1070255687\">\n\n\n\t<div id=\"col-507891351\" class=\"col small-12 large-12\"  >\n\t\t\t\t<div class=\"col-inner text-center\"  >\n\t\t\t\n\t\t\t\n\n<a href=\"mailto:testlab@md-elektronik.de\" class=\"button primary is-outline\"  style=\"border-radius:99px;\">\n\t\t<span>Kontaktujte n\u00e1s.<\/span>\n\t<i class=\"icon-angle-right\" aria-hidden=\"true\" ><\/i><\/a>\n\n\n\n\t\t<\/div>\n\t\t\t\t\n<style>\n#col-507891351 > .col-inner {\n  padding: 0px 0px 0px 0px;\n}\n<\/style>\n\t<\/div>\n\n\t\n\n<\/div>\n\n\t\t<\/div>\n\n\t\t\n<style>\n#section_1768738156 {\n  padding-top: 0px;\n  padding-bottom: 0px;\n}\n<\/style>\n\t<\/section>\n\t\n\n","protected":false},"excerpt":{"rendered":"","protected":false},"author":1,"featured_media":0,"parent":0,"menu_order":300,"comment_status":"closed","ping_status":"closed","template":"page-blank.php","meta":{"footnotes":""},"class_list":["post-7293","page","type-page","status-publish","hentry"],"_links":{"self":[{"href":"https:\/\/www.md-elektronik.com\/cs\/wp-json\/wp\/v2\/pages\/7293","targetHints":{"allow":["GET"]}}],"collection":[{"href":"https:\/\/www.md-elektronik.com\/cs\/wp-json\/wp\/v2\/pages"}],"about":[{"href":"https:\/\/www.md-elektronik.com\/cs\/wp-json\/wp\/v2\/types\/page"}],"author":[{"embeddable":true,"href":"https:\/\/www.md-elektronik.com\/cs\/wp-json\/wp\/v2\/users\/1"}],"replies":[{"embeddable":true,"href":"https:\/\/www.md-elektronik.com\/cs\/wp-json\/wp\/v2\/comments?post=7293"}],"version-history":[{"count":15,"href":"https:\/\/www.md-elektronik.com\/cs\/wp-json\/wp\/v2\/pages\/7293\/revisions"}],"predecessor-version":[{"id":15532,"href":"https:\/\/www.md-elektronik.com\/cs\/wp-json\/wp\/v2\/pages\/7293\/revisions\/15532"}],"wp:attachment":[{"href":"https:\/\/www.md-elektronik.com\/cs\/wp-json\/wp\/v2\/media?parent=7293"}],"curies":[{"name":"wp","href":"https:\/\/api.w.org\/{rel}","templated":true}]}}