{"id":7496,"date":"2021-09-27T10:42:55","date_gmt":"2021-09-27T08:42:55","guid":{"rendered":"https:\/\/www.md-elektronik.com\/?page_id=7496"},"modified":"2026-02-19T14:51:32","modified_gmt":"2026-02-19T13:51:32","slug":"dokumenty-vyrobku","status":"publish","type":"page","link":"https:\/\/www.md-elektronik.com\/cs\/dokumenty-vyrobku\/","title":{"rendered":"Dokumenty v\u00fdrobk\u016f"},"content":{"rendered":"\n<div class=\"row\"  id=\"row-1653570806\">\n\n\n\t<div id=\"col-1485161070\" class=\"col small-12 large-12\"  >\n\t\t\t\t<div class=\"col-inner\"  >\n\t\t\t\n\t\t\t\n\n<h1>Dokumenty v\u00fdrobk\u016f<\/h1>\n<p>Dopl\u0148uj\u00edc\u00ed \/ roz\u0161\u00ed\u0159en\u00e9 dokumenty v\u00fdrobk\u016f<\/p>\n<p><strong>C30279 P\u0159edpis pro manipulaci Coax<br \/><\/strong><a href=\"https:\/\/www.md-elektronik.com\/wp-content\/uploads\/2024\/11\/C30279-DE-EPD-70020172-Handhabungsvorschrift-Koaxialleitungen.pdf\">N\u011bmeck\u00e1 verze<\/a><br \/><a href=\"https:\/\/www.md-elektronik.com\/wp-content\/uploads\/2024\/11\/C30279-EN-EPD-70020172-Handling-instruction-coaxial-cables.pdf\">Anglick\u00e1 verze<\/a><\/p>\n<p><strong>C30655 P\u0159edpis pro manipulaci Multi-Core-Cables<\/strong><br \/><a href=\"https:\/\/www.md-elektronik.com\/wp-content\/uploads\/2026\/02\/C30655-DE-EPD-70083125-Handhabungsvorschrift-Mehraderleitungen-1.pdf\" target=\"_blank\" rel=\"noopener\">N\u011bmeck\u00e1 verze<\/a><br \/><a href=\"https:\/\/www.md-elektronik.com\/wp-content\/uploads\/2026\/02\/C30655-EN-EPD-70083125-Handling-Instruction-Multi-Core-Cables.pdf\" target=\"_blank\" rel=\"noopener\">Anglick\u00e1 verze<\/a><\/p>\n<p><strong>C30301 Aplika\u010dn\u00ed p\u0159edpis<\/strong><br \/><a href=\"https:\/\/www.md-elektronik.com\/wp-content\/uploads\/2024\/10\/C30301-DE-EPD-70019650-Applikationsvorschrift_final-002.pdf\" target=\"_blank\" rel=\"noopener\">N\u011bmecka verze<\/a><br \/><a href=\"https:\/\/www.md-elektronik.com\/wp-content\/uploads\/2021\/09\/C30301-EN-EPD-10197875-Application-Instruction.pdf\" target=\"_blank\" rel=\"noopener\">Anglick\u00e1 verze<\/a><\/p>\n<p><strong>C37019 Specifikace MD V\u00fdkres v\u00fdrobku<\/strong><br \/><a href=\"https:\/\/www.md-elektronik.com\/wp-content\/uploads\/2025\/06\/C37019-DE-EPD-70026910-Spezifikation-MD-Produktzeichnung_LS.pdf\" target=\"_blank\" rel=\"noopener\">N\u011bmecka verze<\/a><br \/><a href=\"https:\/\/www.md-elektronik.com\/wp-content\/uploads\/2025\/09\/C37019-EN-EPD-70026910-MD-Product-Drawing-Specification_Korr.pdf\" target=\"_blank\" rel=\"noopener\">Anglick\u00e1 verze<\/a><\/p>\n\n\t\t<\/div>\n\t\t\t\t\t<\/div>\n\n\t\n\n\n<style>\n#row-1653570806 > .col > .col-inner {\n  padding: 60px 0px 0px 0px;\n}\n<\/style>\n<\/div>\n\n","protected":false},"excerpt":{"rendered":"","protected":false},"author":4,"featured_media":0,"parent":0,"menu_order":0,"comment_status":"closed","ping_status":"closed","template":"","meta":{"footnotes":""},"class_list":["post-7496","page","type-page","status-publish","hentry"],"_links":{"self":[{"href":"https:\/\/www.md-elektronik.com\/cs\/wp-json\/wp\/v2\/pages\/7496","targetHints":{"allow":["GET"]}}],"collection":[{"href":"https:\/\/www.md-elektronik.com\/cs\/wp-json\/wp\/v2\/pages"}],"about":[{"href":"https:\/\/www.md-elektronik.com\/cs\/wp-json\/wp\/v2\/types\/page"}],"author":[{"embeddable":true,"href":"https:\/\/www.md-elektronik.com\/cs\/wp-json\/wp\/v2\/users\/4"}],"replies":[{"embeddable":true,"href":"https:\/\/www.md-elektronik.com\/cs\/wp-json\/wp\/v2\/comments?post=7496"}],"version-history":[{"count":18,"href":"https:\/\/www.md-elektronik.com\/cs\/wp-json\/wp\/v2\/pages\/7496\/revisions"}],"predecessor-version":[{"id":31677,"href":"https:\/\/www.md-elektronik.com\/cs\/wp-json\/wp\/v2\/pages\/7496\/revisions\/31677"}],"wp:attachment":[{"href":"https:\/\/www.md-elektronik.com\/cs\/wp-json\/wp\/v2\/media?parent=7496"}],"curies":[{"name":"wp","href":"https:\/\/api.w.org\/{rel}","templated":true}]}}