{"id":12967,"date":"2022-10-12T13:51:15","date_gmt":"2022-10-12T11:51:15","guid":{"rendered":"https:\/\/www.md-elektronik.com\/?page_id=12967"},"modified":"2023-03-07T13:21:55","modified_gmt":"2023-03-07T12:21:55","slug":"felix-gunawan","status":"publish","type":"page","link":"https:\/\/www.md-elektronik.com\/de\/felix-gunawan\/","title":{"rendered":"Felix Gunawan"},"content":{"rendered":"\n<div class=\"message-box relative\" style=\"padding-top:30px;padding-bottom:30px;\"><div class=\"message-box-bg-image bg-fill fill\" ><\/div><div class=\"message-box-bg-overlay bg-fill fill\" style=\"background-color:rgb(245, 245, 247);\"><\/div><div class=\"container relative\"><div class=\"inner last-reset\">\n\n<div class=\"row align-equal align-center\"  id=\"row-1165169651\">\n\n\n\t<div id=\"col-621019703\" class=\"col medium-3 small-12 large-3\"  >\n\t\t\t\t<div class=\"col-inner\"  >\n\t\t\t\n\t\t\t\n\n\t<div id=\"gap-456154301\" class=\"gap-element clearfix\" style=\"display:block; height:auto;\">\n\t\t\n<style>\n#gap-456154301 {\n  padding-top: 10px;\n}\n<\/style>\n\t<\/div>\n\t\n\n\t<div class=\"img has-hover img-rounded x md-x lg-x y md-y lg-y\" id=\"image_958907871\">\n\t\t\t\t\t\t\t\t<div class=\"img-inner dark\" >\n\t\t\t<img decoding=\"async\" width=\"1020\" height=\"1020\" src=\"https:\/\/www.md-elektronik.com\/wp-content\/uploads\/2022\/10\/md_felix_interview_quadr-1024x1024.jpg\" class=\"attachment-large size-large\" alt=\"\" srcset=\"https:\/\/www.md-elektronik.com\/wp-content\/uploads\/2022\/10\/md_felix_interview_quadr.jpg 1024w, https:\/\/www.md-elektronik.com\/wp-content\/uploads\/2022\/10\/md_felix_interview_quadr-300x300.jpg 300w, https:\/\/www.md-elektronik.com\/wp-content\/uploads\/2022\/10\/md_felix_interview_quadr-150x150.jpg 150w, https:\/\/www.md-elektronik.com\/wp-content\/uploads\/2022\/10\/md_felix_interview_quadr-768x768.jpg 768w\" sizes=\"(max-width: 1020px) 100vw, 1020px\" \/>\t\t\t\t\t\t\n\t\t\t\t\t<\/div>\n\t\t\t\t\t\t\t\t\n<style>\n#image_958907871 {\n  width: 100%;\n}\n<\/style>\n\t<\/div>\n\t\n\n\n\t\t<\/div>\n\t\t\t\t\t<\/div>\n\n\t\n\n\t<div id=\"col-28248021\" class=\"col medium-9 small-12 large-9\"  >\n\t\t\t\t<div class=\"col-inner\"  >\n\t\t\t\n\t\t\t\n\n<p><span style=\"font-size: 130%;\"><strong>\u00dcber Felix Gunawan<\/strong><\/span><\/p>\n<p>Felix Gunawan ist Strategic Product Manager bei MD in San Jos\u00e9, Kalifornien. Sein Ziel ist es, Kontakte zu aufstrebenden und etablierten Forschungs- und Entwicklungszentren im Automobilbereich im Silicon Valley zu kn\u00fcpfen. Mit seiner mehr als 10-j\u00e4hrigen Berufserfahrung verf\u00fcgt Felix \u00fcber ein umfangreiches Wissen aus vielen verschiedenen Branchen. Felix sch\u00e4tzt den engen Kontakt zu Kunden, den seine T\u00e4tigkeit mit sich bringt. Er freut sich besonders darauf, mit seinen Kollegen bei MD Deutschland zusammenzuarbeiten, um die Gesch\u00e4ftsaktivit\u00e4ten von MD in Kalifornien auszubauen.<\/p>\n\n\t\t<\/div>\n\t\t\t\t\t<\/div>\n\n\t\n\n\n<style>\n#row-1165169651 > .col > .col-inner {\n  padding: 0 0px 0px 0px;\n}\n<\/style>\n<\/div>\n\n<\/div><\/div><\/div>\n","protected":false},"excerpt":{"rendered":"","protected":false},"author":1,"featured_media":0,"parent":0,"menu_order":51,"comment_status":"closed","ping_status":"closed","template":"","meta":{"footnotes":""},"class_list":["post-12967","page","type-page","status-publish","hentry"],"_links":{"self":[{"href":"https:\/\/www.md-elektronik.com\/de\/wp-json\/wp\/v2\/pages\/12967","targetHints":{"allow":["GET"]}}],"collection":[{"href":"https:\/\/www.md-elektronik.com\/de\/wp-json\/wp\/v2\/pages"}],"about":[{"href":"https:\/\/www.md-elektronik.com\/de\/wp-json\/wp\/v2\/types\/page"}],"author":[{"embeddable":true,"href":"https:\/\/www.md-elektronik.com\/de\/wp-json\/wp\/v2\/users\/1"}],"replies":[{"embeddable":true,"href":"https:\/\/www.md-elektronik.com\/de\/wp-json\/wp\/v2\/comments?post=12967"}],"version-history":[{"count":1,"href":"https:\/\/www.md-elektronik.com\/de\/wp-json\/wp\/v2\/pages\/12967\/revisions"}],"predecessor-version":[{"id":12971,"href":"https:\/\/www.md-elektronik.com\/de\/wp-json\/wp\/v2\/pages\/12967\/revisions\/12971"}],"wp:attachment":[{"href":"https:\/\/www.md-elektronik.com\/de\/wp-json\/wp\/v2\/media?parent=12967"}],"curies":[{"name":"wp","href":"https:\/\/api.w.org\/{rel}","templated":true}]}}