{"id":13249,"date":"2022-11-17T15:26:14","date_gmt":"2022-11-17T14:26:14","guid":{"rendered":"https:\/\/www.md-elektronik.com\/?page_id=13249"},"modified":"2023-03-07T13:22:09","modified_gmt":"2023-03-07T12:22:09","slug":"christian-neulinger","status":"publish","type":"page","link":"https:\/\/www.md-elektronik.com\/de\/christian-neulinger\/","title":{"rendered":"Christian Neulinger"},"content":{"rendered":"\n<div class=\"message-box relative\" style=\"padding-top:30px;padding-bottom:30px;\"><div class=\"message-box-bg-image bg-fill fill\" ><\/div><div class=\"message-box-bg-overlay bg-fill fill\" style=\"background-color:rgb(245, 245, 247);\"><\/div><div class=\"container relative\"><div class=\"inner last-reset\">\n\n<div class=\"row align-equal align-center\"  id=\"row-928852644\">\n\n\n\t<div id=\"col-1042071943\" class=\"col medium-3 small-12 large-3\"  >\n\t\t\t\t<div class=\"col-inner\"  >\n\t\t\t\n\t\t\t\n\n\t<div id=\"gap-1734297433\" class=\"gap-element clearfix\" style=\"display:block; height:auto;\">\n\t\t\n<style>\n#gap-1734297433 {\n  padding-top: 10px;\n}\n<\/style>\n\t<\/div>\n\t\n\n\t<div class=\"img has-hover x md-x lg-x y md-y lg-y\" id=\"image_1319560837\">\n\t\t\t\t\t\t\t\t<div class=\"img-inner dark\" >\n\t\t\t<img decoding=\"async\" width=\"800\" height=\"800\" src=\"https:\/\/www.md-elektronik.com\/wp-content\/uploads\/2025\/05\/DSC05538-Neulinger_Christian-high.jpg\" class=\"attachment-large size-large\" alt=\"\" srcset=\"https:\/\/www.md-elektronik.com\/wp-content\/uploads\/2025\/05\/DSC05538-Neulinger_Christian-high.jpg 800w, https:\/\/www.md-elektronik.com\/wp-content\/uploads\/2025\/05\/DSC05538-Neulinger_Christian-high-300x300.jpg 300w, https:\/\/www.md-elektronik.com\/wp-content\/uploads\/2025\/05\/DSC05538-Neulinger_Christian-high-150x150.jpg 150w, https:\/\/www.md-elektronik.com\/wp-content\/uploads\/2025\/05\/DSC05538-Neulinger_Christian-high-768x768.jpg 768w\" sizes=\"(max-width: 800px) 100vw, 800px\" \/>\t\t\t\t\t\t\n\t\t\t\t\t<\/div>\n\t\t\t\t\t\t\t\t\n<style>\n#image_1319560837 {\n  width: 99%;\n}\n<\/style>\n\t<\/div>\n\t\n\n\n\t\t<\/div>\n\t\t\t\t\t<\/div>\n\n\t\n\n\t<div id=\"col-758103298\" class=\"col medium-9 small-12 large-9\"  >\n\t\t\t\t<div class=\"col-inner\"  >\n\t\t\t\n\t\t\t\n\n<p><span style=\"font-size: 130%;\"><strong>Christian Neulinger<\/strong><\/span><\/p>\n<p>Christian Neulinger ist \u201eManager Radio Frequency &amp; Simulation\u201c und bringt bereits \u00fcber 15 Jahre Erfahrung in der Entwicklung und Qualifizierung von innovativen elektrischen Komponenten f\u00fcr die leitungsgebundene High-Speed-Daten\u00fcbertragung als Expertise ein. Er leitet die Fachabteilung f\u00fcr Hochfrequenzentwicklung mit Fachingenieuren in der Hochfrequenz- und Strukturmechanik Simulation zur Entwicklung von Daten\u00fcbertragungskomponenten. Als aktives Mitglied in diversen Standardisierungsgremien wie IEEE 802.3 arbeitet er an der Entwicklung von neuen leistungsf\u00e4higen Daten\u00fcbertragungssystemen f\u00fcr die Automobilindustrie mit<\/p>\n\n\n\t\t<\/div>\n\t\t\t\t\t<\/div>\n\n\t\n\n\n<style>\n#row-928852644 > .col > .col-inner {\n  padding: 0 0px 0px 0px;\n}\n<\/style>\n<\/div>\n\n<\/div><\/div><\/div>\n\n\n","protected":false},"excerpt":{"rendered":"","protected":false},"author":1,"featured_media":0,"parent":0,"menu_order":52,"comment_status":"closed","ping_status":"closed","template":"","meta":{"footnotes":""},"class_list":["post-13249","page","type-page","status-publish","hentry"],"_links":{"self":[{"href":"https:\/\/www.md-elektronik.com\/de\/wp-json\/wp\/v2\/pages\/13249","targetHints":{"allow":["GET"]}}],"collection":[{"href":"https:\/\/www.md-elektronik.com\/de\/wp-json\/wp\/v2\/pages"}],"about":[{"href":"https:\/\/www.md-elektronik.com\/de\/wp-json\/wp\/v2\/types\/page"}],"author":[{"embeddable":true,"href":"https:\/\/www.md-elektronik.com\/de\/wp-json\/wp\/v2\/users\/1"}],"replies":[{"embeddable":true,"href":"https:\/\/www.md-elektronik.com\/de\/wp-json\/wp\/v2\/comments?post=13249"}],"version-history":[{"count":2,"href":"https:\/\/www.md-elektronik.com\/de\/wp-json\/wp\/v2\/pages\/13249\/revisions"}],"predecessor-version":[{"id":13255,"href":"https:\/\/www.md-elektronik.com\/de\/wp-json\/wp\/v2\/pages\/13249\/revisions\/13255"}],"wp:attachment":[{"href":"https:\/\/www.md-elektronik.com\/de\/wp-json\/wp\/v2\/media?parent=13249"}],"curies":[{"name":"wp","href":"https:\/\/api.w.org\/{rel}","templated":true}]}}