{"id":13692,"date":"2023-01-09T11:37:43","date_gmt":"2023-01-09T10:37:43","guid":{"rendered":"https:\/\/www.md-elektronik.com\/?page_id=13692"},"modified":"2023-01-09T11:38:34","modified_gmt":"2023-01-09T10:38:34","slug":"carsten-bieng","status":"publish","type":"page","link":"https:\/\/www.md-elektronik.com\/de\/autoren\/carsten-bieng\/","title":{"rendered":"Carsten Bieng"},"content":{"rendered":"\n<div class=\"message-box relative\" style=\"padding-top:30px;padding-bottom:30px;\"><div class=\"message-box-bg-image bg-fill fill\" ><\/div><div class=\"message-box-bg-overlay bg-fill fill\" style=\"background-color:rgb(245, 245, 247);\"><\/div><div class=\"container relative\"><div class=\"inner last-reset\">\n\n<div class=\"row align-equal align-center\"  id=\"row-1973188844\">\n\n\n\t<div id=\"col-1881229033\" class=\"col medium-3 small-12 large-3\"  >\n\t\t\t\t<div class=\"col-inner\"  >\n\t\t\t\n\t\t\t\n\n\t<div id=\"gap-1361262281\" class=\"gap-element clearfix\" style=\"display:block; height:auto;\">\n\t\t\n<style>\n#gap-1361262281 {\n  padding-top: 10px;\n}\n<\/style>\n\t<\/div>\n\t\n\n\t<div class=\"img has-hover img-rounded x md-x lg-x y md-y lg-y\" id=\"image_241659086\">\n\t\t\t\t\t\t\t\t<div class=\"img-inner dark\" >\n\t\t\t<img decoding=\"async\" width=\"1020\" height=\"1020\" src=\"https:\/\/www.md-elektronik.com\/wp-content\/uploads\/2023\/01\/ND9C4567-Bieng-Carsten-sq-1024x1024.png\" class=\"attachment-large size-large\" alt=\"\" srcset=\"https:\/\/www.md-elektronik.com\/wp-content\/uploads\/2023\/01\/ND9C4567-Bieng-Carsten-sq.png 1024w, https:\/\/www.md-elektronik.com\/wp-content\/uploads\/2023\/01\/ND9C4567-Bieng-Carsten-sq-300x300.png 300w, https:\/\/www.md-elektronik.com\/wp-content\/uploads\/2023\/01\/ND9C4567-Bieng-Carsten-sq-150x150.png 150w, https:\/\/www.md-elektronik.com\/wp-content\/uploads\/2023\/01\/ND9C4567-Bieng-Carsten-sq-768x768.png 768w\" sizes=\"(max-width: 1020px) 100vw, 1020px\" \/>\t\t\t\t\t\t\n\t\t\t\t\t<\/div>\n\t\t\t\t\t\t\t\t\n<style>\n#image_241659086 {\n  width: 99%;\n}\n<\/style>\n\t<\/div>\n\t\n\n\n\t\t<\/div>\n\t\t\t\t\t<\/div>\n\n\t\n\n\t<div id=\"col-1906610851\" class=\"col medium-9 small-12 large-9\"  >\n\t\t\t\t<div class=\"col-inner\"  >\n\t\t\t\n\t\t\t\n\n<p><span style=\"font-size: 130%;\"><strong>Carsten Bieng<\/strong><\/span><\/p>\n<p>Carsten Bieng, Director Procurement, ist verantwortlich f\u00fcr den Produktionsmaterialeinkauf der MD Gruppe. Mehr als 12 Jahre Branchenerfahrung und knapp 10 Jahre F\u00fchrungsverantwortung im Einkauf machen ihn zu einem Experten auf seinem Gebiet. Begonnen als strategischer Eink\u00e4ufer verantwortet er heute mit seinen Einkaufsteams den Gesamtumfang der Produktionsmaterialien -Beschaffung. Aus seinem Auftrag, die Liefersicherheit zu garantieren und die Wettbewerbsf\u00e4higkeit f\u00fcr MD zu st\u00e4rken, hat sich in den letzten Jahren eine ganzheitliche Einkaufsstrategie entwickelt. Ganz nach dem Sprichwort von John Kabat Zinn \u201eDu kannst die Wellen nicht stoppen. Aber du kannst lernen, auf ihnen zu surfen.\u201c gilt es den Beschaffungsmarkt, das Umfeld und deren Herausforderungen lesen, verstehen und antizipieren zu k\u00f6nnen, um langfristig die strategischen Weichen zu stellen.<\/p>\n\n\t\t<\/div>\n\t\t\t\t\t<\/div>\n\n\t\n\n\n<style>\n#row-1973188844 > .col > .col-inner {\n  padding: 0 0px 0px 0px;\n}\n<\/style>\n<\/div>\n\n<\/div><\/div><\/div>\n\n\n","protected":false},"excerpt":{"rendered":"","protected":false},"author":1,"featured_media":0,"parent":8467,"menu_order":0,"comment_status":"closed","ping_status":"closed","template":"","meta":{"footnotes":""},"class_list":["post-13692","page","type-page","status-publish","hentry"],"_links":{"self":[{"href":"https:\/\/www.md-elektronik.com\/de\/wp-json\/wp\/v2\/pages\/13692","targetHints":{"allow":["GET"]}}],"collection":[{"href":"https:\/\/www.md-elektronik.com\/de\/wp-json\/wp\/v2\/pages"}],"about":[{"href":"https:\/\/www.md-elektronik.com\/de\/wp-json\/wp\/v2\/types\/page"}],"author":[{"embeddable":true,"href":"https:\/\/www.md-elektronik.com\/de\/wp-json\/wp\/v2\/users\/1"}],"replies":[{"embeddable":true,"href":"https:\/\/www.md-elektronik.com\/de\/wp-json\/wp\/v2\/comments?post=13692"}],"version-history":[{"count":2,"href":"https:\/\/www.md-elektronik.com\/de\/wp-json\/wp\/v2\/pages\/13692\/revisions"}],"predecessor-version":[{"id":13694,"href":"https:\/\/www.md-elektronik.com\/de\/wp-json\/wp\/v2\/pages\/13692\/revisions\/13694"}],"up":[{"embeddable":true,"href":"https:\/\/www.md-elektronik.com\/de\/wp-json\/wp\/v2\/pages\/8467"}],"wp:attachment":[{"href":"https:\/\/www.md-elektronik.com\/de\/wp-json\/wp\/v2\/media?parent=13692"}],"curies":[{"name":"wp","href":"https:\/\/api.w.org\/{rel}","templated":true}]}}