{"id":13778,"date":"2023-01-13T10:22:45","date_gmt":"2023-01-13T09:22:45","guid":{"rendered":"https:\/\/www.md-elektronik.com\/?page_id=13778"},"modified":"2023-03-07T13:20:28","modified_gmt":"2023-03-07T12:20:28","slug":"johannes-eben-karl-ott","status":"publish","type":"page","link":"https:\/\/www.md-elektronik.com\/de\/autoren\/johannes-eben-karl-ott\/","title":{"rendered":"Johannes Eben &#8211; Karl Ott"},"content":{"rendered":"\n<div class=\"message-box relative\" style=\"padding-top:30px;padding-bottom:30px;\"><div class=\"message-box-bg-image bg-fill fill\" ><\/div><div class=\"message-box-bg-overlay bg-fill fill\" style=\"background-color:rgb(245, 245, 247);\"><\/div><div class=\"container relative\"><div class=\"inner last-reset\">\n\n<div class=\"row align-equal align-center\"  id=\"row-2058723554\">\n\n\n\t<div id=\"col-37403338\" class=\"col medium-3 small-12 large-3\"  >\n\t\t\t\t<div class=\"col-inner\"  >\n\t\t\t\n\t\t\t\n\n\t<div id=\"gap-72296198\" class=\"gap-element clearfix\" style=\"display:block; height:auto;\">\n\t\t\n<style>\n#gap-72296198 {\n  padding-top: 10px;\n}\n<\/style>\n\t<\/div>\n\t\n\n\t<div class=\"img has-hover img-rounded x md-x lg-x y md-y lg-y\" id=\"image_928895142\">\n\t\t\t\t\t\t\t\t<div class=\"img-inner dark\" >\n\t\t\t<img decoding=\"async\" width=\"1020\" height=\"1020\" src=\"https:\/\/www.md-elektronik.com\/wp-content\/uploads\/2023\/01\/md-karl-ott-1024x1024.jpg\" class=\"attachment-large size-large\" alt=\"\" srcset=\"https:\/\/www.md-elektronik.com\/wp-content\/uploads\/2023\/01\/md-karl-ott.jpg 1024w, https:\/\/www.md-elektronik.com\/wp-content\/uploads\/2023\/01\/md-karl-ott-300x300.jpg 300w, https:\/\/www.md-elektronik.com\/wp-content\/uploads\/2023\/01\/md-karl-ott-150x150.jpg 150w, https:\/\/www.md-elektronik.com\/wp-content\/uploads\/2023\/01\/md-karl-ott-768x768.jpg 768w\" sizes=\"(max-width: 1020px) 100vw, 1020px\" \/>\t\t\t\t\t\t\n\t\t\t\t\t<\/div>\n\t\t\t\t\t\t\t\t\n<style>\n#image_928895142 {\n  width: 99%;\n}\n<\/style>\n\t<\/div>\n\t\n\n\n\t\t<\/div>\n\t\t\t\t\t<\/div>\n\n\t\n\n\t<div id=\"col-462783168\" class=\"col medium-9 small-12 large-9\"  >\n\t\t\t\t<div class=\"col-inner\"  >\n\t\t\t\n\t\t\t\n\n<p><span style=\"font-size: 130%;\"><strong>Karl Ott<\/strong><\/span><\/p>\n<p>Karl Ott ist Director Technology bei MD. Seine Mission ist es, f\u00fcr MD die Betriebsmittel der Zukunft zu entwickeln sowie die Produktionsstandorte mit aktuellen strategischen Produktionsmitteln zu versorgen. Mehr als 15 Jahre Branchenerfahrung in der Automobilindustrie im Bereich Prozessplanung und -entwicklung machen ihn zu einem Experten auf diesem Gebiet. Nach seinem Einstieg als Process Development Engineer hat er in seiner Position als Director Technology die internen Bereiche f\u00fcr Entwicklung und Beschaffung von Betriebsmitteln weiter ausgebaut und in allen MD Standorten Abteilungen zur Betreuung der Technologien vor Ort implementiert. Vor allem sch\u00e4tzt er in seinem Job die Vielf\u00e4ltigkeit der Aufgabengebiete, die Standort \u00fcbergreifende Zusammenarbeit und die damit einhergehenden interkulturellen Erfahrungen.<\/p>\n\n\t\t<\/div>\n\t\t\t\t\t<\/div>\n\n\t\n\n\n<style>\n#row-2058723554 > .col > .col-inner {\n  padding: 0 0px 0px 0px;\n}\n<\/style>\n<\/div>\n\n<\/div><\/div><\/div>\n","protected":false},"excerpt":{"rendered":"","protected":false},"author":1,"featured_media":0,"parent":8467,"menu_order":50,"comment_status":"closed","ping_status":"closed","template":"","meta":{"footnotes":""},"class_list":["post-13778","page","type-page","status-publish","hentry"],"_links":{"self":[{"href":"https:\/\/www.md-elektronik.com\/de\/wp-json\/wp\/v2\/pages\/13778","targetHints":{"allow":["GET"]}}],"collection":[{"href":"https:\/\/www.md-elektronik.com\/de\/wp-json\/wp\/v2\/pages"}],"about":[{"href":"https:\/\/www.md-elektronik.com\/de\/wp-json\/wp\/v2\/types\/page"}],"author":[{"embeddable":true,"href":"https:\/\/www.md-elektronik.com\/de\/wp-json\/wp\/v2\/users\/1"}],"replies":[{"embeddable":true,"href":"https:\/\/www.md-elektronik.com\/de\/wp-json\/wp\/v2\/comments?post=13778"}],"version-history":[{"count":5,"href":"https:\/\/www.md-elektronik.com\/de\/wp-json\/wp\/v2\/pages\/13778\/revisions"}],"predecessor-version":[{"id":13830,"href":"https:\/\/www.md-elektronik.com\/de\/wp-json\/wp\/v2\/pages\/13778\/revisions\/13830"}],"up":[{"embeddable":true,"href":"https:\/\/www.md-elektronik.com\/de\/wp-json\/wp\/v2\/pages\/8467"}],"wp:attachment":[{"href":"https:\/\/www.md-elektronik.com\/de\/wp-json\/wp\/v2\/media?parent=13778"}],"curies":[{"name":"wp","href":"https:\/\/api.w.org\/{rel}","templated":true}]}}