{"id":14282,"date":"2023-02-21T11:38:33","date_gmt":"2023-02-21T10:38:33","guid":{"rendered":"https:\/\/www.md-elektronik.com\/?page_id=14282"},"modified":"2023-02-21T12:04:11","modified_gmt":"2023-02-21T11:04:11","slug":"helmut-pritz","status":"publish","type":"page","link":"https:\/\/www.md-elektronik.com\/de\/autoren\/helmut-pritz\/","title":{"rendered":"Helmut Pritz"},"content":{"rendered":"\n<div class=\"message-box relative\" style=\"padding-top:30px;padding-bottom:30px;\"><div class=\"message-box-bg-image bg-fill fill\" ><\/div><div class=\"message-box-bg-overlay bg-fill fill\" style=\"background-color:rgb(245, 245, 247);\"><\/div><div class=\"container relative\"><div class=\"inner last-reset\">\n\n<div class=\"row align-equal align-center\"  id=\"row-760397918\">\n\n\n\t<div id=\"col-672104994\" class=\"col medium-3 small-12 large-3\"  >\n\t\t\t\t<div class=\"col-inner\"  >\n\t\t\t\n\t\t\t\n\n\t<div id=\"gap-1489305279\" class=\"gap-element clearfix\" style=\"display:block; height:auto;\">\n\t\t\n<style>\n#gap-1489305279 {\n  padding-top: 10px;\n}\n<\/style>\n\t<\/div>\n\t\n\n\t<div class=\"img has-hover x md-x lg-x y md-y lg-y\" id=\"image_814696595\">\n\t\t\t\t\t\t\t\t<div class=\"img-inner dark\" >\n\t\t\t<img decoding=\"async\" width=\"800\" height=\"800\" src=\"https:\/\/www.md-elektronik.com\/wp-content\/uploads\/2023\/02\/Helmut_Pritz_Web_2026_3_2.jpg\" class=\"attachment-large size-large\" alt=\"\" srcset=\"https:\/\/www.md-elektronik.com\/wp-content\/uploads\/2023\/02\/Helmut_Pritz_Web_2026_3_2.jpg 800w, https:\/\/www.md-elektronik.com\/wp-content\/uploads\/2023\/02\/Helmut_Pritz_Web_2026_3_2-300x300.jpg 300w, https:\/\/www.md-elektronik.com\/wp-content\/uploads\/2023\/02\/Helmut_Pritz_Web_2026_3_2-150x150.jpg 150w, https:\/\/www.md-elektronik.com\/wp-content\/uploads\/2023\/02\/Helmut_Pritz_Web_2026_3_2-768x768.jpg 768w\" sizes=\"(max-width: 800px) 100vw, 800px\" \/>\t\t\t\t\t\t\n\t\t\t\t\t<\/div>\n\t\t\t\t\t\t\t\t\n<style>\n#image_814696595 {\n  width: 99%;\n}\n<\/style>\n\t<\/div>\n\t\n\n\n\t\t<\/div>\n\t\t\t\t\t<\/div>\n\n\t\n\n\t<div id=\"col-795742397\" class=\"col medium-9 small-12 large-9\"  >\n\t\t\t\t<div class=\"col-inner\"  >\n\t\t\t\n\t\t\t\n\n<p><span style=\"font-size: 130%;\"><strong>Helmut Pritz<\/strong><\/span><\/p>\n<p>Helmut Pritz ist Product Manager f\u00fcr optische Daten\u00fcbertragung und Multi-Hybrid-Steckverbinder bei MD ELEKTRONIK. Mit \u00fcber 25 Jahren Erfahrung im Automotive-Bereich verf\u00fcgt er \u00fcber umfassende Expertise in der F\u00f6rderung dieser zukunftsorientierten Technologien. Seine Mission ist es, gemeinsam mit Kunden, Start-ups, Steuerger\u00e4teherstellern und Zulieferern innovative L\u00f6sungen f\u00fcr die Automobilindustrie zu entwickeln.<\/p>\n<p>Nach seiner T\u00e4tigkeit als Projektmanager, in der er f\u00fcr die Entwicklung von Steckkomponenten und den dazugeh\u00f6rigen Automatisierungssystemen verantwortlich war, \u00fcbernahm er die Rolle des Manager Development RF Technology und baute eine Entwicklungsabteilung auf, die sich haupts\u00e4chlich mit Hochfrequenztechnik befasste.<\/p>\n<p>Mit seinem globalen Netzwerk aus Kunden, Zulieferern und Partnern initiiert er bereichs\u00fcbergreifende Kooperationen zur Entwicklung neuer Technologien und L\u00f6sungen im Bereich der Hochgeschwindigkeits-Daten\u00fcbertragung.<\/p>\n\n\t\t<\/div>\n\t\t\t\t\t<\/div>\n\n\t\n\n\n<style>\n#row-760397918 > .col > .col-inner {\n  padding: 0 0px 0px 0px;\n}\n<\/style>\n<\/div>\n\n<\/div><\/div><\/div>\n","protected":false},"excerpt":{"rendered":"","protected":false},"author":1,"featured_media":0,"parent":8467,"menu_order":0,"comment_status":"closed","ping_status":"closed","template":"","meta":{"footnotes":""},"class_list":["post-14282","page","type-page","status-publish","hentry"],"_links":{"self":[{"href":"https:\/\/www.md-elektronik.com\/de\/wp-json\/wp\/v2\/pages\/14282","targetHints":{"allow":["GET"]}}],"collection":[{"href":"https:\/\/www.md-elektronik.com\/de\/wp-json\/wp\/v2\/pages"}],"about":[{"href":"https:\/\/www.md-elektronik.com\/de\/wp-json\/wp\/v2\/types\/page"}],"author":[{"embeddable":true,"href":"https:\/\/www.md-elektronik.com\/de\/wp-json\/wp\/v2\/users\/1"}],"replies":[{"embeddable":true,"href":"https:\/\/www.md-elektronik.com\/de\/wp-json\/wp\/v2\/comments?post=14282"}],"version-history":[{"count":2,"href":"https:\/\/www.md-elektronik.com\/de\/wp-json\/wp\/v2\/pages\/14282\/revisions"}],"predecessor-version":[{"id":14284,"href":"https:\/\/www.md-elektronik.com\/de\/wp-json\/wp\/v2\/pages\/14282\/revisions\/14284"}],"up":[{"embeddable":true,"href":"https:\/\/www.md-elektronik.com\/de\/wp-json\/wp\/v2\/pages\/8467"}],"wp:attachment":[{"href":"https:\/\/www.md-elektronik.com\/de\/wp-json\/wp\/v2\/media?parent=14282"}],"curies":[{"name":"wp","href":"https:\/\/api.w.org\/{rel}","templated":true}]}}