{"id":16642,"date":"2023-07-26T13:00:29","date_gmt":"2023-07-26T11:00:29","guid":{"rendered":"https:\/\/www.md-elektronik.com\/thomas-knoblauch\/"},"modified":"2023-08-30T09:01:40","modified_gmt":"2023-08-30T07:01:40","slug":"thomas-knoblauch","status":"publish","type":"page","link":"https:\/\/www.md-elektronik.com\/de\/thomas-knoblauch\/","title":{"rendered":"Thomas Knoblauch"},"content":{"rendered":"\n<div class=\"message-box relative\" style=\"padding-top:30px;padding-bottom:30px;\"><div class=\"message-box-bg-image bg-fill fill\" ><\/div><div class=\"message-box-bg-overlay bg-fill fill\" style=\"background-color:rgb(245, 245, 247);\"><\/div><div class=\"container relative\"><div class=\"inner last-reset\">\r\n\r\n<div class=\"row align-equal align-center\"  id=\"row-48047895\">\r\n\r\n\n\t<div id=\"col-280659489\" class=\"col medium-3 small-12 large-3\"  >\n\t\t\t\t<div class=\"col-inner\"  >\n\t\t\t\n\t\t\t\r\n\r\n\t<div id=\"gap-2038274165\" class=\"gap-element clearfix\" style=\"display:block; height:auto;\">\n\t\t\n<style>\n#gap-2038274165 {\n  padding-top: 10px;\n}\n<\/style>\n\t<\/div>\n\t\r\n\r\n\t<div class=\"img has-hover x md-x lg-x y md-y lg-y\" id=\"image_1308225306\">\n\t\t\t\t\t\t\t\t<div class=\"img-inner dark\" >\n\t\t\t<img decoding=\"async\" width=\"800\" height=\"800\" src=\"https:\/\/www.md-elektronik.com\/wp-content\/uploads\/2025\/01\/DSC02254-Knoblauch-Thomas-high.jpg\" class=\"attachment-large size-large\" alt=\"\" srcset=\"https:\/\/www.md-elektronik.com\/wp-content\/uploads\/2025\/01\/DSC02254-Knoblauch-Thomas-high.jpg 800w, https:\/\/www.md-elektronik.com\/wp-content\/uploads\/2025\/01\/DSC02254-Knoblauch-Thomas-high-300x300.jpg 300w, https:\/\/www.md-elektronik.com\/wp-content\/uploads\/2025\/01\/DSC02254-Knoblauch-Thomas-high-150x150.jpg 150w, https:\/\/www.md-elektronik.com\/wp-content\/uploads\/2025\/01\/DSC02254-Knoblauch-Thomas-high-768x768.jpg 768w, https:\/\/www.md-elektronik.com\/wp-content\/uploads\/2025\/01\/DSC02254-Knoblauch-Thomas-high-400x400.jpg 400w, https:\/\/www.md-elektronik.com\/wp-content\/uploads\/2025\/01\/DSC02254-Knoblauch-Thomas-high-600x600.jpg 600w\" sizes=\"(max-width: 800px) 100vw, 800px\" \/>\t\t\t\t\t\t\n\t\t\t\t\t<\/div>\n\t\t\t\t\t\t\t\t\n<style>\n#image_1308225306 {\n  width: 99%;\n}\n<\/style>\n\t<\/div>\n\t\r\n\r\n\t\t<\/div>\n\t\t\t\t\t<\/div>\n\n\t\r\n\n\t<div id=\"col-915070849\" class=\"col medium-9 small-12 large-9\"  >\n\t\t\t\t<div class=\"col-inner\"  >\n\t\t\t\n\t\t\t\r\n\r\n<span style=\"font-size: 130%;\"><strong>Thomas Knoblauch<\/strong><\/span>\r\n\r\nThomas Knoblauch arbeitet derzeit im MD-Werk in Mexiko und kehrt Ende 2024 an den MD Hauptsitz in Deutschland zur\u00fcck, wo er als Senior Manager New Markets &amp; Products t\u00e4tig sein wird. Davor war er f\u00fcr den Vertrieb in Nordeuropa und f\u00fcr die Marktentwicklung in Asien verantwortlich. Im Lauf der letzten zehn Jahre gewann er neue Kunden f\u00fcr MD und unterst\u00fctzte erfolgreich mehrere Fahrzeugprojekte bis zum SOP. Jedes dieser Projekte brachte seine ganz eigenen Herausforderungen mit sich, die gemeistert werden mussten, vor allem wenn dies die Zusammenarbeit mit Menschen aus verschiedenen Zeitzonen und Kulturen erforderte. Er ist fest davon \u00fcberzeugt, dass langfristige Gesch\u00e4ftsbeziehungen nur im Rahmen von \u201eWin-win\u201c-Situationen m\u00f6glich sind, und versucht daher immer, die optimale L\u00f6sung f\u00fcr alle Beteiligten zu finden. Er stellt sich gerne neuen Herausforderungen und sch\u00e4tzt den engen Kontakt mit Kunden und Gesch\u00e4ftspartnern aus unterschiedlichen L\u00e4ndern bei seiner t\u00e4glichen Arbeit, getreu seinem Motto: \u201eWenn du wirklich etwas tun m\u00f6chtest, findest du einen Weg. Wenn nicht, findest du eine Ausrede.\u201c\r\n\r\n\t\t<\/div>\n\t\t\t\t\t<\/div>\n\n\t\r\n\r\n\n<style>\n#row-48047895 > .col > .col-inner {\n  padding: 0 0px 0px 0px;\n}\n<\/style>\n<\/div>\r\n\r\n<\/div><\/div><\/div>\n","protected":false},"excerpt":{"rendered":"","protected":false},"author":1,"featured_media":0,"parent":0,"menu_order":0,"comment_status":"closed","ping_status":"closed","template":"","meta":{"footnotes":""},"class_list":["post-16642","page","type-page","status-publish","hentry"],"_links":{"self":[{"href":"https:\/\/www.md-elektronik.com\/de\/wp-json\/wp\/v2\/pages\/16642","targetHints":{"allow":["GET"]}}],"collection":[{"href":"https:\/\/www.md-elektronik.com\/de\/wp-json\/wp\/v2\/pages"}],"about":[{"href":"https:\/\/www.md-elektronik.com\/de\/wp-json\/wp\/v2\/types\/page"}],"author":[{"embeddable":true,"href":"https:\/\/www.md-elektronik.com\/de\/wp-json\/wp\/v2\/users\/1"}],"replies":[{"embeddable":true,"href":"https:\/\/www.md-elektronik.com\/de\/wp-json\/wp\/v2\/comments?post=16642"}],"version-history":[{"count":2,"href":"https:\/\/www.md-elektronik.com\/de\/wp-json\/wp\/v2\/pages\/16642\/revisions"}],"predecessor-version":[{"id":16664,"href":"https:\/\/www.md-elektronik.com\/de\/wp-json\/wp\/v2\/pages\/16642\/revisions\/16664"}],"wp:attachment":[{"href":"https:\/\/www.md-elektronik.com\/de\/wp-json\/wp\/v2\/media?parent=16642"}],"curies":[{"name":"wp","href":"https:\/\/api.w.org\/{rel}","templated":true}]}}